{"id":1023,"date":"2021-07-17T11:14:24","date_gmt":"2021-07-17T17:14:24","guid":{"rendered":"https:\/\/fundecodes.org\/?page_id=1023"},"modified":"2025-09-06T15:01:04","modified_gmt":"2025-09-06T21:01:04","slug":"actividad-de-visitacion-turistica-en-bolson","status":"publish","type":"page","link":"https:\/\/fundecodes.org\/de\/actividad-de-visitacion-turistica-en-bolson\/","title":{"rendered":"Touristische Besuchsaktivit\u00e4t in Bolson"},"content":{"rendered":"<p><\/p>\n<div class=\"translate-tooltip-mtz hidden\">\n<div class=\"controls\">\n<div class=\"controls__control-wrapper\">\n<div class=\"controls__inner-circle\">\n<p><img fetchpriority=\"high\" decoding=\"async\" class=\"alignnone size-full wp-image-1025\" src=\"https:\/\/fundecodes.org\/wp-content\/uploads\/2021\/07\/01-1.jpg\" alt=\"\" width=\"664\" height=\"515\" srcset=\"https:\/\/fundecodes.org\/wp-content\/uploads\/2021\/07\/01-1.jpg 664w, https:\/\/fundecodes.org\/wp-content\/uploads\/2021\/07\/01-1-300x233.jpg 300w\" sizes=\"(max-width: 664px) 100vw, 664px\" \/><\/p>\n<p style=\"text-align: justify; font-size: 17px; color: black;\">Im Laufe der Zeit bleibt die touristische Aktivit\u00e4t in Bolson de Santa Cruz in st\u00e4ndigem Fluss, wodurch es wichtig ist, sich an Verbesserungsprozessen zu orientieren, die es sowohl inl\u00e4ndischen als auch ausl\u00e4ndischen Touristen erm\u00f6glichen, die Mindestbedingungen f\u00fcr einen Besuch zu genie\u00dfen Cipanci National Wildlife Refuge.\/p><\/p>\n<p style=\"text-align: justify; font-size: 17px; color: black;\">Dies hat es uns erm\u00f6glicht, die wirtschaftliche und soziale Entwicklung der Bev\u00f6lkerung in der Umgebung der Schutzh\u00fctte zu f\u00f6rdern, die von der Integration einer Reihe von touristischen Angeboten profitiert. Aus diesem Grund haben wir als Stiftung vorgeschlagen, die nat\u00fcrlichen Ressourcen dieses Refugiums durch Arbeiten und Aktivit\u00e4ten zu sch\u00fctzen, die auf ihre Erhaltung, Nachhaltigkeit und Umweltbilanz ausgerichtet sind.<\/p>\n<p style=\"text-align: justify; font-size: 17px; color: black;\">Schaffung eines sozial-\u00f6kologischen Entwicklungsmodells, das Respekt und Harmonie mit der Natur f\u00f6rdert.<\/p>\n<p style=\"text-align: justify; font-size: 17px; color: black;\">Aus diesem Grund haben wir zusammen mit Inprotur INDER einen Vorschlag vorgelegt, um eine Finanzierung zur Erweiterung des touristischen Angebots zu erhalten, die wir als zuk\u00fcnftige M\u00f6glichkeit zur Diversifizierung des angebotenen Angebots sehen, unter anderem Reiten, Lerntouren, Besichtigungen von V\u00f6geln, wissenschaftliche Fotografie.<\/p>\n<p>&nbsp;<\/p>\n<p><img decoding=\"async\" class=\"alignnone size-full wp-image-1026\" src=\"https:\/\/fundecodes.org\/wp-content\/uploads\/2021\/07\/02-1.png\" alt=\"\" width=\"688\" height=\"556\" srcset=\"https:\/\/fundecodes.org\/wp-content\/uploads\/2021\/07\/02-1.png 688w, https:\/\/fundecodes.org\/wp-content\/uploads\/2021\/07\/02-1-300x242.png 300w\" sizes=\"(max-width: 688px) 100vw, 688px\" \/><\/p>\n<p>&nbsp;<\/p>\n<p>ngg_shortcode_2_placeholder&nbsp;<div id=\"lmm_1eb17cff\" style=\"width:640px;\" class=\"mapsmarker markermap marker-8\">\n<div id=\"lmm_panel_1eb17cff\" class=\"lmm-panel\" style=\"background:#efefef;\">\n<div id=\"lmm_panel_api_1eb17cff\" class=\"lmm-panel-api\"><a href=\"https:\/\/maps.google.com\/maps?daddr=10.307621,-85.306119&amp;t=m&amp;layer=1&amp;doflg=ptk&amp;om=0\" target=\"_blank\" title=\"Wegbeschreibung berechnen\"><img loading=\"lazy\" decoding=\"async\" alt=\"icon-car.png\" src=\"https:\/\/fundecodes.org\/wp-content\/plugins\/leaflet-maps-marker\/inc\/img\/icon-car.png\" width=\"14\" height=\"14\" class=\"lmm-panel-api-images\" \/><\/a><\/div><div id=\"lmm_panel_text_1eb17cff\" class=\"lmm-panel-text\" style=\"font-weight:bold;color:#373737;\">Bolson<\/div><\/div>\n<div id=\"lmm_map_1eb17cff\" class=\"lmm-map\" style=\"background:#f6f6f6;border:1px solid #ccc;height:480px; overflow:hidden;padding:0;\"><p style=\"font-size:80%;color:#9f9e9e;margin-left:5px;\">Karte wird geladen - bitte warten...<noscript><br\/><strong>Karte konnte nicht geladen werden - bitte aktivieren Sie Javascript!<\/strong><br\/><a style=\"text-decoration:none;\" href=\"https:\/\/www.mapsmarker.com\/js-disabled\" target=\"_blank\">&rarr; Weitere Informationen<\/a><\/noscript><\/p><\/div>\n<div id=\"lmm_geo_tags_1eb17cff\" class=\"lmm-geo-tags geo\">\n<span class=\"paneltext\">Bolson<\/span>\n<span class=\"latitude\">10.307621<\/span>, <span class=\"longitude\">-85.306119<\/span>\n<span class=\"popuptext\">\r\n\r\n\r\n\r\n  \r\n\r\n\r\n\r\n\r\n\r\n\r\n Fast traslate \r\n\r\n\r\n Icon translate \r\n\r\n\r\n\r\n\r\n&nbsp;<\/span>\n<\/div>\n<\/div>&nbsp;<\/p>\n<\/div>\n<\/div>\n<\/div>\n<\/div>\n<p>&nbsp;<\/p>","protected":false},"excerpt":{"rendered":"<p>Im Laufe der Zeit bleibt die touristische Aktivit\u00e4t in Bolson de Santa Cruz in st\u00e4ndigem Fluss, wodurch es wichtig ist, sich an<\/p>\n<p class=\"link-more\"><a class=\"myButt \" href=\"https:\/\/fundecodes.org\/de\/actividad-de-visitacion-turistica-en-bolson\/\">Read More<\/a><\/p>\n","protected":false},"author":1,"featured_media":0,"parent":0,"menu_order":0,"comment_status":"closed","ping_status":"closed","template":"","meta":{"ngg_post_thumbnail":0,"footnotes":""},"class_list":["post-1023","page","type-page","status-publish","hentry"],"yoast_head":"<!-- This site is optimized with the Yoast SEO plugin v27.2 - https:\/\/yoast.com\/product\/yoast-seo-wordpress\/ -->\n<title>Touristische Besuchsaktivit\u00e4t in Bolson - FUNDECODES<\/title>\n<meta name=\"robots\" content=\"index, follow, max-snippet:-1, max-image-preview:large, max-video-preview:-1\" \/>\n<link rel=\"canonical\" href=\"https:\/\/fundecodes.org\/actividad-de-visitacion-turistica-en-bolson\/\" \/>\n<meta property=\"og:locale\" content=\"de_DE\" \/>\n<meta property=\"og:type\" content=\"article\" \/>\n<meta property=\"og:title\" content=\"Touristische Besuchsaktivit\u00e4t in Bolson - FUNDECODES\" \/>\n<meta property=\"og:description\" content=\"Im Laufe der Zeit bleibt die touristische Aktivit\u00e4t in Bolson de Santa Cruz in st\u00e4ndigem Fluss, wodurch es wichtig ist, sich anRead More\" \/>\n<meta property=\"og:url\" content=\"https:\/\/fundecodes.org\/actividad-de-visitacion-turistica-en-bolson\/\" \/>\n<meta property=\"og:site_name\" content=\"FUNDECODES\" \/>\n<meta property=\"article:modified_time\" content=\"2025-09-06T21:01:04+00:00\" \/>\n<meta property=\"og:image\" content=\"https:\/\/fundecodes.org\/wp-content\/uploads\/2021\/07\/01-1.jpg\" \/>\n\t<meta property=\"og:image:width\" content=\"664\" \/>\n\t<meta property=\"og:image:height\" content=\"515\" \/>\n\t<meta property=\"og:image:type\" content=\"image\/jpeg\" \/>\n<meta name=\"twitter:card\" content=\"summary_large_image\" \/>\n<meta name=\"twitter:label1\" content=\"Gesch\u00e4tzte Lesezeit\" \/>\n\t<meta name=\"twitter:data1\" content=\"2\u00a0Minuten\" \/>\n<script type=\"application\/ld+json\" class=\"yoast-schema-graph\">{\"@context\":\"https:\/\/schema.org\",\"@graph\":[{\"@type\":\"WebPage\",\"@id\":\"https:\/\/fundecodes.org\/actividad-de-visitacion-turistica-en-bolson\/\",\"url\":\"https:\/\/fundecodes.org\/actividad-de-visitacion-turistica-en-bolson\/\",\"name\":\"Touristische Besuchsaktivit\u00e4t in Bolson - FUNDECODES\",\"isPartOf\":{\"@id\":\"https:\/\/fundecodes.org\/#website\"},\"primaryImageOfPage\":{\"@id\":\"https:\/\/fundecodes.org\/actividad-de-visitacion-turistica-en-bolson\/#primaryimage\"},\"image\":{\"@id\":\"https:\/\/fundecodes.org\/actividad-de-visitacion-turistica-en-bolson\/#primaryimage\"},\"thumbnailUrl\":\"https:\/\/fundecodes.org\/wp-content\/uploads\/2021\/07\/01-1.jpg\",\"datePublished\":\"2021-07-17T17:14:24+00:00\",\"dateModified\":\"2025-09-06T21:01:04+00:00\",\"breadcrumb\":{\"@id\":\"https:\/\/fundecodes.org\/actividad-de-visitacion-turistica-en-bolson\/#breadcrumb\"},\"inLanguage\":\"de\",\"potentialAction\":[{\"@type\":\"ReadAction\",\"target\":[\"https:\/\/fundecodes.org\/actividad-de-visitacion-turistica-en-bolson\/\"]}]},{\"@type\":\"ImageObject\",\"inLanguage\":\"de\",\"@id\":\"https:\/\/fundecodes.org\/actividad-de-visitacion-turistica-en-bolson\/#primaryimage\",\"url\":\"https:\/\/fundecodes.org\/wp-content\/uploads\/2021\/07\/01-1.jpg\",\"contentUrl\":\"https:\/\/fundecodes.org\/wp-content\/uploads\/2021\/07\/01-1.jpg\"},{\"@type\":\"BreadcrumbList\",\"@id\":\"https:\/\/fundecodes.org\/actividad-de-visitacion-turistica-en-bolson\/#breadcrumb\",\"itemListElement\":[{\"@type\":\"ListItem\",\"position\":1,\"name\":\"Portada\",\"item\":\"https:\/\/fundecodes.org\/\"},{\"@type\":\"ListItem\",\"position\":2,\"name\":\"Actividad de Visitaci\u00f3n Tur\u00edstica en Bols\u00f3n\"}]},{\"@type\":\"WebSite\",\"@id\":\"https:\/\/fundecodes.org\/#website\",\"url\":\"https:\/\/fundecodes.org\/\",\"name\":\"FUNDECODES\",\"description\":\"Equilibrio entre Conservaci\u00f3n y Desarrollo\",\"publisher\":{\"@id\":\"https:\/\/fundecodes.org\/#organization\"},\"potentialAction\":[{\"@type\":\"SearchAction\",\"target\":{\"@type\":\"EntryPoint\",\"urlTemplate\":\"https:\/\/fundecodes.org\/?s={search_term_string}\"},\"query-input\":{\"@type\":\"PropertyValueSpecification\",\"valueRequired\":true,\"valueName\":\"search_term_string\"}}],\"inLanguage\":\"de\"},{\"@type\":\"Organization\",\"@id\":\"https:\/\/fundecodes.org\/#organization\",\"name\":\"FUNDECODES\",\"url\":\"https:\/\/fundecodes.org\/\",\"logo\":{\"@type\":\"ImageObject\",\"inLanguage\":\"de\",\"@id\":\"https:\/\/fundecodes.org\/#\/schema\/logo\/image\/\",\"url\":\"https:\/\/fundecodes.org\/wp-content\/uploads\/2021\/06\/cropped-FUNDECODES.png\",\"contentUrl\":\"https:\/\/fundecodes.org\/wp-content\/uploads\/2021\/06\/cropped-FUNDECODES.png\",\"width\":163,\"height\":50,\"caption\":\"FUNDECODES\"},\"image\":{\"@id\":\"https:\/\/fundecodes.org\/#\/schema\/logo\/image\/\"}}]}<\/script>\n<!-- \/ Yoast SEO plugin. -->","yoast_head_json":{"title":"Touristische Besuchsaktivit\u00e4t in Bolson - FUNDECODES","robots":{"index":"index","follow":"follow","max-snippet":"max-snippet:-1","max-image-preview":"max-image-preview:large","max-video-preview":"max-video-preview:-1"},"canonical":"https:\/\/fundecodes.org\/actividad-de-visitacion-turistica-en-bolson\/","og_locale":"de_DE","og_type":"article","og_title":"Touristische Besuchsaktivit\u00e4t in Bolson - FUNDECODES","og_description":"Im Laufe der Zeit bleibt die touristische Aktivit\u00e4t in Bolson de Santa Cruz in st\u00e4ndigem Fluss, wodurch es wichtig ist, sich anRead More","og_url":"https:\/\/fundecodes.org\/actividad-de-visitacion-turistica-en-bolson\/","og_site_name":"FUNDECODES","article_modified_time":"2025-09-06T21:01:04+00:00","og_image":[{"width":664,"height":515,"url":"https:\/\/fundecodes.org\/wp-content\/uploads\/2021\/07\/01-1.jpg","type":"image\/jpeg"}],"twitter_card":"summary_large_image","twitter_misc":{"Gesch\u00e4tzte Lesezeit":"2\u00a0Minuten"},"schema":{"@context":"https:\/\/schema.org","@graph":[{"@type":"WebPage","@id":"https:\/\/fundecodes.org\/actividad-de-visitacion-turistica-en-bolson\/","url":"https:\/\/fundecodes.org\/actividad-de-visitacion-turistica-en-bolson\/","name":"Touristische Besuchsaktivit\u00e4t in Bolson - FUNDECODES","isPartOf":{"@id":"https:\/\/fundecodes.org\/#website"},"primaryImageOfPage":{"@id":"https:\/\/fundecodes.org\/actividad-de-visitacion-turistica-en-bolson\/#primaryimage"},"image":{"@id":"https:\/\/fundecodes.org\/actividad-de-visitacion-turistica-en-bolson\/#primaryimage"},"thumbnailUrl":"https:\/\/fundecodes.org\/wp-content\/uploads\/2021\/07\/01-1.jpg","datePublished":"2021-07-17T17:14:24+00:00","dateModified":"2025-09-06T21:01:04+00:00","breadcrumb":{"@id":"https:\/\/fundecodes.org\/actividad-de-visitacion-turistica-en-bolson\/#breadcrumb"},"inLanguage":"de","potentialAction":[{"@type":"ReadAction","target":["https:\/\/fundecodes.org\/actividad-de-visitacion-turistica-en-bolson\/"]}]},{"@type":"ImageObject","inLanguage":"de","@id":"https:\/\/fundecodes.org\/actividad-de-visitacion-turistica-en-bolson\/#primaryimage","url":"https:\/\/fundecodes.org\/wp-content\/uploads\/2021\/07\/01-1.jpg","contentUrl":"https:\/\/fundecodes.org\/wp-content\/uploads\/2021\/07\/01-1.jpg"},{"@type":"BreadcrumbList","@id":"https:\/\/fundecodes.org\/actividad-de-visitacion-turistica-en-bolson\/#breadcrumb","itemListElement":[{"@type":"ListItem","position":1,"name":"Portada","item":"https:\/\/fundecodes.org\/"},{"@type":"ListItem","position":2,"name":"Actividad de Visitaci\u00f3n Tur\u00edstica en Bols\u00f3n"}]},{"@type":"WebSite","@id":"https:\/\/fundecodes.org\/#website","url":"https:\/\/fundecodes.org\/","name":"FUNDECODES","description":"Equilibrio entre Conservaci\u00f3n y Desarrollo","publisher":{"@id":"https:\/\/fundecodes.org\/#organization"},"potentialAction":[{"@type":"SearchAction","target":{"@type":"EntryPoint","urlTemplate":"https:\/\/fundecodes.org\/?s={search_term_string}"},"query-input":{"@type":"PropertyValueSpecification","valueRequired":true,"valueName":"search_term_string"}}],"inLanguage":"de"},{"@type":"Organization","@id":"https:\/\/fundecodes.org\/#organization","name":"FUNDECODES","url":"https:\/\/fundecodes.org\/","logo":{"@type":"ImageObject","inLanguage":"de","@id":"https:\/\/fundecodes.org\/#\/schema\/logo\/image\/","url":"https:\/\/fundecodes.org\/wp-content\/uploads\/2021\/06\/cropped-FUNDECODES.png","contentUrl":"https:\/\/fundecodes.org\/wp-content\/uploads\/2021\/06\/cropped-FUNDECODES.png","width":163,"height":50,"caption":"FUNDECODES"},"image":{"@id":"https:\/\/fundecodes.org\/#\/schema\/logo\/image\/"}}]}},"_links":{"self":[{"href":"https:\/\/fundecodes.org\/de\/wp-json\/wp\/v2\/pages\/1023","targetHints":{"allow":["GET"]}}],"collection":[{"href":"https:\/\/fundecodes.org\/de\/wp-json\/wp\/v2\/pages"}],"about":[{"href":"https:\/\/fundecodes.org\/de\/wp-json\/wp\/v2\/types\/page"}],"author":[{"embeddable":true,"href":"https:\/\/fundecodes.org\/de\/wp-json\/wp\/v2\/users\/1"}],"replies":[{"embeddable":true,"href":"https:\/\/fundecodes.org\/de\/wp-json\/wp\/v2\/comments?post=1023"}],"version-history":[{"count":8,"href":"https:\/\/fundecodes.org\/de\/wp-json\/wp\/v2\/pages\/1023\/revisions"}],"predecessor-version":[{"id":1752,"href":"https:\/\/fundecodes.org\/de\/wp-json\/wp\/v2\/pages\/1023\/revisions\/1752"}],"wp:attachment":[{"href":"https:\/\/fundecodes.org\/de\/wp-json\/wp\/v2\/media?parent=1023"}],"curies":[{"name":"wp","href":"https:\/\/api.w.org\/{rel}","templated":true}]}}