{"id":1039,"date":"2021-07-20T18:41:34","date_gmt":"2021-07-21T00:41:34","guid":{"rendered":"https:\/\/fundecodes.org\/?page_id=1039"},"modified":"2025-09-07T19:41:09","modified_gmt":"2025-09-08T01:41:09","slug":"convenios-del-rnvs-ostional-con-apoyo-para-el-cuido-de-tortugas","status":"publish","type":"page","link":"https:\/\/fundecodes.org\/de\/convenios-del-rnvs-ostional-con-apoyo-para-el-cuido-de-tortugas\/","title":{"rendered":"unterst\u00fctzen das Ostional National Wildlife Refuge mit einem neuen Naturschutzfonds"},"content":{"rendered":"<p><\/p>\n<p style=\"text-align: center; font-size: 20px; font-weight: bold; color: #16466a;\"><strong>Harmony-G\u00e4ste unterst\u00fctzen das Ostional National Wildlife Refuge mit einem neuen Naturschutzfonds<\/strong><\/p>\n<p style=\"text-align: justify; font-size: 17px; color: black;\">Am 22. M\u00e4rz 2021 versammelten sich Vertreter von Fundecodes, Harmony Projects, Ostional National Wildlife Refuge und Tempisque Conservation Area in Nicoya, um eine Vereinbarung \u00fcber eine Zusammenarbeit, die die Erhaltungsbem\u00fchungen und die nachhaltige Entwicklung in der Zuflucht unterst\u00fctzt.<\/p>\n<p style=\"text-align: justify; font-size: 17px; color: black;\">Die Absicht der Partnerschaft zwischen Fundecodes, einer NGO mit Sitz in Hojancha, und Harmony Projects, einem Sozialunternehmen mit Gastronomiebetrieben in Playa Guiones, wird einen Fonds aufbauen, der das Ostional National Wildlife Refuge fortlaufend unterst\u00fctzt. Der Fonds soll durch eine monatliche Spende von Harmony Projects in H\u00f6he von 1 US-Dollar pro Gast und \u00dcbernachtung in den Hotels The Harmony Hotel, The Sunset Shack und Casa Harmony kontinuierlich wachsen.<\/p>\n<p style=\"text-align: justify; font-size: 17px; color: black;\">Der Fonds wird eine wichtige finanzielle Ressource sein, um die Ziele des 10-Jahres-Strategieplans der Zuflucht zu erreichen. Zu den wichtigsten Initiativen geh\u00f6ren: wichtige Verbesserungen der Infrastruktur und Kommunikation, Verbesserung des Freiwilligenprogramms, Erh\u00f6hung der Pr\u00e4senz von Parkw\u00e4chtern, Gestaltung von Schulbildungsprogrammen, F\u00f6rderung der Zuflucht bei Besuchern und der Gemeinde und Zusammenarbeit mit dem lokalen Tourismussektor, um langfristige Nachhaltigkeit zu f\u00f6rdern .<\/p>\n<p style=\"text-align: justify; font-size: 17px; color: black;\">Als Sozialunternehmen m\u00f6chte Harmony Projects durch seine Gesch\u00e4ftst\u00e4tigkeit einen positiven Einfluss auf die lokale Gemeinschaft und Umwelt haben. Die Organisation erkennt an, dass das einzigartige \u00d6kosystem und die nat\u00fcrliche Sch\u00f6nheit des Ostional National Wildlife Refuge Schl\u00fcsselfaktoren f\u00fcr die Attraktivit\u00e4t und den Erfolg ihrer Hotelanlagen in Playa Guiones sind. Daher begr\u00fc\u00dft Harmony Projects die M\u00f6glichkeit, einen Teil seiner touristischen Einnahmen in den Schutz der Umwelt zu investieren, die die Besucher erleben und genie\u00dfen.<\/p>\n<p style=\"text-align: justify; font-size: 17px; color: black;\">Fondecodes arbeitet daran, menschliche Entwicklung und Unternehmensproduktivit\u00e4t mit der Erhaltung der nat\u00fcrlichen Ressourcen und der Artenvielfalt im Tempisque-Schutzgebiet in Einklang zu bringen. Die Organisation arbeitet zusammen und beteiligt sich aktiv an der Schaffung, Verwaltung, Verwaltung und Konsolidierung der gesch\u00fctzten Wildnisgebiete der Region Chorotega und f\u00f6rdert Ma\u00dfnahmen, die die Lebensqualit\u00e4t der l\u00e4ndlichen Dorfbewohner und der lokalen Gemeinschaften f\u00f6rdern.<\/p>\n<p style=\"text-align: justify; font-size: 17px; color: black;\">Durch ihre Partnerschaft hoffen Harmony Projects und Fundecodes, mehr Hotels und Ferienwohnungen in und um das Ostional National Wildlife Refuge zur Teilnahme zu inspirieren in \u00e4hnlichen Initiativen.<\/p>\n<p>&nbsp;<\/p>\n<p style=\"text-align: justify; font-size: 20px; color: green;\">KONTAKTINFORMATIONEN<\/p>\n<p style=\"text-align: justify; font-size: 17px; color: black;\">F\u00fcr weitere Informationen kontaktieren Sie bitte Kuki unter communityengagement@harmonyprojects.com<\/p>\n<p style=\"text-align: justify; font-size: 17px; color: black;\">Wenn Sie ein auf das Gastgewerbe ausgerichtetes Unternehmen besitzen oder betreiben und an dieser Initiative teilnehmen m\u00f6chten, kontaktieren Sie Jorge Vasquez unter jvasquezcr@hotmail.com<\/p>\n<p>&nbsp;<\/p>\n<p><img fetchpriority=\"high\" decoding=\"async\" class=\"alignnone size-full wp-image-1041\" src=\"https:\/\/fundecodes.org\/wp-content\/uploads\/2021\/07\/055.jpg\" alt=\"\" width=\"2500\" height=\"1875\" srcset=\"https:\/\/fundecodes.org\/wp-content\/uploads\/2021\/07\/055.jpg 2500w, https:\/\/fundecodes.org\/wp-content\/uploads\/2021\/07\/055-300x225.jpg 300w, https:\/\/fundecodes.org\/wp-content\/uploads\/2021\/07\/055-1024x768.jpg 1024w, https:\/\/fundecodes.org\/wp-content\/uploads\/2021\/07\/055-768x576.jpg 768w, https:\/\/fundecodes.org\/wp-content\/uploads\/2021\/07\/055-1536x1152.jpg 1536w, https:\/\/fundecodes.org\/wp-content\/uploads\/2021\/07\/055-2048x1536.jpg 2048w\" sizes=\"(max-width: 2500px) 100vw, 2500px\" \/><\/p>\n<p style=\"text-align: justify; font-size: 17px; color: black;\">Organisationsvertreter im Bild von links nach rechts: Jorge Vasquez, Direktor von Fundecodes; Yemiy Cede\u00f1o, Verwalter des Ostional Wildlife Refuge; Nelson Marin, Direktor des Naturschutzgebietes von Tempisque; Ethel Kuki Araya, Managerin von Harmony Projects Community Engagement<\/p>\n<p>&nbsp;<\/p>\n<p style=\"text-align: justify; font-size: 17px; color: black;\">&nbsp;<\/p>\n<p style=\"text-align: center; font-size: 20px; font-weight: bold; color: #16466a;\"><strong>Olas Verdes unterst\u00fctzt das Ostional National Wildlife Refuge mit einem neuen Naturschutzfonds.<\/strong><\/p>\n<p style=\"text-align: justify; font-size: 17px; color: black;\">Am 27. April 2021 trafen sich Vertreter von Fundecodes, Olas Verdes, Ostional National Wildlife Refuge und Tempisque Conservation Area in Ostional, um &amp;amp ; nbsp; Kooperationsvereinbarung zur Unterst\u00fctzung von &amp; nbsp; Erhaltung und nachhaltige Entwicklung in der Schutzh\u00fctte.<\/p>\n<p style=\"text-align: justify; font-size: 17px; color: black;\">Die Absicht der Allianz zwischen Fundecodes, einer NGO mit Sitz in Hojancha, und Olas Verdes, einem Unternehmen mit Hotelgesch\u00e4ft in Playa Guiones , soll einen Fonds aufbauen, der das Ostional National Wildlife Refuge kontinuierlich unterst\u00fctzt. Der Fonds soll durch eine monatliche Spende von Olas Verdes in H\u00f6he von 1 US-Dollar pro Gast und pro Nacht der verkauften Unterkunft kontinuierlich wachsen.<\/p>\n<p style=\"text-align: justify; font-size: 17px; color: black;\">Der Fonds wird eine wichtige finanzielle Ressource sein, um die Ziele des zehnj\u00e4hrigen allgemeinen Managementplans der Zuflucht zu erreichen. Strategische Initiativen &amp; nbsp; umfassen: Vornahme wichtiger Infrastruktur- und Kommunikationsverbesserungen, Verbesserung des Freiwilligenprogramms &amp; nbsp; Entwicklung von Umweltbildungs- und Sensibilisierungsprogrammen, F\u00f6rderung der Zuflucht bei Besuchern und der Gemeinde und Zusammenarbeit mit dem lokalen Tourismussektor, um die Nachhaltigkeit langfristig zu f\u00f6rdern.<\/p>\n<p style=\"text-align: justify; font-size: 17px; color: black;\">Als Unternehmen m\u00f6chte Olas Verdes durch seine Gesch\u00e4ftst\u00e4tigkeit einen positiven Einfluss auf die lokale Gemeinschaft und die Umwelt haben. Die Organisation erkennt an, dass das einzigartige \u00d6kosystem und die nat\u00fcrliche Sch\u00f6nheit des Ostional National Wildlife Refuge Schl\u00fcsselfaktoren f\u00fcr die Attraktivit\u00e4t und den Erfolg ihrer Hotelanlagen in Playa Guiones sind. Daher begr\u00fc\u00dft Olas Verdes die M\u00f6glichkeit, einen Teil seiner Tourismuseinnahmen in den Schutz der Umwelt zu investieren, die seine Besucher erlebt und genossen haben.<\/p>\n<p style=\"text-align: justify; font-size: 17px; color: black;\">Fondecodes arbeitet mit dem Ziel, die menschliche Entwicklung und die Produktivit\u00e4t der Wirtschaft mit der Erhaltung der nat\u00fcrlichen Ressourcen und der Artenvielfalt im Schutzgebiet Tempisque in Einklang zu bringen. Die Organisation arbeitet zusammen und beteiligt sich aktiv an der Schaffung, Verwaltung, Verwaltung und Konsolidierung der Naturschutzgebiete der Region Chorotega und f\u00f6rdert Ma\u00dfnahmen zur F\u00f6rderung der Lebensqualit\u00e4t der Landbewohner und der lokalen Gemeinschaften.<\/p>\n<p style=\"text-align: justify; font-size: 17px; color: black;\">Durch diese Vereinbarung konsolidieren Olas Verdes und Fundecodes das Modell, das wir mit Harmony Projects begonnen haben. nbsp; mehr Hotels und Ferienwohnungen in und um das Ostional National Wildlife Refuge, um an \u00e4hnlichen Initiativen teilzunehmen.<\/p>\n<p style=\"text-align: justify; font-size: 20px; color: green;\">KONTAKTINFORMATIONEN<\/p>\n<p style=\"text-align: justify; font-size: 17px; color: black;\">Wenn Sie ein auf das Gastgewerbe ausgerichtetes Unternehmen besitzen oder betreiben und an dieser Initiative teilnehmen m\u00f6chten, wenden Sie sich bitte an Jorge V\u00e1squez unter <a href=\"mailto: fundecodeshojancha@gmail.com\"> fundecodeshojancha@gmail.com <\/a><\/p>\n<p><strong><img decoding=\"async\" class=\"alignnone size-full wp-image-1042\" src=\"https:\/\/fundecodes.org\/wp-content\/uploads\/2021\/07\/WhatsApp-Image-2021-07-20-at-6.20.55-PM.jpeg\" alt=\"\" width=\"1152\" height=\"864\" srcset=\"https:\/\/fundecodes.org\/wp-content\/uploads\/2021\/07\/WhatsApp-Image-2021-07-20-at-6.20.55-PM.jpeg 1152w, https:\/\/fundecodes.org\/wp-content\/uploads\/2021\/07\/WhatsApp-Image-2021-07-20-at-6.20.55-PM-300x225.jpeg 300w, https:\/\/fundecodes.org\/wp-content\/uploads\/2021\/07\/WhatsApp-Image-2021-07-20-at-6.20.55-PM-1024x768.jpeg 1024w, https:\/\/fundecodes.org\/wp-content\/uploads\/2021\/07\/WhatsApp-Image-2021-07-20-at-6.20.55-PM-768x576.jpeg 768w\" sizes=\"(max-width: 1152px) 100vw, 1152px\" \/><\/strong><\/p>\n<p style=\"text-align: justify; font-size: 17px; color: black;\">Vertreter der Organisationen von links nach rechts: Jorge V\u00e1squez, Direktor von Fundecodes; Yemiy Cede\u00f1o, Verwalter des Ostional National Wildlife Refuge; Luis Pardo, General Manager des Olas Verdes Hotels.<\/p>\n<p><\/p>","protected":false},"excerpt":{"rendered":"<p>Harmony-G\u00e4ste unterst\u00fctzen das Ostional National Wildlife Refuge mit einem neuen Naturschutzfonds Am 22. M\u00e4rz 2021 versammelten sich Vertreter von Fundecodes, Harmony Projects,<\/p>\n<p class=\"link-more\"><a class=\"myButt \" href=\"https:\/\/fundecodes.org\/de\/convenios-del-rnvs-ostional-con-apoyo-para-el-cuido-de-tortugas\/\">Read More<\/a><\/p>\n","protected":false},"author":1,"featured_media":0,"parent":0,"menu_order":0,"comment_status":"closed","ping_status":"closed","template":"","meta":{"ngg_post_thumbnail":0,"footnotes":""},"class_list":["post-1039","page","type-page","status-publish","hentry"],"yoast_head":"<!-- This site is optimized with the Yoast SEO plugin v27.2 - https:\/\/yoast.com\/product\/yoast-seo-wordpress\/ -->\n<title>unterst\u00fctzen das Ostional National Wildlife Refuge mit einem neuen Naturschutzfonds - FUNDECODES<\/title>\n<meta name=\"robots\" content=\"index, follow, max-snippet:-1, max-image-preview:large, max-video-preview:-1\" \/>\n<link rel=\"canonical\" href=\"https:\/\/fundecodes.org\/convenios-del-rnvs-ostional-con-apoyo-para-el-cuido-de-tortugas\/\" \/>\n<meta property=\"og:locale\" content=\"de_DE\" \/>\n<meta property=\"og:type\" content=\"article\" \/>\n<meta property=\"og:title\" content=\"unterst\u00fctzen das Ostional National Wildlife Refuge mit einem neuen Naturschutzfonds - FUNDECODES\" \/>\n<meta property=\"og:description\" content=\"Harmony-G\u00e4ste unterst\u00fctzen das Ostional National Wildlife Refuge mit einem neuen Naturschutzfonds Am 22. M\u00e4rz 2021 versammelten sich Vertreter von Fundecodes, Harmony Projects,Read More\" \/>\n<meta property=\"og:url\" content=\"https:\/\/fundecodes.org\/convenios-del-rnvs-ostional-con-apoyo-para-el-cuido-de-tortugas\/\" \/>\n<meta property=\"og:site_name\" content=\"FUNDECODES\" \/>\n<meta property=\"article:modified_time\" content=\"2025-09-08T01:41:09+00:00\" \/>\n<meta property=\"og:image\" content=\"https:\/\/fundecodes.org\/wp-content\/uploads\/2021\/07\/055.jpg\" \/>\n\t<meta property=\"og:image:width\" content=\"2500\" \/>\n\t<meta property=\"og:image:height\" content=\"1875\" \/>\n\t<meta property=\"og:image:type\" content=\"image\/jpeg\" \/>\n<meta name=\"twitter:card\" content=\"summary_large_image\" \/>\n<meta name=\"twitter:label1\" content=\"Gesch\u00e4tzte Lesezeit\" \/>\n\t<meta name=\"twitter:data1\" content=\"7\u00a0Minuten\" \/>\n<script type=\"application\/ld+json\" class=\"yoast-schema-graph\">{\"@context\":\"https:\/\/schema.org\",\"@graph\":[{\"@type\":\"WebPage\",\"@id\":\"https:\/\/fundecodes.org\/convenios-del-rnvs-ostional-con-apoyo-para-el-cuido-de-tortugas\/\",\"url\":\"https:\/\/fundecodes.org\/convenios-del-rnvs-ostional-con-apoyo-para-el-cuido-de-tortugas\/\",\"name\":\"unterst\u00fctzen das Ostional National Wildlife Refuge mit einem neuen Naturschutzfonds - FUNDECODES\",\"isPartOf\":{\"@id\":\"https:\/\/fundecodes.org\/#website\"},\"primaryImageOfPage\":{\"@id\":\"https:\/\/fundecodes.org\/convenios-del-rnvs-ostional-con-apoyo-para-el-cuido-de-tortugas\/#primaryimage\"},\"image\":{\"@id\":\"https:\/\/fundecodes.org\/convenios-del-rnvs-ostional-con-apoyo-para-el-cuido-de-tortugas\/#primaryimage\"},\"thumbnailUrl\":\"https:\/\/fundecodes.org\/wp-content\/uploads\/2021\/07\/055.jpg\",\"datePublished\":\"2021-07-21T00:41:34+00:00\",\"dateModified\":\"2025-09-08T01:41:09+00:00\",\"breadcrumb\":{\"@id\":\"https:\/\/fundecodes.org\/convenios-del-rnvs-ostional-con-apoyo-para-el-cuido-de-tortugas\/#breadcrumb\"},\"inLanguage\":\"de\",\"potentialAction\":[{\"@type\":\"ReadAction\",\"target\":[\"https:\/\/fundecodes.org\/convenios-del-rnvs-ostional-con-apoyo-para-el-cuido-de-tortugas\/\"]}]},{\"@type\":\"ImageObject\",\"inLanguage\":\"de\",\"@id\":\"https:\/\/fundecodes.org\/convenios-del-rnvs-ostional-con-apoyo-para-el-cuido-de-tortugas\/#primaryimage\",\"url\":\"https:\/\/fundecodes.org\/wp-content\/uploads\/2021\/07\/055.jpg\",\"contentUrl\":\"https:\/\/fundecodes.org\/wp-content\/uploads\/2021\/07\/055.jpg\"},{\"@type\":\"BreadcrumbList\",\"@id\":\"https:\/\/fundecodes.org\/convenios-del-rnvs-ostional-con-apoyo-para-el-cuido-de-tortugas\/#breadcrumb\",\"itemListElement\":[{\"@type\":\"ListItem\",\"position\":1,\"name\":\"Portada\",\"item\":\"https:\/\/fundecodes.org\/\"},{\"@type\":\"ListItem\",\"position\":2,\"name\":\"Convenios del RNVS Ostional con apoyo para el cuido de Tortugas\"}]},{\"@type\":\"WebSite\",\"@id\":\"https:\/\/fundecodes.org\/#website\",\"url\":\"https:\/\/fundecodes.org\/\",\"name\":\"FUNDECODES\",\"description\":\"Equilibrio entre Conservaci\u00f3n y Desarrollo\",\"publisher\":{\"@id\":\"https:\/\/fundecodes.org\/#organization\"},\"potentialAction\":[{\"@type\":\"SearchAction\",\"target\":{\"@type\":\"EntryPoint\",\"urlTemplate\":\"https:\/\/fundecodes.org\/?s={search_term_string}\"},\"query-input\":{\"@type\":\"PropertyValueSpecification\",\"valueRequired\":true,\"valueName\":\"search_term_string\"}}],\"inLanguage\":\"de\"},{\"@type\":\"Organization\",\"@id\":\"https:\/\/fundecodes.org\/#organization\",\"name\":\"FUNDECODES\",\"url\":\"https:\/\/fundecodes.org\/\",\"logo\":{\"@type\":\"ImageObject\",\"inLanguage\":\"de\",\"@id\":\"https:\/\/fundecodes.org\/#\/schema\/logo\/image\/\",\"url\":\"https:\/\/fundecodes.org\/wp-content\/uploads\/2021\/06\/cropped-FUNDECODES.png\",\"contentUrl\":\"https:\/\/fundecodes.org\/wp-content\/uploads\/2021\/06\/cropped-FUNDECODES.png\",\"width\":163,\"height\":50,\"caption\":\"FUNDECODES\"},\"image\":{\"@id\":\"https:\/\/fundecodes.org\/#\/schema\/logo\/image\/\"}}]}<\/script>\n<!-- \/ Yoast SEO plugin. -->","yoast_head_json":{"title":"unterst\u00fctzen das Ostional National Wildlife Refuge mit einem neuen Naturschutzfonds - FUNDECODES","robots":{"index":"index","follow":"follow","max-snippet":"max-snippet:-1","max-image-preview":"max-image-preview:large","max-video-preview":"max-video-preview:-1"},"canonical":"https:\/\/fundecodes.org\/convenios-del-rnvs-ostional-con-apoyo-para-el-cuido-de-tortugas\/","og_locale":"de_DE","og_type":"article","og_title":"unterst\u00fctzen das Ostional National Wildlife Refuge mit einem neuen Naturschutzfonds - FUNDECODES","og_description":"Harmony-G\u00e4ste unterst\u00fctzen das Ostional National Wildlife Refuge mit einem neuen Naturschutzfonds Am 22. M\u00e4rz 2021 versammelten sich Vertreter von Fundecodes, Harmony Projects,Read More","og_url":"https:\/\/fundecodes.org\/convenios-del-rnvs-ostional-con-apoyo-para-el-cuido-de-tortugas\/","og_site_name":"FUNDECODES","article_modified_time":"2025-09-08T01:41:09+00:00","og_image":[{"width":2500,"height":1875,"url":"https:\/\/fundecodes.org\/wp-content\/uploads\/2021\/07\/055.jpg","type":"image\/jpeg"}],"twitter_card":"summary_large_image","twitter_misc":{"Gesch\u00e4tzte Lesezeit":"7\u00a0Minuten"},"schema":{"@context":"https:\/\/schema.org","@graph":[{"@type":"WebPage","@id":"https:\/\/fundecodes.org\/convenios-del-rnvs-ostional-con-apoyo-para-el-cuido-de-tortugas\/","url":"https:\/\/fundecodes.org\/convenios-del-rnvs-ostional-con-apoyo-para-el-cuido-de-tortugas\/","name":"unterst\u00fctzen das Ostional National Wildlife Refuge mit einem neuen Naturschutzfonds - FUNDECODES","isPartOf":{"@id":"https:\/\/fundecodes.org\/#website"},"primaryImageOfPage":{"@id":"https:\/\/fundecodes.org\/convenios-del-rnvs-ostional-con-apoyo-para-el-cuido-de-tortugas\/#primaryimage"},"image":{"@id":"https:\/\/fundecodes.org\/convenios-del-rnvs-ostional-con-apoyo-para-el-cuido-de-tortugas\/#primaryimage"},"thumbnailUrl":"https:\/\/fundecodes.org\/wp-content\/uploads\/2021\/07\/055.jpg","datePublished":"2021-07-21T00:41:34+00:00","dateModified":"2025-09-08T01:41:09+00:00","breadcrumb":{"@id":"https:\/\/fundecodes.org\/convenios-del-rnvs-ostional-con-apoyo-para-el-cuido-de-tortugas\/#breadcrumb"},"inLanguage":"de","potentialAction":[{"@type":"ReadAction","target":["https:\/\/fundecodes.org\/convenios-del-rnvs-ostional-con-apoyo-para-el-cuido-de-tortugas\/"]}]},{"@type":"ImageObject","inLanguage":"de","@id":"https:\/\/fundecodes.org\/convenios-del-rnvs-ostional-con-apoyo-para-el-cuido-de-tortugas\/#primaryimage","url":"https:\/\/fundecodes.org\/wp-content\/uploads\/2021\/07\/055.jpg","contentUrl":"https:\/\/fundecodes.org\/wp-content\/uploads\/2021\/07\/055.jpg"},{"@type":"BreadcrumbList","@id":"https:\/\/fundecodes.org\/convenios-del-rnvs-ostional-con-apoyo-para-el-cuido-de-tortugas\/#breadcrumb","itemListElement":[{"@type":"ListItem","position":1,"name":"Portada","item":"https:\/\/fundecodes.org\/"},{"@type":"ListItem","position":2,"name":"Convenios del RNVS Ostional con apoyo para el cuido de Tortugas"}]},{"@type":"WebSite","@id":"https:\/\/fundecodes.org\/#website","url":"https:\/\/fundecodes.org\/","name":"FUNDECODES","description":"Equilibrio entre Conservaci\u00f3n y Desarrollo","publisher":{"@id":"https:\/\/fundecodes.org\/#organization"},"potentialAction":[{"@type":"SearchAction","target":{"@type":"EntryPoint","urlTemplate":"https:\/\/fundecodes.org\/?s={search_term_string}"},"query-input":{"@type":"PropertyValueSpecification","valueRequired":true,"valueName":"search_term_string"}}],"inLanguage":"de"},{"@type":"Organization","@id":"https:\/\/fundecodes.org\/#organization","name":"FUNDECODES","url":"https:\/\/fundecodes.org\/","logo":{"@type":"ImageObject","inLanguage":"de","@id":"https:\/\/fundecodes.org\/#\/schema\/logo\/image\/","url":"https:\/\/fundecodes.org\/wp-content\/uploads\/2021\/06\/cropped-FUNDECODES.png","contentUrl":"https:\/\/fundecodes.org\/wp-content\/uploads\/2021\/06\/cropped-FUNDECODES.png","width":163,"height":50,"caption":"FUNDECODES"},"image":{"@id":"https:\/\/fundecodes.org\/#\/schema\/logo\/image\/"}}]}},"_links":{"self":[{"href":"https:\/\/fundecodes.org\/de\/wp-json\/wp\/v2\/pages\/1039","targetHints":{"allow":["GET"]}}],"collection":[{"href":"https:\/\/fundecodes.org\/de\/wp-json\/wp\/v2\/pages"}],"about":[{"href":"https:\/\/fundecodes.org\/de\/wp-json\/wp\/v2\/types\/page"}],"author":[{"embeddable":true,"href":"https:\/\/fundecodes.org\/de\/wp-json\/wp\/v2\/users\/1"}],"replies":[{"embeddable":true,"href":"https:\/\/fundecodes.org\/de\/wp-json\/wp\/v2\/comments?post=1039"}],"version-history":[{"count":14,"href":"https:\/\/fundecodes.org\/de\/wp-json\/wp\/v2\/pages\/1039\/revisions"}],"predecessor-version":[{"id":1829,"href":"https:\/\/fundecodes.org\/de\/wp-json\/wp\/v2\/pages\/1039\/revisions\/1829"}],"wp:attachment":[{"href":"https:\/\/fundecodes.org\/de\/wp-json\/wp\/v2\/media?parent=1039"}],"curies":[{"name":"wp","href":"https:\/\/api.w.org\/{rel}","templated":true}]}}