{"id":110,"date":"2018-03-13T02:20:00","date_gmt":"2018-03-13T02:20:00","guid":{"rendered":"http:\/\/www.fundecodes.org\/?page_id=110"},"modified":"2022-09-28T21:06:24","modified_gmt":"2022-09-29T03:06:24","slug":"etnoturismo-parque-nacional-barra-honda","status":"publish","type":"page","link":"https:\/\/fundecodes.org\/de\/etnoturismo-parque-nacional-barra-honda\/","title":{"rendered":"H\u00f6hlenforschung Barra Honda Nationalpark"},"content":{"rendered":"<p>&nbsp;<\/p>\n<div class=\"aigpl-shortcode-preview\" style=\"text-align: center;\">\n<p><img decoding=\"async\" class=\"alignnone wp-image-827\" src=\"https:\/\/fundecodes.org\/wp-content\/uploads\/2021\/07\/34070983_1808220539221417_5206857602482307072_n.jpg\" alt=\"\" width=\"208\" height=\"208\" srcset=\"https:\/\/fundecodes.org\/wp-content\/uploads\/2021\/07\/34070983_1808220539221417_5206857602482307072_n.jpg 684w, https:\/\/fundecodes.org\/wp-content\/uploads\/2021\/07\/34070983_1808220539221417_5206857602482307072_n-300x300.jpg 300w, https:\/\/fundecodes.org\/wp-content\/uploads\/2021\/07\/34070983_1808220539221417_5206857602482307072_n-150x150.jpg 150w\" sizes=\"(max-width: 208px) 100vw, 208px\" \/><img fetchpriority=\"high\" decoding=\"async\" class=\"alignnone wp-image-678 \" src=\"https:\/\/fundecodes.org\/wp-content\/uploads\/2021\/06\/LOGO-FUNDECODES-1-e1625529321785.jpg\" alt=\"\" width=\"238\" height=\"212\"><\/p>\n<p>&nbsp;<\/p>\n<p style=\"text-align: center; font-size: 20px; font-weight: bold; color: #16466a;\">H\u00f6hlenforschung Barra Honda Nationalpark<\/p>\n<\/div>\n<p>&nbsp;<\/p>\n<p style=\"text-align: justify; font-size: 15px; color: black;\">Von oben sieht man einen dunklen Wassergraben. Sie k\u00f6nnen kaum die Kurve einer Metalltreppe sehen, die in diesem schwarzen Loch verschwindet. Zwei Guides sichern die Gurte und binden sie an einem Seil, um 17 Meter bis zum Eingang der Terciopelo-H\u00f6hle hinabzusteigen, einer der 42 unterirdischen H\u00f6hlen, die bisher im Nationalpark Barra Honda entdeckt wurden.<\/p>\n<p style=\"text-align: justify; font-size: 15px; color: black;\">Die H\u00f6hlen bestehen aus Calcit oder Calciumcarbonat und waren urspr\u00fcnglich Korallenriffe mit Schichten von Mikroorganismen und Mineralablagerungen, die aufgrund von Druck und hohen Temperaturen nach und nach die H\u00f6hlen bildeten. All dies wurde durch die seismische Aktivit\u00e4t der tektonischen Platten der Kokosn und der Karibik \u00fcber einen Zeitraum von 70 Millionen Jahren beg\u00fcnstigt.<\/p>\n<p style=\"text-align: justify; font-size: 15px; color: black;\">In j\u00fcngerer Zeit wurde das Gebiet bis 1974 f\u00fcr Viehzucht und Landwirtschaft genutzt, als der 2.300 Hektar gro\u00dfe Nationalpark Barra Honda entstand. Der Park kommt den nahe gelegenen Gemeinden Barra Honda, Santa Ana und El Flor sowie einem Verband lokaler F\u00fchrer aus diesen drei Gemeinden zugute, der neben seiner T\u00e4tigkeit als Waldfeuerwehrmann von Ad Honoren daf\u00fcr verantwortlich ist, Besucher zu den H\u00f6hlen zu bringen.<\/p>\n<p>&nbsp;<\/p>\n<p style=\"text-align: justify; font-size: 15px; color: black;\">Das Licht der Taschenlampe scheint herum und weist auf lange eiszapfenartige Stalaktiten hin, die durchschnittlich 5.000 Jahre pro Zentimeter wachsen. Manche Formationen sehen aus wie Vorh\u00e4nge, andere angeblich Papayas und anderes Popcorn. Eine weitere Treppe f\u00fchrt uns in einen zweiten Raum und hier sind insgesamt 72 Meter hinabgestiegen<\/p>\n<p style=\"text-align: justify; font-size: 15px; color: black;\">Besucher d\u00fcrfen nur zwei der H\u00f6hlen betreten: Terciopelo und Cuevita, eine kleinere H\u00f6hle, die f\u00fcr Kinder besser zug\u00e4nglich ist. Andere Kavernen sind bei Exkursionen von oben zu sehen. Eine weitere Attraktion des Parks: der Mirador de Nacaome. Von diesem privilegierten Punkt aus k\u00f6nnen wir das weite Tal sehen, das von wiederaufgeforsteten H\u00fcgeln und dem Golf von Nicoya, der Insel Chira und anderen Inseln umgeben ist. Ist gro\u00dfartig.<\/p>\n<p style=\"text-align: justify; font-size: 15px; color: black;\">Der Park ist t\u00e4glich von 8 Uhr morgens bis 1 Uhr nachmittags ge\u00f6ffnet, um die H\u00f6hlen zu besuchen, und von 1 Uhr bis 3 Uhr nachmittags, um die Wanderwege zu erkunden. Die Kosten, einschlie\u00dflich des Besuchs der H\u00f6hlen, betragen 33 US-Dollar (12.500 ) f\u00fcr Ausl\u00e4nder und 23 US-Dollar (7500 f\u00fcr Inl\u00e4nder), mit Erm\u00e4\u00dfigungen f\u00fcr Studenten und f\u00fcr Gruppen ab 10 Personen. Um nur die Wanderwege zu besuchen, betr\u00e4gt der Preis 12 USD (5.000 ) f\u00fcr Ausl\u00e4nder und (1000) f\u00fcr Inl\u00e4nder. F\u00fcr dieses Jahr gab es eine Visite von 4.091 unter ausl\u00e4ndischen und nationalen Besuchern. <strong><em>Ursprung: La voz de Guanacaste Por Arianna McKinney (diciembre 19, 2013)<\/em><\/strong><\/p>\n<p>&nbsp;<\/p>\n<p>ngg_shortcode_2_placeholder<img decoding=\"async\" class=\"size-full wp-image-995 aligncenter\" src=\"https:\/\/fundecodes.org\/wp-content\/uploads\/2021\/07\/48382140_2090487827661352_6401586967288479744_n.jpg\" alt=\"\" width=\"960\" height=\"720\" srcset=\"https:\/\/fundecodes.org\/wp-content\/uploads\/2021\/07\/48382140_2090487827661352_6401586967288479744_n.jpg 960w, https:\/\/fundecodes.org\/wp-content\/uploads\/2021\/07\/48382140_2090487827661352_6401586967288479744_n-300x225.jpg 300w, https:\/\/fundecodes.org\/wp-content\/uploads\/2021\/07\/48382140_2090487827661352_6401586967288479744_n-768x576.jpg 768w\" sizes=\"(max-width: 960px) 100vw, 960px\" \/> <img loading=\"lazy\" decoding=\"async\" class=\"size-full wp-image-996 aligncenter\" src=\"https:\/\/fundecodes.org\/wp-content\/uploads\/2021\/07\/48368139_2090487864328015_641197956837408768_n.jpg\" alt=\"\" width=\"960\" height=\"720\" srcset=\"https:\/\/fundecodes.org\/wp-content\/uploads\/2021\/07\/48368139_2090487864328015_641197956837408768_n.jpg 960w, https:\/\/fundecodes.org\/wp-content\/uploads\/2021\/07\/48368139_2090487864328015_641197956837408768_n-300x225.jpg 300w, https:\/\/fundecodes.org\/wp-content\/uploads\/2021\/07\/48368139_2090487864328015_641197956837408768_n-768x576.jpg 768w\" sizes=\"(max-width: 960px) 100vw, 960px\" \/><\/p>","protected":false},"excerpt":{"rendered":"<p>&nbsp; &nbsp; H\u00f6hlenforschung Barra Honda Nationalpark &nbsp; Von oben sieht man einen dunklen Wassergraben. Sie k\u00f6nnen kaum die Kurve einer Metalltreppe sehen,<\/p>\n<p class=\"link-more\"><a class=\"myButt \" href=\"https:\/\/fundecodes.org\/de\/etnoturismo-parque-nacional-barra-honda\/\">Read More<\/a><\/p>\n","protected":false},"author":1,"featured_media":0,"parent":0,"menu_order":0,"comment_status":"closed","ping_status":"closed","template":"","meta":{"ngg_post_thumbnail":0,"footnotes":""},"class_list":["post-110","page","type-page","status-publish","hentry"],"yoast_head":"<!-- This site is optimized with the Yoast SEO plugin v27.2 - https:\/\/yoast.com\/product\/yoast-seo-wordpress\/ -->\n<title>H\u00f6hlenforschung Barra Honda Nationalpark - FUNDECODES<\/title>\n<meta name=\"robots\" content=\"index, follow, max-snippet:-1, max-image-preview:large, max-video-preview:-1\" \/>\n<link rel=\"canonical\" href=\"https:\/\/fundecodes.org\/etnoturismo-parque-nacional-barra-honda\/\" \/>\n<meta property=\"og:locale\" content=\"de_DE\" \/>\n<meta property=\"og:type\" content=\"article\" \/>\n<meta property=\"og:title\" content=\"H\u00f6hlenforschung Barra Honda Nationalpark - FUNDECODES\" \/>\n<meta property=\"og:description\" content=\"&nbsp; &nbsp; H\u00f6hlenforschung Barra Honda Nationalpark &nbsp; Von oben sieht man einen dunklen Wassergraben. Sie k\u00f6nnen kaum die Kurve einer Metalltreppe sehen,Read More\" \/>\n<meta property=\"og:url\" content=\"https:\/\/fundecodes.org\/etnoturismo-parque-nacional-barra-honda\/\" \/>\n<meta property=\"og:site_name\" content=\"FUNDECODES\" \/>\n<meta property=\"article:modified_time\" content=\"2022-09-29T03:06:24+00:00\" \/>\n<meta property=\"og:image\" content=\"https:\/\/fundecodes.org\/wp-content\/uploads\/2021\/07\/34070983_1808220539221417_5206857602482307072_n.jpg\" \/>\n<meta name=\"twitter:card\" content=\"summary_large_image\" \/>\n<meta name=\"twitter:label1\" content=\"Gesch\u00e4tzte Lesezeit\" \/>\n\t<meta name=\"twitter:data1\" content=\"3\u00a0Minuten\" \/>\n<script type=\"application\/ld+json\" class=\"yoast-schema-graph\">{\"@context\":\"https:\/\/schema.org\",\"@graph\":[{\"@type\":\"WebPage\",\"@id\":\"https:\/\/fundecodes.org\/etnoturismo-parque-nacional-barra-honda\/\",\"url\":\"https:\/\/fundecodes.org\/etnoturismo-parque-nacional-barra-honda\/\",\"name\":\"H\u00f6hlenforschung Barra Honda Nationalpark - FUNDECODES\",\"isPartOf\":{\"@id\":\"https:\/\/fundecodes.org\/#website\"},\"primaryImageOfPage\":{\"@id\":\"https:\/\/fundecodes.org\/etnoturismo-parque-nacional-barra-honda\/#primaryimage\"},\"image\":{\"@id\":\"https:\/\/fundecodes.org\/etnoturismo-parque-nacional-barra-honda\/#primaryimage\"},\"thumbnailUrl\":\"https:\/\/fundecodes.org\/wp-content\/uploads\/2021\/07\/34070983_1808220539221417_5206857602482307072_n.jpg\",\"datePublished\":\"2018-03-13T02:20:00+00:00\",\"dateModified\":\"2022-09-29T03:06:24+00:00\",\"breadcrumb\":{\"@id\":\"https:\/\/fundecodes.org\/etnoturismo-parque-nacional-barra-honda\/#breadcrumb\"},\"inLanguage\":\"de\",\"potentialAction\":[{\"@type\":\"ReadAction\",\"target\":[\"https:\/\/fundecodes.org\/etnoturismo-parque-nacional-barra-honda\/\"]}]},{\"@type\":\"ImageObject\",\"inLanguage\":\"de\",\"@id\":\"https:\/\/fundecodes.org\/etnoturismo-parque-nacional-barra-honda\/#primaryimage\",\"url\":\"https:\/\/fundecodes.org\/wp-content\/uploads\/2021\/07\/34070983_1808220539221417_5206857602482307072_n.jpg\",\"contentUrl\":\"https:\/\/fundecodes.org\/wp-content\/uploads\/2021\/07\/34070983_1808220539221417_5206857602482307072_n.jpg\"},{\"@type\":\"BreadcrumbList\",\"@id\":\"https:\/\/fundecodes.org\/etnoturismo-parque-nacional-barra-honda\/#breadcrumb\",\"itemListElement\":[{\"@type\":\"ListItem\",\"position\":1,\"name\":\"Portada\",\"item\":\"https:\/\/fundecodes.org\/\"},{\"@type\":\"ListItem\",\"position\":2,\"name\":\"Etnoturismo &#8211; Parque Nacional Barra Honda\"}]},{\"@type\":\"WebSite\",\"@id\":\"https:\/\/fundecodes.org\/#website\",\"url\":\"https:\/\/fundecodes.org\/\",\"name\":\"FUNDECODES\",\"description\":\"Equilibrio entre Conservaci\u00f3n y Desarrollo\",\"publisher\":{\"@id\":\"https:\/\/fundecodes.org\/#organization\"},\"potentialAction\":[{\"@type\":\"SearchAction\",\"target\":{\"@type\":\"EntryPoint\",\"urlTemplate\":\"https:\/\/fundecodes.org\/?s={search_term_string}\"},\"query-input\":{\"@type\":\"PropertyValueSpecification\",\"valueRequired\":true,\"valueName\":\"search_term_string\"}}],\"inLanguage\":\"de\"},{\"@type\":\"Organization\",\"@id\":\"https:\/\/fundecodes.org\/#organization\",\"name\":\"FUNDECODES\",\"url\":\"https:\/\/fundecodes.org\/\",\"logo\":{\"@type\":\"ImageObject\",\"inLanguage\":\"de\",\"@id\":\"https:\/\/fundecodes.org\/#\/schema\/logo\/image\/\",\"url\":\"https:\/\/fundecodes.org\/wp-content\/uploads\/2021\/06\/cropped-FUNDECODES.png\",\"contentUrl\":\"https:\/\/fundecodes.org\/wp-content\/uploads\/2021\/06\/cropped-FUNDECODES.png\",\"width\":163,\"height\":50,\"caption\":\"FUNDECODES\"},\"image\":{\"@id\":\"https:\/\/fundecodes.org\/#\/schema\/logo\/image\/\"}}]}<\/script>\n<!-- \/ Yoast SEO plugin. -->","yoast_head_json":{"title":"H\u00f6hlenforschung Barra Honda Nationalpark - FUNDECODES","robots":{"index":"index","follow":"follow","max-snippet":"max-snippet:-1","max-image-preview":"max-image-preview:large","max-video-preview":"max-video-preview:-1"},"canonical":"https:\/\/fundecodes.org\/etnoturismo-parque-nacional-barra-honda\/","og_locale":"de_DE","og_type":"article","og_title":"H\u00f6hlenforschung Barra Honda Nationalpark - FUNDECODES","og_description":"&nbsp; &nbsp; H\u00f6hlenforschung Barra Honda Nationalpark &nbsp; Von oben sieht man einen dunklen Wassergraben. Sie k\u00f6nnen kaum die Kurve einer Metalltreppe sehen,Read More","og_url":"https:\/\/fundecodes.org\/etnoturismo-parque-nacional-barra-honda\/","og_site_name":"FUNDECODES","article_modified_time":"2022-09-29T03:06:24+00:00","og_image":[{"url":"https:\/\/fundecodes.org\/wp-content\/uploads\/2021\/07\/34070983_1808220539221417_5206857602482307072_n.jpg","type":"","width":"","height":""}],"twitter_card":"summary_large_image","twitter_misc":{"Gesch\u00e4tzte Lesezeit":"3\u00a0Minuten"},"schema":{"@context":"https:\/\/schema.org","@graph":[{"@type":"WebPage","@id":"https:\/\/fundecodes.org\/etnoturismo-parque-nacional-barra-honda\/","url":"https:\/\/fundecodes.org\/etnoturismo-parque-nacional-barra-honda\/","name":"H\u00f6hlenforschung Barra Honda Nationalpark - FUNDECODES","isPartOf":{"@id":"https:\/\/fundecodes.org\/#website"},"primaryImageOfPage":{"@id":"https:\/\/fundecodes.org\/etnoturismo-parque-nacional-barra-honda\/#primaryimage"},"image":{"@id":"https:\/\/fundecodes.org\/etnoturismo-parque-nacional-barra-honda\/#primaryimage"},"thumbnailUrl":"https:\/\/fundecodes.org\/wp-content\/uploads\/2021\/07\/34070983_1808220539221417_5206857602482307072_n.jpg","datePublished":"2018-03-13T02:20:00+00:00","dateModified":"2022-09-29T03:06:24+00:00","breadcrumb":{"@id":"https:\/\/fundecodes.org\/etnoturismo-parque-nacional-barra-honda\/#breadcrumb"},"inLanguage":"de","potentialAction":[{"@type":"ReadAction","target":["https:\/\/fundecodes.org\/etnoturismo-parque-nacional-barra-honda\/"]}]},{"@type":"ImageObject","inLanguage":"de","@id":"https:\/\/fundecodes.org\/etnoturismo-parque-nacional-barra-honda\/#primaryimage","url":"https:\/\/fundecodes.org\/wp-content\/uploads\/2021\/07\/34070983_1808220539221417_5206857602482307072_n.jpg","contentUrl":"https:\/\/fundecodes.org\/wp-content\/uploads\/2021\/07\/34070983_1808220539221417_5206857602482307072_n.jpg"},{"@type":"BreadcrumbList","@id":"https:\/\/fundecodes.org\/etnoturismo-parque-nacional-barra-honda\/#breadcrumb","itemListElement":[{"@type":"ListItem","position":1,"name":"Portada","item":"https:\/\/fundecodes.org\/"},{"@type":"ListItem","position":2,"name":"Etnoturismo &#8211; Parque Nacional Barra Honda"}]},{"@type":"WebSite","@id":"https:\/\/fundecodes.org\/#website","url":"https:\/\/fundecodes.org\/","name":"FUNDECODES","description":"Equilibrio entre Conservaci\u00f3n y Desarrollo","publisher":{"@id":"https:\/\/fundecodes.org\/#organization"},"potentialAction":[{"@type":"SearchAction","target":{"@type":"EntryPoint","urlTemplate":"https:\/\/fundecodes.org\/?s={search_term_string}"},"query-input":{"@type":"PropertyValueSpecification","valueRequired":true,"valueName":"search_term_string"}}],"inLanguage":"de"},{"@type":"Organization","@id":"https:\/\/fundecodes.org\/#organization","name":"FUNDECODES","url":"https:\/\/fundecodes.org\/","logo":{"@type":"ImageObject","inLanguage":"de","@id":"https:\/\/fundecodes.org\/#\/schema\/logo\/image\/","url":"https:\/\/fundecodes.org\/wp-content\/uploads\/2021\/06\/cropped-FUNDECODES.png","contentUrl":"https:\/\/fundecodes.org\/wp-content\/uploads\/2021\/06\/cropped-FUNDECODES.png","width":163,"height":50,"caption":"FUNDECODES"},"image":{"@id":"https:\/\/fundecodes.org\/#\/schema\/logo\/image\/"}}]}},"_links":{"self":[{"href":"https:\/\/fundecodes.org\/de\/wp-json\/wp\/v2\/pages\/110","targetHints":{"allow":["GET"]}}],"collection":[{"href":"https:\/\/fundecodes.org\/de\/wp-json\/wp\/v2\/pages"}],"about":[{"href":"https:\/\/fundecodes.org\/de\/wp-json\/wp\/v2\/types\/page"}],"author":[{"embeddable":true,"href":"https:\/\/fundecodes.org\/de\/wp-json\/wp\/v2\/users\/1"}],"replies":[{"embeddable":true,"href":"https:\/\/fundecodes.org\/de\/wp-json\/wp\/v2\/comments?post=110"}],"version-history":[{"count":12,"href":"https:\/\/fundecodes.org\/de\/wp-json\/wp\/v2\/pages\/110\/revisions"}],"predecessor-version":[{"id":1284,"href":"https:\/\/fundecodes.org\/de\/wp-json\/wp\/v2\/pages\/110\/revisions\/1284"}],"wp:attachment":[{"href":"https:\/\/fundecodes.org\/de\/wp-json\/wp\/v2\/media?parent=110"}],"curies":[{"name":"wp","href":"https:\/\/api.w.org\/{rel}","templated":true}]}}