{"id":112,"date":"2018-03-13T02:20:30","date_gmt":"2018-03-13T02:20:30","guid":{"rendered":"http:\/\/www.fundecodes.org\/?page_id=112"},"modified":"2025-09-07T19:45:30","modified_gmt":"2025-09-08T01:45:30","slug":"investigacion-de-tortugas-marinas-fundecodes-y-otros-aliados","status":"publish","type":"page","link":"https:\/\/fundecodes.org\/de\/investigacion-de-tortugas-marinas-fundecodes-y-otros-aliados\/","title":{"rendered":"Forschung \u00fcber Meeresschildkr\u00f6ten"},"content":{"rendered":"<p>&nbsp;<\/p>\n<p>&nbsp;<\/p>\n<p style=\"text-align: center; font-size: 20px; font-weight: bold; color: #16466a;\">MEERSCHILDKR\u00d6TEN-FORSCHUNGSPROGRAMM (Kuemar)<\/p>\n<p>&nbsp;<\/p>\n<p style=\"text-align: justify; font-size: 15px; color: black;\">FUNDECODES UND KUEMAR haben eine Allianz zur Verwaltung von Geldern geschlossen, um den 1994 begonnenen Untersuchungen von zwei costaricanischen Biologen zusammen mit anderen Natursch\u00fctzern Kontinuit\u00e4t zu verleihen.<\/p>\n<p style=\"text-align: justify; font-size: 15px; color: black;\">Es wurde ein permanentes Forschungs- und Monitoringprojekt etabliert, das die Biologie von Meeresschildkr\u00f6ten an Niststr\u00e4nden im Nordpazifik von Costa Rica untersucht. Seine Au\u00dfendienstmitarbeiter patrouillieren jede Nacht an den Str\u00e4nden auf der Suche nach Schildkr\u00f6ten, um Daten zu sammeln und die Nester zu sch\u00fctzen.<\/p>\n<p style=\"text-align: justify; font-size: 15px; color: black;\">Es ist ein Projekt, das das ganze Jahr \u00fcber durchgef\u00fchrt wird und eines seiner Ziele ist es, die notwendigen technischen und wissenschaftlichen Informationen zu generieren, die zur Entscheidungsfindung f\u00fcr das Management und den Schutz von Meeresschildkr\u00f6ten und ihren kritischen Lebensr\u00e4umen im Nordpazifik von Costa Rica beitragen. , sowie die Entwicklung von Aktivit\u00e4ten zum Schutz der Nester und zur Erweiterung der Gemeinschaft.&nbsp;<\/p>\n<p>&nbsp;<\/p>\n<p>&nbsp;<\/p>\n<p>&nbsp;<\/p>\n<p><img loading=\"lazy\" decoding=\"async\" class=\"size-full wp-image-876 aligncenter\" src=\"https:\/\/fundecodes.org\/wp-content\/uploads\/2021\/07\/09.png\" alt=\"\" width=\"844\" height=\"426\" srcset=\"https:\/\/fundecodes.org\/wp-content\/uploads\/2021\/07\/09.png 844w, https:\/\/fundecodes.org\/wp-content\/uploads\/2021\/07\/09-300x151.png 300w, https:\/\/fundecodes.org\/wp-content\/uploads\/2021\/07\/09-768x388.png 768w\" sizes=\"(max-width: 844px) 100vw, 844px\" \/><\/p>\n<p>&nbsp;<\/p>\n<p>&nbsp;<\/p>\nngg_shortcode_1_placeholder\n<p style=\"text-align: justify; font-size: 15px; color: black;\"><strong>KUEMAR-Organisation<\/strong> Elizabeth Velez, Aida Gete, Daniel Cort\u00e9s y Kevin Sinclair<\/p>\n<p>&nbsp;<\/p>","protected":false},"excerpt":{"rendered":"<p>&nbsp; &nbsp; MEERSCHILDKR\u00d6TEN-FORSCHUNGSPROGRAMM (Kuemar) &nbsp; FUNDECODES UND KUEMAR haben eine Allianz zur Verwaltung von Geldern geschlossen, um den 1994 begonnenen Untersuchungen von<\/p>\n<p class=\"link-more\"><a class=\"myButt \" href=\"https:\/\/fundecodes.org\/de\/investigacion-de-tortugas-marinas-fundecodes-y-otros-aliados\/\">Read More<\/a><\/p>\n","protected":false},"author":1,"featured_media":0,"parent":0,"menu_order":0,"comment_status":"closed","ping_status":"closed","template":"","meta":{"ngg_post_thumbnail":0,"footnotes":""},"class_list":["post-112","page","type-page","status-publish","hentry"],"yoast_head":"<!-- This site is optimized with the Yoast SEO plugin v27.2 - https:\/\/yoast.com\/product\/yoast-seo-wordpress\/ -->\n<title>Forschung \u00fcber Meeresschildkr\u00f6ten - FUNDECODES<\/title>\n<meta name=\"description\" content=\"En el Parque Nacional Marino Las Baulas con el apoyo de la Fundaci\u00f3n Keumar Conservation y US Fish and Wildlife Services. En Ostional por parte del ACT-RNVS Ostional y el apoyo de la Universidad de\u00a0Luisiana. En Camaronal por el ACT-RNVS Camaronal y la colaboraci\u00f3n de Conservaci\u00f3n\u00a0Internacional.\" \/>\n<meta name=\"robots\" content=\"index, follow, max-snippet:-1, max-image-preview:large, max-video-preview:-1\" \/>\n<link rel=\"canonical\" href=\"https:\/\/fundecodes.org\/investigacion-de-tortugas-marinas-fundecodes-y-otros-aliados\/\" \/>\n<meta property=\"og:locale\" content=\"de_DE\" \/>\n<meta property=\"og:type\" content=\"article\" \/>\n<meta property=\"og:title\" content=\"Forschung \u00fcber Meeresschildkr\u00f6ten - FUNDECODES\" \/>\n<meta property=\"og:description\" content=\"En el Parque Nacional Marino Las Baulas con el apoyo de la Fundaci\u00f3n Keumar Conservation y US Fish and Wildlife Services. En Ostional por parte del ACT-RNVS Ostional y el apoyo de la Universidad de\u00a0Luisiana. En Camaronal por el ACT-RNVS Camaronal y la colaboraci\u00f3n de Conservaci\u00f3n\u00a0Internacional.\" \/>\n<meta property=\"og:url\" content=\"https:\/\/fundecodes.org\/investigacion-de-tortugas-marinas-fundecodes-y-otros-aliados\/\" \/>\n<meta property=\"og:site_name\" content=\"FUNDECODES\" \/>\n<meta property=\"article:modified_time\" content=\"2025-09-08T01:45:30+00:00\" \/>\n<meta property=\"og:image\" content=\"https:\/\/fundecodes.org\/wp-content\/uploads\/2025\/09\/Imagen5.jpg\" \/>\n\t<meta property=\"og:image:width\" content=\"1318\" \/>\n\t<meta property=\"og:image:height\" content=\"988\" \/>\n\t<meta property=\"og:image:type\" content=\"image\/jpeg\" \/>\n<meta name=\"twitter:card\" content=\"summary_large_image\" \/>\n<meta name=\"twitter:label1\" content=\"Gesch\u00e4tzte Lesezeit\" \/>\n\t<meta name=\"twitter:data1\" content=\"3\u00a0Minuten\" \/>\n<script type=\"application\/ld+json\" class=\"yoast-schema-graph\">{\"@context\":\"https:\/\/schema.org\",\"@graph\":[{\"@type\":\"WebPage\",\"@id\":\"https:\/\/fundecodes.org\/investigacion-de-tortugas-marinas-fundecodes-y-otros-aliados\/\",\"url\":\"https:\/\/fundecodes.org\/investigacion-de-tortugas-marinas-fundecodes-y-otros-aliados\/\",\"name\":\"Forschung \u00fcber Meeresschildkr\u00f6ten - FUNDECODES\",\"isPartOf\":{\"@id\":\"https:\/\/fundecodes.org\/#website\"},\"primaryImageOfPage\":{\"@id\":\"https:\/\/fundecodes.org\/investigacion-de-tortugas-marinas-fundecodes-y-otros-aliados\/#primaryimage\"},\"image\":{\"@id\":\"https:\/\/fundecodes.org\/investigacion-de-tortugas-marinas-fundecodes-y-otros-aliados\/#primaryimage\"},\"thumbnailUrl\":\"https:\/\/fundecodes.org\/wp-content\/uploads\/2025\/09\/Imagen5.jpg\",\"datePublished\":\"2018-03-13T02:20:30+00:00\",\"dateModified\":\"2025-09-08T01:45:30+00:00\",\"description\":\"En el Parque Nacional Marino Las Baulas con el apoyo de la Fundaci\u00f3n Keumar Conservation y US Fish and Wildlife Services. En Ostional por parte del ACT-RNVS Ostional y el apoyo de la Universidad de\u00a0Luisiana. En Camaronal por el ACT-RNVS Camaronal y la colaboraci\u00f3n de Conservaci\u00f3n\u00a0Internacional.\",\"breadcrumb\":{\"@id\":\"https:\/\/fundecodes.org\/investigacion-de-tortugas-marinas-fundecodes-y-otros-aliados\/#breadcrumb\"},\"inLanguage\":\"de\",\"potentialAction\":[{\"@type\":\"ReadAction\",\"target\":[\"https:\/\/fundecodes.org\/investigacion-de-tortugas-marinas-fundecodes-y-otros-aliados\/\"]}]},{\"@type\":\"ImageObject\",\"inLanguage\":\"de\",\"@id\":\"https:\/\/fundecodes.org\/investigacion-de-tortugas-marinas-fundecodes-y-otros-aliados\/#primaryimage\",\"url\":\"https:\/\/fundecodes.org\/wp-content\/uploads\/2025\/09\/Imagen5.jpg\",\"contentUrl\":\"https:\/\/fundecodes.org\/wp-content\/uploads\/2025\/09\/Imagen5.jpg\"},{\"@type\":\"BreadcrumbList\",\"@id\":\"https:\/\/fundecodes.org\/investigacion-de-tortugas-marinas-fundecodes-y-otros-aliados\/#breadcrumb\",\"itemListElement\":[{\"@type\":\"ListItem\",\"position\":1,\"name\":\"Portada\",\"item\":\"https:\/\/fundecodes.org\/\"},{\"@type\":\"ListItem\",\"position\":2,\"name\":\"Investigaci\u00f3n de Tortugas Marinas &#8211; FUNDECODES y otros aliados\"}]},{\"@type\":\"WebSite\",\"@id\":\"https:\/\/fundecodes.org\/#website\",\"url\":\"https:\/\/fundecodes.org\/\",\"name\":\"FUNDECODES\",\"description\":\"Equilibrio entre Conservaci\u00f3n y Desarrollo\",\"publisher\":{\"@id\":\"https:\/\/fundecodes.org\/#organization\"},\"potentialAction\":[{\"@type\":\"SearchAction\",\"target\":{\"@type\":\"EntryPoint\",\"urlTemplate\":\"https:\/\/fundecodes.org\/?s={search_term_string}\"},\"query-input\":{\"@type\":\"PropertyValueSpecification\",\"valueRequired\":true,\"valueName\":\"search_term_string\"}}],\"inLanguage\":\"de\"},{\"@type\":\"Organization\",\"@id\":\"https:\/\/fundecodes.org\/#organization\",\"name\":\"FUNDECODES\",\"url\":\"https:\/\/fundecodes.org\/\",\"logo\":{\"@type\":\"ImageObject\",\"inLanguage\":\"de\",\"@id\":\"https:\/\/fundecodes.org\/#\/schema\/logo\/image\/\",\"url\":\"https:\/\/fundecodes.org\/wp-content\/uploads\/2021\/06\/cropped-FUNDECODES.png\",\"contentUrl\":\"https:\/\/fundecodes.org\/wp-content\/uploads\/2021\/06\/cropped-FUNDECODES.png\",\"width\":163,\"height\":50,\"caption\":\"FUNDECODES\"},\"image\":{\"@id\":\"https:\/\/fundecodes.org\/#\/schema\/logo\/image\/\"}}]}<\/script>\n<!-- \/ Yoast SEO plugin. -->","yoast_head_json":{"title":"Forschung \u00fcber Meeresschildkr\u00f6ten - FUNDECODES","description":"En el Parque Nacional Marino Las Baulas con el apoyo de la Fundaci\u00f3n Keumar Conservation y US Fish and Wildlife Services. En Ostional por parte del ACT-RNVS Ostional y el apoyo de la Universidad de\u00a0Luisiana. En Camaronal por el ACT-RNVS Camaronal y la colaboraci\u00f3n de Conservaci\u00f3n\u00a0Internacional.","robots":{"index":"index","follow":"follow","max-snippet":"max-snippet:-1","max-image-preview":"max-image-preview:large","max-video-preview":"max-video-preview:-1"},"canonical":"https:\/\/fundecodes.org\/investigacion-de-tortugas-marinas-fundecodes-y-otros-aliados\/","og_locale":"de_DE","og_type":"article","og_title":"Forschung \u00fcber Meeresschildkr\u00f6ten - FUNDECODES","og_description":"En el Parque Nacional Marino Las Baulas con el apoyo de la Fundaci\u00f3n Keumar Conservation y US Fish and Wildlife Services. En Ostional por parte del ACT-RNVS Ostional y el apoyo de la Universidad de\u00a0Luisiana. En Camaronal por el ACT-RNVS Camaronal y la colaboraci\u00f3n de Conservaci\u00f3n\u00a0Internacional.","og_url":"https:\/\/fundecodes.org\/investigacion-de-tortugas-marinas-fundecodes-y-otros-aliados\/","og_site_name":"FUNDECODES","article_modified_time":"2025-09-08T01:45:30+00:00","og_image":[{"width":1318,"height":988,"url":"https:\/\/fundecodes.org\/wp-content\/uploads\/2025\/09\/Imagen5.jpg","type":"image\/jpeg"}],"twitter_card":"summary_large_image","twitter_misc":{"Gesch\u00e4tzte Lesezeit":"3\u00a0Minuten"},"schema":{"@context":"https:\/\/schema.org","@graph":[{"@type":"WebPage","@id":"https:\/\/fundecodes.org\/investigacion-de-tortugas-marinas-fundecodes-y-otros-aliados\/","url":"https:\/\/fundecodes.org\/investigacion-de-tortugas-marinas-fundecodes-y-otros-aliados\/","name":"Forschung \u00fcber Meeresschildkr\u00f6ten - FUNDECODES","isPartOf":{"@id":"https:\/\/fundecodes.org\/#website"},"primaryImageOfPage":{"@id":"https:\/\/fundecodes.org\/investigacion-de-tortugas-marinas-fundecodes-y-otros-aliados\/#primaryimage"},"image":{"@id":"https:\/\/fundecodes.org\/investigacion-de-tortugas-marinas-fundecodes-y-otros-aliados\/#primaryimage"},"thumbnailUrl":"https:\/\/fundecodes.org\/wp-content\/uploads\/2025\/09\/Imagen5.jpg","datePublished":"2018-03-13T02:20:30+00:00","dateModified":"2025-09-08T01:45:30+00:00","description":"En el Parque Nacional Marino Las Baulas con el apoyo de la Fundaci\u00f3n Keumar Conservation y US Fish and Wildlife Services. En Ostional por parte del ACT-RNVS Ostional y el apoyo de la Universidad de\u00a0Luisiana. En Camaronal por el ACT-RNVS Camaronal y la colaboraci\u00f3n de Conservaci\u00f3n\u00a0Internacional.","breadcrumb":{"@id":"https:\/\/fundecodes.org\/investigacion-de-tortugas-marinas-fundecodes-y-otros-aliados\/#breadcrumb"},"inLanguage":"de","potentialAction":[{"@type":"ReadAction","target":["https:\/\/fundecodes.org\/investigacion-de-tortugas-marinas-fundecodes-y-otros-aliados\/"]}]},{"@type":"ImageObject","inLanguage":"de","@id":"https:\/\/fundecodes.org\/investigacion-de-tortugas-marinas-fundecodes-y-otros-aliados\/#primaryimage","url":"https:\/\/fundecodes.org\/wp-content\/uploads\/2025\/09\/Imagen5.jpg","contentUrl":"https:\/\/fundecodes.org\/wp-content\/uploads\/2025\/09\/Imagen5.jpg"},{"@type":"BreadcrumbList","@id":"https:\/\/fundecodes.org\/investigacion-de-tortugas-marinas-fundecodes-y-otros-aliados\/#breadcrumb","itemListElement":[{"@type":"ListItem","position":1,"name":"Portada","item":"https:\/\/fundecodes.org\/"},{"@type":"ListItem","position":2,"name":"Investigaci\u00f3n de Tortugas Marinas &#8211; FUNDECODES y otros aliados"}]},{"@type":"WebSite","@id":"https:\/\/fundecodes.org\/#website","url":"https:\/\/fundecodes.org\/","name":"FUNDECODES","description":"Equilibrio entre Conservaci\u00f3n y Desarrollo","publisher":{"@id":"https:\/\/fundecodes.org\/#organization"},"potentialAction":[{"@type":"SearchAction","target":{"@type":"EntryPoint","urlTemplate":"https:\/\/fundecodes.org\/?s={search_term_string}"},"query-input":{"@type":"PropertyValueSpecification","valueRequired":true,"valueName":"search_term_string"}}],"inLanguage":"de"},{"@type":"Organization","@id":"https:\/\/fundecodes.org\/#organization","name":"FUNDECODES","url":"https:\/\/fundecodes.org\/","logo":{"@type":"ImageObject","inLanguage":"de","@id":"https:\/\/fundecodes.org\/#\/schema\/logo\/image\/","url":"https:\/\/fundecodes.org\/wp-content\/uploads\/2021\/06\/cropped-FUNDECODES.png","contentUrl":"https:\/\/fundecodes.org\/wp-content\/uploads\/2021\/06\/cropped-FUNDECODES.png","width":163,"height":50,"caption":"FUNDECODES"},"image":{"@id":"https:\/\/fundecodes.org\/#\/schema\/logo\/image\/"}}]}},"_links":{"self":[{"href":"https:\/\/fundecodes.org\/de\/wp-json\/wp\/v2\/pages\/112","targetHints":{"allow":["GET"]}}],"collection":[{"href":"https:\/\/fundecodes.org\/de\/wp-json\/wp\/v2\/pages"}],"about":[{"href":"https:\/\/fundecodes.org\/de\/wp-json\/wp\/v2\/types\/page"}],"author":[{"embeddable":true,"href":"https:\/\/fundecodes.org\/de\/wp-json\/wp\/v2\/users\/1"}],"replies":[{"embeddable":true,"href":"https:\/\/fundecodes.org\/de\/wp-json\/wp\/v2\/comments?post=112"}],"version-history":[{"count":14,"href":"https:\/\/fundecodes.org\/de\/wp-json\/wp\/v2\/pages\/112\/revisions"}],"predecessor-version":[{"id":1832,"href":"https:\/\/fundecodes.org\/de\/wp-json\/wp\/v2\/pages\/112\/revisions\/1832"}],"wp:attachment":[{"href":"https:\/\/fundecodes.org\/de\/wp-json\/wp\/v2\/media?parent=112"}],"curies":[{"name":"wp","href":"https:\/\/api.w.org\/{rel}","templated":true}]}}