{"id":1165,"date":"2022-09-24T18:57:45","date_gmt":"2022-09-25T00:57:45","guid":{"rendered":"https:\/\/fundecodes.org\/?page_id=1165"},"modified":"2022-10-12T19:52:50","modified_gmt":"2022-10-13T01:52:50","slug":"voluntariado-playas-anidacion-pacifico-norte-kuemar","status":"publish","type":"page","link":"https:\/\/fundecodes.org\/de\/voluntariado-playas-anidacion-pacifico-norte-kuemar\/","title":{"rendered":"Voluntariado Playas Anidaci\u00f3n Pac\u00edfico Norte-Kuemar"},"content":{"rendered":"<p class=\"qtranxs-available-languages-message qtranxs-available-languages-message-de\">Leider ist der Eintrag nur auf <a href=\"https:\/\/fundecodes.org\/es\/wp-json\/wp\/v2\/pages\/1165\" class=\"qtranxs-available-language-link qtranxs-available-language-link-es\" title=\"Espa\u00f1ol\">Espa\u00f1ol<\/a> verf\u00fcgbar.<\/p>","protected":false},"excerpt":{"rendered":"<p>Leider ist der Eintrag nur auf Espa\u00f1ol verf\u00fcgbar.<\/p>\n","protected":false},"author":1,"featured_media":0,"parent":0,"menu_order":0,"comment_status":"closed","ping_status":"closed","template":"","meta":{"ngg_post_thumbnail":0,"footnotes":""},"class_list":["post-1165","page","type-page","status-publish","hentry"],"yoast_head":"<!-- This site is optimized with the Yoast SEO plugin v27.2 - https:\/\/yoast.com\/product\/yoast-seo-wordpress\/ -->\n<title>Voluntariado Playas Anidaci\u00f3n Pac\u00edfico Norte-Kuemar - FUNDECODES<\/title>\n<meta name=\"robots\" content=\"index, follow, max-snippet:-1, max-image-preview:large, max-video-preview:-1\" \/>\n<link rel=\"canonical\" href=\"https:\/\/fundecodes.org\/voluntariado-playas-anidacion-pacifico-norte-kuemar\/\" \/>\n<meta property=\"og:locale\" content=\"de_DE\" \/>\n<meta property=\"og:type\" content=\"article\" \/>\n<meta property=\"og:title\" content=\"Voluntariado Playas Anidaci\u00f3n Pac\u00edfico Norte-Kuemar - FUNDECODES\" \/>\n<meta property=\"og:description\" content=\"Leider ist der Eintrag nur auf Espa\u00f1ol verf\u00fcgbar.\" \/>\n<meta property=\"og:url\" content=\"https:\/\/fundecodes.org\/voluntariado-playas-anidacion-pacifico-norte-kuemar\/\" \/>\n<meta property=\"og:site_name\" content=\"FUNDECODES\" \/>\n<meta property=\"article:modified_time\" content=\"2022-10-13T01:52:50+00:00\" \/>\n<meta property=\"og:image\" content=\"https:\/\/fundecodes.org\/wp-content\/uploads\/2021\/07\/08.png\" \/>\n<meta name=\"twitter:card\" content=\"summary_large_image\" \/>\n<meta name=\"twitter:label1\" content=\"Gesch\u00e4tzte Lesezeit\" \/>\n\t<meta name=\"twitter:data1\" content=\"7\u00a0Minuten\" \/>\n<script type=\"application\/ld+json\" class=\"yoast-schema-graph\">{\"@context\":\"https:\/\/schema.org\",\"@graph\":[{\"@type\":\"WebPage\",\"@id\":\"https:\/\/fundecodes.org\/voluntariado-playas-anidacion-pacifico-norte-kuemar\/\",\"url\":\"https:\/\/fundecodes.org\/voluntariado-playas-anidacion-pacifico-norte-kuemar\/\",\"name\":\"Voluntariado Playas Anidaci\u00f3n Pac\u00edfico Norte-Kuemar - FUNDECODES\",\"isPartOf\":{\"@id\":\"https:\/\/fundecodes.org\/#website\"},\"primaryImageOfPage\":{\"@id\":\"https:\/\/fundecodes.org\/voluntariado-playas-anidacion-pacifico-norte-kuemar\/#primaryimage\"},\"image\":{\"@id\":\"https:\/\/fundecodes.org\/voluntariado-playas-anidacion-pacifico-norte-kuemar\/#primaryimage\"},\"thumbnailUrl\":\"https:\/\/fundecodes.org\/wp-content\/uploads\/2021\/07\/08.png\",\"datePublished\":\"2022-09-25T00:57:45+00:00\",\"dateModified\":\"2022-10-13T01:52:50+00:00\",\"breadcrumb\":{\"@id\":\"https:\/\/fundecodes.org\/voluntariado-playas-anidacion-pacifico-norte-kuemar\/#breadcrumb\"},\"inLanguage\":\"de\",\"potentialAction\":[{\"@type\":\"ReadAction\",\"target\":[\"https:\/\/fundecodes.org\/voluntariado-playas-anidacion-pacifico-norte-kuemar\/\"]}]},{\"@type\":\"ImageObject\",\"inLanguage\":\"de\",\"@id\":\"https:\/\/fundecodes.org\/voluntariado-playas-anidacion-pacifico-norte-kuemar\/#primaryimage\",\"url\":\"https:\/\/fundecodes.org\/wp-content\/uploads\/2021\/07\/08.png\",\"contentUrl\":\"https:\/\/fundecodes.org\/wp-content\/uploads\/2021\/07\/08.png\"},{\"@type\":\"BreadcrumbList\",\"@id\":\"https:\/\/fundecodes.org\/voluntariado-playas-anidacion-pacifico-norte-kuemar\/#breadcrumb\",\"itemListElement\":[{\"@type\":\"ListItem\",\"position\":1,\"name\":\"Portada\",\"item\":\"https:\/\/fundecodes.org\/\"},{\"@type\":\"ListItem\",\"position\":2,\"name\":\"Voluntariado Playas Anidaci\u00f3n Pac\u00edfico Norte-Kuemar\"}]},{\"@type\":\"WebSite\",\"@id\":\"https:\/\/fundecodes.org\/#website\",\"url\":\"https:\/\/fundecodes.org\/\",\"name\":\"FUNDECODES\",\"description\":\"Equilibrio entre Conservaci\u00f3n y Desarrollo\",\"publisher\":{\"@id\":\"https:\/\/fundecodes.org\/#organization\"},\"potentialAction\":[{\"@type\":\"SearchAction\",\"target\":{\"@type\":\"EntryPoint\",\"urlTemplate\":\"https:\/\/fundecodes.org\/?s={search_term_string}\"},\"query-input\":{\"@type\":\"PropertyValueSpecification\",\"valueRequired\":true,\"valueName\":\"search_term_string\"}}],\"inLanguage\":\"de\"},{\"@type\":\"Organization\",\"@id\":\"https:\/\/fundecodes.org\/#organization\",\"name\":\"FUNDECODES\",\"url\":\"https:\/\/fundecodes.org\/\",\"logo\":{\"@type\":\"ImageObject\",\"inLanguage\":\"de\",\"@id\":\"https:\/\/fundecodes.org\/#\/schema\/logo\/image\/\",\"url\":\"https:\/\/fundecodes.org\/wp-content\/uploads\/2021\/06\/cropped-FUNDECODES.png\",\"contentUrl\":\"https:\/\/fundecodes.org\/wp-content\/uploads\/2021\/06\/cropped-FUNDECODES.png\",\"width\":163,\"height\":50,\"caption\":\"FUNDECODES\"},\"image\":{\"@id\":\"https:\/\/fundecodes.org\/#\/schema\/logo\/image\/\"}}]}<\/script>\n<!-- \/ Yoast SEO plugin. -->","yoast_head_json":{"title":"Voluntariado Playas Anidaci\u00f3n Pac\u00edfico Norte-Kuemar - FUNDECODES","robots":{"index":"index","follow":"follow","max-snippet":"max-snippet:-1","max-image-preview":"max-image-preview:large","max-video-preview":"max-video-preview:-1"},"canonical":"https:\/\/fundecodes.org\/voluntariado-playas-anidacion-pacifico-norte-kuemar\/","og_locale":"de_DE","og_type":"article","og_title":"Voluntariado Playas Anidaci\u00f3n Pac\u00edfico Norte-Kuemar - FUNDECODES","og_description":"Leider ist der Eintrag nur auf Espa\u00f1ol verf\u00fcgbar.","og_url":"https:\/\/fundecodes.org\/voluntariado-playas-anidacion-pacifico-norte-kuemar\/","og_site_name":"FUNDECODES","article_modified_time":"2022-10-13T01:52:50+00:00","og_image":[{"url":"https:\/\/fundecodes.org\/wp-content\/uploads\/2021\/07\/08.png","type":"","width":"","height":""}],"twitter_card":"summary_large_image","twitter_misc":{"Gesch\u00e4tzte Lesezeit":"7\u00a0Minuten"},"schema":{"@context":"https:\/\/schema.org","@graph":[{"@type":"WebPage","@id":"https:\/\/fundecodes.org\/voluntariado-playas-anidacion-pacifico-norte-kuemar\/","url":"https:\/\/fundecodes.org\/voluntariado-playas-anidacion-pacifico-norte-kuemar\/","name":"Voluntariado Playas Anidaci\u00f3n Pac\u00edfico Norte-Kuemar - FUNDECODES","isPartOf":{"@id":"https:\/\/fundecodes.org\/#website"},"primaryImageOfPage":{"@id":"https:\/\/fundecodes.org\/voluntariado-playas-anidacion-pacifico-norte-kuemar\/#primaryimage"},"image":{"@id":"https:\/\/fundecodes.org\/voluntariado-playas-anidacion-pacifico-norte-kuemar\/#primaryimage"},"thumbnailUrl":"https:\/\/fundecodes.org\/wp-content\/uploads\/2021\/07\/08.png","datePublished":"2022-09-25T00:57:45+00:00","dateModified":"2022-10-13T01:52:50+00:00","breadcrumb":{"@id":"https:\/\/fundecodes.org\/voluntariado-playas-anidacion-pacifico-norte-kuemar\/#breadcrumb"},"inLanguage":"de","potentialAction":[{"@type":"ReadAction","target":["https:\/\/fundecodes.org\/voluntariado-playas-anidacion-pacifico-norte-kuemar\/"]}]},{"@type":"ImageObject","inLanguage":"de","@id":"https:\/\/fundecodes.org\/voluntariado-playas-anidacion-pacifico-norte-kuemar\/#primaryimage","url":"https:\/\/fundecodes.org\/wp-content\/uploads\/2021\/07\/08.png","contentUrl":"https:\/\/fundecodes.org\/wp-content\/uploads\/2021\/07\/08.png"},{"@type":"BreadcrumbList","@id":"https:\/\/fundecodes.org\/voluntariado-playas-anidacion-pacifico-norte-kuemar\/#breadcrumb","itemListElement":[{"@type":"ListItem","position":1,"name":"Portada","item":"https:\/\/fundecodes.org\/"},{"@type":"ListItem","position":2,"name":"Voluntariado Playas Anidaci\u00f3n Pac\u00edfico Norte-Kuemar"}]},{"@type":"WebSite","@id":"https:\/\/fundecodes.org\/#website","url":"https:\/\/fundecodes.org\/","name":"FUNDECODES","description":"Equilibrio entre Conservaci\u00f3n y Desarrollo","publisher":{"@id":"https:\/\/fundecodes.org\/#organization"},"potentialAction":[{"@type":"SearchAction","target":{"@type":"EntryPoint","urlTemplate":"https:\/\/fundecodes.org\/?s={search_term_string}"},"query-input":{"@type":"PropertyValueSpecification","valueRequired":true,"valueName":"search_term_string"}}],"inLanguage":"de"},{"@type":"Organization","@id":"https:\/\/fundecodes.org\/#organization","name":"FUNDECODES","url":"https:\/\/fundecodes.org\/","logo":{"@type":"ImageObject","inLanguage":"de","@id":"https:\/\/fundecodes.org\/#\/schema\/logo\/image\/","url":"https:\/\/fundecodes.org\/wp-content\/uploads\/2021\/06\/cropped-FUNDECODES.png","contentUrl":"https:\/\/fundecodes.org\/wp-content\/uploads\/2021\/06\/cropped-FUNDECODES.png","width":163,"height":50,"caption":"FUNDECODES"},"image":{"@id":"https:\/\/fundecodes.org\/#\/schema\/logo\/image\/"}}]}},"_links":{"self":[{"href":"https:\/\/fundecodes.org\/de\/wp-json\/wp\/v2\/pages\/1165","targetHints":{"allow":["GET"]}}],"collection":[{"href":"https:\/\/fundecodes.org\/de\/wp-json\/wp\/v2\/pages"}],"about":[{"href":"https:\/\/fundecodes.org\/de\/wp-json\/wp\/v2\/types\/page"}],"author":[{"embeddable":true,"href":"https:\/\/fundecodes.org\/de\/wp-json\/wp\/v2\/users\/1"}],"replies":[{"embeddable":true,"href":"https:\/\/fundecodes.org\/de\/wp-json\/wp\/v2\/comments?post=1165"}],"version-history":[{"count":4,"href":"https:\/\/fundecodes.org\/de\/wp-json\/wp\/v2\/pages\/1165\/revisions"}],"predecessor-version":[{"id":1424,"href":"https:\/\/fundecodes.org\/de\/wp-json\/wp\/v2\/pages\/1165\/revisions\/1424"}],"wp:attachment":[{"href":"https:\/\/fundecodes.org\/de\/wp-json\/wp\/v2\/media?parent=1165"}],"curies":[{"name":"wp","href":"https:\/\/api.w.org\/{rel}","templated":true}]}}