{"id":118,"date":"2018-03-13T02:21:25","date_gmt":"2018-03-13T02:21:25","guid":{"rendered":"http:\/\/www.fundecodes.org\/?page_id=118"},"modified":"2025-09-07T20:09:04","modified_gmt":"2025-09-08T02:09:04","slug":"alianzas","status":"publish","type":"page","link":"https:\/\/fundecodes.org\/de\/alianzas\/","title":{"rendered":"Allianzen"},"content":{"rendered":"<p><audio class=\"audio-for-speech\"><\/audio><\/p>\n<div class=\"translate-tooltip-mtz hidden\">\n<div class=\"header\">\n<div class=\"header-controls\">&nbsp;<\/div>\n<div class=\"translate-icons\"><img class=\"from\"> <img decoding=\"async\" class=\"arrow\" src=\"chrome-extension:\/\/hiidjliailpkjeigakikbfedlfijngih\/images\/right-arrow.png\"> <img class=\"to\"><\/div>\n<\/div>\n<div class=\"translated-text\">\n<div class=\"words\">&nbsp;<\/div>\n<div class=\"sentences\">&nbsp;<\/div>\n<\/div>\n<div class=\"controls\">\n<div class=\"controls__control-wrapper\">\n<p><span class=\"controls__description\"> Fast traslate <\/span><\/p>\n<div class=\"controls__inner-circle\">&nbsp;<\/div>\n<\/div>\n<div class=\"controls__control-wrapper\">\n<p><span class=\"controls__description\"> Icon translate <\/span><\/p>\n<div class=\"controls__inner-circle\">&nbsp;<\/div>\n<\/div>\n<\/div>\n<\/div>\n<p>&nbsp;<\/p>\n<p style=\"text-align: justify;\">Eine Allianz ist eine Vereinbarung zwischen zwei oder mehr Personen, Organisationen oder Entit\u00e4ten, gemacht, um gemeinsame Ziele voranzutreiben. ist ein Werkzeug, das sich im Naturschutzmanagement als sehr n\u00fctzlich erwiesen hat.<\/p>\n<p style=\"text-align: justify;\">FUNDECODES hat in den letzten Jahren in Abstimmung mit den lokalen SINAC-Beh\u00f6rden eine Reihe strategischer Allianzen entworfen, durchgef\u00fchrt und getestet, durch die es gelungen ist, Ressourcen aus der Wirtschaft, dem Tourismus und anderen Sektoren zu mobilisieren, um das Naturschutzmanagement zu unterst\u00fctzen und zu st\u00e4rken Der Akt.<\/p>\n<p style=\"text-align: justify;\">Die Erfahrung war innovativ und sehr erfolgreich als Instrument zur Finanzierung von Naturschutzprojekten, in gesch\u00fctzten Wildgebieten ausgef\u00fchrt der ACT, Dies hat das Naturschutzmanagement in diesem Gebiet verbessert und verst\u00e4rkt und ist f\u00fcr SINAC und das Land von gro\u00dfem Interesse.<\/p>\n<p><\/p>","protected":false},"excerpt":{"rendered":"<p>&nbsp; &nbsp; &nbsp; Fast traslate &nbsp; Icon translate &nbsp; &nbsp; Eine Allianz ist eine Vereinbarung zwischen zwei oder mehr Personen, Organisationen oder<\/p>\n<p class=\"link-more\"><a class=\"myButt \" href=\"https:\/\/fundecodes.org\/de\/alianzas\/\">Read More<\/a><\/p>\n","protected":false},"author":1,"featured_media":0,"parent":0,"menu_order":0,"comment_status":"closed","ping_status":"closed","template":"","meta":{"ngg_post_thumbnail":0,"footnotes":""},"class_list":["post-118","page","type-page","status-publish","hentry"],"yoast_head":"<!-- This site is optimized with the Yoast SEO plugin v27.2 - https:\/\/yoast.com\/product\/yoast-seo-wordpress\/ -->\n<title>Allianzen - FUNDECODES<\/title>\n<meta name=\"robots\" content=\"index, follow, max-snippet:-1, max-image-preview:large, max-video-preview:-1\" \/>\n<link rel=\"canonical\" href=\"https:\/\/fundecodes.org\/alianzas\/\" \/>\n<meta property=\"og:locale\" content=\"de_DE\" \/>\n<meta property=\"og:type\" content=\"article\" \/>\n<meta property=\"og:title\" content=\"Allianzen - FUNDECODES\" \/>\n<meta property=\"og:description\" content=\"&nbsp; &nbsp; &nbsp; Fast traslate &nbsp; Icon translate &nbsp; &nbsp; Eine Allianz ist eine Vereinbarung zwischen zwei oder mehr Personen, Organisationen oderRead More\" \/>\n<meta property=\"og:url\" content=\"https:\/\/fundecodes.org\/alianzas\/\" \/>\n<meta property=\"og:site_name\" content=\"FUNDECODES\" \/>\n<meta property=\"article:modified_time\" content=\"2025-09-08T02:09:04+00:00\" \/>\n<meta property=\"og:image\" content=\"https:\/\/fundecodes.org\/wp-content\/uploads\/2024\/05\/cipanci1.png\" \/>\n\t<meta property=\"og:image:width\" content=\"779\" \/>\n\t<meta property=\"og:image:height\" content=\"337\" \/>\n\t<meta property=\"og:image:type\" content=\"image\/png\" \/>\n<meta name=\"twitter:card\" content=\"summary_large_image\" \/>\n<meta name=\"twitter:label1\" content=\"Gesch\u00e4tzte Lesezeit\" \/>\n\t<meta name=\"twitter:data1\" content=\"2\u00a0Minuten\" \/>\n<script type=\"application\/ld+json\" class=\"yoast-schema-graph\">{\"@context\":\"https:\/\/schema.org\",\"@graph\":[{\"@type\":\"WebPage\",\"@id\":\"https:\/\/fundecodes.org\/alianzas\/\",\"url\":\"https:\/\/fundecodes.org\/alianzas\/\",\"name\":\"Allianzen - FUNDECODES\",\"isPartOf\":{\"@id\":\"https:\/\/fundecodes.org\/#website\"},\"primaryImageOfPage\":{\"@id\":\"https:\/\/fundecodes.org\/alianzas\/#primaryimage\"},\"image\":{\"@id\":\"https:\/\/fundecodes.org\/alianzas\/#primaryimage\"},\"thumbnailUrl\":\"https:\/\/fundecodes.org\/wp-content\/uploads\/2024\/05\/cipanci1.png\",\"datePublished\":\"2018-03-13T02:21:25+00:00\",\"dateModified\":\"2025-09-08T02:09:04+00:00\",\"breadcrumb\":{\"@id\":\"https:\/\/fundecodes.org\/alianzas\/#breadcrumb\"},\"inLanguage\":\"de\",\"potentialAction\":[{\"@type\":\"ReadAction\",\"target\":[\"https:\/\/fundecodes.org\/alianzas\/\"]}]},{\"@type\":\"ImageObject\",\"inLanguage\":\"de\",\"@id\":\"https:\/\/fundecodes.org\/alianzas\/#primaryimage\",\"url\":\"https:\/\/fundecodes.org\/wp-content\/uploads\/2024\/05\/cipanci1.png\",\"contentUrl\":\"https:\/\/fundecodes.org\/wp-content\/uploads\/2024\/05\/cipanci1.png\"},{\"@type\":\"BreadcrumbList\",\"@id\":\"https:\/\/fundecodes.org\/alianzas\/#breadcrumb\",\"itemListElement\":[{\"@type\":\"ListItem\",\"position\":1,\"name\":\"Portada\",\"item\":\"https:\/\/fundecodes.org\/\"},{\"@type\":\"ListItem\",\"position\":2,\"name\":\"Alianzas\"}]},{\"@type\":\"WebSite\",\"@id\":\"https:\/\/fundecodes.org\/#website\",\"url\":\"https:\/\/fundecodes.org\/\",\"name\":\"FUNDECODES\",\"description\":\"Equilibrio entre Conservaci\u00f3n y Desarrollo\",\"publisher\":{\"@id\":\"https:\/\/fundecodes.org\/#organization\"},\"potentialAction\":[{\"@type\":\"SearchAction\",\"target\":{\"@type\":\"EntryPoint\",\"urlTemplate\":\"https:\/\/fundecodes.org\/?s={search_term_string}\"},\"query-input\":{\"@type\":\"PropertyValueSpecification\",\"valueRequired\":true,\"valueName\":\"search_term_string\"}}],\"inLanguage\":\"de\"},{\"@type\":\"Organization\",\"@id\":\"https:\/\/fundecodes.org\/#organization\",\"name\":\"FUNDECODES\",\"url\":\"https:\/\/fundecodes.org\/\",\"logo\":{\"@type\":\"ImageObject\",\"inLanguage\":\"de\",\"@id\":\"https:\/\/fundecodes.org\/#\/schema\/logo\/image\/\",\"url\":\"https:\/\/fundecodes.org\/wp-content\/uploads\/2021\/06\/cropped-FUNDECODES.png\",\"contentUrl\":\"https:\/\/fundecodes.org\/wp-content\/uploads\/2021\/06\/cropped-FUNDECODES.png\",\"width\":163,\"height\":50,\"caption\":\"FUNDECODES\"},\"image\":{\"@id\":\"https:\/\/fundecodes.org\/#\/schema\/logo\/image\/\"}}]}<\/script>\n<!-- \/ Yoast SEO plugin. -->","yoast_head_json":{"title":"Allianzen - FUNDECODES","robots":{"index":"index","follow":"follow","max-snippet":"max-snippet:-1","max-image-preview":"max-image-preview:large","max-video-preview":"max-video-preview:-1"},"canonical":"https:\/\/fundecodes.org\/alianzas\/","og_locale":"de_DE","og_type":"article","og_title":"Allianzen - FUNDECODES","og_description":"&nbsp; &nbsp; &nbsp; Fast traslate &nbsp; Icon translate &nbsp; &nbsp; Eine Allianz ist eine Vereinbarung zwischen zwei oder mehr Personen, Organisationen oderRead More","og_url":"https:\/\/fundecodes.org\/alianzas\/","og_site_name":"FUNDECODES","article_modified_time":"2025-09-08T02:09:04+00:00","og_image":[{"width":779,"height":337,"url":"https:\/\/fundecodes.org\/wp-content\/uploads\/2024\/05\/cipanci1.png","type":"image\/png"}],"twitter_card":"summary_large_image","twitter_misc":{"Gesch\u00e4tzte Lesezeit":"2\u00a0Minuten"},"schema":{"@context":"https:\/\/schema.org","@graph":[{"@type":"WebPage","@id":"https:\/\/fundecodes.org\/alianzas\/","url":"https:\/\/fundecodes.org\/alianzas\/","name":"Allianzen - FUNDECODES","isPartOf":{"@id":"https:\/\/fundecodes.org\/#website"},"primaryImageOfPage":{"@id":"https:\/\/fundecodes.org\/alianzas\/#primaryimage"},"image":{"@id":"https:\/\/fundecodes.org\/alianzas\/#primaryimage"},"thumbnailUrl":"https:\/\/fundecodes.org\/wp-content\/uploads\/2024\/05\/cipanci1.png","datePublished":"2018-03-13T02:21:25+00:00","dateModified":"2025-09-08T02:09:04+00:00","breadcrumb":{"@id":"https:\/\/fundecodes.org\/alianzas\/#breadcrumb"},"inLanguage":"de","potentialAction":[{"@type":"ReadAction","target":["https:\/\/fundecodes.org\/alianzas\/"]}]},{"@type":"ImageObject","inLanguage":"de","@id":"https:\/\/fundecodes.org\/alianzas\/#primaryimage","url":"https:\/\/fundecodes.org\/wp-content\/uploads\/2024\/05\/cipanci1.png","contentUrl":"https:\/\/fundecodes.org\/wp-content\/uploads\/2024\/05\/cipanci1.png"},{"@type":"BreadcrumbList","@id":"https:\/\/fundecodes.org\/alianzas\/#breadcrumb","itemListElement":[{"@type":"ListItem","position":1,"name":"Portada","item":"https:\/\/fundecodes.org\/"},{"@type":"ListItem","position":2,"name":"Alianzas"}]},{"@type":"WebSite","@id":"https:\/\/fundecodes.org\/#website","url":"https:\/\/fundecodes.org\/","name":"FUNDECODES","description":"Equilibrio entre Conservaci\u00f3n y Desarrollo","publisher":{"@id":"https:\/\/fundecodes.org\/#organization"},"potentialAction":[{"@type":"SearchAction","target":{"@type":"EntryPoint","urlTemplate":"https:\/\/fundecodes.org\/?s={search_term_string}"},"query-input":{"@type":"PropertyValueSpecification","valueRequired":true,"valueName":"search_term_string"}}],"inLanguage":"de"},{"@type":"Organization","@id":"https:\/\/fundecodes.org\/#organization","name":"FUNDECODES","url":"https:\/\/fundecodes.org\/","logo":{"@type":"ImageObject","inLanguage":"de","@id":"https:\/\/fundecodes.org\/#\/schema\/logo\/image\/","url":"https:\/\/fundecodes.org\/wp-content\/uploads\/2021\/06\/cropped-FUNDECODES.png","contentUrl":"https:\/\/fundecodes.org\/wp-content\/uploads\/2021\/06\/cropped-FUNDECODES.png","width":163,"height":50,"caption":"FUNDECODES"},"image":{"@id":"https:\/\/fundecodes.org\/#\/schema\/logo\/image\/"}}]}},"_links":{"self":[{"href":"https:\/\/fundecodes.org\/de\/wp-json\/wp\/v2\/pages\/118","targetHints":{"allow":["GET"]}}],"collection":[{"href":"https:\/\/fundecodes.org\/de\/wp-json\/wp\/v2\/pages"}],"about":[{"href":"https:\/\/fundecodes.org\/de\/wp-json\/wp\/v2\/types\/page"}],"author":[{"embeddable":true,"href":"https:\/\/fundecodes.org\/de\/wp-json\/wp\/v2\/users\/1"}],"replies":[{"embeddable":true,"href":"https:\/\/fundecodes.org\/de\/wp-json\/wp\/v2\/comments?post=118"}],"version-history":[{"count":6,"href":"https:\/\/fundecodes.org\/de\/wp-json\/wp\/v2\/pages\/118\/revisions"}],"predecessor-version":[{"id":1841,"href":"https:\/\/fundecodes.org\/de\/wp-json\/wp\/v2\/pages\/118\/revisions\/1841"}],"wp:attachment":[{"href":"https:\/\/fundecodes.org\/de\/wp-json\/wp\/v2\/media?parent=118"}],"curies":[{"name":"wp","href":"https:\/\/api.w.org\/{rel}","templated":true}]}}