{"id":125,"date":"2018-03-13T02:23:32","date_gmt":"2018-03-13T02:23:32","guid":{"rendered":"http:\/\/www.fundecodes.org\/?page_id=125"},"modified":"2021-07-22T17:56:33","modified_gmt":"2021-07-22T23:56:33","slug":"parque-nacional-barra-honda","status":"publish","type":"page","link":"https:\/\/fundecodes.org\/de\/parque-nacional-barra-honda\/","title":{"rendered":"National Park Barra Honda"},"content":{"rendered":"<p><img fetchpriority=\"high\" decoding=\"async\" class=\"size-medium wp-image-827 aligncenter\" src=\"https:\/\/fundecodes.org\/wp-content\/uploads\/2021\/07\/34070983_1808220539221417_5206857602482307072_n-300x300.jpg\" alt=\"\" width=\"300\" height=\"300\" srcset=\"https:\/\/fundecodes.org\/wp-content\/uploads\/2021\/07\/34070983_1808220539221417_5206857602482307072_n-300x300.jpg 300w, https:\/\/fundecodes.org\/wp-content\/uploads\/2021\/07\/34070983_1808220539221417_5206857602482307072_n-150x150.jpg 150w, https:\/\/fundecodes.org\/wp-content\/uploads\/2021\/07\/34070983_1808220539221417_5206857602482307072_n.jpg 684w\" sizes=\"(max-width: 300px) 100vw, 300px\" \/><\/p>\n<p><strong><span style=\"text-align: center; font-size: 20px; font-weight: bold; color: #16466a;\">Stelle:<\/span><\/strong><\/p>\n<p style=\"text-align: justify; font-size: 17px; color: black;\">Der Nationalpark liegt in der Tempisque-Flusslandschaft in Guanacaste, 22 Kilometer von der Stadt Nicoya entfernt.<\/p>\n<p>&nbsp;<\/p>\n<p><span style=\"text-align: center; font-size: 20px; font-weight: bold; color: #16466a;\"><strong>Beschreibung:<\/strong><\/span><\/p>\n<p style=\"text-align: justify; font-size: 17px; color: black;\">Barra Honda weist Tausende von Jahren geologischer Geschichte auf und ist der einzige unterirdische Park von Costa Rica mit einem umfangreichen System von H\u00f6hlen. Diese sind aus weichem Kalkstein der alten Korallenriffe, die vor etwa 60 Millionen Jahren durch tektonische Verwerfungen nach oben gedr\u00fcckt wurden. Die H\u00f6hlen sind mit feinen Stalaktiten und Stalagmiten geschm\u00fcckt.<\/p>\n<p style=\"text-align: justify; font-size: 17px; color: black;\">Es gibt insgesamt 42 Kavernen in Barra Honda, von denen 19 von Wissenschaftlern und H\u00f6hlenforschern erforscht und erforscht wurden.<\/p>\n<p style=\"text-align: justify; font-size: 17px; color: black;\">Sie k\u00f6nnen au\u00dferdem den tropischen Trockenwald mit einer gro\u00dfen Vielfalt an Flora in Regenerationsgebieten, Wasserf\u00e4llen, die am besten in der Regenzeit sichtbar sind, und S\u00fc\u00dfwasserquellen genie\u00dfen. Dank des Schutzes durch den Park wurden viele Tierarten vom Aussterben bedroht und es ist sehr h\u00e4ufig, Tierspuren von Rehen, Eichh\u00f6rnchen, G\u00fcrteltiere, Affen, Leguane, sowie eine gro\u00dfe Anzahl von V\u00f6geln zu sehen.<\/p>\n<p>&nbsp;<\/p>\n<p><span style=\"text-align: center; font-size: 20px; font-weight: bold; color: #16466a;\"><strong>Freiwillige Aktionen:<\/strong><\/span><\/p>\n<p style=\"text-align: justify; font-size: 17px; color: black;\">Freiwillige k\u00f6nnen sich an den Bem\u00fchungen beteiligen, Ressourcen in den entsprechenden Reserven zu verwalten und zu erhalten:<\/p>\n<ul>\n<li>\n<p style=\"text-align: justify; font-size: 16px; color: black;\">Wartung von Anlagen und Gr\u00fcnfl\u00e4chen.<\/p>\n<\/li>\n<li>\n<p style=\"text-align: justify; font-size: 16px; color: black;\">Gelegentliche Aufforstungskampagnen.<\/p>\n<\/li>\n<li>\n<p style=\"text-align: justify; font-size: 16px; color: black;\">Sammlung und Trennung von Abf\u00e4llen.<\/p>\n<\/li>\n<li>\n<p style=\"text-align: justify; font-size: 16px; color: black;\">Aufmerksamkeit, F\u00fchrung und Kontrolle der Besucher.<\/p>\n<\/li>\n<li>\n<p style=\"text-align: justify; font-size: 16px; color: black;\">Computergest\u00fctzte Arbeit.<\/p>\n<\/li>\n<li>\n<p style=\"text-align: justify; font-size: 16px; color: black;\">Umweltbildung in Schulen.<\/p>\n<\/li>\n<li>\n<p style=\"text-align: justify; font-size: 16px; color: black;\">Reinigung und Pflege von Wegen.<\/p>\n<\/li>\n<li>\n<p style=\"text-align: justify; font-size: 16px; color: black;\">\u00dcberwachung und \u00dcberwachung in Forschungsprojekten.<\/p>\n<\/li>\n<\/ul>\n<p>&nbsp;<\/p>\n<p><span style=\"text-align: center; font-size: 20px; font-weight: bold; color: #16466a;\">Dienstleistungen und Einrichtungen:<\/span><\/p>\n<p style=\"text-align: justify; font-size: 17px; color: black;\">Barra Honda National Park hat ein rustikales Freiwilligenhaus mit einer maximalen Kapazit\u00e4t von 24 Freiwilligen hat vier Schlafzimmer, jedes f\u00fcr maximal sechs Personen (3 Kojen in jedem Zimmer). Das Geb\u00e4ude ist mit Strom, Trinkwasser, Badezimmer f\u00fcr jedes Zimmer und Ventilator ausgestattet.<\/p>\n<p style=\"text-align: justify; font-size: 17px; color: black;\">Es gibt auch einen Speisesaal, Picknicktische, ein Erholungsgebiet und Sat-TV. Dar\u00fcber hinaus werden Mahlzeiten f\u00fcr die Freiwilligen zubereitet.<\/p>\n<p>&nbsp;<\/p>\nngg_shortcode_2_placeholder\n<p><div id=\"lmm_1b1d9f6e\" style=\"width:640px;\" class=\"mapsmarker markermap marker-6\">\n<div id=\"lmm_panel_1b1d9f6e\" class=\"lmm-panel\" style=\"background:#efefef;\">\n<div id=\"lmm_panel_api_1b1d9f6e\" class=\"lmm-panel-api\"><a href=\"https:\/\/maps.google.com\/maps?daddr=10.181682,-85.350380&amp;t=m&amp;layer=1&amp;doflg=ptk&amp;om=0\" target=\"_blank\" title=\"Wegbeschreibung berechnen\"><img decoding=\"async\" alt=\"icon-car.png\" src=\"https:\/\/fundecodes.org\/wp-content\/plugins\/leaflet-maps-marker\/inc\/img\/icon-car.png\" width=\"14\" height=\"14\" class=\"lmm-panel-api-images\" \/><\/a><\/div><div id=\"lmm_panel_text_1b1d9f6e\" class=\"lmm-panel-text\" style=\"font-weight:bold;color:#373737;\">Parque Nacional Barra Honda<\/div><\/div>\n<div id=\"lmm_map_1b1d9f6e\" class=\"lmm-map\" style=\"background:#f6f6f6;border:1px solid #ccc;height:480px; overflow:hidden;padding:0;\"><p style=\"font-size:80%;color:#9f9e9e;margin-left:5px;\">Karte wird geladen - bitte warten...<noscript><br\/><strong>Karte konnte nicht geladen werden - bitte aktivieren Sie Javascript!<\/strong><br\/><a style=\"text-decoration:none;\" href=\"https:\/\/www.mapsmarker.com\/js-disabled\" target=\"_blank\">&rarr; Weitere Informationen<\/a><\/noscript><\/p><\/div>\n<div id=\"lmm_geo_tags_1b1d9f6e\" class=\"lmm-geo-tags geo\">\n<span class=\"paneltext\">Parque Nacional Barra Honda<\/span>\n<span class=\"latitude\">10.181682<\/span>, <span class=\"longitude\">-85.350380<\/span>\n<span class=\"popuptext\"><\/span>\n<\/div>\n<\/div><\/p>","protected":false},"excerpt":{"rendered":"<p>Stelle: Der Nationalpark liegt in der Tempisque-Flusslandschaft in Guanacaste, 22 Kilometer von der Stadt Nicoya entfernt. &nbsp; Beschreibung: Barra Honda weist Tausende<\/p>\n<p class=\"link-more\"><a class=\"myButt \" href=\"https:\/\/fundecodes.org\/de\/parque-nacional-barra-honda\/\">Read More<\/a><\/p>\n","protected":false},"author":1,"featured_media":0,"parent":0,"menu_order":0,"comment_status":"closed","ping_status":"closed","template":"","meta":{"ngg_post_thumbnail":0,"footnotes":""},"class_list":["post-125","page","type-page","status-publish","hentry"],"yoast_head":"<!-- This site is optimized with the Yoast SEO plugin v27.2 - https:\/\/yoast.com\/product\/yoast-seo-wordpress\/ -->\n<title>National Park Barra Honda - FUNDECODES<\/title>\n<meta name=\"robots\" content=\"index, follow, max-snippet:-1, max-image-preview:large, max-video-preview:-1\" \/>\n<link rel=\"canonical\" href=\"https:\/\/fundecodes.org\/en\/parque-nacional-barra-honda\/\" \/>\n<meta property=\"og:locale\" content=\"de_DE\" \/>\n<meta property=\"og:type\" content=\"article\" \/>\n<meta property=\"og:title\" content=\"National Park Barra Honda - FUNDECODES\" \/>\n<meta property=\"og:description\" content=\"Stelle: Der Nationalpark liegt in der Tempisque-Flusslandschaft in Guanacaste, 22 Kilometer von der Stadt Nicoya entfernt. &nbsp; Beschreibung: Barra Honda weist TausendeRead More\" \/>\n<meta property=\"og:url\" content=\"https:\/\/fundecodes.org\/en\/parque-nacional-barra-honda\/\" \/>\n<meta property=\"og:site_name\" content=\"FUNDECODES\" \/>\n<meta property=\"article:modified_time\" content=\"2021-07-22T23:56:33+00:00\" \/>\n<meta property=\"og:image\" content=\"https:\/\/fundecodes.org\/wp-content\/uploads\/2021\/07\/34070983_1808220539221417_5206857602482307072_n-300x300.jpg\" \/>\n<meta name=\"twitter:card\" content=\"summary_large_image\" \/>\n<meta name=\"twitter:label1\" content=\"Gesch\u00e4tzte Lesezeit\" \/>\n\t<meta name=\"twitter:data1\" content=\"2\u00a0Minuten\" \/>\n<script type=\"application\/ld+json\" class=\"yoast-schema-graph\">{\"@context\":\"https:\/\/schema.org\",\"@graph\":[{\"@type\":\"WebPage\",\"@id\":\"https:\/\/fundecodes.org\/en\/parque-nacional-barra-honda\/\",\"url\":\"https:\/\/fundecodes.org\/en\/parque-nacional-barra-honda\/\",\"name\":\"National Park Barra Honda - FUNDECODES\",\"isPartOf\":{\"@id\":\"https:\/\/fundecodes.org\/#website\"},\"primaryImageOfPage\":{\"@id\":\"https:\/\/fundecodes.org\/en\/parque-nacional-barra-honda\/#primaryimage\"},\"image\":{\"@id\":\"https:\/\/fundecodes.org\/en\/parque-nacional-barra-honda\/#primaryimage\"},\"thumbnailUrl\":\"https:\/\/fundecodes.org\/wp-content\/uploads\/2021\/07\/34070983_1808220539221417_5206857602482307072_n-300x300.jpg\",\"datePublished\":\"2018-03-13T02:23:32+00:00\",\"dateModified\":\"2021-07-22T23:56:33+00:00\",\"breadcrumb\":{\"@id\":\"https:\/\/fundecodes.org\/en\/parque-nacional-barra-honda\/#breadcrumb\"},\"inLanguage\":\"de\",\"potentialAction\":[{\"@type\":\"ReadAction\",\"target\":[\"https:\/\/fundecodes.org\/en\/parque-nacional-barra-honda\/\"]}]},{\"@type\":\"ImageObject\",\"inLanguage\":\"de\",\"@id\":\"https:\/\/fundecodes.org\/en\/parque-nacional-barra-honda\/#primaryimage\",\"url\":\"https:\/\/fundecodes.org\/wp-content\/uploads\/2021\/07\/34070983_1808220539221417_5206857602482307072_n-300x300.jpg\",\"contentUrl\":\"https:\/\/fundecodes.org\/wp-content\/uploads\/2021\/07\/34070983_1808220539221417_5206857602482307072_n-300x300.jpg\"},{\"@type\":\"BreadcrumbList\",\"@id\":\"https:\/\/fundecodes.org\/en\/parque-nacional-barra-honda\/#breadcrumb\",\"itemListElement\":[{\"@type\":\"ListItem\",\"position\":1,\"name\":\"Portada\",\"item\":\"https:\/\/fundecodes.org\/\"},{\"@type\":\"ListItem\",\"position\":2,\"name\":\"National Park Barra Honda\"}]},{\"@type\":\"WebSite\",\"@id\":\"https:\/\/fundecodes.org\/#website\",\"url\":\"https:\/\/fundecodes.org\/\",\"name\":\"FUNDECODES\",\"description\":\"Equilibrio entre Conservaci\u00f3n y Desarrollo\",\"publisher\":{\"@id\":\"https:\/\/fundecodes.org\/#organization\"},\"potentialAction\":[{\"@type\":\"SearchAction\",\"target\":{\"@type\":\"EntryPoint\",\"urlTemplate\":\"https:\/\/fundecodes.org\/?s={search_term_string}\"},\"query-input\":{\"@type\":\"PropertyValueSpecification\",\"valueRequired\":true,\"valueName\":\"search_term_string\"}}],\"inLanguage\":\"de\"},{\"@type\":\"Organization\",\"@id\":\"https:\/\/fundecodes.org\/#organization\",\"name\":\"FUNDECODES\",\"url\":\"https:\/\/fundecodes.org\/\",\"logo\":{\"@type\":\"ImageObject\",\"inLanguage\":\"de\",\"@id\":\"https:\/\/fundecodes.org\/#\/schema\/logo\/image\/\",\"url\":\"https:\/\/fundecodes.org\/wp-content\/uploads\/2021\/06\/cropped-FUNDECODES.png\",\"contentUrl\":\"https:\/\/fundecodes.org\/wp-content\/uploads\/2021\/06\/cropped-FUNDECODES.png\",\"width\":163,\"height\":50,\"caption\":\"FUNDECODES\"},\"image\":{\"@id\":\"https:\/\/fundecodes.org\/#\/schema\/logo\/image\/\"}}]}<\/script>\n<!-- \/ Yoast SEO plugin. -->","yoast_head_json":{"title":"National Park Barra Honda - FUNDECODES","robots":{"index":"index","follow":"follow","max-snippet":"max-snippet:-1","max-image-preview":"max-image-preview:large","max-video-preview":"max-video-preview:-1"},"canonical":"https:\/\/fundecodes.org\/en\/parque-nacional-barra-honda\/","og_locale":"de_DE","og_type":"article","og_title":"National Park Barra Honda - FUNDECODES","og_description":"Stelle: Der Nationalpark liegt in der Tempisque-Flusslandschaft in Guanacaste, 22 Kilometer von der Stadt Nicoya entfernt. &nbsp; Beschreibung: Barra Honda weist TausendeRead More","og_url":"https:\/\/fundecodes.org\/en\/parque-nacional-barra-honda\/","og_site_name":"FUNDECODES","article_modified_time":"2021-07-22T23:56:33+00:00","og_image":[{"url":"https:\/\/fundecodes.org\/wp-content\/uploads\/2021\/07\/34070983_1808220539221417_5206857602482307072_n-300x300.jpg","type":"","width":"","height":""}],"twitter_card":"summary_large_image","twitter_misc":{"Gesch\u00e4tzte Lesezeit":"2\u00a0Minuten"},"schema":{"@context":"https:\/\/schema.org","@graph":[{"@type":"WebPage","@id":"https:\/\/fundecodes.org\/en\/parque-nacional-barra-honda\/","url":"https:\/\/fundecodes.org\/en\/parque-nacional-barra-honda\/","name":"National Park Barra Honda - FUNDECODES","isPartOf":{"@id":"https:\/\/fundecodes.org\/#website"},"primaryImageOfPage":{"@id":"https:\/\/fundecodes.org\/en\/parque-nacional-barra-honda\/#primaryimage"},"image":{"@id":"https:\/\/fundecodes.org\/en\/parque-nacional-barra-honda\/#primaryimage"},"thumbnailUrl":"https:\/\/fundecodes.org\/wp-content\/uploads\/2021\/07\/34070983_1808220539221417_5206857602482307072_n-300x300.jpg","datePublished":"2018-03-13T02:23:32+00:00","dateModified":"2021-07-22T23:56:33+00:00","breadcrumb":{"@id":"https:\/\/fundecodes.org\/en\/parque-nacional-barra-honda\/#breadcrumb"},"inLanguage":"de","potentialAction":[{"@type":"ReadAction","target":["https:\/\/fundecodes.org\/en\/parque-nacional-barra-honda\/"]}]},{"@type":"ImageObject","inLanguage":"de","@id":"https:\/\/fundecodes.org\/en\/parque-nacional-barra-honda\/#primaryimage","url":"https:\/\/fundecodes.org\/wp-content\/uploads\/2021\/07\/34070983_1808220539221417_5206857602482307072_n-300x300.jpg","contentUrl":"https:\/\/fundecodes.org\/wp-content\/uploads\/2021\/07\/34070983_1808220539221417_5206857602482307072_n-300x300.jpg"},{"@type":"BreadcrumbList","@id":"https:\/\/fundecodes.org\/en\/parque-nacional-barra-honda\/#breadcrumb","itemListElement":[{"@type":"ListItem","position":1,"name":"Portada","item":"https:\/\/fundecodes.org\/"},{"@type":"ListItem","position":2,"name":"National Park Barra Honda"}]},{"@type":"WebSite","@id":"https:\/\/fundecodes.org\/#website","url":"https:\/\/fundecodes.org\/","name":"FUNDECODES","description":"Equilibrio entre Conservaci\u00f3n y Desarrollo","publisher":{"@id":"https:\/\/fundecodes.org\/#organization"},"potentialAction":[{"@type":"SearchAction","target":{"@type":"EntryPoint","urlTemplate":"https:\/\/fundecodes.org\/?s={search_term_string}"},"query-input":{"@type":"PropertyValueSpecification","valueRequired":true,"valueName":"search_term_string"}}],"inLanguage":"de"},{"@type":"Organization","@id":"https:\/\/fundecodes.org\/#organization","name":"FUNDECODES","url":"https:\/\/fundecodes.org\/","logo":{"@type":"ImageObject","inLanguage":"de","@id":"https:\/\/fundecodes.org\/#\/schema\/logo\/image\/","url":"https:\/\/fundecodes.org\/wp-content\/uploads\/2021\/06\/cropped-FUNDECODES.png","contentUrl":"https:\/\/fundecodes.org\/wp-content\/uploads\/2021\/06\/cropped-FUNDECODES.png","width":163,"height":50,"caption":"FUNDECODES"},"image":{"@id":"https:\/\/fundecodes.org\/#\/schema\/logo\/image\/"}}]}},"_links":{"self":[{"href":"https:\/\/fundecodes.org\/de\/wp-json\/wp\/v2\/pages\/125","targetHints":{"allow":["GET"]}}],"collection":[{"href":"https:\/\/fundecodes.org\/de\/wp-json\/wp\/v2\/pages"}],"about":[{"href":"https:\/\/fundecodes.org\/de\/wp-json\/wp\/v2\/types\/page"}],"author":[{"embeddable":true,"href":"https:\/\/fundecodes.org\/de\/wp-json\/wp\/v2\/users\/1"}],"replies":[{"embeddable":true,"href":"https:\/\/fundecodes.org\/de\/wp-json\/wp\/v2\/comments?post=125"}],"version-history":[{"count":3,"href":"https:\/\/fundecodes.org\/de\/wp-json\/wp\/v2\/pages\/125\/revisions"}],"predecessor-version":[{"id":1064,"href":"https:\/\/fundecodes.org\/de\/wp-json\/wp\/v2\/pages\/125\/revisions\/1064"}],"wp:attachment":[{"href":"https:\/\/fundecodes.org\/de\/wp-json\/wp\/v2\/media?parent=125"}],"curies":[{"name":"wp","href":"https:\/\/api.w.org\/{rel}","templated":true}]}}