{"id":127,"date":"2018-03-13T02:23:59","date_gmt":"2018-03-13T02:23:59","guid":{"rendered":"http:\/\/www.fundecodes.org\/?page_id=127"},"modified":"2021-07-09T10:15:14","modified_gmt":"2021-07-09T16:15:14","slug":"parque-nacional-diria","status":"publish","type":"page","link":"https:\/\/fundecodes.org\/de\/parque-nacional-diria\/","title":{"rendered":"National Park Diri\u00e1"},"content":{"rendered":"<p><img fetchpriority=\"high\" decoding=\"async\" class=\"size-medium wp-image-819 aligncenter\" src=\"https:\/\/fundecodes.org\/wp-content\/uploads\/2021\/07\/13667931_1722955641298557_3659663478378184570_o-300x300.jpg\" alt=\"\" width=\"300\" height=\"300\" srcset=\"https:\/\/fundecodes.org\/wp-content\/uploads\/2021\/07\/13667931_1722955641298557_3659663478378184570_o-300x300.jpg 300w, https:\/\/fundecodes.org\/wp-content\/uploads\/2021\/07\/13667931_1722955641298557_3659663478378184570_o-1024x1024.jpg 1024w, https:\/\/fundecodes.org\/wp-content\/uploads\/2021\/07\/13667931_1722955641298557_3659663478378184570_o-150x150.jpg 150w, https:\/\/fundecodes.org\/wp-content\/uploads\/2021\/07\/13667931_1722955641298557_3659663478378184570_o-768x768.jpg 768w, https:\/\/fundecodes.org\/wp-content\/uploads\/2021\/07\/13667931_1722955641298557_3659663478378184570_o-1536x1536.jpg 1536w, https:\/\/fundecodes.org\/wp-content\/uploads\/2021\/07\/13667931_1722955641298557_3659663478378184570_o.jpg 2048w\" sizes=\"(max-width: 300px) 100vw, 300px\" \/><\/p>\n<p><span style=\"text-align: center; font-size: 20px; font-weight: bold; color: #16466a;\"><strong>Stelle:<\/strong><\/span><\/p>\n<p style=\"text-align: justify; font-size: 17px; color: black;\">Der Park besteht aus wundersch\u00f6nen Bergen mit altem Baumbestand und liegt 14 km nord\u00f6stlich von Santa Cruz in Guanacaste.<\/p>\n<p>&nbsp;<\/p>\n<p><span style=\"text-align: center; font-size: 20px; font-weight: bold; color: #16466a;\"><strong>Beschreibung:&nbsp;<\/strong><\/span><\/p>\n<p style=\"text-align: justify; font-size: 17px; color: black;\">Der Diria Nationalpark sch\u00fctzt verschiedene einzigartige \u00d6kosysteme auf der Nicoya Halbinsel. Sein Gebiet umfasst mehr als 300 au\u00dfergew\u00f6hnliche Baumarten, einschlie\u00dflich der sch\u00f6nen einheimischen Pochotes, Mahagoni und anderen harten W\u00e4ldern. Neben den immergr\u00fcnen B\u00e4umen und sch\u00f6nen Bromelien k\u00f6nnen viele Tierarten gesichtet werden, wie Cappuccino-Affen, Jaguarundis, Pekaris, Br\u00fcllaffen. Die wichtigsten Lebenszonen des Diria Nationalparks sind der tropische Trockenwald und der vorwiegende Regenwald.<\/p>\n<p style=\"text-align: justify; font-size: 17px; color: black;\">Es gibt zwei sch\u00f6ne Wanderwege, von denen Sie Wild beobachten k\u00f6nnen und in der Ferne einen erfrischenden Wasserfall. Die malerische Aussicht ist atemberaubend.<\/p>\n<p style=\"text-align: justify; font-size: 17px; color: black;\">Dank dieser Vielfalt an Flora, Fauna und Wasserressourcen ist der Nationalpark Diria ein ausgezeichneter Studienort und ein gro\u00dfartiger Ort f\u00fcr touristische Aktivit\u00e4ten, Erholung und den Schutz der nat\u00fcrlichen Ressourcen.<\/p>\n<p>&nbsp;<\/p>\n<p><span style=\"text-align: center; font-size: 20px; font-weight: bold; color: #16466a;\"><strong>Freiwillige Aktionen:<\/strong><\/span><\/p>\n<p style=\"text-align: justify; font-size: 17px; color: black;\">Freiwillige k\u00f6nnen sich an den Bem\u00fchungen beteiligen, die Ressourcen in den entsprechenden Reserven zu verwalten und zu erhalten:<\/p>\n<ul>\n<li>\n<p style=\"text-align: justify; font-size: 16px; color: black;\">Gr\u00fcnfl\u00e4chen und Trails Wartung.<\/p>\n<\/li>\n<li>\n<p style=\"text-align: justify; font-size: 16px; color: black;\">Infrastruktur Design und Konstruktion.<\/p>\n<\/li>\n<li>\n<p style=\"text-align: justify; font-size: 16px; color: black;\">Projekte mit lokalen Gemeinschaften.<\/p>\n<\/li>\n<li>\n<p style=\"text-align: justify; font-size: 16px; color: black;\">Umwelterziehung.<\/p>\n<\/li>\n<li>\n<p style=\"text-align: justify; font-size: 16px; color: black;\">Projekte im biologischen Korridor.<\/p>\n<\/li>\n<li>\n<p style=\"text-align: justify; font-size: 16px; color: black;\">Aufr\u00e4umaktionen.<\/p>\n<\/li>\n<li>\n<p style=\"text-align: justify; font-size: 16px; color: black;\">Unterst\u00fctzung bei der Sanierung von degradierten Gebieten in Abstimmung mit Mitarbeitern und anderen Instanzen.<\/p>\n<\/li>\n<\/ul>\n<p>&nbsp;<\/p>\n<p><strong><span style=\"text-align: center; font-size: 20px; font-weight: bold; color: #16466a;\">Dienstleistungen und Einrichtungen:<\/span><\/strong><\/p>\n<p style=\"text-align: justify; font-size: 17px; color: black;\">Der Diria Nationalpark bietet Zimmer f\u00fcr 18 Personen und Beamte. Die Einrichtungen umfassen: Strom, Trinkwasser, schmackhaftes Essen und Gemeinschaftsduschen. Hat auch einen Speisesaal mit einer Kapazit\u00e4t f\u00fcr 30 Personen.<\/p>\n<p>&nbsp;<\/p>\nngg_shortcode_2_placeholder\n<p><div id=\"lmm_20c92260\" style=\"width:640px;\" class=\"mapsmarker markermap marker-5\">\n<div id=\"lmm_panel_20c92260\" class=\"lmm-panel\" style=\"background:#efefef;\">\n<div id=\"lmm_panel_api_20c92260\" class=\"lmm-panel-api\"><a href=\"https:\/\/maps.google.com\/maps?daddr=10.155196,-85.609245&amp;t=m&amp;layer=1&amp;doflg=ptk&amp;om=0\" target=\"_blank\" title=\"Wegbeschreibung berechnen\"><img decoding=\"async\" alt=\"icon-car.png\" src=\"https:\/\/fundecodes.org\/wp-content\/plugins\/leaflet-maps-marker\/inc\/img\/icon-car.png\" width=\"14\" height=\"14\" class=\"lmm-panel-api-images\" \/><\/a><\/div><div id=\"lmm_panel_text_20c92260\" class=\"lmm-panel-text\" style=\"font-weight:bold;color:#373737;\">Parque Nacional Diri\u00e1<\/div><\/div>\n<div id=\"lmm_map_20c92260\" class=\"lmm-map\" style=\"background:#f6f6f6;border:1px solid #ccc;height:480px; overflow:hidden;padding:0;\"><p style=\"font-size:80%;color:#9f9e9e;margin-left:5px;\">Karte wird geladen - bitte warten...<noscript><br\/><strong>Karte konnte nicht geladen werden - bitte aktivieren Sie Javascript!<\/strong><br\/><a style=\"text-decoration:none;\" href=\"https:\/\/www.mapsmarker.com\/js-disabled\" target=\"_blank\">&rarr; Weitere Informationen<\/a><\/noscript><\/p><\/div>\n<div id=\"lmm_geo_tags_20c92260\" class=\"lmm-geo-tags geo\">\n<span class=\"paneltext\">Parque Nacional Diri\u00e1<\/span>\n<span class=\"latitude\">10.155196<\/span>, <span class=\"longitude\">-85.609245<\/span>\n<span class=\"popuptext\"><\/span>\n<\/div>\n<\/div><\/p>","protected":false},"excerpt":{"rendered":"<p>Stelle: Der Park besteht aus wundersch\u00f6nen Bergen mit altem Baumbestand und liegt 14 km nord\u00f6stlich von Santa Cruz in Guanacaste. &nbsp; Beschreibung:&nbsp;<\/p>\n<p class=\"link-more\"><a class=\"myButt \" href=\"https:\/\/fundecodes.org\/de\/parque-nacional-diria\/\">Read More<\/a><\/p>\n","protected":false},"author":1,"featured_media":0,"parent":0,"menu_order":0,"comment_status":"closed","ping_status":"closed","template":"","meta":{"ngg_post_thumbnail":0,"footnotes":""},"class_list":["post-127","page","type-page","status-publish","hentry"],"yoast_head":"<!-- This site is optimized with the Yoast SEO plugin v27.2 - https:\/\/yoast.com\/product\/yoast-seo-wordpress\/ -->\n<title>National Park Diri\u00e1 - FUNDECODES<\/title>\n<meta name=\"robots\" content=\"index, follow, max-snippet:-1, max-image-preview:large, max-video-preview:-1\" \/>\n<link rel=\"canonical\" href=\"https:\/\/fundecodes.org\/parque-nacional-diria\/\" \/>\n<meta property=\"og:locale\" content=\"de_DE\" \/>\n<meta property=\"og:type\" content=\"article\" \/>\n<meta property=\"og:title\" content=\"National Park Diri\u00e1 - FUNDECODES\" \/>\n<meta property=\"og:description\" content=\"Stelle: Der Park besteht aus wundersch\u00f6nen Bergen mit altem Baumbestand und liegt 14 km nord\u00f6stlich von Santa Cruz in Guanacaste. &nbsp; Beschreibung:&nbsp;Read More\" \/>\n<meta property=\"og:url\" content=\"https:\/\/fundecodes.org\/parque-nacional-diria\/\" \/>\n<meta property=\"og:site_name\" content=\"FUNDECODES\" \/>\n<meta property=\"article:modified_time\" content=\"2021-07-09T16:15:14+00:00\" \/>\n<meta property=\"og:image\" content=\"https:\/\/fundecodes.org\/wp-content\/uploads\/2021\/07\/13667931_1722955641298557_3659663478378184570_o-300x300.jpg\" \/>\n<meta name=\"twitter:card\" content=\"summary_large_image\" \/>\n<meta name=\"twitter:label1\" content=\"Gesch\u00e4tzte Lesezeit\" \/>\n\t<meta name=\"twitter:data1\" content=\"5\u00a0Minuten\" \/>\n<script type=\"application\/ld+json\" class=\"yoast-schema-graph\">{\"@context\":\"https:\/\/schema.org\",\"@graph\":[{\"@type\":\"WebPage\",\"@id\":\"https:\/\/fundecodes.org\/parque-nacional-diria\/\",\"url\":\"https:\/\/fundecodes.org\/parque-nacional-diria\/\",\"name\":\"National Park Diri\u00e1 - FUNDECODES\",\"isPartOf\":{\"@id\":\"https:\/\/fundecodes.org\/#website\"},\"primaryImageOfPage\":{\"@id\":\"https:\/\/fundecodes.org\/parque-nacional-diria\/#primaryimage\"},\"image\":{\"@id\":\"https:\/\/fundecodes.org\/parque-nacional-diria\/#primaryimage\"},\"thumbnailUrl\":\"https:\/\/fundecodes.org\/wp-content\/uploads\/2021\/07\/13667931_1722955641298557_3659663478378184570_o-300x300.jpg\",\"datePublished\":\"2018-03-13T02:23:59+00:00\",\"dateModified\":\"2021-07-09T16:15:14+00:00\",\"breadcrumb\":{\"@id\":\"https:\/\/fundecodes.org\/parque-nacional-diria\/#breadcrumb\"},\"inLanguage\":\"de\",\"potentialAction\":[{\"@type\":\"ReadAction\",\"target\":[\"https:\/\/fundecodes.org\/parque-nacional-diria\/\"]}]},{\"@type\":\"ImageObject\",\"inLanguage\":\"de\",\"@id\":\"https:\/\/fundecodes.org\/parque-nacional-diria\/#primaryimage\",\"url\":\"https:\/\/fundecodes.org\/wp-content\/uploads\/2021\/07\/13667931_1722955641298557_3659663478378184570_o-300x300.jpg\",\"contentUrl\":\"https:\/\/fundecodes.org\/wp-content\/uploads\/2021\/07\/13667931_1722955641298557_3659663478378184570_o-300x300.jpg\"},{\"@type\":\"BreadcrumbList\",\"@id\":\"https:\/\/fundecodes.org\/parque-nacional-diria\/#breadcrumb\",\"itemListElement\":[{\"@type\":\"ListItem\",\"position\":1,\"name\":\"Portada\",\"item\":\"https:\/\/fundecodes.org\/\"},{\"@type\":\"ListItem\",\"position\":2,\"name\":\"Parque Nacional Diri\u00e1\"}]},{\"@type\":\"WebSite\",\"@id\":\"https:\/\/fundecodes.org\/#website\",\"url\":\"https:\/\/fundecodes.org\/\",\"name\":\"FUNDECODES\",\"description\":\"Equilibrio entre Conservaci\u00f3n y Desarrollo\",\"publisher\":{\"@id\":\"https:\/\/fundecodes.org\/#organization\"},\"potentialAction\":[{\"@type\":\"SearchAction\",\"target\":{\"@type\":\"EntryPoint\",\"urlTemplate\":\"https:\/\/fundecodes.org\/?s={search_term_string}\"},\"query-input\":{\"@type\":\"PropertyValueSpecification\",\"valueRequired\":true,\"valueName\":\"search_term_string\"}}],\"inLanguage\":\"de\"},{\"@type\":\"Organization\",\"@id\":\"https:\/\/fundecodes.org\/#organization\",\"name\":\"FUNDECODES\",\"url\":\"https:\/\/fundecodes.org\/\",\"logo\":{\"@type\":\"ImageObject\",\"inLanguage\":\"de\",\"@id\":\"https:\/\/fundecodes.org\/#\/schema\/logo\/image\/\",\"url\":\"https:\/\/fundecodes.org\/wp-content\/uploads\/2021\/06\/cropped-FUNDECODES.png\",\"contentUrl\":\"https:\/\/fundecodes.org\/wp-content\/uploads\/2021\/06\/cropped-FUNDECODES.png\",\"width\":163,\"height\":50,\"caption\":\"FUNDECODES\"},\"image\":{\"@id\":\"https:\/\/fundecodes.org\/#\/schema\/logo\/image\/\"}}]}<\/script>\n<!-- \/ Yoast SEO plugin. -->","yoast_head_json":{"title":"National Park Diri\u00e1 - FUNDECODES","robots":{"index":"index","follow":"follow","max-snippet":"max-snippet:-1","max-image-preview":"max-image-preview:large","max-video-preview":"max-video-preview:-1"},"canonical":"https:\/\/fundecodes.org\/parque-nacional-diria\/","og_locale":"de_DE","og_type":"article","og_title":"National Park Diri\u00e1 - FUNDECODES","og_description":"Stelle: Der Park besteht aus wundersch\u00f6nen Bergen mit altem Baumbestand und liegt 14 km nord\u00f6stlich von Santa Cruz in Guanacaste. &nbsp; Beschreibung:&nbsp;Read More","og_url":"https:\/\/fundecodes.org\/parque-nacional-diria\/","og_site_name":"FUNDECODES","article_modified_time":"2021-07-09T16:15:14+00:00","og_image":[{"url":"https:\/\/fundecodes.org\/wp-content\/uploads\/2021\/07\/13667931_1722955641298557_3659663478378184570_o-300x300.jpg","type":"","width":"","height":""}],"twitter_card":"summary_large_image","twitter_misc":{"Gesch\u00e4tzte Lesezeit":"5\u00a0Minuten"},"schema":{"@context":"https:\/\/schema.org","@graph":[{"@type":"WebPage","@id":"https:\/\/fundecodes.org\/parque-nacional-diria\/","url":"https:\/\/fundecodes.org\/parque-nacional-diria\/","name":"National Park Diri\u00e1 - FUNDECODES","isPartOf":{"@id":"https:\/\/fundecodes.org\/#website"},"primaryImageOfPage":{"@id":"https:\/\/fundecodes.org\/parque-nacional-diria\/#primaryimage"},"image":{"@id":"https:\/\/fundecodes.org\/parque-nacional-diria\/#primaryimage"},"thumbnailUrl":"https:\/\/fundecodes.org\/wp-content\/uploads\/2021\/07\/13667931_1722955641298557_3659663478378184570_o-300x300.jpg","datePublished":"2018-03-13T02:23:59+00:00","dateModified":"2021-07-09T16:15:14+00:00","breadcrumb":{"@id":"https:\/\/fundecodes.org\/parque-nacional-diria\/#breadcrumb"},"inLanguage":"de","potentialAction":[{"@type":"ReadAction","target":["https:\/\/fundecodes.org\/parque-nacional-diria\/"]}]},{"@type":"ImageObject","inLanguage":"de","@id":"https:\/\/fundecodes.org\/parque-nacional-diria\/#primaryimage","url":"https:\/\/fundecodes.org\/wp-content\/uploads\/2021\/07\/13667931_1722955641298557_3659663478378184570_o-300x300.jpg","contentUrl":"https:\/\/fundecodes.org\/wp-content\/uploads\/2021\/07\/13667931_1722955641298557_3659663478378184570_o-300x300.jpg"},{"@type":"BreadcrumbList","@id":"https:\/\/fundecodes.org\/parque-nacional-diria\/#breadcrumb","itemListElement":[{"@type":"ListItem","position":1,"name":"Portada","item":"https:\/\/fundecodes.org\/"},{"@type":"ListItem","position":2,"name":"Parque Nacional Diri\u00e1"}]},{"@type":"WebSite","@id":"https:\/\/fundecodes.org\/#website","url":"https:\/\/fundecodes.org\/","name":"FUNDECODES","description":"Equilibrio entre Conservaci\u00f3n y Desarrollo","publisher":{"@id":"https:\/\/fundecodes.org\/#organization"},"potentialAction":[{"@type":"SearchAction","target":{"@type":"EntryPoint","urlTemplate":"https:\/\/fundecodes.org\/?s={search_term_string}"},"query-input":{"@type":"PropertyValueSpecification","valueRequired":true,"valueName":"search_term_string"}}],"inLanguage":"de"},{"@type":"Organization","@id":"https:\/\/fundecodes.org\/#organization","name":"FUNDECODES","url":"https:\/\/fundecodes.org\/","logo":{"@type":"ImageObject","inLanguage":"de","@id":"https:\/\/fundecodes.org\/#\/schema\/logo\/image\/","url":"https:\/\/fundecodes.org\/wp-content\/uploads\/2021\/06\/cropped-FUNDECODES.png","contentUrl":"https:\/\/fundecodes.org\/wp-content\/uploads\/2021\/06\/cropped-FUNDECODES.png","width":163,"height":50,"caption":"FUNDECODES"},"image":{"@id":"https:\/\/fundecodes.org\/#\/schema\/logo\/image\/"}}]}},"_links":{"self":[{"href":"https:\/\/fundecodes.org\/de\/wp-json\/wp\/v2\/pages\/127","targetHints":{"allow":["GET"]}}],"collection":[{"href":"https:\/\/fundecodes.org\/de\/wp-json\/wp\/v2\/pages"}],"about":[{"href":"https:\/\/fundecodes.org\/de\/wp-json\/wp\/v2\/types\/page"}],"author":[{"embeddable":true,"href":"https:\/\/fundecodes.org\/de\/wp-json\/wp\/v2\/users\/1"}],"replies":[{"embeddable":true,"href":"https:\/\/fundecodes.org\/de\/wp-json\/wp\/v2\/comments?post=127"}],"version-history":[{"count":3,"href":"https:\/\/fundecodes.org\/de\/wp-json\/wp\/v2\/pages\/127\/revisions"}],"predecessor-version":[{"id":972,"href":"https:\/\/fundecodes.org\/de\/wp-json\/wp\/v2\/pages\/127\/revisions\/972"}],"wp:attachment":[{"href":"https:\/\/fundecodes.org\/de\/wp-json\/wp\/v2\/media?parent=127"}],"curies":[{"name":"wp","href":"https:\/\/api.w.org\/{rel}","templated":true}]}}