{"id":129,"date":"2018-03-13T02:24:15","date_gmt":"2018-03-13T02:24:15","guid":{"rendered":"http:\/\/www.fundecodes.org\/?page_id=129"},"modified":"2021-07-09T09:59:04","modified_gmt":"2021-07-09T15:59:04","slug":"refugio-nacional-de-vida-silvestre-camaronal","status":"publish","type":"page","link":"https:\/\/fundecodes.org\/de\/refugio-nacional-de-vida-silvestre-camaronal\/","title":{"rendered":"Nationales Schutzgebiet Camaronal"},"content":{"rendered":"<p><strong><span style=\"color: #008000;\"><img fetchpriority=\"high\" decoding=\"async\" class=\"size-full wp-image-772 aligncenter\" src=\"https:\/\/fundecodes.org\/wp-content\/uploads\/2021\/07\/525800_10150796550476244_74692617_n.jpg\" alt=\"\" width=\"190\" height=\"265\"><\/span><\/strong><\/p>\n<p><strong><span style=\"text-align: center; font-size: 20px; font-weight: bold; color: #16466a;\">Stelle:<\/span><\/strong><\/p>\n<p style=\"text-align: justify; font-size: 17px; color: black;\">Das Wildlife Refuge befindet sich am Camaronal Strand auf der Nicoya Halbinsel (Costa Rica Nordk\u00fcste) 15 km vom Playa Samara entfernt. Es ist eine l\u00e4ndliche Gegend mit gro\u00dfer touristischer Entwicklung.<\/p>\n<p>&nbsp;<\/p>\n<p><strong><span style=\"text-align: center; font-size: 20px; font-weight: bold; color: #16466a;\">Beschreibung:<\/span><\/strong><\/p>\n<p style=\"text-align: justify; font-size: 17px; color: black;\">Der Schwerpunkt des Camaronal Refuge liegt auf dem Schutz von Meeresschildkr\u00f6ten, dem Schutz von Wald\u00f6kosystemen und nat\u00fcrlichen Regenerationsgebieten. Camaronal Beach ist der Nistplatz f\u00fcr vier der sieben Meeresschildkr\u00f6tenarten, die es auf der Welt gibt; Dies sind die Lederschildkr\u00f6te, Olive Ridley, Hawksbill und Black Sea Turtle.<\/p>\n<p style=\"text-align: justify; font-size: 17px; color: black;\">Das National Wildlife Refuge enth\u00e4lt auch einige relevante einheimische Baumarten der Region, die unter anderem sind: Pochote, Espavel, Cenizaro, Lorbeer, unter anderem. Dort br\u00fcten zahlreiche Vogelarten wie Br\u00fcllaffen, Leguane, Eichh\u00f6rnchen, Waschb\u00e4ren und viele andere Tiere.<\/p>\n<p style=\"text-align: justify; font-size: 17px; color: black;\">Da sich in diesem Gebiet die Ora-M\u00fcndung befindet, gibt es eine gro\u00dfe Vielfalt an bedeutenden Fischarten (Schnapper, Seebarsch, Makrele usw.). Zusammen mit den Mangrovengebieten erweist es sich als sehr attraktives Angelgebiet. Wenn Sie am Camaronal Beach \u00fcbernachten, k\u00f6nnen Sie Ihre lange Board- und Surfwellen mit bis zu sechs Metern H\u00f6he in Ihrer Freizeit mitnehmen.<\/p>\n<p>&nbsp;<\/p>\n<p><strong><span style=\"text-align: center; font-size: 20px; font-weight: bold; color: #16466a;\">Freiwillige Aktionen:<\/span><\/strong><\/p>\n<p style=\"text-align: justify; font-size: 17px; color: black;\">Freiwillige k\u00f6nnen sich an den Bem\u00fchungen beteiligen, die Ressourcen in der Reserve zu verwalten und zu erhalten:<\/p>\n<ul>\n<li>\n<p style=\"text-align: justify; font-size: 16px; color: black;\">\u00dcberwachung und \u00dcberwachung in Forschungsprojekten.<\/p>\n<\/li>\n<li>\n<p style=\"text-align: justify; font-size: 16px; color: black;\">Computergest\u00fctzte Arbeit.<\/p>\n<\/li>\n<li>\n<p style=\"text-align: justify; font-size: 16px; color: black;\">Wartung und t\u00e4glicher Betrieb der Anlagen.<\/p>\n<\/li>\n<li>\n<p style=\"text-align: justify; font-size: 16px; color: black;\">Bau und Pflege von Wegen.<\/p>\n<\/li>\n<li>\n<p style=\"text-align: justify; font-size: 16px; color: black;\">Strandaufr\u00e4umungskampagnen.<\/p>\n<\/li>\n<li>\n<p style=\"text-align: justify; font-size: 16px; color: black;\">Sammlung und Trennung von Abf\u00e4llen.<\/p>\n<\/li>\n<li>\n<p style=\"text-align: justify; font-size: 16px; color: black;\">Umweltbildung in Schulen.<\/p>\n<\/li>\n<li>\n<p style=\"text-align: justify; font-size: 16px; color: black;\">Aufmerksamkeit der Besucher.<\/p>\n<\/li>\n<\/ul>\n<p>&nbsp;<\/p>\n<p><span style=\"text-align: center; font-size: 20px; font-weight: bold; color: #16466a;\"><strong>Dienstleistungen und Einrichtungen:<\/strong><\/span><\/p>\n<p style=\"text-align: justify; font-size: 17px; color: black;\">Die H\u00fctte verf\u00fcgt \u00fcber rustikale H\u00fctten f\u00fcr die Aufnahme der Freiwilligen, die Unterkunftskapazit\u00e4t der H\u00fctte betr\u00e4gt 25 Personen. Die Kabinen verf\u00fcgen \u00fcber Einrichtungen wie: Duschen, Strom, Trinkwasser, Telefon und Internet, Mobilfunk, Catering, Erholungsgebiete und Satellitenfernsehen.<\/p>\n<p>&nbsp;<\/p>\n<p>&nbsp;<\/p>\n<div class=\"aigpl-shortcode-preview\">ngg_shortcode_2_placeholder<\/div>\n<p>&nbsp;<\/p>\n<p><div id=\"lmm_4426355e\" style=\"width:640px;\" class=\"mapsmarker markermap marker-2\">\n<div id=\"lmm_panel_4426355e\" class=\"lmm-panel\" style=\"background:#efefef;\">\n<div id=\"lmm_panel_api_4426355e\" class=\"lmm-panel-api\"><a href=\"https:\/\/maps.google.com\/maps?daddr=9.820205,-85.429001&amp;t=m&amp;layer=1&amp;doflg=ptk&amp;om=0\" target=\"_blank\" title=\"Wegbeschreibung berechnen\"><img decoding=\"async\" alt=\"icon-car.png\" src=\"https:\/\/fundecodes.org\/wp-content\/plugins\/leaflet-maps-marker\/inc\/img\/icon-car.png\" width=\"14\" height=\"14\" class=\"lmm-panel-api-images\" \/><\/a><\/div><div id=\"lmm_panel_text_4426355e\" class=\"lmm-panel-text\" style=\"font-weight:bold;color:#373737;\">Refugio de Vida Silvestre Camaronal<\/div><\/div>\n<div id=\"lmm_map_4426355e\" class=\"lmm-map\" style=\"background:#f6f6f6;border:1px solid #ccc;height:480px; overflow:hidden;padding:0;\"><p style=\"font-size:80%;color:#9f9e9e;margin-left:5px;\">Karte wird geladen - bitte warten...<noscript><br\/><strong>Karte konnte nicht geladen werden - bitte aktivieren Sie Javascript!<\/strong><br\/><a style=\"text-decoration:none;\" href=\"https:\/\/www.mapsmarker.com\/js-disabled\" target=\"_blank\">&rarr; Weitere Informationen<\/a><\/noscript><\/p><\/div>\n<div id=\"lmm_geo_tags_4426355e\" class=\"lmm-geo-tags geo\">\n<span class=\"paneltext\">Refugio de Vida Silvestre Camaronal<\/span>\n<span class=\"latitude\">9.820205<\/span>, <span class=\"longitude\">-85.429001<\/span>\n<span class=\"popuptext\"><\/span>\n<\/div>\n<\/div><\/p>","protected":false},"excerpt":{"rendered":"<p>Stelle: Das Wildlife Refuge befindet sich am Camaronal Strand auf der Nicoya Halbinsel (Costa Rica Nordk\u00fcste) 15 km vom Playa Samara entfernt.<\/p>\n<p class=\"link-more\"><a class=\"myButt \" href=\"https:\/\/fundecodes.org\/de\/refugio-nacional-de-vida-silvestre-camaronal\/\">Read More<\/a><\/p>\n","protected":false},"author":1,"featured_media":0,"parent":0,"menu_order":0,"comment_status":"closed","ping_status":"closed","template":"","meta":{"ngg_post_thumbnail":0,"footnotes":""},"class_list":["post-129","page","type-page","status-publish","hentry"],"yoast_head":"<!-- This site is optimized with the Yoast SEO plugin v27.2 - https:\/\/yoast.com\/product\/yoast-seo-wordpress\/ -->\n<title>Nationales Schutzgebiet Camaronal - FUNDECODES<\/title>\n<meta name=\"robots\" content=\"index, follow, max-snippet:-1, max-image-preview:large, max-video-preview:-1\" \/>\n<link rel=\"canonical\" href=\"https:\/\/fundecodes.org\/en\/refugio-nacional-de-vida-silvestre-camaronal\/\" \/>\n<meta property=\"og:locale\" content=\"de_DE\" \/>\n<meta property=\"og:type\" content=\"article\" \/>\n<meta property=\"og:title\" content=\"Nationales Schutzgebiet Camaronal - FUNDECODES\" \/>\n<meta property=\"og:description\" content=\"Stelle: Das Wildlife Refuge befindet sich am Camaronal Strand auf der Nicoya Halbinsel (Costa Rica Nordk\u00fcste) 15 km vom Playa Samara entfernt.Read More\" \/>\n<meta property=\"og:url\" content=\"https:\/\/fundecodes.org\/en\/refugio-nacional-de-vida-silvestre-camaronal\/\" \/>\n<meta property=\"og:site_name\" content=\"FUNDECODES\" \/>\n<meta property=\"article:modified_time\" content=\"2021-07-09T15:59:04+00:00\" \/>\n<meta property=\"og:image\" content=\"https:\/\/fundecodes.org\/wp-content\/uploads\/2021\/07\/525800_10150796550476244_74692617_n.jpg\" \/>\n<meta name=\"twitter:card\" content=\"summary_large_image\" \/>\n<meta name=\"twitter:label1\" content=\"Gesch\u00e4tzte Lesezeit\" \/>\n\t<meta name=\"twitter:data1\" content=\"6\u00a0Minuten\" \/>\n<script type=\"application\/ld+json\" class=\"yoast-schema-graph\">{\"@context\":\"https:\/\/schema.org\",\"@graph\":[{\"@type\":\"WebPage\",\"@id\":\"https:\/\/fundecodes.org\/en\/refugio-nacional-de-vida-silvestre-camaronal\/\",\"url\":\"https:\/\/fundecodes.org\/en\/refugio-nacional-de-vida-silvestre-camaronal\/\",\"name\":\"Nationales Schutzgebiet Camaronal - FUNDECODES\",\"isPartOf\":{\"@id\":\"https:\/\/fundecodes.org\/#website\"},\"primaryImageOfPage\":{\"@id\":\"https:\/\/fundecodes.org\/en\/refugio-nacional-de-vida-silvestre-camaronal\/#primaryimage\"},\"image\":{\"@id\":\"https:\/\/fundecodes.org\/en\/refugio-nacional-de-vida-silvestre-camaronal\/#primaryimage\"},\"thumbnailUrl\":\"https:\/\/fundecodes.org\/wp-content\/uploads\/2021\/07\/525800_10150796550476244_74692617_n.jpg\",\"datePublished\":\"2018-03-13T02:24:15+00:00\",\"dateModified\":\"2021-07-09T15:59:04+00:00\",\"breadcrumb\":{\"@id\":\"https:\/\/fundecodes.org\/en\/refugio-nacional-de-vida-silvestre-camaronal\/#breadcrumb\"},\"inLanguage\":\"de\",\"potentialAction\":[{\"@type\":\"ReadAction\",\"target\":[\"https:\/\/fundecodes.org\/en\/refugio-nacional-de-vida-silvestre-camaronal\/\"]}]},{\"@type\":\"ImageObject\",\"inLanguage\":\"de\",\"@id\":\"https:\/\/fundecodes.org\/en\/refugio-nacional-de-vida-silvestre-camaronal\/#primaryimage\",\"url\":\"https:\/\/fundecodes.org\/wp-content\/uploads\/2021\/07\/525800_10150796550476244_74692617_n.jpg\",\"contentUrl\":\"https:\/\/fundecodes.org\/wp-content\/uploads\/2021\/07\/525800_10150796550476244_74692617_n.jpg\"},{\"@type\":\"BreadcrumbList\",\"@id\":\"https:\/\/fundecodes.org\/en\/refugio-nacional-de-vida-silvestre-camaronal\/#breadcrumb\",\"itemListElement\":[{\"@type\":\"ListItem\",\"position\":1,\"name\":\"Portada\",\"item\":\"https:\/\/fundecodes.org\/\"},{\"@type\":\"ListItem\",\"position\":2,\"name\":\"National Wildlife Refuge Camaronal\"}]},{\"@type\":\"WebSite\",\"@id\":\"https:\/\/fundecodes.org\/#website\",\"url\":\"https:\/\/fundecodes.org\/\",\"name\":\"FUNDECODES\",\"description\":\"Equilibrio entre Conservaci\u00f3n y Desarrollo\",\"publisher\":{\"@id\":\"https:\/\/fundecodes.org\/#organization\"},\"potentialAction\":[{\"@type\":\"SearchAction\",\"target\":{\"@type\":\"EntryPoint\",\"urlTemplate\":\"https:\/\/fundecodes.org\/?s={search_term_string}\"},\"query-input\":{\"@type\":\"PropertyValueSpecification\",\"valueRequired\":true,\"valueName\":\"search_term_string\"}}],\"inLanguage\":\"de\"},{\"@type\":\"Organization\",\"@id\":\"https:\/\/fundecodes.org\/#organization\",\"name\":\"FUNDECODES\",\"url\":\"https:\/\/fundecodes.org\/\",\"logo\":{\"@type\":\"ImageObject\",\"inLanguage\":\"de\",\"@id\":\"https:\/\/fundecodes.org\/#\/schema\/logo\/image\/\",\"url\":\"https:\/\/fundecodes.org\/wp-content\/uploads\/2021\/06\/cropped-FUNDECODES.png\",\"contentUrl\":\"https:\/\/fundecodes.org\/wp-content\/uploads\/2021\/06\/cropped-FUNDECODES.png\",\"width\":163,\"height\":50,\"caption\":\"FUNDECODES\"},\"image\":{\"@id\":\"https:\/\/fundecodes.org\/#\/schema\/logo\/image\/\"}}]}<\/script>\n<!-- \/ Yoast SEO plugin. -->","yoast_head_json":{"title":"Nationales Schutzgebiet Camaronal - FUNDECODES","robots":{"index":"index","follow":"follow","max-snippet":"max-snippet:-1","max-image-preview":"max-image-preview:large","max-video-preview":"max-video-preview:-1"},"canonical":"https:\/\/fundecodes.org\/en\/refugio-nacional-de-vida-silvestre-camaronal\/","og_locale":"de_DE","og_type":"article","og_title":"Nationales Schutzgebiet Camaronal - FUNDECODES","og_description":"Stelle: Das Wildlife Refuge befindet sich am Camaronal Strand auf der Nicoya Halbinsel (Costa Rica Nordk\u00fcste) 15 km vom Playa Samara entfernt.Read More","og_url":"https:\/\/fundecodes.org\/en\/refugio-nacional-de-vida-silvestre-camaronal\/","og_site_name":"FUNDECODES","article_modified_time":"2021-07-09T15:59:04+00:00","og_image":[{"url":"https:\/\/fundecodes.org\/wp-content\/uploads\/2021\/07\/525800_10150796550476244_74692617_n.jpg","type":"","width":"","height":""}],"twitter_card":"summary_large_image","twitter_misc":{"Gesch\u00e4tzte Lesezeit":"6\u00a0Minuten"},"schema":{"@context":"https:\/\/schema.org","@graph":[{"@type":"WebPage","@id":"https:\/\/fundecodes.org\/en\/refugio-nacional-de-vida-silvestre-camaronal\/","url":"https:\/\/fundecodes.org\/en\/refugio-nacional-de-vida-silvestre-camaronal\/","name":"Nationales Schutzgebiet Camaronal - FUNDECODES","isPartOf":{"@id":"https:\/\/fundecodes.org\/#website"},"primaryImageOfPage":{"@id":"https:\/\/fundecodes.org\/en\/refugio-nacional-de-vida-silvestre-camaronal\/#primaryimage"},"image":{"@id":"https:\/\/fundecodes.org\/en\/refugio-nacional-de-vida-silvestre-camaronal\/#primaryimage"},"thumbnailUrl":"https:\/\/fundecodes.org\/wp-content\/uploads\/2021\/07\/525800_10150796550476244_74692617_n.jpg","datePublished":"2018-03-13T02:24:15+00:00","dateModified":"2021-07-09T15:59:04+00:00","breadcrumb":{"@id":"https:\/\/fundecodes.org\/en\/refugio-nacional-de-vida-silvestre-camaronal\/#breadcrumb"},"inLanguage":"de","potentialAction":[{"@type":"ReadAction","target":["https:\/\/fundecodes.org\/en\/refugio-nacional-de-vida-silvestre-camaronal\/"]}]},{"@type":"ImageObject","inLanguage":"de","@id":"https:\/\/fundecodes.org\/en\/refugio-nacional-de-vida-silvestre-camaronal\/#primaryimage","url":"https:\/\/fundecodes.org\/wp-content\/uploads\/2021\/07\/525800_10150796550476244_74692617_n.jpg","contentUrl":"https:\/\/fundecodes.org\/wp-content\/uploads\/2021\/07\/525800_10150796550476244_74692617_n.jpg"},{"@type":"BreadcrumbList","@id":"https:\/\/fundecodes.org\/en\/refugio-nacional-de-vida-silvestre-camaronal\/#breadcrumb","itemListElement":[{"@type":"ListItem","position":1,"name":"Portada","item":"https:\/\/fundecodes.org\/"},{"@type":"ListItem","position":2,"name":"National Wildlife Refuge Camaronal"}]},{"@type":"WebSite","@id":"https:\/\/fundecodes.org\/#website","url":"https:\/\/fundecodes.org\/","name":"FUNDECODES","description":"Equilibrio entre Conservaci\u00f3n y Desarrollo","publisher":{"@id":"https:\/\/fundecodes.org\/#organization"},"potentialAction":[{"@type":"SearchAction","target":{"@type":"EntryPoint","urlTemplate":"https:\/\/fundecodes.org\/?s={search_term_string}"},"query-input":{"@type":"PropertyValueSpecification","valueRequired":true,"valueName":"search_term_string"}}],"inLanguage":"de"},{"@type":"Organization","@id":"https:\/\/fundecodes.org\/#organization","name":"FUNDECODES","url":"https:\/\/fundecodes.org\/","logo":{"@type":"ImageObject","inLanguage":"de","@id":"https:\/\/fundecodes.org\/#\/schema\/logo\/image\/","url":"https:\/\/fundecodes.org\/wp-content\/uploads\/2021\/06\/cropped-FUNDECODES.png","contentUrl":"https:\/\/fundecodes.org\/wp-content\/uploads\/2021\/06\/cropped-FUNDECODES.png","width":163,"height":50,"caption":"FUNDECODES"},"image":{"@id":"https:\/\/fundecodes.org\/#\/schema\/logo\/image\/"}}]}},"_links":{"self":[{"href":"https:\/\/fundecodes.org\/de\/wp-json\/wp\/v2\/pages\/129","targetHints":{"allow":["GET"]}}],"collection":[{"href":"https:\/\/fundecodes.org\/de\/wp-json\/wp\/v2\/pages"}],"about":[{"href":"https:\/\/fundecodes.org\/de\/wp-json\/wp\/v2\/types\/page"}],"author":[{"embeddable":true,"href":"https:\/\/fundecodes.org\/de\/wp-json\/wp\/v2\/users\/1"}],"replies":[{"embeddable":true,"href":"https:\/\/fundecodes.org\/de\/wp-json\/wp\/v2\/comments?post=129"}],"version-history":[{"count":5,"href":"https:\/\/fundecodes.org\/de\/wp-json\/wp\/v2\/pages\/129\/revisions"}],"predecessor-version":[{"id":970,"href":"https:\/\/fundecodes.org\/de\/wp-json\/wp\/v2\/pages\/129\/revisions\/970"}],"wp:attachment":[{"href":"https:\/\/fundecodes.org\/de\/wp-json\/wp\/v2\/media?parent=129"}],"curies":[{"name":"wp","href":"https:\/\/api.w.org\/{rel}","templated":true}]}}