{"id":131,"date":"2018-03-13T02:24:30","date_gmt":"2018-03-13T02:24:30","guid":{"rendered":"http:\/\/www.fundecodes.org\/?page_id=131"},"modified":"2021-07-09T09:45:25","modified_gmt":"2021-07-09T15:45:25","slug":"refugio-nacional-de-vida-silvestre-ostional","status":"publish","type":"page","link":"https:\/\/fundecodes.org\/de\/refugio-nacional-de-vida-silvestre-ostional\/","title":{"rendered":"Nationales Schutzgebiet Ostional"},"content":{"rendered":"<p><img decoding=\"async\" class=\"wp-image-809 aligncenter\" src=\"https:\/\/fundecodes.org\/wp-content\/uploads\/2021\/07\/20901410_1825246117786096_1018398364977157793_o-e1625175061844.png\" alt=\"\" width=\"169\" height=\"208\" srcset=\"https:\/\/fundecodes.org\/wp-content\/uploads\/2021\/07\/20901410_1825246117786096_1018398364977157793_o-e1625175061844.png 757w, https:\/\/fundecodes.org\/wp-content\/uploads\/2021\/07\/20901410_1825246117786096_1018398364977157793_o-e1625175061844-244x300.png 244w\" sizes=\"(max-width: 169px) 100vw, 169px\" \/><\/p>\n<p><strong><span style=\"text-align: center; font-size: 20px; font-weight: bold; color: #16466a;\">Stelle:<\/span><\/strong><\/p>\n<p style=\"text-align: justify; font-size: 17px; color: black;\">Das Wildlife Refugium befindet sich auf der Nicoya Halbinsel in den Grafschaften Santa Cruz und Nicoya Guanacaste im Nordwesten von Costa Rica, etwa 360 km von San Jose entfernt.<\/p>\n<p>&nbsp;<\/p>\n<p><span style=\"text-align: center; font-size: 20px; font-weight: bold; color: #16466a;\"><strong>Beschreibung:<\/strong><\/span><\/p>\n<p style=\"text-align: justify; font-size: 17px; color: black;\">Das nationale Wildschutzgebiet Ostional gilt als zweitwichtigster Nistplatz der Meeresschildkr\u00f6tenart Olive Ridley.<\/p>\n<p style=\"text-align: justify; font-size: 17px; color: black;\">Es hat eine Ausdehnung von 468 Hektar Land und 8.000 Hektar Land und umfasst einen 200 Meter breiten K\u00fcstenstreifen mit Mangroven, der von Punta India bis Punta Dashes (16 Km) reicht.<\/p>\n<p style=\"text-align: justify; font-size: 17px; color: black;\">Einige der relevanten Flora umfasst Arten von Mangroven und anderen einheimischen Arten wie Pochote, Espavel, Cenizaro und Lorbeer. Diese dienen als Nistpl\u00e4tze f\u00fcr viele Vogelarten. Das repr\u00e4sentativste Tier der Zuflucht ist die Ridley-Schildkr\u00f6te, aber auch die Lederschildkr\u00f6ten und die Schwarzmeerschildkr\u00f6te laichen in der Gegend. Dar\u00fcber hinaus finden Sie Wildtiere wie Waschb\u00e4ren, Hirsche, Waldst\u00f6rche, Rosenreiher, Sperber, Krokodile und Flederm\u00e4use.<\/p>\n<p>&nbsp;<\/p>\n<p><strong><span style=\"text-align: center; font-size: 20px; font-weight: bold; color: #16466a;\">Freiwillige Aktionen:<\/span><\/strong><\/p>\n<p style=\"text-align: justify; font-size: 17px; color: black;\">Freiwillige k\u00f6nnen sich an den Bem\u00fchungen beteiligen, Ressourcen in den entsprechenden Reserven zu verwalten und zu erhalten:<\/p>\n<ul>\n<li>\n<p style=\"text-align: justify; font-size: 17px; color: black;\">Wartung von Anlagen und Gr\u00fcnfl\u00e4chen.<\/p>\n<\/li>\n<li>\n<p style=\"text-align: justify; font-size: 17px; color: black;\">Zusammenarbeit in der Forschung.<\/p>\n<\/li>\n<li>\n<p style=\"text-align: justify; font-size: 17px; color: black;\">\u00dcberwachung und \u00dcberwachung von Projekten.<\/p>\n<\/li>\n<li>\n<p style=\"text-align: justify; font-size: 17px; color: black;\">Computergest\u00fctzte Arbeit.<\/p>\n<\/li>\n<li>\n<p style=\"text-align: justify; font-size: 17px; color: black;\">Strandaufr\u00e4umungskampagnen.<\/p>\n<\/li>\n<li>\n<p style=\"text-align: justify; font-size: 17px; color: black;\">Gelegentliche Aufforstungskampagnen.<\/p>\n<\/li>\n<li>\n<p style=\"text-align: justify; font-size: 17px; color: black;\">Unterhaltsarbeiten und Umwelterziehung in Schulen.<\/p>\n<\/li>\n<li>\n<p style=\"text-align: justify; font-size: 17px; color: black;\">Sammlung und Trennung von Abf\u00e4llen.<\/p>\n<\/li>\n<\/ul>\n<p>&nbsp;<\/p>\n<p><strong><span style=\"text-align: center; font-size: 20px; font-weight: bold; color: #16466a;\">Dienstleistungen und Einrichtungen:<\/span><\/strong><\/p>\n<p style=\"text-align: justify; font-size: 17px; color: black;\">Das Haus der Freiwilligen hat zwei R\u00e4ume mit je drei Kojen f\u00fcr eine Kapazit\u00e4t von sechs Personen. Das Haus ist mit Toiletten und Duschen ausgestattet. Das B\u00fcro der Refuge verf\u00fcgt \u00fcber einige Tische und einen Essbereich mit Kabelfernsehen und drahtlosem Internet. Es gibt auch ein Telefon, das nur mit einer Telefonkarte funktioniert und das Waschen Ihrer T\u00fccher kann von Hand in einem f\u00fcr diesen Zweck verf\u00fcgbaren Stapel gemacht werden.<\/p>\n<p>&nbsp;<\/p>\nngg_shortcode_2_placeholder\n<p><div id=\"lmm_c1b62367\" style=\"width:640px;\" class=\"mapsmarker markermap marker-4\">\n<div id=\"lmm_panel_c1b62367\" class=\"lmm-panel\" style=\"background:#efefef;\">\n<div id=\"lmm_panel_api_c1b62367\" class=\"lmm-panel-api\"><a href=\"https:\/\/maps.google.com\/maps?daddr=9.968259,-85.701599&amp;t=m&amp;layer=1&amp;doflg=ptk&amp;om=0\" target=\"_blank\" title=\"Wegbeschreibung berechnen\"><img decoding=\"async\" alt=\"icon-car.png\" src=\"https:\/\/fundecodes.org\/wp-content\/plugins\/leaflet-maps-marker\/inc\/img\/icon-car.png\" width=\"14\" height=\"14\" class=\"lmm-panel-api-images\" \/><\/a><\/div><div id=\"lmm_panel_text_c1b62367\" class=\"lmm-panel-text\" style=\"font-weight:bold;color:#373737;\">Refugio Nacional de Vida Silvestre Ostional<\/div><\/div>\n<div id=\"lmm_map_c1b62367\" class=\"lmm-map\" style=\"background:#f6f6f6;border:1px solid #ccc;height:480px; overflow:hidden;padding:0;\"><p style=\"font-size:80%;color:#9f9e9e;margin-left:5px;\">Karte wird geladen - bitte warten...<noscript><br\/><strong>Karte konnte nicht geladen werden - bitte aktivieren Sie Javascript!<\/strong><br\/><a style=\"text-decoration:none;\" href=\"https:\/\/www.mapsmarker.com\/js-disabled\" target=\"_blank\">&rarr; Weitere Informationen<\/a><\/noscript><\/p><\/div>\n<div id=\"lmm_geo_tags_c1b62367\" class=\"lmm-geo-tags geo\">\n<span class=\"paneltext\">Refugio Nacional de Vida Silvestre Ostional<\/span>\n<span class=\"latitude\">9.968259<\/span>, <span class=\"longitude\">-85.701599<\/span>\n<span class=\"popuptext\"><\/span>\n<\/div>\n<\/div><\/p>","protected":false},"excerpt":{"rendered":"<p>Stelle: Das Wildlife Refugium befindet sich auf der Nicoya Halbinsel in den Grafschaften Santa Cruz und Nicoya Guanacaste im Nordwesten von Costa<\/p>\n<p class=\"link-more\"><a class=\"myButt \" href=\"https:\/\/fundecodes.org\/de\/refugio-nacional-de-vida-silvestre-ostional\/\">Read More<\/a><\/p>\n","protected":false},"author":1,"featured_media":0,"parent":0,"menu_order":0,"comment_status":"closed","ping_status":"closed","template":"","meta":{"ngg_post_thumbnail":0,"footnotes":""},"class_list":["post-131","page","type-page","status-publish","hentry"],"yoast_head":"<!-- This site is optimized with the Yoast SEO plugin v27.2 - https:\/\/yoast.com\/product\/yoast-seo-wordpress\/ -->\n<title>Nationales Schutzgebiet Ostional - FUNDECODES<\/title>\n<meta name=\"robots\" content=\"index, follow, max-snippet:-1, max-image-preview:large, max-video-preview:-1\" \/>\n<link rel=\"canonical\" href=\"https:\/\/fundecodes.org\/en\/refugio-nacional-de-vida-silvestre-ostional\/\" \/>\n<meta property=\"og:locale\" content=\"de_DE\" \/>\n<meta property=\"og:type\" content=\"article\" \/>\n<meta property=\"og:title\" content=\"Nationales Schutzgebiet Ostional - FUNDECODES\" \/>\n<meta property=\"og:description\" content=\"Stelle: Das Wildlife Refugium befindet sich auf der Nicoya Halbinsel in den Grafschaften Santa Cruz und Nicoya Guanacaste im Nordwesten von CostaRead More\" \/>\n<meta property=\"og:url\" content=\"https:\/\/fundecodes.org\/en\/refugio-nacional-de-vida-silvestre-ostional\/\" \/>\n<meta property=\"og:site_name\" content=\"FUNDECODES\" \/>\n<meta property=\"article:modified_time\" content=\"2021-07-09T15:45:25+00:00\" \/>\n<meta property=\"og:image\" content=\"https:\/\/fundecodes.org\/wp-content\/uploads\/2021\/07\/20901410_1825246117786096_1018398364977157793_o-e1625175061844.png\" \/>\n<meta name=\"twitter:card\" content=\"summary_large_image\" \/>\n<meta name=\"twitter:label1\" content=\"Gesch\u00e4tzte Lesezeit\" \/>\n\t<meta name=\"twitter:data1\" content=\"6\u00a0Minuten\" \/>\n<script type=\"application\/ld+json\" class=\"yoast-schema-graph\">{\"@context\":\"https:\/\/schema.org\",\"@graph\":[{\"@type\":\"WebPage\",\"@id\":\"https:\/\/fundecodes.org\/en\/refugio-nacional-de-vida-silvestre-ostional\/\",\"url\":\"https:\/\/fundecodes.org\/en\/refugio-nacional-de-vida-silvestre-ostional\/\",\"name\":\"Nationales Schutzgebiet Ostional - FUNDECODES\",\"isPartOf\":{\"@id\":\"https:\/\/fundecodes.org\/#website\"},\"primaryImageOfPage\":{\"@id\":\"https:\/\/fundecodes.org\/en\/refugio-nacional-de-vida-silvestre-ostional\/#primaryimage\"},\"image\":{\"@id\":\"https:\/\/fundecodes.org\/en\/refugio-nacional-de-vida-silvestre-ostional\/#primaryimage\"},\"thumbnailUrl\":\"https:\/\/fundecodes.org\/wp-content\/uploads\/2021\/07\/20901410_1825246117786096_1018398364977157793_o-e1625175061844.png\",\"datePublished\":\"2018-03-13T02:24:30+00:00\",\"dateModified\":\"2021-07-09T15:45:25+00:00\",\"breadcrumb\":{\"@id\":\"https:\/\/fundecodes.org\/en\/refugio-nacional-de-vida-silvestre-ostional\/#breadcrumb\"},\"inLanguage\":\"de\",\"potentialAction\":[{\"@type\":\"ReadAction\",\"target\":[\"https:\/\/fundecodes.org\/en\/refugio-nacional-de-vida-silvestre-ostional\/\"]}]},{\"@type\":\"ImageObject\",\"inLanguage\":\"de\",\"@id\":\"https:\/\/fundecodes.org\/en\/refugio-nacional-de-vida-silvestre-ostional\/#primaryimage\",\"url\":\"https:\/\/fundecodes.org\/wp-content\/uploads\/2021\/07\/20901410_1825246117786096_1018398364977157793_o-e1625175061844.png\",\"contentUrl\":\"https:\/\/fundecodes.org\/wp-content\/uploads\/2021\/07\/20901410_1825246117786096_1018398364977157793_o-e1625175061844.png\"},{\"@type\":\"BreadcrumbList\",\"@id\":\"https:\/\/fundecodes.org\/en\/refugio-nacional-de-vida-silvestre-ostional\/#breadcrumb\",\"itemListElement\":[{\"@type\":\"ListItem\",\"position\":1,\"name\":\"Portada\",\"item\":\"https:\/\/fundecodes.org\/\"},{\"@type\":\"ListItem\",\"position\":2,\"name\":\"National Wildlife Refuge Ostional\"}]},{\"@type\":\"WebSite\",\"@id\":\"https:\/\/fundecodes.org\/#website\",\"url\":\"https:\/\/fundecodes.org\/\",\"name\":\"FUNDECODES\",\"description\":\"Equilibrio entre Conservaci\u00f3n y Desarrollo\",\"publisher\":{\"@id\":\"https:\/\/fundecodes.org\/#organization\"},\"potentialAction\":[{\"@type\":\"SearchAction\",\"target\":{\"@type\":\"EntryPoint\",\"urlTemplate\":\"https:\/\/fundecodes.org\/?s={search_term_string}\"},\"query-input\":{\"@type\":\"PropertyValueSpecification\",\"valueRequired\":true,\"valueName\":\"search_term_string\"}}],\"inLanguage\":\"de\"},{\"@type\":\"Organization\",\"@id\":\"https:\/\/fundecodes.org\/#organization\",\"name\":\"FUNDECODES\",\"url\":\"https:\/\/fundecodes.org\/\",\"logo\":{\"@type\":\"ImageObject\",\"inLanguage\":\"de\",\"@id\":\"https:\/\/fundecodes.org\/#\/schema\/logo\/image\/\",\"url\":\"https:\/\/fundecodes.org\/wp-content\/uploads\/2021\/06\/cropped-FUNDECODES.png\",\"contentUrl\":\"https:\/\/fundecodes.org\/wp-content\/uploads\/2021\/06\/cropped-FUNDECODES.png\",\"width\":163,\"height\":50,\"caption\":\"FUNDECODES\"},\"image\":{\"@id\":\"https:\/\/fundecodes.org\/#\/schema\/logo\/image\/\"}}]}<\/script>\n<!-- \/ Yoast SEO plugin. -->","yoast_head_json":{"title":"Nationales Schutzgebiet Ostional - FUNDECODES","robots":{"index":"index","follow":"follow","max-snippet":"max-snippet:-1","max-image-preview":"max-image-preview:large","max-video-preview":"max-video-preview:-1"},"canonical":"https:\/\/fundecodes.org\/en\/refugio-nacional-de-vida-silvestre-ostional\/","og_locale":"de_DE","og_type":"article","og_title":"Nationales Schutzgebiet Ostional - FUNDECODES","og_description":"Stelle: Das Wildlife Refugium befindet sich auf der Nicoya Halbinsel in den Grafschaften Santa Cruz und Nicoya Guanacaste im Nordwesten von CostaRead More","og_url":"https:\/\/fundecodes.org\/en\/refugio-nacional-de-vida-silvestre-ostional\/","og_site_name":"FUNDECODES","article_modified_time":"2021-07-09T15:45:25+00:00","og_image":[{"url":"https:\/\/fundecodes.org\/wp-content\/uploads\/2021\/07\/20901410_1825246117786096_1018398364977157793_o-e1625175061844.png","type":"","width":"","height":""}],"twitter_card":"summary_large_image","twitter_misc":{"Gesch\u00e4tzte Lesezeit":"6\u00a0Minuten"},"schema":{"@context":"https:\/\/schema.org","@graph":[{"@type":"WebPage","@id":"https:\/\/fundecodes.org\/en\/refugio-nacional-de-vida-silvestre-ostional\/","url":"https:\/\/fundecodes.org\/en\/refugio-nacional-de-vida-silvestre-ostional\/","name":"Nationales Schutzgebiet Ostional - FUNDECODES","isPartOf":{"@id":"https:\/\/fundecodes.org\/#website"},"primaryImageOfPage":{"@id":"https:\/\/fundecodes.org\/en\/refugio-nacional-de-vida-silvestre-ostional\/#primaryimage"},"image":{"@id":"https:\/\/fundecodes.org\/en\/refugio-nacional-de-vida-silvestre-ostional\/#primaryimage"},"thumbnailUrl":"https:\/\/fundecodes.org\/wp-content\/uploads\/2021\/07\/20901410_1825246117786096_1018398364977157793_o-e1625175061844.png","datePublished":"2018-03-13T02:24:30+00:00","dateModified":"2021-07-09T15:45:25+00:00","breadcrumb":{"@id":"https:\/\/fundecodes.org\/en\/refugio-nacional-de-vida-silvestre-ostional\/#breadcrumb"},"inLanguage":"de","potentialAction":[{"@type":"ReadAction","target":["https:\/\/fundecodes.org\/en\/refugio-nacional-de-vida-silvestre-ostional\/"]}]},{"@type":"ImageObject","inLanguage":"de","@id":"https:\/\/fundecodes.org\/en\/refugio-nacional-de-vida-silvestre-ostional\/#primaryimage","url":"https:\/\/fundecodes.org\/wp-content\/uploads\/2021\/07\/20901410_1825246117786096_1018398364977157793_o-e1625175061844.png","contentUrl":"https:\/\/fundecodes.org\/wp-content\/uploads\/2021\/07\/20901410_1825246117786096_1018398364977157793_o-e1625175061844.png"},{"@type":"BreadcrumbList","@id":"https:\/\/fundecodes.org\/en\/refugio-nacional-de-vida-silvestre-ostional\/#breadcrumb","itemListElement":[{"@type":"ListItem","position":1,"name":"Portada","item":"https:\/\/fundecodes.org\/"},{"@type":"ListItem","position":2,"name":"National Wildlife Refuge Ostional"}]},{"@type":"WebSite","@id":"https:\/\/fundecodes.org\/#website","url":"https:\/\/fundecodes.org\/","name":"FUNDECODES","description":"Equilibrio entre Conservaci\u00f3n y Desarrollo","publisher":{"@id":"https:\/\/fundecodes.org\/#organization"},"potentialAction":[{"@type":"SearchAction","target":{"@type":"EntryPoint","urlTemplate":"https:\/\/fundecodes.org\/?s={search_term_string}"},"query-input":{"@type":"PropertyValueSpecification","valueRequired":true,"valueName":"search_term_string"}}],"inLanguage":"de"},{"@type":"Organization","@id":"https:\/\/fundecodes.org\/#organization","name":"FUNDECODES","url":"https:\/\/fundecodes.org\/","logo":{"@type":"ImageObject","inLanguage":"de","@id":"https:\/\/fundecodes.org\/#\/schema\/logo\/image\/","url":"https:\/\/fundecodes.org\/wp-content\/uploads\/2021\/06\/cropped-FUNDECODES.png","contentUrl":"https:\/\/fundecodes.org\/wp-content\/uploads\/2021\/06\/cropped-FUNDECODES.png","width":163,"height":50,"caption":"FUNDECODES"},"image":{"@id":"https:\/\/fundecodes.org\/#\/schema\/logo\/image\/"}}]}},"_links":{"self":[{"href":"https:\/\/fundecodes.org\/de\/wp-json\/wp\/v2\/pages\/131","targetHints":{"allow":["GET"]}}],"collection":[{"href":"https:\/\/fundecodes.org\/de\/wp-json\/wp\/v2\/pages"}],"about":[{"href":"https:\/\/fundecodes.org\/de\/wp-json\/wp\/v2\/types\/page"}],"author":[{"embeddable":true,"href":"https:\/\/fundecodes.org\/de\/wp-json\/wp\/v2\/users\/1"}],"replies":[{"embeddable":true,"href":"https:\/\/fundecodes.org\/de\/wp-json\/wp\/v2\/comments?post=131"}],"version-history":[{"count":2,"href":"https:\/\/fundecodes.org\/de\/wp-json\/wp\/v2\/pages\/131\/revisions"}],"predecessor-version":[{"id":969,"href":"https:\/\/fundecodes.org\/de\/wp-json\/wp\/v2\/pages\/131\/revisions\/969"}],"wp:attachment":[{"href":"https:\/\/fundecodes.org\/de\/wp-json\/wp\/v2\/media?parent=131"}],"curies":[{"name":"wp","href":"https:\/\/api.w.org\/{rel}","templated":true}]}}