{"id":133,"date":"2018-03-13T02:25:05","date_gmt":"2018-03-13T02:25:05","guid":{"rendered":"http:\/\/www.fundecodes.org\/?page_id=133"},"modified":"2021-07-09T09:36:04","modified_gmt":"2021-07-09T15:36:04","slug":"reserva-natural-absoluta-cabo-blanco","status":"publish","type":"page","link":"https:\/\/fundecodes.org\/de\/reserva-natural-absoluta-cabo-blanco\/","title":{"rendered":"Absolutes Naturschutzgebiet Cabo Blanco"},"content":{"rendered":"<p><img fetchpriority=\"high\" decoding=\"async\" class=\"size-medium wp-image-797 aligncenter\" src=\"https:\/\/fundecodes.org\/wp-content\/uploads\/2021\/07\/1560743_712416982124210_374385855_n-242x300.jpg\" alt=\"\" width=\"242\" height=\"300\" srcset=\"https:\/\/fundecodes.org\/wp-content\/uploads\/2021\/07\/1560743_712416982124210_374385855_n-242x300.jpg 242w, https:\/\/fundecodes.org\/wp-content\/uploads\/2021\/07\/1560743_712416982124210_374385855_n.jpg 737w\" sizes=\"(max-width: 242px) 100vw, 242px\" \/><\/p>\n<p><span style=\"text-align: center; font-size: 20px; font-weight: bold; color: #16466a;\"><strong>Stelle:<\/strong><\/span><\/p>\n<p style=\"text-align: justify; font-size: 17px; color: black;\">Es liegt am s\u00fcdlichen Ende der Nicoya-Halbinsel in der Provinz Puntarenas und grenzt an seinem westlichen Rand an den Pazifischen Ozean und an seinem \u00f6stlichen Rand an den Golf von Nicoya.<\/p>\n<p>&nbsp;<\/p>\n<p><strong><span style=\"text-align: center; font-size: 20px; font-weight: bold; color: #16466a;\">Beschreibung:<\/span><\/strong><\/p>\n<p style=\"text-align: justify; font-size: 17px; color: black;\">Das absolute Naturschutzgebiet Cabo Blanco zeichnet sich durch die Sch\u00f6nheit seiner Landschaft aus, die sich aus dicht bedeckten Bergen und reichen Meeres\u00f6kosystemen an den K\u00fcsten zusammensetzt. Es ist ein fast unerforschtes biologisches Gebiet von gro\u00dfer Bedeutung. Im Cabo Blanco Reservat gibt es eine Vielzahl von touristischen und p\u00e4dagogischen Attraktionen sowie Forschungsm\u00f6glichkeiten. Einige davon sind:<\/p>\n<ul>\n<li>\n<p style=\"text-align: justify; font-size: 16px; color: black;\">Cabo Blanco Strand.<\/p>\n<\/li>\n<li>\n<p style=\"text-align: justify; font-size: 16px; color: black;\">Schwedischer und D\u00e4nischer Pfad.<\/p>\n<\/li>\n<li>\n<p style=\"text-align: justify; font-size: 16px; color: black;\">Insel Cabo Blanco.<\/p>\n<\/li>\n<li>\n<p style=\"text-align: justify; font-size: 16px; color: black;\">Marine K\u00fcstenlandschaft &#8211; sehr abwechslungsreich.<\/p>\n<\/li>\n<li>\n<p style=\"text-align: justify; font-size: 16px; color: black;\">Prim\u00e4rwald mit bemerkenswerten B\u00e4umen.<\/p>\n<\/li>\n<li>\n<p style=\"text-align: justify; font-size: 16px; color: black;\">Sekund\u00e4rwald in der nat\u00fcrlichen Regeneration.<\/p>\n<\/li>\n<li>\n<p style=\"text-align: justify; font-size: 16px; color: black;\">Vielfalt der Flora und Fauna.<\/p>\n<\/li>\n<\/ul>\n<p>&nbsp;<\/p>\n<p><strong><span style=\"text-align: center; font-size: 20px; font-weight: bold; color: #16466a;\">Freiwillige Aktionen:<\/span><\/strong><\/p>\n<p style=\"text-align: justify; font-size: 17px; color: black;\">Sie k\u00f6nnen sich an ehrenamtlichen Bem\u00fchungen zur Erhaltung und Verwaltung der Ressourcen in den entsprechenden Reservaten beteiligen: Instandhaltung, Tourismus, Forschung und Umweltbildung.<\/p>\n<ul>\n<li>\n<p style=\"text-align: justify; font-size: 16px; color: black;\">Reinigung und Verbesserung der Infrastruktur von Wegen, Br\u00fccken, der biologischen Station und des Parkplatzes.<\/p>\n<\/li>\n<li>\n<p style=\"text-align: justify; font-size: 16px; color: black;\">Wartung von Anlagen und Gr\u00fcnfl\u00e4chen.<\/p>\n<\/li>\n<li>\n<p style=\"text-align: justify; font-size: 16px; color: black;\">Strandaufr\u00e4umungskampagnen.<\/p>\n<\/li>\n<li>\n<p style=\"text-align: justify; font-size: 16px; color: black;\">Forschungskooperation.<\/p>\n<\/li>\n<li>\n<p style=\"text-align: justify; font-size: 16px; color: black;\">Gelegentliche Wiederaufforstung.<\/p>\n<\/li>\n<li>\n<p style=\"text-align: justify; font-size: 16px; color: black;\">Umweltbildung in Schulen.<\/p>\n<\/li>\n<li>\n<p style=\"text-align: justify; font-size: 16px; color: black;\">Sammlung und Trennung von Abf\u00e4llen.<\/p>\n<\/li>\n<li>\n<p style=\"text-align: justify; font-size: 16px; color: black;\">Aufmerksamkeit, F\u00fchrung und Kontrolle der Besucher.<\/p>\n<\/li>\n<li>\n<p style=\"text-align: justify; font-size: 16px; color: black;\">Umsetzungsimplementierung<\/p>\n<\/li>\n<li>\n<p style=\"text-align: justify; font-size: 16px; color: black;\">\u00dcberwachung und \u00dcberwachung in Projekten.<\/p>\n<\/li>\n<li>\n<p style=\"text-align: justify; font-size: 16px; color: black;\">Computergest\u00fctzte Arbeit.<\/p>\n<\/li>\n<li>\n<p style=\"text-align: justify; font-size: 16px; color: black;\">Entwicklung von Bildungs- und Outreach-Materialien.<\/p>\n<\/li>\n<\/ul>\n<p>&nbsp;<\/p>\n<p><strong><span style=\"text-align: center; font-size: 20px; font-weight: bold; color: #16466a;\">Dienstleistungen und Einrichtungen:<\/span><\/strong><\/p>\n<p style=\"text-align: justify; font-size: 17px; color: black;\">Es gibt ein Haus f\u00fcr die Freiwilligen mit sechs Zimmern. Vier Zimmer sind mit zwei Kojen f\u00fcr insgesamt vier Personen ausgestattet und es gibt zwei Zimmer mit drei Kojen f\u00fcr jeweils sechs Personen. Vom Haus hat man einen herrlichen Blick auf das Meer, besonders am Morgen. Einrichtungen im Haus geh\u00f6ren Duschen, Toiletten, Trinkwasser, eine Waschmaschine, Ruhebereiche und Sat-TV.<\/p>\n<p>&nbsp;<\/p>\n<div class=\"aigpl-shortcode-preview\">\n<p>&nbsp;<\/p>\n<div class=\"aigpl-shortcode-preview\">ngg_shortcode_2_placeholder<\/div>\n<p>&nbsp;<\/p>\n<div id=\"lmm_87f0fd74\" style=\"width:640px;\" class=\"mapsmarker markermap marker-3\">\n<div id=\"lmm_panel_87f0fd74\" class=\"lmm-panel\" style=\"background:#efefef;\">\n<div id=\"lmm_panel_api_87f0fd74\" class=\"lmm-panel-api\"><a href=\"https:\/\/maps.google.com\/maps?daddr=9.563215,-85.106964&amp;t=m&amp;layer=1&amp;doflg=ptk&amp;om=0\" target=\"_blank\" title=\"Wegbeschreibung berechnen\"><img decoding=\"async\" alt=\"icon-car.png\" src=\"https:\/\/fundecodes.org\/wp-content\/plugins\/leaflet-maps-marker\/inc\/img\/icon-car.png\" width=\"14\" height=\"14\" class=\"lmm-panel-api-images\" \/><\/a><\/div><div id=\"lmm_panel_text_87f0fd74\" class=\"lmm-panel-text\" style=\"font-weight:bold;color:#373737;\">Reserva Natural Absoluta Cabo Blanco<\/div><\/div>\n<div id=\"lmm_map_87f0fd74\" class=\"lmm-map\" style=\"background:#f6f6f6;border:1px solid #ccc;height:480px; overflow:hidden;padding:0;\"><p style=\"font-size:80%;color:#9f9e9e;margin-left:5px;\">Karte wird geladen - bitte warten...<noscript><br\/><strong>Karte konnte nicht geladen werden - bitte aktivieren Sie Javascript!<\/strong><br\/><a style=\"text-decoration:none;\" href=\"https:\/\/www.mapsmarker.com\/js-disabled\" target=\"_blank\">&rarr; Weitere Informationen<\/a><\/noscript><\/p><\/div>\n<div id=\"lmm_geo_tags_87f0fd74\" class=\"lmm-geo-tags geo\">\n<span class=\"paneltext\">Reserva Natural Absoluta Cabo Blanco<\/span>\n<span class=\"latitude\">9.563215<\/span>, <span class=\"longitude\">-85.106964<\/span>\n<span class=\"popuptext\"><\/span>\n<\/div>\n<\/div>\n<\/div>\n<p><\/p>","protected":false},"excerpt":{"rendered":"<p>Stelle: Es liegt am s\u00fcdlichen Ende der Nicoya-Halbinsel in der Provinz Puntarenas und grenzt an seinem westlichen Rand an den Pazifischen Ozean<\/p>\n<p class=\"link-more\"><a class=\"myButt \" href=\"https:\/\/fundecodes.org\/de\/reserva-natural-absoluta-cabo-blanco\/\">Read More<\/a><\/p>\n","protected":false},"author":1,"featured_media":0,"parent":0,"menu_order":0,"comment_status":"closed","ping_status":"closed","template":"","meta":{"ngg_post_thumbnail":0,"footnotes":""},"class_list":["post-133","page","type-page","status-publish","hentry"],"yoast_head":"<!-- This site is optimized with the Yoast SEO plugin v27.2 - https:\/\/yoast.com\/product\/yoast-seo-wordpress\/ -->\n<title>Absolutes Naturschutzgebiet Cabo Blanco - FUNDECODES<\/title>\n<meta name=\"robots\" content=\"index, follow, max-snippet:-1, max-image-preview:large, max-video-preview:-1\" \/>\n<link rel=\"canonical\" href=\"https:\/\/fundecodes.org\/reserva-natural-absoluta-cabo-blanco\/\" \/>\n<meta property=\"og:locale\" content=\"de_DE\" \/>\n<meta property=\"og:type\" content=\"article\" \/>\n<meta property=\"og:title\" content=\"Absolutes Naturschutzgebiet Cabo Blanco - FUNDECODES\" \/>\n<meta property=\"og:description\" content=\"Stelle: Es liegt am s\u00fcdlichen Ende der Nicoya-Halbinsel in der Provinz Puntarenas und grenzt an seinem westlichen Rand an den Pazifischen OzeanRead More\" \/>\n<meta property=\"og:url\" content=\"https:\/\/fundecodes.org\/reserva-natural-absoluta-cabo-blanco\/\" \/>\n<meta property=\"og:site_name\" content=\"FUNDECODES\" \/>\n<meta property=\"article:modified_time\" content=\"2021-07-09T15:36:04+00:00\" \/>\n<meta property=\"og:image\" content=\"https:\/\/fundecodes.org\/wp-content\/uploads\/2021\/07\/1560743_712416982124210_374385855_n-242x300.jpg\" \/>\n<meta name=\"twitter:card\" content=\"summary_large_image\" \/>\n<meta name=\"twitter:label1\" content=\"Gesch\u00e4tzte Lesezeit\" \/>\n\t<meta name=\"twitter:data1\" content=\"6\u00a0Minuten\" \/>\n<script type=\"application\/ld+json\" class=\"yoast-schema-graph\">{\"@context\":\"https:\/\/schema.org\",\"@graph\":[{\"@type\":\"WebPage\",\"@id\":\"https:\/\/fundecodes.org\/reserva-natural-absoluta-cabo-blanco\/\",\"url\":\"https:\/\/fundecodes.org\/reserva-natural-absoluta-cabo-blanco\/\",\"name\":\"Absolutes Naturschutzgebiet Cabo Blanco - FUNDECODES\",\"isPartOf\":{\"@id\":\"https:\/\/fundecodes.org\/#website\"},\"primaryImageOfPage\":{\"@id\":\"https:\/\/fundecodes.org\/reserva-natural-absoluta-cabo-blanco\/#primaryimage\"},\"image\":{\"@id\":\"https:\/\/fundecodes.org\/reserva-natural-absoluta-cabo-blanco\/#primaryimage\"},\"thumbnailUrl\":\"https:\/\/fundecodes.org\/wp-content\/uploads\/2021\/07\/1560743_712416982124210_374385855_n-242x300.jpg\",\"datePublished\":\"2018-03-13T02:25:05+00:00\",\"dateModified\":\"2021-07-09T15:36:04+00:00\",\"breadcrumb\":{\"@id\":\"https:\/\/fundecodes.org\/reserva-natural-absoluta-cabo-blanco\/#breadcrumb\"},\"inLanguage\":\"de\",\"potentialAction\":[{\"@type\":\"ReadAction\",\"target\":[\"https:\/\/fundecodes.org\/reserva-natural-absoluta-cabo-blanco\/\"]}]},{\"@type\":\"ImageObject\",\"inLanguage\":\"de\",\"@id\":\"https:\/\/fundecodes.org\/reserva-natural-absoluta-cabo-blanco\/#primaryimage\",\"url\":\"https:\/\/fundecodes.org\/wp-content\/uploads\/2021\/07\/1560743_712416982124210_374385855_n-242x300.jpg\",\"contentUrl\":\"https:\/\/fundecodes.org\/wp-content\/uploads\/2021\/07\/1560743_712416982124210_374385855_n-242x300.jpg\"},{\"@type\":\"BreadcrumbList\",\"@id\":\"https:\/\/fundecodes.org\/reserva-natural-absoluta-cabo-blanco\/#breadcrumb\",\"itemListElement\":[{\"@type\":\"ListItem\",\"position\":1,\"name\":\"Portada\",\"item\":\"https:\/\/fundecodes.org\/\"},{\"@type\":\"ListItem\",\"position\":2,\"name\":\"Reserva Natural Absoluta Cabo Blanco\"}]},{\"@type\":\"WebSite\",\"@id\":\"https:\/\/fundecodes.org\/#website\",\"url\":\"https:\/\/fundecodes.org\/\",\"name\":\"FUNDECODES\",\"description\":\"Equilibrio entre Conservaci\u00f3n y Desarrollo\",\"publisher\":{\"@id\":\"https:\/\/fundecodes.org\/#organization\"},\"potentialAction\":[{\"@type\":\"SearchAction\",\"target\":{\"@type\":\"EntryPoint\",\"urlTemplate\":\"https:\/\/fundecodes.org\/?s={search_term_string}\"},\"query-input\":{\"@type\":\"PropertyValueSpecification\",\"valueRequired\":true,\"valueName\":\"search_term_string\"}}],\"inLanguage\":\"de\"},{\"@type\":\"Organization\",\"@id\":\"https:\/\/fundecodes.org\/#organization\",\"name\":\"FUNDECODES\",\"url\":\"https:\/\/fundecodes.org\/\",\"logo\":{\"@type\":\"ImageObject\",\"inLanguage\":\"de\",\"@id\":\"https:\/\/fundecodes.org\/#\/schema\/logo\/image\/\",\"url\":\"https:\/\/fundecodes.org\/wp-content\/uploads\/2021\/06\/cropped-FUNDECODES.png\",\"contentUrl\":\"https:\/\/fundecodes.org\/wp-content\/uploads\/2021\/06\/cropped-FUNDECODES.png\",\"width\":163,\"height\":50,\"caption\":\"FUNDECODES\"},\"image\":{\"@id\":\"https:\/\/fundecodes.org\/#\/schema\/logo\/image\/\"}}]}<\/script>\n<!-- \/ Yoast SEO plugin. -->","yoast_head_json":{"title":"Absolutes Naturschutzgebiet Cabo Blanco - FUNDECODES","robots":{"index":"index","follow":"follow","max-snippet":"max-snippet:-1","max-image-preview":"max-image-preview:large","max-video-preview":"max-video-preview:-1"},"canonical":"https:\/\/fundecodes.org\/reserva-natural-absoluta-cabo-blanco\/","og_locale":"de_DE","og_type":"article","og_title":"Absolutes Naturschutzgebiet Cabo Blanco - FUNDECODES","og_description":"Stelle: Es liegt am s\u00fcdlichen Ende der Nicoya-Halbinsel in der Provinz Puntarenas und grenzt an seinem westlichen Rand an den Pazifischen OzeanRead More","og_url":"https:\/\/fundecodes.org\/reserva-natural-absoluta-cabo-blanco\/","og_site_name":"FUNDECODES","article_modified_time":"2021-07-09T15:36:04+00:00","og_image":[{"url":"https:\/\/fundecodes.org\/wp-content\/uploads\/2021\/07\/1560743_712416982124210_374385855_n-242x300.jpg","type":"","width":"","height":""}],"twitter_card":"summary_large_image","twitter_misc":{"Gesch\u00e4tzte Lesezeit":"6\u00a0Minuten"},"schema":{"@context":"https:\/\/schema.org","@graph":[{"@type":"WebPage","@id":"https:\/\/fundecodes.org\/reserva-natural-absoluta-cabo-blanco\/","url":"https:\/\/fundecodes.org\/reserva-natural-absoluta-cabo-blanco\/","name":"Absolutes Naturschutzgebiet Cabo Blanco - FUNDECODES","isPartOf":{"@id":"https:\/\/fundecodes.org\/#website"},"primaryImageOfPage":{"@id":"https:\/\/fundecodes.org\/reserva-natural-absoluta-cabo-blanco\/#primaryimage"},"image":{"@id":"https:\/\/fundecodes.org\/reserva-natural-absoluta-cabo-blanco\/#primaryimage"},"thumbnailUrl":"https:\/\/fundecodes.org\/wp-content\/uploads\/2021\/07\/1560743_712416982124210_374385855_n-242x300.jpg","datePublished":"2018-03-13T02:25:05+00:00","dateModified":"2021-07-09T15:36:04+00:00","breadcrumb":{"@id":"https:\/\/fundecodes.org\/reserva-natural-absoluta-cabo-blanco\/#breadcrumb"},"inLanguage":"de","potentialAction":[{"@type":"ReadAction","target":["https:\/\/fundecodes.org\/reserva-natural-absoluta-cabo-blanco\/"]}]},{"@type":"ImageObject","inLanguage":"de","@id":"https:\/\/fundecodes.org\/reserva-natural-absoluta-cabo-blanco\/#primaryimage","url":"https:\/\/fundecodes.org\/wp-content\/uploads\/2021\/07\/1560743_712416982124210_374385855_n-242x300.jpg","contentUrl":"https:\/\/fundecodes.org\/wp-content\/uploads\/2021\/07\/1560743_712416982124210_374385855_n-242x300.jpg"},{"@type":"BreadcrumbList","@id":"https:\/\/fundecodes.org\/reserva-natural-absoluta-cabo-blanco\/#breadcrumb","itemListElement":[{"@type":"ListItem","position":1,"name":"Portada","item":"https:\/\/fundecodes.org\/"},{"@type":"ListItem","position":2,"name":"Reserva Natural Absoluta Cabo Blanco"}]},{"@type":"WebSite","@id":"https:\/\/fundecodes.org\/#website","url":"https:\/\/fundecodes.org\/","name":"FUNDECODES","description":"Equilibrio entre Conservaci\u00f3n y Desarrollo","publisher":{"@id":"https:\/\/fundecodes.org\/#organization"},"potentialAction":[{"@type":"SearchAction","target":{"@type":"EntryPoint","urlTemplate":"https:\/\/fundecodes.org\/?s={search_term_string}"},"query-input":{"@type":"PropertyValueSpecification","valueRequired":true,"valueName":"search_term_string"}}],"inLanguage":"de"},{"@type":"Organization","@id":"https:\/\/fundecodes.org\/#organization","name":"FUNDECODES","url":"https:\/\/fundecodes.org\/","logo":{"@type":"ImageObject","inLanguage":"de","@id":"https:\/\/fundecodes.org\/#\/schema\/logo\/image\/","url":"https:\/\/fundecodes.org\/wp-content\/uploads\/2021\/06\/cropped-FUNDECODES.png","contentUrl":"https:\/\/fundecodes.org\/wp-content\/uploads\/2021\/06\/cropped-FUNDECODES.png","width":163,"height":50,"caption":"FUNDECODES"},"image":{"@id":"https:\/\/fundecodes.org\/#\/schema\/logo\/image\/"}}]}},"_links":{"self":[{"href":"https:\/\/fundecodes.org\/de\/wp-json\/wp\/v2\/pages\/133","targetHints":{"allow":["GET"]}}],"collection":[{"href":"https:\/\/fundecodes.org\/de\/wp-json\/wp\/v2\/pages"}],"about":[{"href":"https:\/\/fundecodes.org\/de\/wp-json\/wp\/v2\/types\/page"}],"author":[{"embeddable":true,"href":"https:\/\/fundecodes.org\/de\/wp-json\/wp\/v2\/users\/1"}],"replies":[{"embeddable":true,"href":"https:\/\/fundecodes.org\/de\/wp-json\/wp\/v2\/comments?post=133"}],"version-history":[{"count":3,"href":"https:\/\/fundecodes.org\/de\/wp-json\/wp\/v2\/pages\/133\/revisions"}],"predecessor-version":[{"id":968,"href":"https:\/\/fundecodes.org\/de\/wp-json\/wp\/v2\/pages\/133\/revisions\/968"}],"wp:attachment":[{"href":"https:\/\/fundecodes.org\/de\/wp-json\/wp\/v2\/media?parent=133"}],"curies":[{"name":"wp","href":"https:\/\/api.w.org\/{rel}","templated":true}]}}