{"id":135,"date":"2018-03-13T02:26:09","date_gmt":"2018-03-13T02:26:09","guid":{"rendered":"http:\/\/www.fundecodes.org\/?page_id=135"},"modified":"2021-07-09T09:22:41","modified_gmt":"2021-07-09T15:22:41","slug":"parque-nacional-marino-las-baulas","status":"publish","type":"page","link":"https:\/\/fundecodes.org\/de\/parque-nacional-marino-las-baulas\/","title":{"rendered":"Marine National Park Las Baulas"},"content":{"rendered":"<p><img fetchpriority=\"high\" decoding=\"async\" class=\"size-medium wp-image-751 aligncenter\" src=\"https:\/\/fundecodes.org\/wp-content\/uploads\/2021\/06\/261957_500624083319459_1548771972_n-300x300.png\" alt=\"\" width=\"300\" height=\"300\" srcset=\"https:\/\/fundecodes.org\/wp-content\/uploads\/2021\/06\/261957_500624083319459_1548771972_n-300x300.png 300w, https:\/\/fundecodes.org\/wp-content\/uploads\/2021\/06\/261957_500624083319459_1548771972_n-150x150.png 150w, https:\/\/fundecodes.org\/wp-content\/uploads\/2021\/06\/261957_500624083319459_1548771972_n.png 312w\" sizes=\"(max-width: 300px) 100vw, 300px\" \/><\/p>\n<p><span style=\"text-align: center; font-size: 20px; font-weight: bold; color: #16466a;\"><strong>Stelle:<\/strong><\/span><\/p>\n<p style=\"text-align: justify; font-size: 17px; color: black;\">Das Hotel liegt in der Bucht von Tamarindo im Kanton Santa Cruz, in den Bezirken Cabo Velas und Tamarindo.<\/p>\n<p><strong><span style=\"text-align: center; font-size: 20px; font-weight: bold; color: #16466a;\">Beschreibung:<\/span><\/strong><\/p>\n<p style=\"text-align: justify; font-size: 17px; color: black;\">Der Nationale Marinepark Las Baulas ist einer der wichtigsten Nistpl\u00e4tze f\u00fcr die Baula oder Laud Meeresschildkr\u00f6te (Dermochelys Coriacea) im Land, sowie andere Meeresschildkr\u00f6ten.<\/p>\n<p style=\"text-align: justify; font-size: 17px; color: black;\">Dieser Park sch\u00fctzt mehrere Feuchtgebiete, darunter die Tamarindo-M\u00fcndung, die eine Ramsar-Stelle und H\u00fcgel von biologischer Bedeutung ist, in denen Sie verschiedene Mengen an V\u00f6geln, Mollusken, Krustentieren, Fischen und einer umfangreichen Flora des costa-ricanischen Trockenwaldes sehen k\u00f6nnen Sein ausgedehnter Strand Es bietet eine einzigartige landschaftliche Sch\u00f6nheit in der Gegend, vor allem f\u00fcr Surfer.<\/p>\n<p><span style=\"text-align: center; font-size: 20px; font-weight: bold; color: #16466a;\"><strong>Freiwilligenarbeit:<\/strong><\/span><\/p>\n<p style=\"text-align: justify; font-size: 17px; color: black;\">Freiwillige k\u00f6nnen an folgenden Aktivit\u00e4ten teilnehmen: Verwaltung und Erhaltung der Ressourcen im Reservat in Bezug auf:<\/p>\n<ul>\n<li>\n<p style=\"text-align: justify; font-size: 16px; color: black;\">Wartung von Anlagen und Gr\u00fcnfl\u00e4chen.<\/p>\n<\/li>\n<li>\n<p style=\"text-align: justify; font-size: 16px; color: black;\">Strandaufr\u00e4umungs-Kampagnen.<\/p>\n<\/li>\n<li>\n<p style=\"text-align: justify; font-size: 16px; color: black;\">Tourismus, Aufmerksamkeit, Kontrolle und Orientierung der Besucher.<\/p>\n<\/li>\n<li>\n<p style=\"text-align: justify; font-size: 16px; color: black;\">Zusammenarbeit bei Ermittlungen, \u00dcberwachung und \u00dcberwachung von Projekten.<\/p>\n<\/li>\n<li>\n<p style=\"text-align: justify; font-size: 16px; color: black;\">Entwicklung von Lehrmaterial und Verbreitung.<\/p>\n<\/li>\n<li>\n<p style=\"text-align: justify; font-size: 16px; color: black;\">M\u00fcllsammlung und -trennung.<\/p>\n<\/li>\n<\/ul>\n<p>&nbsp;<\/p>\n<div class=\"aigpl-shortcode-preview\">&nbsp;<\/div>\n<div>ngg_shortcode_2_placeholder<\/div>\n<div>&nbsp;<\/div>\n<p>&nbsp;<\/p>\n<div>\n<div id=\"lmm_e4d28312\" style=\"width:640px;\" class=\"mapsmarker markermap marker-1\">\n<div id=\"lmm_panel_e4d28312\" class=\"lmm-panel\" style=\"background:#efefef;\">\n<div id=\"lmm_panel_api_e4d28312\" class=\"lmm-panel-api\"><a href=\"https:\/\/maps.google.com\/maps?daddr=https%3A%2F%2Fwww.google.co.cr%2Fmaps%2Fplace%2FParque%2BNacional%2BMarino%2BLas%2BBaulas%2F%4010.3354749%2C-85.8472417%2C15z%2Fdata%3D%214m5%213m4%211s0x0%3A0x7c1769fb764d0c39%218m2%213d10.3354749%214d-85.8472417&amp;t=m&amp;layer=1&amp;doflg=ptk&amp;om=0\" target=\"_blank\" title=\"Wegbeschreibung berechnen\"><img decoding=\"async\" alt=\"icon-car.png\" src=\"https:\/\/fundecodes.org\/wp-content\/plugins\/leaflet-maps-marker\/inc\/img\/icon-car.png\" width=\"14\" height=\"14\" class=\"lmm-panel-api-images\" \/><\/a><\/div><div id=\"lmm_panel_text_e4d28312\" class=\"lmm-panel-text\" style=\"font-weight:bold;color:#373737;\">Parque Nacional Marino Las Baulas<\/div><\/div>\n<div id=\"lmm_map_e4d28312\" class=\"lmm-map\" style=\"background:#f6f6f6;border:1px solid #ccc;height:480px; overflow:hidden;padding:0;\"><p style=\"font-size:80%;color:#9f9e9e;margin-left:5px;\">Karte wird geladen - bitte warten...<noscript><br\/><strong>Karte konnte nicht geladen werden - bitte aktivieren Sie Javascript!<\/strong><br\/><a style=\"text-decoration:none;\" href=\"https:\/\/www.mapsmarker.com\/js-disabled\" target=\"_blank\">&rarr; Weitere Informationen<\/a><\/noscript><\/p><\/div>\n<div id=\"lmm_geo_tags_e4d28312\" class=\"lmm-geo-tags geo\">\n<span class=\"paneltext\">Parque Nacional Marino Las Baulas<\/span>\n<span class=\"latitude\">10.321084<\/span>, <span class=\"longitude\">-85.910339<\/span>\n<span class=\"popuptext\"><\/span>\n<\/div>\n<\/div>\n<\/div>\n<p><\/p>","protected":false},"excerpt":{"rendered":"<p>Stelle: Das Hotel liegt in der Bucht von Tamarindo im Kanton Santa Cruz, in den Bezirken Cabo Velas und Tamarindo. Beschreibung: Der<\/p>\n<p class=\"link-more\"><a class=\"myButt \" href=\"https:\/\/fundecodes.org\/de\/parque-nacional-marino-las-baulas\/\">Read More<\/a><\/p>\n","protected":false},"author":1,"featured_media":0,"parent":0,"menu_order":0,"comment_status":"closed","ping_status":"closed","template":"","meta":{"ngg_post_thumbnail":0,"footnotes":""},"class_list":["post-135","page","type-page","status-publish","hentry"],"yoast_head":"<!-- This site is optimized with the Yoast SEO plugin v27.2 - https:\/\/yoast.com\/product\/yoast-seo-wordpress\/ -->\n<title>Marine National Park Las Baulas - FUNDECODES<\/title>\n<meta name=\"robots\" content=\"index, follow, max-snippet:-1, max-image-preview:large, max-video-preview:-1\" \/>\n<link rel=\"canonical\" href=\"https:\/\/fundecodes.org\/en\/parque-nacional-marino-las-baulas\/\" \/>\n<meta property=\"og:locale\" content=\"de_DE\" \/>\n<meta property=\"og:type\" content=\"article\" \/>\n<meta property=\"og:title\" content=\"Marine National Park Las Baulas - FUNDECODES\" \/>\n<meta property=\"og:description\" content=\"Stelle: Das Hotel liegt in der Bucht von Tamarindo im Kanton Santa Cruz, in den Bezirken Cabo Velas und Tamarindo. Beschreibung: DerRead More\" \/>\n<meta property=\"og:url\" content=\"https:\/\/fundecodes.org\/en\/parque-nacional-marino-las-baulas\/\" \/>\n<meta property=\"og:site_name\" content=\"FUNDECODES\" \/>\n<meta property=\"article:modified_time\" content=\"2021-07-09T15:22:41+00:00\" \/>\n<meta property=\"og:image\" content=\"https:\/\/fundecodes.org\/wp-content\/uploads\/2021\/06\/261957_500624083319459_1548771972_n-300x300.png\" \/>\n<meta name=\"twitter:card\" content=\"summary_large_image\" \/>\n<meta name=\"twitter:label1\" content=\"Gesch\u00e4tzte Lesezeit\" \/>\n\t<meta name=\"twitter:data1\" content=\"4\u00a0Minuten\" \/>\n<script type=\"application\/ld+json\" class=\"yoast-schema-graph\">{\"@context\":\"https:\/\/schema.org\",\"@graph\":[{\"@type\":\"WebPage\",\"@id\":\"https:\/\/fundecodes.org\/en\/parque-nacional-marino-las-baulas\/\",\"url\":\"https:\/\/fundecodes.org\/en\/parque-nacional-marino-las-baulas\/\",\"name\":\"Marine National Park Las Baulas - FUNDECODES\",\"isPartOf\":{\"@id\":\"https:\/\/fundecodes.org\/#website\"},\"primaryImageOfPage\":{\"@id\":\"https:\/\/fundecodes.org\/en\/parque-nacional-marino-las-baulas\/#primaryimage\"},\"image\":{\"@id\":\"https:\/\/fundecodes.org\/en\/parque-nacional-marino-las-baulas\/#primaryimage\"},\"thumbnailUrl\":\"https:\/\/fundecodes.org\/wp-content\/uploads\/2021\/06\/261957_500624083319459_1548771972_n-300x300.png\",\"datePublished\":\"2018-03-13T02:26:09+00:00\",\"dateModified\":\"2021-07-09T15:22:41+00:00\",\"breadcrumb\":{\"@id\":\"https:\/\/fundecodes.org\/en\/parque-nacional-marino-las-baulas\/#breadcrumb\"},\"inLanguage\":\"de\",\"potentialAction\":[{\"@type\":\"ReadAction\",\"target\":[\"https:\/\/fundecodes.org\/en\/parque-nacional-marino-las-baulas\/\"]}]},{\"@type\":\"ImageObject\",\"inLanguage\":\"de\",\"@id\":\"https:\/\/fundecodes.org\/en\/parque-nacional-marino-las-baulas\/#primaryimage\",\"url\":\"https:\/\/fundecodes.org\/wp-content\/uploads\/2021\/06\/261957_500624083319459_1548771972_n-300x300.png\",\"contentUrl\":\"https:\/\/fundecodes.org\/wp-content\/uploads\/2021\/06\/261957_500624083319459_1548771972_n-300x300.png\"},{\"@type\":\"BreadcrumbList\",\"@id\":\"https:\/\/fundecodes.org\/en\/parque-nacional-marino-las-baulas\/#breadcrumb\",\"itemListElement\":[{\"@type\":\"ListItem\",\"position\":1,\"name\":\"Portada\",\"item\":\"https:\/\/fundecodes.org\/\"},{\"@type\":\"ListItem\",\"position\":2,\"name\":\"Marine National Park Las Baulas\"}]},{\"@type\":\"WebSite\",\"@id\":\"https:\/\/fundecodes.org\/#website\",\"url\":\"https:\/\/fundecodes.org\/\",\"name\":\"FUNDECODES\",\"description\":\"Equilibrio entre Conservaci\u00f3n y Desarrollo\",\"publisher\":{\"@id\":\"https:\/\/fundecodes.org\/#organization\"},\"potentialAction\":[{\"@type\":\"SearchAction\",\"target\":{\"@type\":\"EntryPoint\",\"urlTemplate\":\"https:\/\/fundecodes.org\/?s={search_term_string}\"},\"query-input\":{\"@type\":\"PropertyValueSpecification\",\"valueRequired\":true,\"valueName\":\"search_term_string\"}}],\"inLanguage\":\"de\"},{\"@type\":\"Organization\",\"@id\":\"https:\/\/fundecodes.org\/#organization\",\"name\":\"FUNDECODES\",\"url\":\"https:\/\/fundecodes.org\/\",\"logo\":{\"@type\":\"ImageObject\",\"inLanguage\":\"de\",\"@id\":\"https:\/\/fundecodes.org\/#\/schema\/logo\/image\/\",\"url\":\"https:\/\/fundecodes.org\/wp-content\/uploads\/2021\/06\/cropped-FUNDECODES.png\",\"contentUrl\":\"https:\/\/fundecodes.org\/wp-content\/uploads\/2021\/06\/cropped-FUNDECODES.png\",\"width\":163,\"height\":50,\"caption\":\"FUNDECODES\"},\"image\":{\"@id\":\"https:\/\/fundecodes.org\/#\/schema\/logo\/image\/\"}}]}<\/script>\n<!-- \/ Yoast SEO plugin. -->","yoast_head_json":{"title":"Marine National Park Las Baulas - FUNDECODES","robots":{"index":"index","follow":"follow","max-snippet":"max-snippet:-1","max-image-preview":"max-image-preview:large","max-video-preview":"max-video-preview:-1"},"canonical":"https:\/\/fundecodes.org\/en\/parque-nacional-marino-las-baulas\/","og_locale":"de_DE","og_type":"article","og_title":"Marine National Park Las Baulas - FUNDECODES","og_description":"Stelle: Das Hotel liegt in der Bucht von Tamarindo im Kanton Santa Cruz, in den Bezirken Cabo Velas und Tamarindo. Beschreibung: DerRead More","og_url":"https:\/\/fundecodes.org\/en\/parque-nacional-marino-las-baulas\/","og_site_name":"FUNDECODES","article_modified_time":"2021-07-09T15:22:41+00:00","og_image":[{"url":"https:\/\/fundecodes.org\/wp-content\/uploads\/2021\/06\/261957_500624083319459_1548771972_n-300x300.png","type":"","width":"","height":""}],"twitter_card":"summary_large_image","twitter_misc":{"Gesch\u00e4tzte Lesezeit":"4\u00a0Minuten"},"schema":{"@context":"https:\/\/schema.org","@graph":[{"@type":"WebPage","@id":"https:\/\/fundecodes.org\/en\/parque-nacional-marino-las-baulas\/","url":"https:\/\/fundecodes.org\/en\/parque-nacional-marino-las-baulas\/","name":"Marine National Park Las Baulas - FUNDECODES","isPartOf":{"@id":"https:\/\/fundecodes.org\/#website"},"primaryImageOfPage":{"@id":"https:\/\/fundecodes.org\/en\/parque-nacional-marino-las-baulas\/#primaryimage"},"image":{"@id":"https:\/\/fundecodes.org\/en\/parque-nacional-marino-las-baulas\/#primaryimage"},"thumbnailUrl":"https:\/\/fundecodes.org\/wp-content\/uploads\/2021\/06\/261957_500624083319459_1548771972_n-300x300.png","datePublished":"2018-03-13T02:26:09+00:00","dateModified":"2021-07-09T15:22:41+00:00","breadcrumb":{"@id":"https:\/\/fundecodes.org\/en\/parque-nacional-marino-las-baulas\/#breadcrumb"},"inLanguage":"de","potentialAction":[{"@type":"ReadAction","target":["https:\/\/fundecodes.org\/en\/parque-nacional-marino-las-baulas\/"]}]},{"@type":"ImageObject","inLanguage":"de","@id":"https:\/\/fundecodes.org\/en\/parque-nacional-marino-las-baulas\/#primaryimage","url":"https:\/\/fundecodes.org\/wp-content\/uploads\/2021\/06\/261957_500624083319459_1548771972_n-300x300.png","contentUrl":"https:\/\/fundecodes.org\/wp-content\/uploads\/2021\/06\/261957_500624083319459_1548771972_n-300x300.png"},{"@type":"BreadcrumbList","@id":"https:\/\/fundecodes.org\/en\/parque-nacional-marino-las-baulas\/#breadcrumb","itemListElement":[{"@type":"ListItem","position":1,"name":"Portada","item":"https:\/\/fundecodes.org\/"},{"@type":"ListItem","position":2,"name":"Marine National Park Las Baulas"}]},{"@type":"WebSite","@id":"https:\/\/fundecodes.org\/#website","url":"https:\/\/fundecodes.org\/","name":"FUNDECODES","description":"Equilibrio entre Conservaci\u00f3n y Desarrollo","publisher":{"@id":"https:\/\/fundecodes.org\/#organization"},"potentialAction":[{"@type":"SearchAction","target":{"@type":"EntryPoint","urlTemplate":"https:\/\/fundecodes.org\/?s={search_term_string}"},"query-input":{"@type":"PropertyValueSpecification","valueRequired":true,"valueName":"search_term_string"}}],"inLanguage":"de"},{"@type":"Organization","@id":"https:\/\/fundecodes.org\/#organization","name":"FUNDECODES","url":"https:\/\/fundecodes.org\/","logo":{"@type":"ImageObject","inLanguage":"de","@id":"https:\/\/fundecodes.org\/#\/schema\/logo\/image\/","url":"https:\/\/fundecodes.org\/wp-content\/uploads\/2021\/06\/cropped-FUNDECODES.png","contentUrl":"https:\/\/fundecodes.org\/wp-content\/uploads\/2021\/06\/cropped-FUNDECODES.png","width":163,"height":50,"caption":"FUNDECODES"},"image":{"@id":"https:\/\/fundecodes.org\/#\/schema\/logo\/image\/"}}]}},"_links":{"self":[{"href":"https:\/\/fundecodes.org\/de\/wp-json\/wp\/v2\/pages\/135","targetHints":{"allow":["GET"]}}],"collection":[{"href":"https:\/\/fundecodes.org\/de\/wp-json\/wp\/v2\/pages"}],"about":[{"href":"https:\/\/fundecodes.org\/de\/wp-json\/wp\/v2\/types\/page"}],"author":[{"embeddable":true,"href":"https:\/\/fundecodes.org\/de\/wp-json\/wp\/v2\/users\/1"}],"replies":[{"embeddable":true,"href":"https:\/\/fundecodes.org\/de\/wp-json\/wp\/v2\/comments?post=135"}],"version-history":[{"count":7,"href":"https:\/\/fundecodes.org\/de\/wp-json\/wp\/v2\/pages\/135\/revisions"}],"predecessor-version":[{"id":965,"href":"https:\/\/fundecodes.org\/de\/wp-json\/wp\/v2\/pages\/135\/revisions\/965"}],"wp:attachment":[{"href":"https:\/\/fundecodes.org\/de\/wp-json\/wp\/v2\/media?parent=135"}],"curies":[{"name":"wp","href":"https:\/\/api.w.org\/{rel}","templated":true}]}}