{"id":1495,"date":"2024-05-26T12:04:33","date_gmt":"2024-05-26T18:04:33","guid":{"rendered":"https:\/\/fundecodes.org\/?page_id=1495"},"modified":"2025-09-07T19:44:35","modified_gmt":"2025-09-08T01:44:35","slug":"convenio-de-cooperacion-hoteles","status":"publish","type":"page","link":"https:\/\/fundecodes.org\/de\/convenio-de-cooperacion-hoteles\/","title":{"rendered":"Convenio de cooperaci\u00f3n Hoteles"},"content":{"rendered":"<p class=\"qtranxs-available-languages-message qtranxs-available-languages-message-de\">Leider ist der Eintrag nur auf <a href=\"https:\/\/fundecodes.org\/es\/wp-json\/wp\/v2\/pages\/1495\" class=\"qtranxs-available-language-link qtranxs-available-language-link-es\" title=\"Espa\u00f1ol\">Espa\u00f1ol<\/a> verf\u00fcgbar.<\/p>","protected":false},"excerpt":{"rendered":"<p>Leider ist der Eintrag nur auf Espa\u00f1ol verf\u00fcgbar.<\/p>\n","protected":false},"author":1,"featured_media":0,"parent":0,"menu_order":0,"comment_status":"closed","ping_status":"closed","template":"","meta":{"ngg_post_thumbnail":0,"footnotes":""},"class_list":["post-1495","page","type-page","status-publish","hentry"],"yoast_head":"<!-- This site is optimized with the Yoast SEO plugin v27.2 - https:\/\/yoast.com\/product\/yoast-seo-wordpress\/ -->\n<title>Convenio de cooperaci\u00f3n Hoteles - FUNDECODES<\/title>\n<meta name=\"robots\" content=\"index, follow, max-snippet:-1, max-image-preview:large, max-video-preview:-1\" \/>\n<link rel=\"canonical\" href=\"https:\/\/fundecodes.org\/convenio-de-cooperacion-hoteles\/\" \/>\n<meta property=\"og:locale\" content=\"de_DE\" \/>\n<meta property=\"og:type\" content=\"article\" \/>\n<meta property=\"og:title\" content=\"Convenio de cooperaci\u00f3n Hoteles - FUNDECODES\" \/>\n<meta property=\"og:description\" content=\"Leider ist der Eintrag nur auf Espa\u00f1ol verf\u00fcgbar.\" \/>\n<meta property=\"og:url\" content=\"https:\/\/fundecodes.org\/convenio-de-cooperacion-hoteles\/\" \/>\n<meta property=\"og:site_name\" content=\"FUNDECODES\" \/>\n<meta property=\"article:modified_time\" content=\"2025-09-08T01:44:35+00:00\" \/>\n<meta property=\"og:image\" content=\"https:\/\/fundecodes.org\/wp-content\/uploads\/2024\/05\/hoteles-1.jpg\" \/>\n\t<meta property=\"og:image:width\" content=\"1152\" \/>\n\t<meta property=\"og:image:height\" content=\"864\" \/>\n\t<meta property=\"og:image:type\" content=\"image\/jpeg\" \/>\n<meta name=\"twitter:card\" content=\"summary_large_image\" \/>\n<meta name=\"twitter:label1\" content=\"Gesch\u00e4tzte Lesezeit\" \/>\n\t<meta name=\"twitter:data1\" content=\"7\u00a0Minuten\" \/>\n<script type=\"application\/ld+json\" class=\"yoast-schema-graph\">{\"@context\":\"https:\/\/schema.org\",\"@graph\":[{\"@type\":\"WebPage\",\"@id\":\"https:\/\/fundecodes.org\/convenio-de-cooperacion-hoteles\/\",\"url\":\"https:\/\/fundecodes.org\/convenio-de-cooperacion-hoteles\/\",\"name\":\"Convenio de cooperaci\u00f3n Hoteles - FUNDECODES\",\"isPartOf\":{\"@id\":\"https:\/\/fundecodes.org\/#website\"},\"primaryImageOfPage\":{\"@id\":\"https:\/\/fundecodes.org\/convenio-de-cooperacion-hoteles\/#primaryimage\"},\"image\":{\"@id\":\"https:\/\/fundecodes.org\/convenio-de-cooperacion-hoteles\/#primaryimage\"},\"thumbnailUrl\":\"https:\/\/fundecodes.org\/wp-content\/uploads\/2024\/05\/hoteles-1.jpg\",\"datePublished\":\"2024-05-26T18:04:33+00:00\",\"dateModified\":\"2025-09-08T01:44:35+00:00\",\"breadcrumb\":{\"@id\":\"https:\/\/fundecodes.org\/convenio-de-cooperacion-hoteles\/#breadcrumb\"},\"inLanguage\":\"de\",\"potentialAction\":[{\"@type\":\"ReadAction\",\"target\":[\"https:\/\/fundecodes.org\/convenio-de-cooperacion-hoteles\/\"]}]},{\"@type\":\"ImageObject\",\"inLanguage\":\"de\",\"@id\":\"https:\/\/fundecodes.org\/convenio-de-cooperacion-hoteles\/#primaryimage\",\"url\":\"https:\/\/fundecodes.org\/wp-content\/uploads\/2024\/05\/hoteles-1.jpg\",\"contentUrl\":\"https:\/\/fundecodes.org\/wp-content\/uploads\/2024\/05\/hoteles-1.jpg\"},{\"@type\":\"BreadcrumbList\",\"@id\":\"https:\/\/fundecodes.org\/convenio-de-cooperacion-hoteles\/#breadcrumb\",\"itemListElement\":[{\"@type\":\"ListItem\",\"position\":1,\"name\":\"Portada\",\"item\":\"https:\/\/fundecodes.org\/\"},{\"@type\":\"ListItem\",\"position\":2,\"name\":\"Convenio de cooperaci\u00f3n Hoteles\"}]},{\"@type\":\"WebSite\",\"@id\":\"https:\/\/fundecodes.org\/#website\",\"url\":\"https:\/\/fundecodes.org\/\",\"name\":\"FUNDECODES\",\"description\":\"Equilibrio entre Conservaci\u00f3n y Desarrollo\",\"publisher\":{\"@id\":\"https:\/\/fundecodes.org\/#organization\"},\"potentialAction\":[{\"@type\":\"SearchAction\",\"target\":{\"@type\":\"EntryPoint\",\"urlTemplate\":\"https:\/\/fundecodes.org\/?s={search_term_string}\"},\"query-input\":{\"@type\":\"PropertyValueSpecification\",\"valueRequired\":true,\"valueName\":\"search_term_string\"}}],\"inLanguage\":\"de\"},{\"@type\":\"Organization\",\"@id\":\"https:\/\/fundecodes.org\/#organization\",\"name\":\"FUNDECODES\",\"url\":\"https:\/\/fundecodes.org\/\",\"logo\":{\"@type\":\"ImageObject\",\"inLanguage\":\"de\",\"@id\":\"https:\/\/fundecodes.org\/#\/schema\/logo\/image\/\",\"url\":\"https:\/\/fundecodes.org\/wp-content\/uploads\/2021\/06\/cropped-FUNDECODES.png\",\"contentUrl\":\"https:\/\/fundecodes.org\/wp-content\/uploads\/2021\/06\/cropped-FUNDECODES.png\",\"width\":163,\"height\":50,\"caption\":\"FUNDECODES\"},\"image\":{\"@id\":\"https:\/\/fundecodes.org\/#\/schema\/logo\/image\/\"}}]}<\/script>\n<!-- \/ Yoast SEO plugin. -->","yoast_head_json":{"title":"Convenio de cooperaci\u00f3n Hoteles - FUNDECODES","robots":{"index":"index","follow":"follow","max-snippet":"max-snippet:-1","max-image-preview":"max-image-preview:large","max-video-preview":"max-video-preview:-1"},"canonical":"https:\/\/fundecodes.org\/convenio-de-cooperacion-hoteles\/","og_locale":"de_DE","og_type":"article","og_title":"Convenio de cooperaci\u00f3n Hoteles - FUNDECODES","og_description":"Leider ist der Eintrag nur auf Espa\u00f1ol verf\u00fcgbar.","og_url":"https:\/\/fundecodes.org\/convenio-de-cooperacion-hoteles\/","og_site_name":"FUNDECODES","article_modified_time":"2025-09-08T01:44:35+00:00","og_image":[{"width":1152,"height":864,"url":"https:\/\/fundecodes.org\/wp-content\/uploads\/2024\/05\/hoteles-1.jpg","type":"image\/jpeg"}],"twitter_card":"summary_large_image","twitter_misc":{"Gesch\u00e4tzte Lesezeit":"7\u00a0Minuten"},"schema":{"@context":"https:\/\/schema.org","@graph":[{"@type":"WebPage","@id":"https:\/\/fundecodes.org\/convenio-de-cooperacion-hoteles\/","url":"https:\/\/fundecodes.org\/convenio-de-cooperacion-hoteles\/","name":"Convenio de cooperaci\u00f3n Hoteles - FUNDECODES","isPartOf":{"@id":"https:\/\/fundecodes.org\/#website"},"primaryImageOfPage":{"@id":"https:\/\/fundecodes.org\/convenio-de-cooperacion-hoteles\/#primaryimage"},"image":{"@id":"https:\/\/fundecodes.org\/convenio-de-cooperacion-hoteles\/#primaryimage"},"thumbnailUrl":"https:\/\/fundecodes.org\/wp-content\/uploads\/2024\/05\/hoteles-1.jpg","datePublished":"2024-05-26T18:04:33+00:00","dateModified":"2025-09-08T01:44:35+00:00","breadcrumb":{"@id":"https:\/\/fundecodes.org\/convenio-de-cooperacion-hoteles\/#breadcrumb"},"inLanguage":"de","potentialAction":[{"@type":"ReadAction","target":["https:\/\/fundecodes.org\/convenio-de-cooperacion-hoteles\/"]}]},{"@type":"ImageObject","inLanguage":"de","@id":"https:\/\/fundecodes.org\/convenio-de-cooperacion-hoteles\/#primaryimage","url":"https:\/\/fundecodes.org\/wp-content\/uploads\/2024\/05\/hoteles-1.jpg","contentUrl":"https:\/\/fundecodes.org\/wp-content\/uploads\/2024\/05\/hoteles-1.jpg"},{"@type":"BreadcrumbList","@id":"https:\/\/fundecodes.org\/convenio-de-cooperacion-hoteles\/#breadcrumb","itemListElement":[{"@type":"ListItem","position":1,"name":"Portada","item":"https:\/\/fundecodes.org\/"},{"@type":"ListItem","position":2,"name":"Convenio de cooperaci\u00f3n Hoteles"}]},{"@type":"WebSite","@id":"https:\/\/fundecodes.org\/#website","url":"https:\/\/fundecodes.org\/","name":"FUNDECODES","description":"Equilibrio entre Conservaci\u00f3n y Desarrollo","publisher":{"@id":"https:\/\/fundecodes.org\/#organization"},"potentialAction":[{"@type":"SearchAction","target":{"@type":"EntryPoint","urlTemplate":"https:\/\/fundecodes.org\/?s={search_term_string}"},"query-input":{"@type":"PropertyValueSpecification","valueRequired":true,"valueName":"search_term_string"}}],"inLanguage":"de"},{"@type":"Organization","@id":"https:\/\/fundecodes.org\/#organization","name":"FUNDECODES","url":"https:\/\/fundecodes.org\/","logo":{"@type":"ImageObject","inLanguage":"de","@id":"https:\/\/fundecodes.org\/#\/schema\/logo\/image\/","url":"https:\/\/fundecodes.org\/wp-content\/uploads\/2021\/06\/cropped-FUNDECODES.png","contentUrl":"https:\/\/fundecodes.org\/wp-content\/uploads\/2021\/06\/cropped-FUNDECODES.png","width":163,"height":50,"caption":"FUNDECODES"},"image":{"@id":"https:\/\/fundecodes.org\/#\/schema\/logo\/image\/"}}]}},"_links":{"self":[{"href":"https:\/\/fundecodes.org\/de\/wp-json\/wp\/v2\/pages\/1495","targetHints":{"allow":["GET"]}}],"collection":[{"href":"https:\/\/fundecodes.org\/de\/wp-json\/wp\/v2\/pages"}],"about":[{"href":"https:\/\/fundecodes.org\/de\/wp-json\/wp\/v2\/types\/page"}],"author":[{"embeddable":true,"href":"https:\/\/fundecodes.org\/de\/wp-json\/wp\/v2\/users\/1"}],"replies":[{"embeddable":true,"href":"https:\/\/fundecodes.org\/de\/wp-json\/wp\/v2\/comments?post=1495"}],"version-history":[{"count":10,"href":"https:\/\/fundecodes.org\/de\/wp-json\/wp\/v2\/pages\/1495\/revisions"}],"predecessor-version":[{"id":1831,"href":"https:\/\/fundecodes.org\/de\/wp-json\/wp\/v2\/pages\/1495\/revisions\/1831"}],"wp:attachment":[{"href":"https:\/\/fundecodes.org\/de\/wp-json\/wp\/v2\/media?parent=1495"}],"curies":[{"name":"wp","href":"https:\/\/api.w.org\/{rel}","templated":true}]}}