{"id":601,"date":"2018-11-15T23:10:09","date_gmt":"2018-11-15T23:10:09","guid":{"rendered":"http:\/\/www.fundecodes.org\/?page_id=601"},"modified":"2025-09-06T18:52:01","modified_gmt":"2025-09-07T00:52:01","slug":"conectividad-funcional-de-los-corredores-biologicos","status":"publish","type":"page","link":"https:\/\/fundecodes.org\/de\/conectividad-funcional-de-los-corredores-biologicos\/","title":{"rendered":"Funktionelle Konnektivit\u00e4t der Biologischen Korridore."},"content":{"rendered":"<p><\/p>\n<div>&nbsp;<\/div>\n<div>\n<p><img fetchpriority=\"high\" decoding=\"async\" class=\"size-full wp-image-678 aligncenter\" src=\"https:\/\/fundecodes.org\/wp-content\/uploads\/2021\/06\/LOGO-FUNDECODES-1.jpg\" alt=\"\" width=\"270\" height=\"270\"><\/p>\n<p>&nbsp;<\/p>\n<\/div>\n<div>\n<p style=\"text-align: center; font-size: 20px; font-weight: bold; color: #16466a;\">TEILNAHME DER FUNDECODES-VERWALTUNG IM LOKALEN AUSSCHUSS DES BIOLOGISCHEN CORREDOR HOJANCHA &#8211; NANDAYURE<\/p>\n<\/div>\n<p>&nbsp;<\/p>\n<div>\n<div class=\"row center\">\n<p style=\"text-align: justify; font-size: 15px; color: black;\">Das lokale Komitee besteht aus dem Hojancha-Nandayure Biological Corridor (CBHN), einer multisektoralen Allianz, die aus dem partizipativen Prozess der Erarbeitung und Erstellung des Managementplans f\u00fcr diesen Korridor hervorgegangen ist und von der Deutschen Gesellschaft f\u00fcr Internationale Zusammenarbeit (GIZ) gef\u00f6rdert wird.<\/p>\n<p style=\"text-align: justify; font-size: 15px; color: black;\">Unsere Hauptt\u00e4tigkeit besteht darin, die Ausf\u00fchrung der in diesem Managementplan und im j\u00e4hrlichen Betriebsplan enthaltenen Aktivit\u00e4ten in Abstimmung mit allen Schl\u00fcsselakteuren zu koordinieren.<\/p>\n<p style=\"text-align: justify; font-size: 15px; color: black;\">In diesem Sinne werden Aktionen der Umweltsanierung, des Bewusstseins und der Umweltbildung innerhalb der Geographie des CBHN gef\u00f6rdert.<\/p>\n<p style=\"text-align: justify; font-size: 15px; color: black;\">Es setzt sich aus institutionellen Vertretern und Schl\u00fcsselakteuren von Basisorganisationen, Produzenten und Gemeindef\u00fchrern aus dem betreffenden geografischen Gebiet zusammen.<\/p>\n<p style=\"text-align: justify; font-size: 15px; color: black;\"><img><\/p>\n<\/div>\n<div class=\"row center\"><img loading=\"lazy\" decoding=\"async\" class=\"size-full wp-image-868 aligncenter\" src=\"https:\/\/fundecodes.org\/wp-content\/uploads\/2021\/07\/05.png\" alt=\"\" width=\"645\" height=\"517\" srcset=\"https:\/\/fundecodes.org\/wp-content\/uploads\/2021\/07\/05.png 645w, https:\/\/fundecodes.org\/wp-content\/uploads\/2021\/07\/05-300x240.png 300w\" sizes=\"(max-width: 645px) 100vw, 645px\" \/><\/div>\n<div>&nbsp;<\/div>\n<\/div>\n<div>\n<p style=\"text-align: justify; font-size: 15px; color: black;\">Das Problem der Wissensl\u00fccke \u00fcber biologische Korridore ist mit drei Faktoren verbunden, n\u00e4mlich:<\/p>\n<p style=\"text-align: justify; font-size: 15px; color: black;\">Der Mangel an Schulungsr\u00e4umen und M\u00f6glichkeiten zur F\u00f6rderung von Umweltma\u00dfnahmen.<\/p>\n<p style=\"text-align: justify; font-size: 15px; color: black;\">Der Mangel an Aufmerksamkeit in der Umwelterziehung gegen\u00fcber abgelegenen l\u00e4ndlichen Schulen in den zentralen Bezirken, der zu Marginalisierung f\u00fchrt.<\/p>\n<p style=\"text-align: justify; font-size: 15px; color: black;\">Der letzte ist der Mangel an Identit\u00e4t und Engagement der Bev\u00f6lkerung als H\u00fcter der Natur, der ihnen hilft, ihre F\u00e4higkeiten und praktischen F\u00e4higkeiten in Umwelterziehung, Naturschutz und Interesse an Aktivismus und ehrenamtlichem Engagement in der Gemeinschaft zu st\u00e4rken.<\/p>\n<p style=\"text-align: justify; font-size: 15px; color: black;\">&nbsp;<\/p>\n<\/div>\n<div>&nbsp;<\/div>\n<div>&nbsp;<\/div>\n<div><img loading=\"lazy\" decoding=\"async\" class=\"size-full wp-image-870 aligncenter\" src=\"https:\/\/fundecodes.org\/wp-content\/uploads\/2021\/07\/06.jpg\" alt=\"\" width=\"689\" height=\"474\" srcset=\"https:\/\/fundecodes.org\/wp-content\/uploads\/2021\/07\/06.jpg 689w, https:\/\/fundecodes.org\/wp-content\/uploads\/2021\/07\/06-300x206.jpg 300w\" sizes=\"(max-width: 689px) 100vw, 689px\" \/><\/div>\n<p>&nbsp;<\/p>","protected":false},"excerpt":{"rendered":"<p>&nbsp; &nbsp; TEILNAHME DER FUNDECODES-VERWALTUNG IM LOKALEN AUSSCHUSS DES BIOLOGISCHEN CORREDOR HOJANCHA &#8211; NANDAYURE &nbsp; Das lokale Komitee besteht aus dem Hojancha-Nandayure<\/p>\n<p class=\"link-more\"><a class=\"myButt \" href=\"https:\/\/fundecodes.org\/de\/conectividad-funcional-de-los-corredores-biologicos\/\">Read More<\/a><\/p>\n","protected":false},"author":1,"featured_media":0,"parent":0,"menu_order":0,"comment_status":"closed","ping_status":"closed","template":"","meta":{"ngg_post_thumbnail":0,"footnotes":""},"class_list":["post-601","page","type-page","status-publish","hentry"],"yoast_head":"<!-- This site is optimized with the Yoast SEO plugin v27.2 - https:\/\/yoast.com\/product\/yoast-seo-wordpress\/ -->\n<title>Funktionelle Konnektivit\u00e4t der Biologischen Korridore. - FUNDECODES<\/title>\n<meta name=\"robots\" content=\"index, follow, max-snippet:-1, max-image-preview:large, max-video-preview:-1\" \/>\n<link rel=\"canonical\" href=\"https:\/\/fundecodes.org\/conectividad-funcional-de-los-corredores-biologicos\/\" \/>\n<meta property=\"og:locale\" content=\"de_DE\" \/>\n<meta property=\"og:type\" content=\"article\" \/>\n<meta property=\"og:title\" content=\"Funktionelle Konnektivit\u00e4t der Biologischen Korridore. - FUNDECODES\" \/>\n<meta property=\"og:description\" content=\"&nbsp; &nbsp; TEILNAHME DER FUNDECODES-VERWALTUNG IM LOKALEN AUSSCHUSS DES BIOLOGISCHEN CORREDOR HOJANCHA &#8211; NANDAYURE &nbsp; Das lokale Komitee besteht aus dem Hojancha-NandayureRead More\" \/>\n<meta property=\"og:url\" content=\"https:\/\/fundecodes.org\/conectividad-funcional-de-los-corredores-biologicos\/\" \/>\n<meta property=\"og:site_name\" content=\"FUNDECODES\" \/>\n<meta property=\"article:modified_time\" content=\"2025-09-07T00:52:01+00:00\" \/>\n<meta property=\"og:image\" content=\"https:\/\/fundecodes.org\/wp-content\/uploads\/2021\/06\/LOGO-FUNDECODES-1-e1625529321785.jpg\" \/>\n\t<meta property=\"og:image:width\" content=\"212\" \/>\n\t<meta property=\"og:image:height\" content=\"189\" \/>\n\t<meta property=\"og:image:type\" content=\"image\/jpeg\" \/>\n<meta name=\"twitter:card\" content=\"summary_large_image\" \/>\n<meta name=\"twitter:label1\" content=\"Gesch\u00e4tzte Lesezeit\" \/>\n\t<meta name=\"twitter:data1\" content=\"3\u00a0Minuten\" \/>\n<script type=\"application\/ld+json\" class=\"yoast-schema-graph\">{\"@context\":\"https:\/\/schema.org\",\"@graph\":[{\"@type\":\"WebPage\",\"@id\":\"https:\/\/fundecodes.org\/conectividad-funcional-de-los-corredores-biologicos\/\",\"url\":\"https:\/\/fundecodes.org\/conectividad-funcional-de-los-corredores-biologicos\/\",\"name\":\"Funktionelle Konnektivit\u00e4t der Biologischen Korridore. - FUNDECODES\",\"isPartOf\":{\"@id\":\"https:\/\/fundecodes.org\/#website\"},\"primaryImageOfPage\":{\"@id\":\"https:\/\/fundecodes.org\/conectividad-funcional-de-los-corredores-biologicos\/#primaryimage\"},\"image\":{\"@id\":\"https:\/\/fundecodes.org\/conectividad-funcional-de-los-corredores-biologicos\/#primaryimage\"},\"thumbnailUrl\":\"https:\/\/fundecodes.org\/wp-content\/uploads\/2021\/06\/LOGO-FUNDECODES-1.jpg\",\"datePublished\":\"2018-11-15T23:10:09+00:00\",\"dateModified\":\"2025-09-07T00:52:01+00:00\",\"breadcrumb\":{\"@id\":\"https:\/\/fundecodes.org\/conectividad-funcional-de-los-corredores-biologicos\/#breadcrumb\"},\"inLanguage\":\"de\",\"potentialAction\":[{\"@type\":\"ReadAction\",\"target\":[\"https:\/\/fundecodes.org\/conectividad-funcional-de-los-corredores-biologicos\/\"]}]},{\"@type\":\"ImageObject\",\"inLanguage\":\"de\",\"@id\":\"https:\/\/fundecodes.org\/conectividad-funcional-de-los-corredores-biologicos\/#primaryimage\",\"url\":\"https:\/\/fundecodes.org\/wp-content\/uploads\/2021\/06\/LOGO-FUNDECODES-1.jpg\",\"contentUrl\":\"https:\/\/fundecodes.org\/wp-content\/uploads\/2021\/06\/LOGO-FUNDECODES-1.jpg\"},{\"@type\":\"BreadcrumbList\",\"@id\":\"https:\/\/fundecodes.org\/conectividad-funcional-de-los-corredores-biologicos\/#breadcrumb\",\"itemListElement\":[{\"@type\":\"ListItem\",\"position\":1,\"name\":\"Portada\",\"item\":\"https:\/\/fundecodes.org\/\"},{\"@type\":\"ListItem\",\"position\":2,\"name\":\"Conectividad Funcional de los Corredores Biol\u00f3gicos\"}]},{\"@type\":\"WebSite\",\"@id\":\"https:\/\/fundecodes.org\/#website\",\"url\":\"https:\/\/fundecodes.org\/\",\"name\":\"FUNDECODES\",\"description\":\"Equilibrio entre Conservaci\u00f3n y Desarrollo\",\"publisher\":{\"@id\":\"https:\/\/fundecodes.org\/#organization\"},\"potentialAction\":[{\"@type\":\"SearchAction\",\"target\":{\"@type\":\"EntryPoint\",\"urlTemplate\":\"https:\/\/fundecodes.org\/?s={search_term_string}\"},\"query-input\":{\"@type\":\"PropertyValueSpecification\",\"valueRequired\":true,\"valueName\":\"search_term_string\"}}],\"inLanguage\":\"de\"},{\"@type\":\"Organization\",\"@id\":\"https:\/\/fundecodes.org\/#organization\",\"name\":\"FUNDECODES\",\"url\":\"https:\/\/fundecodes.org\/\",\"logo\":{\"@type\":\"ImageObject\",\"inLanguage\":\"de\",\"@id\":\"https:\/\/fundecodes.org\/#\/schema\/logo\/image\/\",\"url\":\"https:\/\/fundecodes.org\/wp-content\/uploads\/2021\/06\/cropped-FUNDECODES.png\",\"contentUrl\":\"https:\/\/fundecodes.org\/wp-content\/uploads\/2021\/06\/cropped-FUNDECODES.png\",\"width\":163,\"height\":50,\"caption\":\"FUNDECODES\"},\"image\":{\"@id\":\"https:\/\/fundecodes.org\/#\/schema\/logo\/image\/\"}}]}<\/script>\n<!-- \/ Yoast SEO plugin. -->","yoast_head_json":{"title":"Funktionelle Konnektivit\u00e4t der Biologischen Korridore. - FUNDECODES","robots":{"index":"index","follow":"follow","max-snippet":"max-snippet:-1","max-image-preview":"max-image-preview:large","max-video-preview":"max-video-preview:-1"},"canonical":"https:\/\/fundecodes.org\/conectividad-funcional-de-los-corredores-biologicos\/","og_locale":"de_DE","og_type":"article","og_title":"Funktionelle Konnektivit\u00e4t der Biologischen Korridore. - FUNDECODES","og_description":"&nbsp; &nbsp; TEILNAHME DER FUNDECODES-VERWALTUNG IM LOKALEN AUSSCHUSS DES BIOLOGISCHEN CORREDOR HOJANCHA &#8211; NANDAYURE &nbsp; Das lokale Komitee besteht aus dem Hojancha-NandayureRead More","og_url":"https:\/\/fundecodes.org\/conectividad-funcional-de-los-corredores-biologicos\/","og_site_name":"FUNDECODES","article_modified_time":"2025-09-07T00:52:01+00:00","og_image":[{"width":212,"height":189,"url":"https:\/\/fundecodes.org\/wp-content\/uploads\/2021\/06\/LOGO-FUNDECODES-1-e1625529321785.jpg","type":"image\/jpeg"}],"twitter_card":"summary_large_image","twitter_misc":{"Gesch\u00e4tzte Lesezeit":"3\u00a0Minuten"},"schema":{"@context":"https:\/\/schema.org","@graph":[{"@type":"WebPage","@id":"https:\/\/fundecodes.org\/conectividad-funcional-de-los-corredores-biologicos\/","url":"https:\/\/fundecodes.org\/conectividad-funcional-de-los-corredores-biologicos\/","name":"Funktionelle Konnektivit\u00e4t der Biologischen Korridore. - FUNDECODES","isPartOf":{"@id":"https:\/\/fundecodes.org\/#website"},"primaryImageOfPage":{"@id":"https:\/\/fundecodes.org\/conectividad-funcional-de-los-corredores-biologicos\/#primaryimage"},"image":{"@id":"https:\/\/fundecodes.org\/conectividad-funcional-de-los-corredores-biologicos\/#primaryimage"},"thumbnailUrl":"https:\/\/fundecodes.org\/wp-content\/uploads\/2021\/06\/LOGO-FUNDECODES-1.jpg","datePublished":"2018-11-15T23:10:09+00:00","dateModified":"2025-09-07T00:52:01+00:00","breadcrumb":{"@id":"https:\/\/fundecodes.org\/conectividad-funcional-de-los-corredores-biologicos\/#breadcrumb"},"inLanguage":"de","potentialAction":[{"@type":"ReadAction","target":["https:\/\/fundecodes.org\/conectividad-funcional-de-los-corredores-biologicos\/"]}]},{"@type":"ImageObject","inLanguage":"de","@id":"https:\/\/fundecodes.org\/conectividad-funcional-de-los-corredores-biologicos\/#primaryimage","url":"https:\/\/fundecodes.org\/wp-content\/uploads\/2021\/06\/LOGO-FUNDECODES-1.jpg","contentUrl":"https:\/\/fundecodes.org\/wp-content\/uploads\/2021\/06\/LOGO-FUNDECODES-1.jpg"},{"@type":"BreadcrumbList","@id":"https:\/\/fundecodes.org\/conectividad-funcional-de-los-corredores-biologicos\/#breadcrumb","itemListElement":[{"@type":"ListItem","position":1,"name":"Portada","item":"https:\/\/fundecodes.org\/"},{"@type":"ListItem","position":2,"name":"Conectividad Funcional de los Corredores Biol\u00f3gicos"}]},{"@type":"WebSite","@id":"https:\/\/fundecodes.org\/#website","url":"https:\/\/fundecodes.org\/","name":"FUNDECODES","description":"Equilibrio entre Conservaci\u00f3n y Desarrollo","publisher":{"@id":"https:\/\/fundecodes.org\/#organization"},"potentialAction":[{"@type":"SearchAction","target":{"@type":"EntryPoint","urlTemplate":"https:\/\/fundecodes.org\/?s={search_term_string}"},"query-input":{"@type":"PropertyValueSpecification","valueRequired":true,"valueName":"search_term_string"}}],"inLanguage":"de"},{"@type":"Organization","@id":"https:\/\/fundecodes.org\/#organization","name":"FUNDECODES","url":"https:\/\/fundecodes.org\/","logo":{"@type":"ImageObject","inLanguage":"de","@id":"https:\/\/fundecodes.org\/#\/schema\/logo\/image\/","url":"https:\/\/fundecodes.org\/wp-content\/uploads\/2021\/06\/cropped-FUNDECODES.png","contentUrl":"https:\/\/fundecodes.org\/wp-content\/uploads\/2021\/06\/cropped-FUNDECODES.png","width":163,"height":50,"caption":"FUNDECODES"},"image":{"@id":"https:\/\/fundecodes.org\/#\/schema\/logo\/image\/"}}]}},"_links":{"self":[{"href":"https:\/\/fundecodes.org\/de\/wp-json\/wp\/v2\/pages\/601","targetHints":{"allow":["GET"]}}],"collection":[{"href":"https:\/\/fundecodes.org\/de\/wp-json\/wp\/v2\/pages"}],"about":[{"href":"https:\/\/fundecodes.org\/de\/wp-json\/wp\/v2\/types\/page"}],"author":[{"embeddable":true,"href":"https:\/\/fundecodes.org\/de\/wp-json\/wp\/v2\/users\/1"}],"replies":[{"embeddable":true,"href":"https:\/\/fundecodes.org\/de\/wp-json\/wp\/v2\/comments?post=601"}],"version-history":[{"count":9,"href":"https:\/\/fundecodes.org\/de\/wp-json\/wp\/v2\/pages\/601\/revisions"}],"predecessor-version":[{"id":1813,"href":"https:\/\/fundecodes.org\/de\/wp-json\/wp\/v2\/pages\/601\/revisions\/1813"}],"wp:attachment":[{"href":"https:\/\/fundecodes.org\/de\/wp-json\/wp\/v2\/media?parent=601"}],"curies":[{"name":"wp","href":"https:\/\/api.w.org\/{rel}","templated":true}]}}