{"id":837,"date":"2021-07-05T15:02:20","date_gmt":"2021-07-05T21:02:20","guid":{"rendered":"https:\/\/fundecodes.org\/?page_id=837"},"modified":"2025-01-12T13:20:34","modified_gmt":"2025-01-12T19:20:34","slug":"proyectos-con-i-fondo-de-canje","status":"publish","type":"page","link":"https:\/\/fundecodes.org\/de\/proyectos-con-i-fondo-de-canje\/","title":{"rendered":"Projekte mit I Fondo de Canje"},"content":{"rendered":"<p>&nbsp;<\/p>\n<p><img loading=\"lazy\" decoding=\"async\" class=\"wp-image-684 aligncenter\" src=\"https:\/\/fundecodes.org\/wp-content\/uploads\/2021\/06\/logoCanje.png\" alt=\"\" width=\"194\" height=\"336\" srcset=\"https:\/\/fundecodes.org\/wp-content\/uploads\/2021\/06\/logoCanje.png 577w, https:\/\/fundecodes.org\/wp-content\/uploads\/2021\/06\/logoCanje-173x300.png 173w\" sizes=\"(max-width: 194px) 100vw, 194px\" \/><\/p>\n<p>&nbsp;<\/p>\n<p>&nbsp;<\/p>\n<p style=\"text-align: center; font-size: 20px; font-weight: bold; color: #16466a;\"><strong>Projekt &#8222;Einbindung von Erhaltungskriterien in die produktive Bewirtschaftung b\u00e4uerlicher Betriebe zur Verbesserung der funktionalen Vernetzung der biologischen Korridore Hojancha-Nandayure, Potrero-Caiminal und Cerros de Jes\u00fas&#8220;<\/strong><\/p>\n<p>&nbsp;<\/p>\n<p style=\"text-align: justify; font-size: 15px; color: black;\">Das Projekt wurde in einem Gebiet zwischen den Kantonen Nicoya und Hojancha in der Provinz Guanacaste entwickelt. Das dominierende Produktionssystem ist die Rinderzucht und die Forstwirtschaft. Die Viehwirtschaft wird umfangreich betrieben, mit wenigen Ger\u00e4ten f\u00fcr die Viehumdrehung und minimaler Technik.<\/p>\n<p style=\"text-align: justify; font-size: 15px; color: black;\">Sie haben auch wenig Baumbestand in Koppeln und wenn doch, ist es auf Z\u00e4une mit nur einer Art beschr\u00e4nkt. Ebenso haben sie auf ihren H\u00f6fen kleine Waldst\u00fccke, die nicht sehr vielf\u00e4ltig sind, als Reste von Prim\u00e4rw\u00e4ldern oder Sekund\u00e4rw\u00e4ldern und im besten Fall als Schutz f\u00fcr Wasserquellen.<\/p>\n<p style=\"text-align: justify; font-size: 15px; color: black;\">Die meisten landwirtschaftlichen Betriebe sind zwischen 10 und 50 Hektar gro\u00df. Da es zwei gut differenzierte klimatische Jahreszeiten gibt, Winter und Sommer, ist die Produktivit\u00e4t dieser Betriebe je nach Fall niedriger oder h\u00f6her. Im Winter ist das Futter auf den Weiden reichlich vorhanden und daher gibt es eine gute F\u00fctterung des Viehs; W\u00e4hrend im Sommer die Weiden austrocknen und ein N\u00e4hrstoffdefizit im Viehbestand besteht, sinkt die Produktivit\u00e4t drastisch oder ist sogar null, auch verbunden mit dem Mangel an Schatten auf den Weiden.<\/p>\n<p style=\"text-align: justify; font-size: 15px; color: black;\">Der Bauer meint immer noch nicht, dass die kurz-, mittel- und langfristige Wasserversorgung von der Erhaltung seines Waldes abh\u00e4ngt; und daher h\u00e4ngt seine wichtigste wirtschaftliche Aktivit\u00e4t vom Wald ab. Die Landwirte, die Entscheidungen \u00fcber die Bewirtschaftung ihres Betriebs und die darin vorhandene Baumbedeckung treffen, haben wiederum nur begrenzte Kenntnisse \u00fcber den Beitrag ihres Waldes, abgesehen von Holz (Bau-, Brennholz) und Dienstleistungen, die er f\u00fcr \u00d6kosysteme bereitstellt (Bereitstellung von Nahrung, Medizin, Erosionsschutz, Bodenbildung, Wasserregulator, Freizeit, Bildung usw.).<\/p>\n<p style=\"text-align: justify; font-size: 15px; color: black;\">Die Beteiligung an diesem Projekt lag bei \u00fcber 70 Personen, meist Frauen, die an verschiedenen Trainingsaktivit\u00e4ten teilgenommen haben wie: Vorbereitung und Leitung von Projekten, Kunst des Geschichtenerz\u00e4hlens, nachhaltige Tierhaltung, Naturkosmetik und Heilpflanzen, um Wissen und F\u00e4higkeiten zu st\u00e4rken \u00fcber Biodiversit\u00e4t bauen.<\/p>\n<p style=\"text-align: justify; font-size: 15px; color: black;\">Dar\u00fcber hinaus wurden 15 Betriebe ausgew\u00e4hlt, in denen eine Bestandsaufnahme der Flora (mit Schwerpunkt auf 237 Arten, die Nichtholzprodukte liefern) und ein partizipatives Monitoring bei S\u00e4ugetieren (25 Arten) und V\u00f6geln (148 Arten) durchgef\u00fchrt wurden. Ebenso wurden 3.490 B\u00e4ume von 60 Arten gepflanzt, verteilt in lebenden Z\u00e4unen und in Wasserquellen wie Fl\u00fcssen, B\u00e4chen und Quellen.<\/p>\n<p>&nbsp;<\/p>\n<p><img loading=\"lazy\" decoding=\"async\" class=\"alignnone wp-image-839\" src=\"https:\/\/fundecodes.org\/wp-content\/uploads\/2021\/07\/01.jpg\" alt=\"\" width=\"927\" height=\"510\" srcset=\"https:\/\/fundecodes.org\/wp-content\/uploads\/2021\/07\/01.jpg 1140w, https:\/\/fundecodes.org\/wp-content\/uploads\/2021\/07\/01-300x165.jpg 300w, https:\/\/fundecodes.org\/wp-content\/uploads\/2021\/07\/01-1024x563.jpg 1024w, https:\/\/fundecodes.org\/wp-content\/uploads\/2021\/07\/01-768x422.jpg 768w\" sizes=\"(max-width: 927px) 100vw, 927px\" \/><\/p>\n<p>&nbsp;<\/p>\n<p>&nbsp;<\/p>\n<p><img loading=\"lazy\" decoding=\"async\" class=\"size-full wp-image-909 aligncenter\" src=\"https:\/\/fundecodes.org\/wp-content\/uploads\/2021\/07\/climbing_vine_horizontal_op_740x304.jpg\" alt=\"\" width=\"740\" height=\"304\" srcset=\"https:\/\/fundecodes.org\/wp-content\/uploads\/2021\/07\/climbing_vine_horizontal_op_740x304.jpg 740w, https:\/\/fundecodes.org\/wp-content\/uploads\/2021\/07\/climbing_vine_horizontal_op_740x304-300x123.jpg 300w\" sizes=\"(max-width: 740px) 100vw, 740px\" \/><\/p>\n<p>&nbsp;<\/p>\n<p style=\"text-align: center; font-size: 20px; font-weight: bold; color: #16466a;\"><strong>Analyse der Konnektivit\u00e4t und Wiederherstellung von Lebensr\u00e4umen f\u00fcr Biodiversit\u00e4t und lokale Nutzung auf der Nicoya-Halbinsel<\/strong><\/p>\n<p>&nbsp;<\/p>\n<p style=\"text-align: justify; font-size: 15px; color: black;\">Dieses Projekt wurde in den Gemeinden in der N\u00e4he des Dir\u00eda-Nationalparks, Santa Cruz und seiner Verbindung mit den biologischen Korridoren Cerro la Cruz &#8211; Potrero Caipital, Hojancha-Nandayure Biological Corridor und Rio Nosara Biological Corridor entwickelt, wo eine wissenschaftliche Arbeit durchgef\u00fchrt wurde, die resultierte im Ergebnis folgendes:<\/p>\n<p style=\"text-align: justify; font-size: 15px; color: black;\">Es wurden 18 Proben von V\u00f6geln und flugunf\u00e4higen S\u00e4ugetieren und Florainventaren durchgef\u00fchrt, zus\u00e4tzlich zu acht Proben von Flederm\u00e4usen, die in der Trocken- und Regenzeit des ersten Projektjahres an drei Orten auf der Nicoya-Halbinsel verteilt wurden. Insgesamt wurden 3.792 Beobachtungen von V\u00f6geln von 114 Arten und 176 Beobachtungen von nicht fliegenden S\u00e4ugetieren von 10 Arten gemacht.<\/p>\n<p style=\"text-align: justify; font-size: 15px; color: black;\">Insgesamt wurden 237 Flederm\u00e4use in Nebelnetzen gefangen und 4 wieder gefangen, die dem Chiroptera-Orden angeh\u00f6ren. Insgesamt wurden 467 B\u00e4ume von 53 Arten erfasst. F\u00fcr diese B\u00e4ume wurden von Januar bis M\u00e4rz (Trockenzeit) und von Mai bis August (Regenzeit) mehr als 2.825 ph\u00e4nologische Aufzeichnungen erstellt.<\/p>\n<p style=\"text-align: justify; font-size: 15px; color: black;\">Insgesamt wurden 77 Interaktionen zwischen V\u00f6geln und Blumen oder Fr\u00fcchten beobachtet, sodass diese V\u00f6gel als potenzielle Agenten bei Best\u00e4ubung und Samenverbreitungsprozessen angesehen werden k\u00f6nnen.<\/p>\n<p style=\"text-align: justify; font-size: 15px; color: black;\">Die Vielfalt der untersuchten Betriebe ist betr\u00e4chtlich, was auf die gro\u00dfe Heterogenit\u00e4t der Lebensr\u00e4ume im Gebiet zur\u00fcckzuf\u00fchren sein k\u00f6nnte. An den Biodiversit\u00e4tsproben nahmen insgesamt 22 Einheimische teil, bei denen Umfragen durchgef\u00fchrt wurden, um ihren Kenntnisstand \u00fcber die V\u00f6gel und S\u00e4ugetiere in der Region zu messen.<\/p>\n<p style=\"text-align: justify; font-size: 15px; color: black;\">Dar\u00fcber hinaus wurden bei der Bev\u00f6lkerung vor Ort insgesamt 25 Befragungen durchgef\u00fchrt, um deren Wahrnehmung und Nutzung der Biodiversit\u00e4t zu erfahren.<\/p>\n<p style=\"text-align: justify; font-size: 15px; color: black;\">Aus diesen Erhebungen wurden sieben potenzielle Nutzungen der Fauna und Flora f\u00fcr die lokale Nutzung identifiziert: Nahrung und Schatten f\u00fcr Vieh, lebender Zaun, Zierpflanzen, Kunsthandwerk, Holz und Medizin.<\/p>\n<p style=\"text-align: justify; font-size: 15px; color: black;\">An vier Workshops nahmen neben Projektmitgliedern insgesamt 39 Mitglieder lokaler Gemeinschaften und Organisationen teil. Diese Workshops dienten der Bekanntmachung des Projekts, der Identifizierung von Interessenten an den Aktivit\u00e4ten sowie der Schulung und Planung von Aufforstungsaktivit\u00e4ten. Die Teilnahme von 16 Farmbesitzern aus 11 Orten auf der Nicoya-Halbinsel wurde erreicht, um Aufforstungen durchzuf\u00fchren, um die Verbindung zwischen den Lebensr\u00e4umen zu verbessern.<\/p>\n<p style=\"text-align: justify; font-size: 15px; color: black;\">Im Gebiet wurden vielf\u00e4ltige \u00f6kologische Renaturierungserfahrungen identifiziert, die haupts\u00e4chlich auf der Wiederaufforstung einheimischer B\u00e4ume zu Erhaltungszwecken und zur nachhaltigen Nutzung von Ressourcen unterschiedlicher Art basieren. So k\u00f6nnen wir den Bosque de la Marimba in Santa Cruz, Farmen in San Gerardo und Barra Honda erw\u00e4hnen. Diese Erfahrungen sind nicht dokumentiert, daher wurden die Informationen durch Interviews und Feldbeobachtungen gesammelt.<\/p>\n<p>&nbsp;<\/p>\n<p><img loading=\"lazy\" decoding=\"async\" class=\"alignnone size-full wp-image-841\" src=\"https:\/\/fundecodes.org\/wp-content\/uploads\/2021\/07\/02.png\" alt=\"\" width=\"1024\" height=\"277\" srcset=\"https:\/\/fundecodes.org\/wp-content\/uploads\/2021\/07\/02.png 1024w, https:\/\/fundecodes.org\/wp-content\/uploads\/2021\/07\/02-300x81.png 300w, https:\/\/fundecodes.org\/wp-content\/uploads\/2021\/07\/02-768x208.png 768w\" sizes=\"(max-width: 1024px) 100vw, 1024px\" \/><\/p>\n<p>&nbsp;<\/p>\n<p>&nbsp;<\/p>\n<p><img loading=\"lazy\" decoding=\"async\" class=\"size-full wp-image-909 aligncenter\" src=\"https:\/\/fundecodes.org\/wp-content\/uploads\/2021\/07\/climbing_vine_horizontal_op_740x304.jpg\" alt=\"\" width=\"740\" height=\"304\" srcset=\"https:\/\/fundecodes.org\/wp-content\/uploads\/2021\/07\/climbing_vine_horizontal_op_740x304.jpg 740w, https:\/\/fundecodes.org\/wp-content\/uploads\/2021\/07\/climbing_vine_horizontal_op_740x304-300x123.jpg 300w\" sizes=\"(max-width: 740px) 100vw, 740px\" \/><\/p>\n<p>&nbsp;<\/p>\n<p style=\"text-align: center; font-size: 20px; font-weight: bold; color: #f41017;\"><strong>Projekt zur touristischen Verkettung des Diri\u00e1-Nationalparks (in K\u00fcrze verf\u00fcgbar)<\/strong><\/p>\n<p style=\"text-align: center; font-size: 20px; font-weight: bold; color: #f41017;\"><strong>August 2021 &#8211; August 2023<\/strong><\/p>\n<p>&nbsp;<\/p>\n<p style=\"text-align: justify; font-size: 15px; color: black;\">Ein Netzwerk l\u00e4ndlicher Tourismusunternehmen im Einflussbereich des Diri\u00e1-Nationalparks konsolidieren, das die wirtschaftliche Reaktivierung f\u00f6rdert und wiederum die \u00f6kologische Vernetzung und deren Biodiversit\u00e4t beg\u00fcnstigt.<\/p>\n<p>&nbsp;<\/p>","protected":false},"excerpt":{"rendered":"<p>&nbsp; &nbsp; &nbsp; Projekt &#8222;Einbindung von Erhaltungskriterien in die produktive Bewirtschaftung b\u00e4uerlicher Betriebe zur Verbesserung der funktionalen Vernetzung der biologischen Korridore Hojancha-Nandayure,<\/p>\n<p class=\"link-more\"><a class=\"myButt \" href=\"https:\/\/fundecodes.org\/de\/proyectos-con-i-fondo-de-canje\/\">Read More<\/a><\/p>\n","protected":false},"author":1,"featured_media":0,"parent":0,"menu_order":0,"comment_status":"closed","ping_status":"closed","template":"","meta":{"ngg_post_thumbnail":0,"footnotes":""},"class_list":["post-837","page","type-page","status-publish","hentry"],"yoast_head":"<!-- This site is optimized with the Yoast SEO plugin v27.2 - https:\/\/yoast.com\/product\/yoast-seo-wordpress\/ -->\n<title>(Espa\u00f1ol) FUNDECODES Proyectos con I Fondo de Canje<\/title>\n<meta name=\"description\" content=\"(Espa\u00f1ol) El proyecto se desarroll\u00f3 en un \u00e1rea comprendida entre los cantones de Nicoya y Hojancha, en la provincia de Guanacaste. El sistema de producci\u00f3n dominante es la ganader\u00eda de carne y la actividad forestal. La actividad ganadera se realiza de forma extensiva, con pocos aparatos para el ganado y m\u00ednima tecnificaci\u00f3n.Tambi\u00e9n poseen poca cobertura arb\u00f3rea en potreros y, si la tienen, se limita a cercas con una sola especie. Asimismo, poseen peque\u00f1os parches de bosque en sus fincas, poco diversos, como remanentes de bosques primario o bosques secundarios, y en el mejor de los casos como protecci\u00f3n a nacientes de agua.\" \/>\n<meta name=\"robots\" content=\"index, follow, max-snippet:-1, max-image-preview:large, max-video-preview:-1\" \/>\n<link rel=\"canonical\" href=\"https:\/\/fundecodes.org\/proyectos-con-i-fondo-de-canje\/?preview=true\" \/>\n<meta property=\"og:locale\" content=\"de_DE\" \/>\n<meta property=\"og:type\" content=\"article\" \/>\n<meta property=\"og:title\" content=\"[:es]FUNDECODES Proyectos con I Fondo de Canje[:]\" \/>\n<meta property=\"og:description\" content=\"{:es}El proyecto se desarroll\u00f3 en un \u00e1rea comprendida entre los cantones de Nicoya y Hojancha, en la provincia de Guanacaste. El sistema de producci\u00f3n dominante es la ganader\u00eda de carne y la actividad forestal. La actividad ganadera se realiza de forma extensiva, con pocos aparatos para el ganado y m\u00ednima tecnificaci\u00f3n.Tambi\u00e9n poseen poca cobertura arb\u00f3rea en potreros y, si la tienen, se limita a cercas con una sola especie. Asimismo, poseen peque\u00f1os parches de bosque en sus fincas, poco diversos, como remanentes de bosques primario o bosques secundarios, y en el mejor de los casos como protecci\u00f3n a nacientes de agua.{:}\" \/>\n<meta property=\"og:url\" content=\"https:\/\/fundecodes.org\/proyectos-con-i-fondo-de-canje\/?preview=true\" \/>\n<meta property=\"og:site_name\" content=\"FUNDECODES\" \/>\n<meta property=\"article:modified_time\" content=\"2025-01-12T19:20:34+00:00\" \/>\n<meta property=\"og:image\" content=\"https:\/\/fundecodes.org\/wp-content\/uploads\/2021\/06\/LOGO-FUNDECODES-1-e1625529321785.jpg\" \/>\n\t<meta property=\"og:image:width\" content=\"212\" \/>\n\t<meta property=\"og:image:height\" content=\"189\" \/>\n\t<meta property=\"og:image:type\" content=\"image\/jpeg\" \/>\n<meta name=\"twitter:card\" content=\"summary_large_image\" \/>\n<meta name=\"twitter:label1\" content=\"Gesch\u00e4tzte Lesezeit\" \/>\n\t<meta name=\"twitter:data1\" content=\"1\u00a0Minute\" \/>\n<script type=\"application\/ld+json\" class=\"yoast-schema-graph\">{\"@context\":\"https:\/\/schema.org\",\"@graph\":[{\"@type\":\"WebPage\",\"@id\":\"https:\/\/fundecodes.org\/proyectos-con-i-fondo-de-canje\/\",\"url\":\"https:\/\/fundecodes.org\/proyectos-con-i-fondo-de-canje\/?preview=true\",\"name\":\"[:es]FUNDECODES Proyectos con I Fondo de Canje[:]\",\"isPartOf\":{\"@id\":\"https:\/\/fundecodes.org\/#website\"},\"primaryImageOfPage\":{\"@id\":\"https:\/\/fundecodes.org\/proyectos-con-i-fondo-de-canje\/?preview=true#primaryimage\"},\"image\":{\"@id\":\"https:\/\/fundecodes.org\/proyectos-con-i-fondo-de-canje\/?preview=true#primaryimage\"},\"thumbnailUrl\":\"https:\/\/fundecodes.org\/wp-content\/uploads\/2021\/06\/LOGO-FUNDECODES-1-e1625529321785.jpg\",\"datePublished\":\"2021-07-05T21:02:20+00:00\",\"dateModified\":\"2025-01-12T19:20:34+00:00\",\"description\":\"{:es}El proyecto se desarroll\u00f3 en un \u00e1rea comprendida entre los cantones de Nicoya y Hojancha, en la provincia de Guanacaste. El sistema de producci\u00f3n dominante es la ganader\u00eda de carne y la actividad forestal. La actividad ganadera se realiza de forma extensiva, con pocos aparatos para el ganado y m\u00ednima tecnificaci\u00f3n.Tambi\u00e9n poseen poca cobertura arb\u00f3rea en potreros y, si la tienen, se limita a cercas con una sola especie. Asimismo, poseen peque\u00f1os parches de bosque en sus fincas, poco diversos, como remanentes de bosques primario o bosques secundarios, y en el mejor de los casos como protecci\u00f3n a nacientes de agua.{:}\",\"breadcrumb\":{\"@id\":\"https:\/\/fundecodes.org\/proyectos-con-i-fondo-de-canje\/?preview=true#breadcrumb\"},\"inLanguage\":\"de\",\"potentialAction\":[{\"@type\":\"ReadAction\",\"target\":[\"https:\/\/fundecodes.org\/proyectos-con-i-fondo-de-canje\/?preview=true\"]}]},{\"@type\":\"ImageObject\",\"inLanguage\":\"de\",\"@id\":\"https:\/\/fundecodes.org\/proyectos-con-i-fondo-de-canje\/?preview=true#primaryimage\",\"url\":\"https:\/\/fundecodes.org\/wp-content\/uploads\/2021\/06\/LOGO-FUNDECODES-1-e1625529321785.jpg\",\"contentUrl\":\"https:\/\/fundecodes.org\/wp-content\/uploads\/2021\/06\/LOGO-FUNDECODES-1-e1625529321785.jpg\"},{\"@type\":\"BreadcrumbList\",\"@id\":\"https:\/\/fundecodes.org\/proyectos-con-i-fondo-de-canje\/?preview=true#breadcrumb\",\"itemListElement\":[{\"@type\":\"ListItem\",\"position\":1,\"name\":\"Portada\",\"item\":\"https:\/\/fundecodes.org\/\"},{\"@type\":\"ListItem\",\"position\":2,\"name\":\"Proyectos Desarrollados por FUNDECODES con el apoyo de la Asociaci\u00f3n Costa Rica por Siempre\"}]},{\"@type\":\"WebSite\",\"@id\":\"https:\/\/fundecodes.org\/#website\",\"url\":\"https:\/\/fundecodes.org\/\",\"name\":\"FUNDECODES\",\"description\":\"Equilibrio entre Conservaci\u00f3n y Desarrollo\",\"publisher\":{\"@id\":\"https:\/\/fundecodes.org\/#organization\"},\"potentialAction\":[{\"@type\":\"SearchAction\",\"target\":{\"@type\":\"EntryPoint\",\"urlTemplate\":\"https:\/\/fundecodes.org\/?s={search_term_string}\"},\"query-input\":{\"@type\":\"PropertyValueSpecification\",\"valueRequired\":true,\"valueName\":\"search_term_string\"}}],\"inLanguage\":\"de\"},{\"@type\":\"Organization\",\"@id\":\"https:\/\/fundecodes.org\/#organization\",\"name\":\"FUNDECODES\",\"url\":\"https:\/\/fundecodes.org\/\",\"logo\":{\"@type\":\"ImageObject\",\"inLanguage\":\"de\",\"@id\":\"https:\/\/fundecodes.org\/#\/schema\/logo\/image\/\",\"url\":\"https:\/\/fundecodes.org\/wp-content\/uploads\/2021\/06\/cropped-FUNDECODES.png\",\"contentUrl\":\"https:\/\/fundecodes.org\/wp-content\/uploads\/2021\/06\/cropped-FUNDECODES.png\",\"width\":163,\"height\":50,\"caption\":\"FUNDECODES\"},\"image\":{\"@id\":\"https:\/\/fundecodes.org\/#\/schema\/logo\/image\/\"}}]}<\/script>\n<!-- \/ Yoast SEO plugin. -->","yoast_head_json":{"title":"(Espa\u00f1ol) FUNDECODES Proyectos con I Fondo de Canje","description":"(Espa\u00f1ol) El proyecto se desarroll\u00f3 en un \u00e1rea comprendida entre los cantones de Nicoya y Hojancha, en la provincia de Guanacaste. El sistema de producci\u00f3n dominante es la ganader\u00eda de carne y la actividad forestal. La actividad ganadera se realiza de forma extensiva, con pocos aparatos para el ganado y m\u00ednima tecnificaci\u00f3n.Tambi\u00e9n poseen poca cobertura arb\u00f3rea en potreros y, si la tienen, se limita a cercas con una sola especie. Asimismo, poseen peque\u00f1os parches de bosque en sus fincas, poco diversos, como remanentes de bosques primario o bosques secundarios, y en el mejor de los casos como protecci\u00f3n a nacientes de agua.","robots":{"index":"index","follow":"follow","max-snippet":"max-snippet:-1","max-image-preview":"max-image-preview:large","max-video-preview":"max-video-preview:-1"},"canonical":"https:\/\/fundecodes.org\/proyectos-con-i-fondo-de-canje\/?preview=true","og_locale":"de_DE","og_type":"article","og_title":"[:es]FUNDECODES Proyectos con I Fondo de Canje[:]","og_description":"{:es}El proyecto se desarroll\u00f3 en un \u00e1rea comprendida entre los cantones de Nicoya y Hojancha, en la provincia de Guanacaste. El sistema de producci\u00f3n dominante es la ganader\u00eda de carne y la actividad forestal. La actividad ganadera se realiza de forma extensiva, con pocos aparatos para el ganado y m\u00ednima tecnificaci\u00f3n.Tambi\u00e9n poseen poca cobertura arb\u00f3rea en potreros y, si la tienen, se limita a cercas con una sola especie. Asimismo, poseen peque\u00f1os parches de bosque en sus fincas, poco diversos, como remanentes de bosques primario o bosques secundarios, y en el mejor de los casos como protecci\u00f3n a nacientes de agua.{:}","og_url":"https:\/\/fundecodes.org\/proyectos-con-i-fondo-de-canje\/?preview=true","og_site_name":"FUNDECODES","article_modified_time":"2025-01-12T19:20:34+00:00","og_image":[{"width":212,"height":189,"url":"https:\/\/fundecodes.org\/wp-content\/uploads\/2021\/06\/LOGO-FUNDECODES-1-e1625529321785.jpg","type":"image\/jpeg"}],"twitter_card":"summary_large_image","twitter_misc":{"Gesch\u00e4tzte Lesezeit":"1\u00a0Minute"},"schema":{"@context":"https:\/\/schema.org","@graph":[{"@type":"WebPage","@id":"https:\/\/fundecodes.org\/proyectos-con-i-fondo-de-canje\/","url":"https:\/\/fundecodes.org\/proyectos-con-i-fondo-de-canje\/?preview=true","name":"[:es]FUNDECODES Proyectos con I Fondo de Canje[:]","isPartOf":{"@id":"https:\/\/fundecodes.org\/#website"},"primaryImageOfPage":{"@id":"https:\/\/fundecodes.org\/proyectos-con-i-fondo-de-canje\/?preview=true#primaryimage"},"image":{"@id":"https:\/\/fundecodes.org\/proyectos-con-i-fondo-de-canje\/?preview=true#primaryimage"},"thumbnailUrl":"https:\/\/fundecodes.org\/wp-content\/uploads\/2021\/06\/LOGO-FUNDECODES-1-e1625529321785.jpg","datePublished":"2021-07-05T21:02:20+00:00","dateModified":"2025-01-12T19:20:34+00:00","description":"{:es}El proyecto se desarroll\u00f3 en un \u00e1rea comprendida entre los cantones de Nicoya y Hojancha, en la provincia de Guanacaste. El sistema de producci\u00f3n dominante es la ganader\u00eda de carne y la actividad forestal. La actividad ganadera se realiza de forma extensiva, con pocos aparatos para el ganado y m\u00ednima tecnificaci\u00f3n.Tambi\u00e9n poseen poca cobertura arb\u00f3rea en potreros y, si la tienen, se limita a cercas con una sola especie. Asimismo, poseen peque\u00f1os parches de bosque en sus fincas, poco diversos, como remanentes de bosques primario o bosques secundarios, y en el mejor de los casos como protecci\u00f3n a nacientes de agua.{:}","breadcrumb":{"@id":"https:\/\/fundecodes.org\/proyectos-con-i-fondo-de-canje\/?preview=true#breadcrumb"},"inLanguage":"de","potentialAction":[{"@type":"ReadAction","target":["https:\/\/fundecodes.org\/proyectos-con-i-fondo-de-canje\/?preview=true"]}]},{"@type":"ImageObject","inLanguage":"de","@id":"https:\/\/fundecodes.org\/proyectos-con-i-fondo-de-canje\/?preview=true#primaryimage","url":"https:\/\/fundecodes.org\/wp-content\/uploads\/2021\/06\/LOGO-FUNDECODES-1-e1625529321785.jpg","contentUrl":"https:\/\/fundecodes.org\/wp-content\/uploads\/2021\/06\/LOGO-FUNDECODES-1-e1625529321785.jpg"},{"@type":"BreadcrumbList","@id":"https:\/\/fundecodes.org\/proyectos-con-i-fondo-de-canje\/?preview=true#breadcrumb","itemListElement":[{"@type":"ListItem","position":1,"name":"Portada","item":"https:\/\/fundecodes.org\/"},{"@type":"ListItem","position":2,"name":"Proyectos Desarrollados por FUNDECODES con el apoyo de la Asociaci\u00f3n Costa Rica por Siempre"}]},{"@type":"WebSite","@id":"https:\/\/fundecodes.org\/#website","url":"https:\/\/fundecodes.org\/","name":"FUNDECODES","description":"Equilibrio entre Conservaci\u00f3n y Desarrollo","publisher":{"@id":"https:\/\/fundecodes.org\/#organization"},"potentialAction":[{"@type":"SearchAction","target":{"@type":"EntryPoint","urlTemplate":"https:\/\/fundecodes.org\/?s={search_term_string}"},"query-input":{"@type":"PropertyValueSpecification","valueRequired":true,"valueName":"search_term_string"}}],"inLanguage":"de"},{"@type":"Organization","@id":"https:\/\/fundecodes.org\/#organization","name":"FUNDECODES","url":"https:\/\/fundecodes.org\/","logo":{"@type":"ImageObject","inLanguage":"de","@id":"https:\/\/fundecodes.org\/#\/schema\/logo\/image\/","url":"https:\/\/fundecodes.org\/wp-content\/uploads\/2021\/06\/cropped-FUNDECODES.png","contentUrl":"https:\/\/fundecodes.org\/wp-content\/uploads\/2021\/06\/cropped-FUNDECODES.png","width":163,"height":50,"caption":"FUNDECODES"},"image":{"@id":"https:\/\/fundecodes.org\/#\/schema\/logo\/image\/"}}]}},"_links":{"self":[{"href":"https:\/\/fundecodes.org\/de\/wp-json\/wp\/v2\/pages\/837","targetHints":{"allow":["GET"]}}],"collection":[{"href":"https:\/\/fundecodes.org\/de\/wp-json\/wp\/v2\/pages"}],"about":[{"href":"https:\/\/fundecodes.org\/de\/wp-json\/wp\/v2\/types\/page"}],"author":[{"embeddable":true,"href":"https:\/\/fundecodes.org\/de\/wp-json\/wp\/v2\/users\/1"}],"replies":[{"embeddable":true,"href":"https:\/\/fundecodes.org\/de\/wp-json\/wp\/v2\/comments?post=837"}],"version-history":[{"count":36,"href":"https:\/\/fundecodes.org\/de\/wp-json\/wp\/v2\/pages\/837\/revisions"}],"predecessor-version":[{"id":1694,"href":"https:\/\/fundecodes.org\/de\/wp-json\/wp\/v2\/pages\/837\/revisions\/1694"}],"wp:attachment":[{"href":"https:\/\/fundecodes.org\/de\/wp-json\/wp\/v2\/media?parent=837"}],"curies":[{"name":"wp","href":"https:\/\/api.w.org\/{rel}","templated":true}]}}