{"id":903,"date":"2021-07-06T10:52:29","date_gmt":"2021-07-06T16:52:29","guid":{"rendered":"https:\/\/fundecodes.org\/?page_id=903"},"modified":"2025-09-07T19:38:29","modified_gmt":"2025-09-08T01:38:29","slug":"proyectos-del-i-canje","status":"publish","type":"page","link":"https:\/\/fundecodes.org\/de\/proyectos-del-i-canje\/","title":{"rendered":"Projekte mit II Canje"},"content":{"rendered":"<p><img fetchpriority=\"high\" decoding=\"async\" class=\"wp-image-928 size-full aligncenter\" src=\"https:\/\/fundecodes.org\/wp-content\/uploads\/2021\/07\/Untitled-design-53-e1625763908744.png\" alt=\"\" width=\"400\" height=\"277\" srcset=\"https:\/\/fundecodes.org\/wp-content\/uploads\/2021\/07\/Untitled-design-53-e1625763908744.png 400w, https:\/\/fundecodes.org\/wp-content\/uploads\/2021\/07\/Untitled-design-53-e1625763908744-300x208.png 300w\" sizes=\"(max-width: 400px) 100vw, 400px\" \/><\/p>\n<p>&nbsp;<\/p>\n<p style=\"text-align: center; font-size: 20px; font-weight: bold; color: #16466a;\"><strong>Bewirtschaftungsplan f\u00fcr nat\u00fcrliche Ressourcen des Tempisque Conservation Area (ACT)<\/strong><\/p>\n<p>&nbsp;<\/p>\n<p style=\"text-align: justify; font-size: 15px; color: black;\">Im Naturschutzgebiet Tempisque wiesen neun Naturschutzgebiete aus vier verschiedenen Managementkategorien niedrige Werte bei den Indikatoren der Managementeffektivit\u00e4t im Bereich der nat\u00fcrlichen und kulturellen Ressourcen auf: Cabo Blanco Absolute Natural Reserve, Nicol\u00e1s Wessberg Absolute Natural Reserve, Parque Las Baulas National Marine Park, Diri\u00e1 Nationalpark, Barra Honda Nationalpark, Iguanita National Wildlife Refuge, Cipanc\u00ed National Wildlife Refuge, Mata Redonda National Wildlife Refuge und Corral de Piedra Wetland (Abbildung 1) Informationen \u00fcber die Anforderungen an das Management nat\u00fcrlicher Ressourcen in jedem dieser ASPs, um sp\u00e4ter einen Plan zu erstellen, der die Informationen \u00fcber die nat\u00fcrlichen Ressourcen, die in diesen Schutzgebieten gesch\u00fctzt und genutzt werden, artikuliert und so ein effizienteres und konsolidierteres Management erreicht.<\/p>\n<p style=\"text-align: justify; font-size: 15px; color: black;\">&nbsp;<\/p>\n<p>&nbsp;<\/p>\n<p><img loading=\"lazy\" decoding=\"async\" class=\"size-full wp-image-930 aligncenter\" src=\"https:\/\/fundecodes.org\/wp-content\/uploads\/2021\/07\/001.jpg\" alt=\"\" width=\"972\" height=\"746\" srcset=\"https:\/\/fundecodes.org\/wp-content\/uploads\/2021\/07\/001.jpg 972w, https:\/\/fundecodes.org\/wp-content\/uploads\/2021\/07\/001-300x230.jpg 300w, https:\/\/fundecodes.org\/wp-content\/uploads\/2021\/07\/001-768x589.jpg 768w\" sizes=\"(max-width: 972px) 100vw, 972px\" \/><\/p>\n<p style=\"font-size: 15px; color: black; text-align: center;\"><strong>Abbildung 1. <\/strong>Lage der neun gesch\u00fctzten Wildgebiete, die f\u00fcr den ACT-Managementplan f\u00fcr nat\u00fcrliche Ressourcen in Betracht gezogen werden.<\/p>\n<p>&nbsp;<\/p>\n<p>&nbsp;<\/p>\n<p style=\"text-align: justify; font-size: 17px; font-weight: bold; color: #16466a;\"><strong>Aktivit\u00e4ten und Zeitplan f\u00fcr die Bewirtschaftung der nat\u00fcrlichen Ressourcen der Naturschutzgebiete des Naturschutzgebietes Tempisque.<\/strong><\/p>\n<p>&nbsp;<\/p>\n<p style=\"text-align: justify; font-size: 15px; color: black;\">Die strategische Planung der Schutzgebiete des ACT ist ein grundlegender Schritt, um die Richtung festzulegen, die die ASPs einschlagen werden, um ihre langfristigen Managementziele und -ziele zu erreichen, durch einen spezifischen Managementplan f\u00fcr nat\u00fcrliche Ressourcen, der es erm\u00f6glicht, den Fortschritt der etablierten Gebiete systematisch zu bewerten und zu \u00fcberwachen Aktivit\u00e4ten und erreichen so die gesetzten Ziele<\/p>\n<p style=\"text-align: justify; font-size: 15px; color: black;\">In diesem Sinne und aus einem Workshop mit Beamten der ASPs und des ACT-ASP-Managements (Abbildung 2) wurden strategische Linien und Ziele f\u00fcr jeden Managementbedarf mit ihren jeweiligen Aktivit\u00e4ten, Leistungsindikatoren, Zeitplan, Budget und Schl\u00fcsselpersonal festgelegt erforderlich, um die Ziele f\u00fcr einen Horizont von 10 Jahren zu erreichen.<\/p>\n<p>&nbsp;<\/p>\n<p><img loading=\"lazy\" decoding=\"async\" class=\"alignnone size-full wp-image-931\" src=\"https:\/\/fundecodes.org\/wp-content\/uploads\/2021\/07\/002.png\" alt=\"\" width=\"1354\" height=\"762\" srcset=\"https:\/\/fundecodes.org\/wp-content\/uploads\/2021\/07\/002.png 1354w, https:\/\/fundecodes.org\/wp-content\/uploads\/2021\/07\/002-300x169.png 300w, https:\/\/fundecodes.org\/wp-content\/uploads\/2021\/07\/002-1024x576.png 1024w, https:\/\/fundecodes.org\/wp-content\/uploads\/2021\/07\/002-768x432.png 768w\" sizes=\"(max-width: 1354px) 100vw, 1354px\" \/><\/p>\n<p style=\"font-size: 15px; color: black; text-align: center;\"><strong>Abbildung2. <\/strong>Workshop zur strategischen Entwicklung der spezifischen Bewirtschaftungspl\u00e4ne f\u00fcr nat\u00fcrliche Ressourcen des Naturschutzgebietes Tempisque<\/p>\n<p>&nbsp;<\/p>","protected":false},"excerpt":{"rendered":"<p>&nbsp; Bewirtschaftungsplan f\u00fcr nat\u00fcrliche Ressourcen des Tempisque Conservation Area (ACT) &nbsp; Im Naturschutzgebiet Tempisque wiesen neun Naturschutzgebiete aus vier verschiedenen Managementkategorien niedrige<\/p>\n<p class=\"link-more\"><a class=\"myButt \" href=\"https:\/\/fundecodes.org\/de\/proyectos-del-i-canje\/\">Read More<\/a><\/p>\n","protected":false},"author":1,"featured_media":0,"parent":0,"menu_order":0,"comment_status":"closed","ping_status":"closed","template":"","meta":{"ngg_post_thumbnail":0,"footnotes":""},"class_list":["post-903","page","type-page","status-publish","hentry"],"yoast_head":"<!-- This site is optimized with the Yoast SEO plugin v27.2 - https:\/\/yoast.com\/product\/yoast-seo-wordpress\/ -->\n<title>Projekte mit II Canje - FUNDECODES<\/title>\n<meta name=\"robots\" content=\"index, follow, max-snippet:-1, max-image-preview:large, max-video-preview:-1\" \/>\n<link rel=\"canonical\" href=\"https:\/\/fundecodes.org\/proyectos-del-i-canje\/\" \/>\n<meta property=\"og:locale\" content=\"de_DE\" \/>\n<meta property=\"og:type\" content=\"article\" \/>\n<meta property=\"og:title\" content=\"Projekte mit II Canje - FUNDECODES\" \/>\n<meta property=\"og:description\" content=\"&nbsp; Bewirtschaftungsplan f\u00fcr nat\u00fcrliche Ressourcen des Tempisque Conservation Area (ACT) &nbsp; Im Naturschutzgebiet Tempisque wiesen neun Naturschutzgebiete aus vier verschiedenen Managementkategorien niedrigeRead More\" \/>\n<meta property=\"og:url\" content=\"https:\/\/fundecodes.org\/proyectos-del-i-canje\/\" \/>\n<meta property=\"og:site_name\" content=\"FUNDECODES\" \/>\n<meta property=\"article:modified_time\" content=\"2025-09-08T01:38:29+00:00\" \/>\n<meta property=\"og:image\" content=\"https:\/\/fundecodes.org\/wp-content\/uploads\/2021\/07\/Untitled-design-53-e1625763908744.png\" \/>\n\t<meta property=\"og:image:width\" content=\"400\" \/>\n\t<meta property=\"og:image:height\" content=\"277\" \/>\n\t<meta property=\"og:image:type\" content=\"image\/png\" \/>\n<meta name=\"twitter:card\" content=\"summary_large_image\" \/>\n<meta name=\"twitter:label1\" content=\"Gesch\u00e4tzte Lesezeit\" \/>\n\t<meta name=\"twitter:data1\" content=\"5\u00a0Minuten\" \/>\n<script type=\"application\/ld+json\" class=\"yoast-schema-graph\">{\"@context\":\"https:\/\/schema.org\",\"@graph\":[{\"@type\":\"WebPage\",\"@id\":\"https:\/\/fundecodes.org\/proyectos-del-i-canje\/\",\"url\":\"https:\/\/fundecodes.org\/proyectos-del-i-canje\/\",\"name\":\"Projekte mit II Canje - FUNDECODES\",\"isPartOf\":{\"@id\":\"https:\/\/fundecodes.org\/#website\"},\"primaryImageOfPage\":{\"@id\":\"https:\/\/fundecodes.org\/proyectos-del-i-canje\/#primaryimage\"},\"image\":{\"@id\":\"https:\/\/fundecodes.org\/proyectos-del-i-canje\/#primaryimage\"},\"thumbnailUrl\":\"https:\/\/fundecodes.org\/wp-content\/uploads\/2021\/07\/Untitled-design-53-e1625763908744.png\",\"datePublished\":\"2021-07-06T16:52:29+00:00\",\"dateModified\":\"2025-09-08T01:38:29+00:00\",\"breadcrumb\":{\"@id\":\"https:\/\/fundecodes.org\/proyectos-del-i-canje\/#breadcrumb\"},\"inLanguage\":\"de\",\"potentialAction\":[{\"@type\":\"ReadAction\",\"target\":[\"https:\/\/fundecodes.org\/proyectos-del-i-canje\/\"]}]},{\"@type\":\"ImageObject\",\"inLanguage\":\"de\",\"@id\":\"https:\/\/fundecodes.org\/proyectos-del-i-canje\/#primaryimage\",\"url\":\"https:\/\/fundecodes.org\/wp-content\/uploads\/2021\/07\/Untitled-design-53-e1625763908744.png\",\"contentUrl\":\"https:\/\/fundecodes.org\/wp-content\/uploads\/2021\/07\/Untitled-design-53-e1625763908744.png\"},{\"@type\":\"BreadcrumbList\",\"@id\":\"https:\/\/fundecodes.org\/proyectos-del-i-canje\/#breadcrumb\",\"itemListElement\":[{\"@type\":\"ListItem\",\"position\":1,\"name\":\"Portada\",\"item\":\"https:\/\/fundecodes.org\/\"},{\"@type\":\"ListItem\",\"position\":2,\"name\":\"Proyectos con II Fondo de Canje\"}]},{\"@type\":\"WebSite\",\"@id\":\"https:\/\/fundecodes.org\/#website\",\"url\":\"https:\/\/fundecodes.org\/\",\"name\":\"FUNDECODES\",\"description\":\"Equilibrio entre Conservaci\u00f3n y Desarrollo\",\"publisher\":{\"@id\":\"https:\/\/fundecodes.org\/#organization\"},\"potentialAction\":[{\"@type\":\"SearchAction\",\"target\":{\"@type\":\"EntryPoint\",\"urlTemplate\":\"https:\/\/fundecodes.org\/?s={search_term_string}\"},\"query-input\":{\"@type\":\"PropertyValueSpecification\",\"valueRequired\":true,\"valueName\":\"search_term_string\"}}],\"inLanguage\":\"de\"},{\"@type\":\"Organization\",\"@id\":\"https:\/\/fundecodes.org\/#organization\",\"name\":\"FUNDECODES\",\"url\":\"https:\/\/fundecodes.org\/\",\"logo\":{\"@type\":\"ImageObject\",\"inLanguage\":\"de\",\"@id\":\"https:\/\/fundecodes.org\/#\/schema\/logo\/image\/\",\"url\":\"https:\/\/fundecodes.org\/wp-content\/uploads\/2021\/06\/cropped-FUNDECODES.png\",\"contentUrl\":\"https:\/\/fundecodes.org\/wp-content\/uploads\/2021\/06\/cropped-FUNDECODES.png\",\"width\":163,\"height\":50,\"caption\":\"FUNDECODES\"},\"image\":{\"@id\":\"https:\/\/fundecodes.org\/#\/schema\/logo\/image\/\"}}]}<\/script>\n<!-- \/ Yoast SEO plugin. -->","yoast_head_json":{"title":"Projekte mit II Canje - FUNDECODES","robots":{"index":"index","follow":"follow","max-snippet":"max-snippet:-1","max-image-preview":"max-image-preview:large","max-video-preview":"max-video-preview:-1"},"canonical":"https:\/\/fundecodes.org\/proyectos-del-i-canje\/","og_locale":"de_DE","og_type":"article","og_title":"Projekte mit II Canje - FUNDECODES","og_description":"&nbsp; Bewirtschaftungsplan f\u00fcr nat\u00fcrliche Ressourcen des Tempisque Conservation Area (ACT) &nbsp; Im Naturschutzgebiet Tempisque wiesen neun Naturschutzgebiete aus vier verschiedenen Managementkategorien niedrigeRead More","og_url":"https:\/\/fundecodes.org\/proyectos-del-i-canje\/","og_site_name":"FUNDECODES","article_modified_time":"2025-09-08T01:38:29+00:00","og_image":[{"width":400,"height":277,"url":"https:\/\/fundecodes.org\/wp-content\/uploads\/2021\/07\/Untitled-design-53-e1625763908744.png","type":"image\/png"}],"twitter_card":"summary_large_image","twitter_misc":{"Gesch\u00e4tzte Lesezeit":"5\u00a0Minuten"},"schema":{"@context":"https:\/\/schema.org","@graph":[{"@type":"WebPage","@id":"https:\/\/fundecodes.org\/proyectos-del-i-canje\/","url":"https:\/\/fundecodes.org\/proyectos-del-i-canje\/","name":"Projekte mit II Canje - FUNDECODES","isPartOf":{"@id":"https:\/\/fundecodes.org\/#website"},"primaryImageOfPage":{"@id":"https:\/\/fundecodes.org\/proyectos-del-i-canje\/#primaryimage"},"image":{"@id":"https:\/\/fundecodes.org\/proyectos-del-i-canje\/#primaryimage"},"thumbnailUrl":"https:\/\/fundecodes.org\/wp-content\/uploads\/2021\/07\/Untitled-design-53-e1625763908744.png","datePublished":"2021-07-06T16:52:29+00:00","dateModified":"2025-09-08T01:38:29+00:00","breadcrumb":{"@id":"https:\/\/fundecodes.org\/proyectos-del-i-canje\/#breadcrumb"},"inLanguage":"de","potentialAction":[{"@type":"ReadAction","target":["https:\/\/fundecodes.org\/proyectos-del-i-canje\/"]}]},{"@type":"ImageObject","inLanguage":"de","@id":"https:\/\/fundecodes.org\/proyectos-del-i-canje\/#primaryimage","url":"https:\/\/fundecodes.org\/wp-content\/uploads\/2021\/07\/Untitled-design-53-e1625763908744.png","contentUrl":"https:\/\/fundecodes.org\/wp-content\/uploads\/2021\/07\/Untitled-design-53-e1625763908744.png"},{"@type":"BreadcrumbList","@id":"https:\/\/fundecodes.org\/proyectos-del-i-canje\/#breadcrumb","itemListElement":[{"@type":"ListItem","position":1,"name":"Portada","item":"https:\/\/fundecodes.org\/"},{"@type":"ListItem","position":2,"name":"Proyectos con II Fondo de Canje"}]},{"@type":"WebSite","@id":"https:\/\/fundecodes.org\/#website","url":"https:\/\/fundecodes.org\/","name":"FUNDECODES","description":"Equilibrio entre Conservaci\u00f3n y Desarrollo","publisher":{"@id":"https:\/\/fundecodes.org\/#organization"},"potentialAction":[{"@type":"SearchAction","target":{"@type":"EntryPoint","urlTemplate":"https:\/\/fundecodes.org\/?s={search_term_string}"},"query-input":{"@type":"PropertyValueSpecification","valueRequired":true,"valueName":"search_term_string"}}],"inLanguage":"de"},{"@type":"Organization","@id":"https:\/\/fundecodes.org\/#organization","name":"FUNDECODES","url":"https:\/\/fundecodes.org\/","logo":{"@type":"ImageObject","inLanguage":"de","@id":"https:\/\/fundecodes.org\/#\/schema\/logo\/image\/","url":"https:\/\/fundecodes.org\/wp-content\/uploads\/2021\/06\/cropped-FUNDECODES.png","contentUrl":"https:\/\/fundecodes.org\/wp-content\/uploads\/2021\/06\/cropped-FUNDECODES.png","width":163,"height":50,"caption":"FUNDECODES"},"image":{"@id":"https:\/\/fundecodes.org\/#\/schema\/logo\/image\/"}}]}},"_links":{"self":[{"href":"https:\/\/fundecodes.org\/de\/wp-json\/wp\/v2\/pages\/903","targetHints":{"allow":["GET"]}}],"collection":[{"href":"https:\/\/fundecodes.org\/de\/wp-json\/wp\/v2\/pages"}],"about":[{"href":"https:\/\/fundecodes.org\/de\/wp-json\/wp\/v2\/types\/page"}],"author":[{"embeddable":true,"href":"https:\/\/fundecodes.org\/de\/wp-json\/wp\/v2\/users\/1"}],"replies":[{"embeddable":true,"href":"https:\/\/fundecodes.org\/de\/wp-json\/wp\/v2\/comments?post=903"}],"version-history":[{"count":17,"href":"https:\/\/fundecodes.org\/de\/wp-json\/wp\/v2\/pages\/903\/revisions"}],"predecessor-version":[{"id":1827,"href":"https:\/\/fundecodes.org\/de\/wp-json\/wp\/v2\/pages\/903\/revisions\/1827"}],"wp:attachment":[{"href":"https:\/\/fundecodes.org\/de\/wp-json\/wp\/v2\/media?parent=903"}],"curies":[{"name":"wp","href":"https:\/\/api.w.org\/{rel}","templated":true}]}}