{"id":94,"date":"2018-03-12T23:12:45","date_gmt":"2018-03-12T23:12:45","guid":{"rendered":"http:\/\/www.fundecodes.org\/?page_id=94"},"modified":"2024-05-26T13:34:12","modified_gmt":"2024-05-26T19:34:12","slug":"proyecto-gcs","status":"publish","type":"page","link":"https:\/\/fundecodes.org\/de\/proyecto-gcs\/","title":{"rendered":"GCS-Projekt &#8211; Fundecodes"},"content":{"rendered":"<p><img decoding=\"async\" class=\"wp-image-844 aligncenter\" src=\"https:\/\/fundecodes.org\/wp-content\/uploads\/2021\/07\/gcs-logo.png\" alt=\"\" width=\"290\" height=\"143\"><img fetchpriority=\"high\" decoding=\"async\" class=\"size-full wp-image-678 aligncenter\" src=\"https:\/\/fundecodes.org\/wp-content\/uploads\/2021\/06\/LOGO-FUNDECODES-1.jpg\" alt=\"\" width=\"270\" height=\"270\"><\/p>\n<p>&nbsp;<\/p>\n<p>&nbsp;<\/p>\n<p style=\"text-align: center; font-size: 20px; font-weight: bold; color: #16466a;\">Erweiterung des GCS-Projekts (Global Conservation Standard) f\u00fcr die Schutzgebiete des Nordpazifiks, Erfahrung mit Systematisierter und Vitalisierender Arbeit, f\u00fcr die drei Schutzgebiete (ACT; ACG und ACAT)<\/p>\n<p>&nbsp;<\/p>\n<p><img decoding=\"async\" class=\"alignnone size-full wp-image-845 aligncenter\" src=\"https:\/\/fundecodes.org\/wp-content\/uploads\/2021\/07\/03.jpg\" alt=\"\" width=\"981\" height=\"597\" srcset=\"https:\/\/fundecodes.org\/wp-content\/uploads\/2021\/07\/03.jpg 981w, https:\/\/fundecodes.org\/wp-content\/uploads\/2021\/07\/03-300x183.jpg 300w, https:\/\/fundecodes.org\/wp-content\/uploads\/2021\/07\/03-768x467.jpg 768w\" sizes=\"(max-width: 981px) 100vw, 981px\" \/><\/p>\n<p style=\"text-align: justify; font-size: 15px; color: black;\">Der GCS-Standard wird zur Chance, langfristige Finanzierungsmechanismen zu etablieren, deren Nutzenverteilung den Erhalt \u00f6ffentlicher oder privater Waldfl\u00e4chen und die F\u00f6rderung ausgew\u00e4hlter oder priorisierter nachhaltiger Produktionsaktivit\u00e4ten in der kommerziellen Pufferzone sicherstellt. Mit ihnen f\u00f6rdern wir die M\u00f6glichkeit, Mittel f\u00fcr eine nachhaltige Landwirtschaft zu verwalten und angesichts des Klimawandels innovativ zu sein.<\/p>\n<p style=\"text-align: justify; font-size: 15px; color: black;\">Als Ergebnis der Validierungsmission im Bereich der Mitglieder des GCS Technical Panels sowie GIZ-Personal, Administratives und technisches Personal der drei ACs und Fundecodes administratives und technisches Personal, eine Mission, die in intensiver Arbeit von sechs Monaten erreicht wurde m\u00fchsamer Arbeit und einer Exkursion wird das von FUNDECODES zum Global Conservation Standard vorgeschlagene Projekt durch das folgende Schema validiert:<\/p>\n<p style=\"text-align: justify; font-size: 15px; color: black;\">Das gesamte Projektgebiet umfasst drei Schutzgebiete (AC), n\u00e4mlich AC Tempisque (ACT), AC Guanacaste (ACG) und AC Arenal-Tempisque (ACAT). Zusammen haben sie eine Fl\u00e4che von 10.545 km2, was 21% des Territoriums von Costa Rica entspricht.<\/p>\n<p style=\"text-align: justify; font-size: 15px; color: black;\">&nbsp;<\/p>\n<p>&nbsp;<\/p>\n<p><img loading=\"lazy\" decoding=\"async\" class=\"size-full wp-image-866 aligncenter\" src=\"https:\/\/fundecodes.org\/wp-content\/uploads\/2021\/07\/04.png\" alt=\"\" width=\"790\" height=\"209\" srcset=\"https:\/\/fundecodes.org\/wp-content\/uploads\/2021\/07\/04.png 790w, https:\/\/fundecodes.org\/wp-content\/uploads\/2021\/07\/04-300x79.png 300w, https:\/\/fundecodes.org\/wp-content\/uploads\/2021\/07\/04-768x203.png 768w\" sizes=\"(max-width: 790px) 100vw, 790px\" \/><\/p>","protected":false},"excerpt":{"rendered":"<p>&nbsp; &nbsp; Erweiterung des GCS-Projekts (Global Conservation Standard) f\u00fcr die Schutzgebiete des Nordpazifiks, Erfahrung mit Systematisierter und Vitalisierender Arbeit, f\u00fcr die drei<\/p>\n<p class=\"link-more\"><a class=\"myButt \" href=\"https:\/\/fundecodes.org\/de\/proyecto-gcs\/\">Read More<\/a><\/p>\n","protected":false},"author":1,"featured_media":0,"parent":0,"menu_order":0,"comment_status":"closed","ping_status":"closed","template":"","meta":{"ngg_post_thumbnail":0,"footnotes":""},"class_list":["post-94","page","type-page","status-publish","hentry"],"yoast_head":"<!-- This site is optimized with the Yoast SEO plugin v27.2 - https:\/\/yoast.com\/product\/yoast-seo-wordpress\/ -->\n<title>GCS-Projekt - Fundecodes - FUNDECODES<\/title>\n<meta name=\"robots\" content=\"index, follow, max-snippet:-1, max-image-preview:large, max-video-preview:-1\" \/>\n<link rel=\"canonical\" href=\"https:\/\/fundecodes.org\/proyecto-gcs\/\" \/>\n<meta property=\"og:locale\" content=\"de_DE\" \/>\n<meta property=\"og:type\" content=\"article\" \/>\n<meta property=\"og:title\" content=\"GCS-Projekt - Fundecodes - FUNDECODES\" \/>\n<meta property=\"og:description\" content=\"&nbsp; &nbsp; Erweiterung des GCS-Projekts (Global Conservation Standard) f\u00fcr die Schutzgebiete des Nordpazifiks, Erfahrung mit Systematisierter und Vitalisierender Arbeit, f\u00fcr die dreiRead More\" \/>\n<meta property=\"og:url\" content=\"https:\/\/fundecodes.org\/proyecto-gcs\/\" \/>\n<meta property=\"og:site_name\" content=\"FUNDECODES\" \/>\n<meta property=\"article:modified_time\" content=\"2024-05-26T19:34:12+00:00\" \/>\n<meta property=\"og:image\" content=\"https:\/\/fundecodes.org\/wp-content\/uploads\/2021\/07\/gcs-logo.png\" \/>\n<meta name=\"twitter:card\" content=\"summary_large_image\" \/>\n<meta name=\"twitter:label1\" content=\"Gesch\u00e4tzte Lesezeit\" \/>\n\t<meta name=\"twitter:data1\" content=\"5\u00a0Minuten\" \/>\n<script type=\"application\/ld+json\" class=\"yoast-schema-graph\">{\"@context\":\"https:\/\/schema.org\",\"@graph\":[{\"@type\":\"WebPage\",\"@id\":\"https:\/\/fundecodes.org\/proyecto-gcs\/\",\"url\":\"https:\/\/fundecodes.org\/proyecto-gcs\/\",\"name\":\"GCS-Projekt - Fundecodes - FUNDECODES\",\"isPartOf\":{\"@id\":\"https:\/\/fundecodes.org\/#website\"},\"primaryImageOfPage\":{\"@id\":\"https:\/\/fundecodes.org\/proyecto-gcs\/#primaryimage\"},\"image\":{\"@id\":\"https:\/\/fundecodes.org\/proyecto-gcs\/#primaryimage\"},\"thumbnailUrl\":\"https:\/\/fundecodes.org\/wp-content\/uploads\/2021\/07\/gcs-logo.png\",\"datePublished\":\"2018-03-12T23:12:45+00:00\",\"dateModified\":\"2024-05-26T19:34:12+00:00\",\"breadcrumb\":{\"@id\":\"https:\/\/fundecodes.org\/proyecto-gcs\/#breadcrumb\"},\"inLanguage\":\"de\",\"potentialAction\":[{\"@type\":\"ReadAction\",\"target\":[\"https:\/\/fundecodes.org\/proyecto-gcs\/\"]}]},{\"@type\":\"ImageObject\",\"inLanguage\":\"de\",\"@id\":\"https:\/\/fundecodes.org\/proyecto-gcs\/#primaryimage\",\"url\":\"https:\/\/fundecodes.org\/wp-content\/uploads\/2021\/07\/gcs-logo.png\",\"contentUrl\":\"https:\/\/fundecodes.org\/wp-content\/uploads\/2021\/07\/gcs-logo.png\"},{\"@type\":\"BreadcrumbList\",\"@id\":\"https:\/\/fundecodes.org\/proyecto-gcs\/#breadcrumb\",\"itemListElement\":[{\"@type\":\"ListItem\",\"position\":1,\"name\":\"Portada\",\"item\":\"https:\/\/fundecodes.org\/\"},{\"@type\":\"ListItem\",\"position\":2,\"name\":\"Proyecto GCS &#8211; Fundecodes\"}]},{\"@type\":\"WebSite\",\"@id\":\"https:\/\/fundecodes.org\/#website\",\"url\":\"https:\/\/fundecodes.org\/\",\"name\":\"FUNDECODES\",\"description\":\"Equilibrio entre Conservaci\u00f3n y Desarrollo\",\"publisher\":{\"@id\":\"https:\/\/fundecodes.org\/#organization\"},\"potentialAction\":[{\"@type\":\"SearchAction\",\"target\":{\"@type\":\"EntryPoint\",\"urlTemplate\":\"https:\/\/fundecodes.org\/?s={search_term_string}\"},\"query-input\":{\"@type\":\"PropertyValueSpecification\",\"valueRequired\":true,\"valueName\":\"search_term_string\"}}],\"inLanguage\":\"de\"},{\"@type\":\"Organization\",\"@id\":\"https:\/\/fundecodes.org\/#organization\",\"name\":\"FUNDECODES\",\"url\":\"https:\/\/fundecodes.org\/\",\"logo\":{\"@type\":\"ImageObject\",\"inLanguage\":\"de\",\"@id\":\"https:\/\/fundecodes.org\/#\/schema\/logo\/image\/\",\"url\":\"https:\/\/fundecodes.org\/wp-content\/uploads\/2021\/06\/cropped-FUNDECODES.png\",\"contentUrl\":\"https:\/\/fundecodes.org\/wp-content\/uploads\/2021\/06\/cropped-FUNDECODES.png\",\"width\":163,\"height\":50,\"caption\":\"FUNDECODES\"},\"image\":{\"@id\":\"https:\/\/fundecodes.org\/#\/schema\/logo\/image\/\"}}]}<\/script>\n<!-- \/ Yoast SEO plugin. -->","yoast_head_json":{"title":"GCS-Projekt - Fundecodes - FUNDECODES","robots":{"index":"index","follow":"follow","max-snippet":"max-snippet:-1","max-image-preview":"max-image-preview:large","max-video-preview":"max-video-preview:-1"},"canonical":"https:\/\/fundecodes.org\/proyecto-gcs\/","og_locale":"de_DE","og_type":"article","og_title":"GCS-Projekt - Fundecodes - FUNDECODES","og_description":"&nbsp; &nbsp; Erweiterung des GCS-Projekts (Global Conservation Standard) f\u00fcr die Schutzgebiete des Nordpazifiks, Erfahrung mit Systematisierter und Vitalisierender Arbeit, f\u00fcr die dreiRead More","og_url":"https:\/\/fundecodes.org\/proyecto-gcs\/","og_site_name":"FUNDECODES","article_modified_time":"2024-05-26T19:34:12+00:00","og_image":[{"url":"https:\/\/fundecodes.org\/wp-content\/uploads\/2021\/07\/gcs-logo.png","type":"","width":"","height":""}],"twitter_card":"summary_large_image","twitter_misc":{"Gesch\u00e4tzte Lesezeit":"5\u00a0Minuten"},"schema":{"@context":"https:\/\/schema.org","@graph":[{"@type":"WebPage","@id":"https:\/\/fundecodes.org\/proyecto-gcs\/","url":"https:\/\/fundecodes.org\/proyecto-gcs\/","name":"GCS-Projekt - Fundecodes - FUNDECODES","isPartOf":{"@id":"https:\/\/fundecodes.org\/#website"},"primaryImageOfPage":{"@id":"https:\/\/fundecodes.org\/proyecto-gcs\/#primaryimage"},"image":{"@id":"https:\/\/fundecodes.org\/proyecto-gcs\/#primaryimage"},"thumbnailUrl":"https:\/\/fundecodes.org\/wp-content\/uploads\/2021\/07\/gcs-logo.png","datePublished":"2018-03-12T23:12:45+00:00","dateModified":"2024-05-26T19:34:12+00:00","breadcrumb":{"@id":"https:\/\/fundecodes.org\/proyecto-gcs\/#breadcrumb"},"inLanguage":"de","potentialAction":[{"@type":"ReadAction","target":["https:\/\/fundecodes.org\/proyecto-gcs\/"]}]},{"@type":"ImageObject","inLanguage":"de","@id":"https:\/\/fundecodes.org\/proyecto-gcs\/#primaryimage","url":"https:\/\/fundecodes.org\/wp-content\/uploads\/2021\/07\/gcs-logo.png","contentUrl":"https:\/\/fundecodes.org\/wp-content\/uploads\/2021\/07\/gcs-logo.png"},{"@type":"BreadcrumbList","@id":"https:\/\/fundecodes.org\/proyecto-gcs\/#breadcrumb","itemListElement":[{"@type":"ListItem","position":1,"name":"Portada","item":"https:\/\/fundecodes.org\/"},{"@type":"ListItem","position":2,"name":"Proyecto GCS &#8211; Fundecodes"}]},{"@type":"WebSite","@id":"https:\/\/fundecodes.org\/#website","url":"https:\/\/fundecodes.org\/","name":"FUNDECODES","description":"Equilibrio entre Conservaci\u00f3n y Desarrollo","publisher":{"@id":"https:\/\/fundecodes.org\/#organization"},"potentialAction":[{"@type":"SearchAction","target":{"@type":"EntryPoint","urlTemplate":"https:\/\/fundecodes.org\/?s={search_term_string}"},"query-input":{"@type":"PropertyValueSpecification","valueRequired":true,"valueName":"search_term_string"}}],"inLanguage":"de"},{"@type":"Organization","@id":"https:\/\/fundecodes.org\/#organization","name":"FUNDECODES","url":"https:\/\/fundecodes.org\/","logo":{"@type":"ImageObject","inLanguage":"de","@id":"https:\/\/fundecodes.org\/#\/schema\/logo\/image\/","url":"https:\/\/fundecodes.org\/wp-content\/uploads\/2021\/06\/cropped-FUNDECODES.png","contentUrl":"https:\/\/fundecodes.org\/wp-content\/uploads\/2021\/06\/cropped-FUNDECODES.png","width":163,"height":50,"caption":"FUNDECODES"},"image":{"@id":"https:\/\/fundecodes.org\/#\/schema\/logo\/image\/"}}]}},"_links":{"self":[{"href":"https:\/\/fundecodes.org\/de\/wp-json\/wp\/v2\/pages\/94","targetHints":{"allow":["GET"]}}],"collection":[{"href":"https:\/\/fundecodes.org\/de\/wp-json\/wp\/v2\/pages"}],"about":[{"href":"https:\/\/fundecodes.org\/de\/wp-json\/wp\/v2\/types\/page"}],"author":[{"embeddable":true,"href":"https:\/\/fundecodes.org\/de\/wp-json\/wp\/v2\/users\/1"}],"replies":[{"embeddable":true,"href":"https:\/\/fundecodes.org\/de\/wp-json\/wp\/v2\/comments?post=94"}],"version-history":[{"count":28,"href":"https:\/\/fundecodes.org\/de\/wp-json\/wp\/v2\/pages\/94\/revisions"}],"predecessor-version":[{"id":1524,"href":"https:\/\/fundecodes.org\/de\/wp-json\/wp\/v2\/pages\/94\/revisions\/1524"}],"wp:attachment":[{"href":"https:\/\/fundecodes.org\/de\/wp-json\/wp\/v2\/media?parent=94"}],"curies":[{"name":"wp","href":"https:\/\/api.w.org\/{rel}","templated":true}]}}