{"id":948,"date":"2021-07-08T11:30:22","date_gmt":"2021-07-08T17:30:22","guid":{"rendered":"https:\/\/fundecodes.org\/?page_id=948"},"modified":"2025-09-06T18:13:03","modified_gmt":"2025-09-07T00:13:03","slug":"convenio-con-fidecomiso-irrevocable","status":"publish","type":"page","link":"https:\/\/fundecodes.org\/de\/convenio-con-fidecomiso-irrevocable\/","title":{"rendered":"Vereinbarung mit unwiderruflichem Vertrauen"},"content":{"rendered":"<p><img fetchpriority=\"high\" decoding=\"async\" class=\"wp-image-950 aligncenter\" src=\"https:\/\/fundecodes.org\/wp-content\/uploads\/2021\/07\/identificador-FideicomisoCRXS-horizontal-color.png\" alt=\"\" width=\"846\" height=\"300\" srcset=\"https:\/\/fundecodes.org\/wp-content\/uploads\/2021\/07\/identificador-FideicomisoCRXS-horizontal-color.png 4865w, https:\/\/fundecodes.org\/wp-content\/uploads\/2021\/07\/identificador-FideicomisoCRXS-horizontal-color-300x106.png 300w, https:\/\/fundecodes.org\/wp-content\/uploads\/2021\/07\/identificador-FideicomisoCRXS-horizontal-color-1024x363.png 1024w, https:\/\/fundecodes.org\/wp-content\/uploads\/2021\/07\/identificador-FideicomisoCRXS-horizontal-color-768x272.png 768w, https:\/\/fundecodes.org\/wp-content\/uploads\/2021\/07\/identificador-FideicomisoCRXS-horizontal-color-1536x545.png 1536w, https:\/\/fundecodes.org\/wp-content\/uploads\/2021\/07\/identificador-FideicomisoCRXS-horizontal-color-2048x727.png 2048w\" sizes=\"(max-width: 846px) 100vw, 846px\" \/><\/p>\n<p>&nbsp;<\/p>\n<p style=\"text-align: center; font-size: 20px; font-weight: bold; color: #16466a;\"><strong>Vereinbarung mit unwiderruflichem Trust \/ Managed by Costa Rica por Siempre <\/strong><\/p>\n<p style=\"text-align: center; font-size: 20px; font-weight: bold; color: #16466a;\"><strong>\u00dcberwachung und Bewertung des Status der kleinen handwerklichen Flottenfischerei und ihres Managements in den Meeresschutzgebieten des ACT.<\/strong><\/p>\n<p>&nbsp;<\/p>\n<p style=\"text-align: justify; font-size: 15px; color: black;\">Seit 2016 werden im ACT ASPM Basisinformationen \u00fcber die Fischereit\u00e4tigkeit generiert, die auf Basislinien und der \u00dcberwachung der handwerklichen Fischerei in kleinem Ma\u00dfstab entwickelt wurden. Diese haben relevante Informationen \u00fcber die Dynamik der Fischerei und die Beteiligung der Gemeinschaften an der Nutzung der Meeresressourcen geliefert, jedoch wurden Methoden angewendet, die sich bei der Datenerhebung voneinander unterschieden und bei denen es nicht gelungen ist, die wahre Gesamtmenge zu erfassen Abbau der Fischereiressourcen, noch liegen gen\u00fcgend Informationen vor, um die Auswirkungen auf die biologische Vielfalt und die \u00d6kosysteme zu beurteilen.<\/p>\n<p style=\"text-align: justify; font-size: 15px; color: black;\">Das Management des ASPM und des AMPR wurde nach den Kriterien eines \u00f6kosystemaren Ansatzes f\u00fcr die Fischerei eingerichtet, dessen Hauptzweck darin besteht, die Fischerei so zu planen, zu entwickeln und zu verwalten, dass die vielf\u00e4ltigen Bed\u00fcrfnisse und W\u00fcnsche der Gesellschaften befriedigt werden, ohne die M\u00f6glichkeit f\u00fcr zuk\u00fcnftige Generationen, von der gesamten Palette von G\u00fctern und Dienstleistungen zu profitieren, die aus marinen \u00d6kosystemen gewonnen werden k\u00f6nnen\u201c (FAO 2006). Und immer auf der Suche nach der Umsetzung von Ma\u00dfnahmen zur Reduzierung der Bedrohungen des EFM (SINAC 2017a) und zur St\u00e4rkung des Managements des Governance-Modells dieser ASPM.<\/p>\n<p style=\"text-align: justify; font-size: 15px; color: black;\">W\u00e4hrend dieses Prozesses wurden Anstrengungen unternommen, um Kapazit\u00e4ten f\u00fcr die Bewertung der Fischerei und ihrer Auswirkungen auf ASPM aufzubauen sowie die Dynamik der Fischereit\u00e4tigkeit bei der Suche nach einem ausgewogenen Verh\u00e4ltnis zwischen der Nutzung der Fischereiressourcen besser zu interpretieren. und seine Erhaltung.<\/p>\n<p style=\"text-align: justify; font-size: 15px; color: black;\">Teil dieser Bem\u00fchungen ist die interinstitutionelle Arbeitssynergie zwischen ACT-SINAC &#8211; FUNDECODES, INCOPESCA, UNA und ACRXS als Vorschlag, der es erstmals in der Fischereifrage erm\u00f6glichen wird, Anstrengungen, Wissen, Kapazit\u00e4ten und Ressourcen zu b\u00fcndeln, um die Management, die Generierung von Informationen und Kenntnissen \u00fcber die Fischereit\u00e4tigkeit als Input f\u00fcr die Entscheidungsfindung.<\/p>\n<p style=\"text-align: justify; font-size: 15px; color: black;\">Ebenso sind als Ergebnis dieser interinstitutionellen Arbeit Indikatoren nicht nur in der Fischerei, sondern auch im rechtlichen, sozialen, wirtschaftlichen und Governance-Bereich zu ermitteln, die es erm\u00f6glichen, die Bewertung des ASPM und des AMPR umfassend zu verbessern sowie die Standardisierung der Methodik f\u00fcr jeden der ausgew\u00e4hlten Indikatoren, die es im Laufe der Zeit erm\u00f6glichen wird, die Ergebnisse der verschiedenen Bewertungen und \u00dcberwachungen zuverl\u00e4ssiger zu vergleichen.<\/p>\n<p>&nbsp;<\/p>\n<p>&nbsp;<\/p>\nngg_shortcode_2_placeholder\n<p>&nbsp;<\/p>","protected":false},"excerpt":{"rendered":"<p>&nbsp; Vereinbarung mit unwiderruflichem Trust \/ Managed by Costa Rica por Siempre \u00dcberwachung und Bewertung des Status der kleinen handwerklichen Flottenfischerei und<\/p>\n<p class=\"link-more\"><a class=\"myButt \" href=\"https:\/\/fundecodes.org\/de\/convenio-con-fidecomiso-irrevocable\/\">Read More<\/a><\/p>\n","protected":false},"author":1,"featured_media":0,"parent":0,"menu_order":0,"comment_status":"closed","ping_status":"closed","template":"","meta":{"ngg_post_thumbnail":0,"footnotes":""},"class_list":["post-948","page","type-page","status-publish","hentry"],"yoast_head":"<!-- This site is optimized with the Yoast SEO plugin v27.2 - https:\/\/yoast.com\/product\/yoast-seo-wordpress\/ -->\n<title>Vereinbarung mit unwiderruflichem Vertrauen - FUNDECODES<\/title>\n<meta name=\"robots\" content=\"index, follow, max-snippet:-1, max-image-preview:large, max-video-preview:-1\" \/>\n<link rel=\"canonical\" href=\"https:\/\/fundecodes.org\/convenio-con-fidecomiso-irrevocable\/\" \/>\n<meta property=\"og:locale\" content=\"de_DE\" \/>\n<meta property=\"og:type\" content=\"article\" \/>\n<meta property=\"og:title\" content=\"Vereinbarung mit unwiderruflichem Vertrauen - FUNDECODES\" \/>\n<meta property=\"og:description\" content=\"&nbsp; Vereinbarung mit unwiderruflichem Trust \/ Managed by Costa Rica por Siempre \u00dcberwachung und Bewertung des Status der kleinen handwerklichen Flottenfischerei undRead More\" \/>\n<meta property=\"og:url\" content=\"https:\/\/fundecodes.org\/convenio-con-fidecomiso-irrevocable\/\" \/>\n<meta property=\"og:site_name\" content=\"FUNDECODES\" \/>\n<meta property=\"article:modified_time\" content=\"2025-09-07T00:13:03+00:00\" \/>\n<meta property=\"og:image\" content=\"https:\/\/fundecodes.org\/wp-content\/uploads\/2021\/07\/identificador-FideicomisoCRXS-horizontal-color.png\" \/>\n\t<meta property=\"og:image:width\" content=\"4865\" \/>\n\t<meta property=\"og:image:height\" content=\"1726\" \/>\n\t<meta property=\"og:image:type\" content=\"image\/png\" \/>\n<meta name=\"twitter:card\" content=\"summary_large_image\" \/>\n<meta name=\"twitter:label1\" content=\"Gesch\u00e4tzte Lesezeit\" \/>\n\t<meta name=\"twitter:data1\" content=\"4\u00a0Minuten\" \/>\n<script type=\"application\/ld+json\" class=\"yoast-schema-graph\">{\"@context\":\"https:\/\/schema.org\",\"@graph\":[{\"@type\":\"WebPage\",\"@id\":\"https:\/\/fundecodes.org\/convenio-con-fidecomiso-irrevocable\/\",\"url\":\"https:\/\/fundecodes.org\/convenio-con-fidecomiso-irrevocable\/\",\"name\":\"Vereinbarung mit unwiderruflichem Vertrauen - FUNDECODES\",\"isPartOf\":{\"@id\":\"https:\/\/fundecodes.org\/#website\"},\"primaryImageOfPage\":{\"@id\":\"https:\/\/fundecodes.org\/convenio-con-fidecomiso-irrevocable\/#primaryimage\"},\"image\":{\"@id\":\"https:\/\/fundecodes.org\/convenio-con-fidecomiso-irrevocable\/#primaryimage\"},\"thumbnailUrl\":\"https:\/\/fundecodes.org\/wp-content\/uploads\/2021\/07\/identificador-FideicomisoCRXS-horizontal-color.png\",\"datePublished\":\"2021-07-08T17:30:22+00:00\",\"dateModified\":\"2025-09-07T00:13:03+00:00\",\"breadcrumb\":{\"@id\":\"https:\/\/fundecodes.org\/convenio-con-fidecomiso-irrevocable\/#breadcrumb\"},\"inLanguage\":\"de\",\"potentialAction\":[{\"@type\":\"ReadAction\",\"target\":[\"https:\/\/fundecodes.org\/convenio-con-fidecomiso-irrevocable\/\"]}]},{\"@type\":\"ImageObject\",\"inLanguage\":\"de\",\"@id\":\"https:\/\/fundecodes.org\/convenio-con-fidecomiso-irrevocable\/#primaryimage\",\"url\":\"https:\/\/fundecodes.org\/wp-content\/uploads\/2021\/07\/identificador-FideicomisoCRXS-horizontal-color.png\",\"contentUrl\":\"https:\/\/fundecodes.org\/wp-content\/uploads\/2021\/07\/identificador-FideicomisoCRXS-horizontal-color.png\"},{\"@type\":\"BreadcrumbList\",\"@id\":\"https:\/\/fundecodes.org\/convenio-con-fidecomiso-irrevocable\/#breadcrumb\",\"itemListElement\":[{\"@type\":\"ListItem\",\"position\":1,\"name\":\"Portada\",\"item\":\"https:\/\/fundecodes.org\/\"},{\"@type\":\"ListItem\",\"position\":2,\"name\":\"Convenio con Fidecomiso Irrevocable\"}]},{\"@type\":\"WebSite\",\"@id\":\"https:\/\/fundecodes.org\/#website\",\"url\":\"https:\/\/fundecodes.org\/\",\"name\":\"FUNDECODES\",\"description\":\"Equilibrio entre Conservaci\u00f3n y Desarrollo\",\"publisher\":{\"@id\":\"https:\/\/fundecodes.org\/#organization\"},\"potentialAction\":[{\"@type\":\"SearchAction\",\"target\":{\"@type\":\"EntryPoint\",\"urlTemplate\":\"https:\/\/fundecodes.org\/?s={search_term_string}\"},\"query-input\":{\"@type\":\"PropertyValueSpecification\",\"valueRequired\":true,\"valueName\":\"search_term_string\"}}],\"inLanguage\":\"de\"},{\"@type\":\"Organization\",\"@id\":\"https:\/\/fundecodes.org\/#organization\",\"name\":\"FUNDECODES\",\"url\":\"https:\/\/fundecodes.org\/\",\"logo\":{\"@type\":\"ImageObject\",\"inLanguage\":\"de\",\"@id\":\"https:\/\/fundecodes.org\/#\/schema\/logo\/image\/\",\"url\":\"https:\/\/fundecodes.org\/wp-content\/uploads\/2021\/06\/cropped-FUNDECODES.png\",\"contentUrl\":\"https:\/\/fundecodes.org\/wp-content\/uploads\/2021\/06\/cropped-FUNDECODES.png\",\"width\":163,\"height\":50,\"caption\":\"FUNDECODES\"},\"image\":{\"@id\":\"https:\/\/fundecodes.org\/#\/schema\/logo\/image\/\"}}]}<\/script>\n<!-- \/ Yoast SEO plugin. -->","yoast_head_json":{"title":"Vereinbarung mit unwiderruflichem Vertrauen - FUNDECODES","robots":{"index":"index","follow":"follow","max-snippet":"max-snippet:-1","max-image-preview":"max-image-preview:large","max-video-preview":"max-video-preview:-1"},"canonical":"https:\/\/fundecodes.org\/convenio-con-fidecomiso-irrevocable\/","og_locale":"de_DE","og_type":"article","og_title":"Vereinbarung mit unwiderruflichem Vertrauen - FUNDECODES","og_description":"&nbsp; Vereinbarung mit unwiderruflichem Trust \/ Managed by Costa Rica por Siempre \u00dcberwachung und Bewertung des Status der kleinen handwerklichen Flottenfischerei undRead More","og_url":"https:\/\/fundecodes.org\/convenio-con-fidecomiso-irrevocable\/","og_site_name":"FUNDECODES","article_modified_time":"2025-09-07T00:13:03+00:00","og_image":[{"width":4865,"height":1726,"url":"https:\/\/fundecodes.org\/wp-content\/uploads\/2021\/07\/identificador-FideicomisoCRXS-horizontal-color.png","type":"image\/png"}],"twitter_card":"summary_large_image","twitter_misc":{"Gesch\u00e4tzte Lesezeit":"4\u00a0Minuten"},"schema":{"@context":"https:\/\/schema.org","@graph":[{"@type":"WebPage","@id":"https:\/\/fundecodes.org\/convenio-con-fidecomiso-irrevocable\/","url":"https:\/\/fundecodes.org\/convenio-con-fidecomiso-irrevocable\/","name":"Vereinbarung mit unwiderruflichem Vertrauen - FUNDECODES","isPartOf":{"@id":"https:\/\/fundecodes.org\/#website"},"primaryImageOfPage":{"@id":"https:\/\/fundecodes.org\/convenio-con-fidecomiso-irrevocable\/#primaryimage"},"image":{"@id":"https:\/\/fundecodes.org\/convenio-con-fidecomiso-irrevocable\/#primaryimage"},"thumbnailUrl":"https:\/\/fundecodes.org\/wp-content\/uploads\/2021\/07\/identificador-FideicomisoCRXS-horizontal-color.png","datePublished":"2021-07-08T17:30:22+00:00","dateModified":"2025-09-07T00:13:03+00:00","breadcrumb":{"@id":"https:\/\/fundecodes.org\/convenio-con-fidecomiso-irrevocable\/#breadcrumb"},"inLanguage":"de","potentialAction":[{"@type":"ReadAction","target":["https:\/\/fundecodes.org\/convenio-con-fidecomiso-irrevocable\/"]}]},{"@type":"ImageObject","inLanguage":"de","@id":"https:\/\/fundecodes.org\/convenio-con-fidecomiso-irrevocable\/#primaryimage","url":"https:\/\/fundecodes.org\/wp-content\/uploads\/2021\/07\/identificador-FideicomisoCRXS-horizontal-color.png","contentUrl":"https:\/\/fundecodes.org\/wp-content\/uploads\/2021\/07\/identificador-FideicomisoCRXS-horizontal-color.png"},{"@type":"BreadcrumbList","@id":"https:\/\/fundecodes.org\/convenio-con-fidecomiso-irrevocable\/#breadcrumb","itemListElement":[{"@type":"ListItem","position":1,"name":"Portada","item":"https:\/\/fundecodes.org\/"},{"@type":"ListItem","position":2,"name":"Convenio con Fidecomiso Irrevocable"}]},{"@type":"WebSite","@id":"https:\/\/fundecodes.org\/#website","url":"https:\/\/fundecodes.org\/","name":"FUNDECODES","description":"Equilibrio entre Conservaci\u00f3n y Desarrollo","publisher":{"@id":"https:\/\/fundecodes.org\/#organization"},"potentialAction":[{"@type":"SearchAction","target":{"@type":"EntryPoint","urlTemplate":"https:\/\/fundecodes.org\/?s={search_term_string}"},"query-input":{"@type":"PropertyValueSpecification","valueRequired":true,"valueName":"search_term_string"}}],"inLanguage":"de"},{"@type":"Organization","@id":"https:\/\/fundecodes.org\/#organization","name":"FUNDECODES","url":"https:\/\/fundecodes.org\/","logo":{"@type":"ImageObject","inLanguage":"de","@id":"https:\/\/fundecodes.org\/#\/schema\/logo\/image\/","url":"https:\/\/fundecodes.org\/wp-content\/uploads\/2021\/06\/cropped-FUNDECODES.png","contentUrl":"https:\/\/fundecodes.org\/wp-content\/uploads\/2021\/06\/cropped-FUNDECODES.png","width":163,"height":50,"caption":"FUNDECODES"},"image":{"@id":"https:\/\/fundecodes.org\/#\/schema\/logo\/image\/"}}]}},"_links":{"self":[{"href":"https:\/\/fundecodes.org\/de\/wp-json\/wp\/v2\/pages\/948","targetHints":{"allow":["GET"]}}],"collection":[{"href":"https:\/\/fundecodes.org\/de\/wp-json\/wp\/v2\/pages"}],"about":[{"href":"https:\/\/fundecodes.org\/de\/wp-json\/wp\/v2\/types\/page"}],"author":[{"embeddable":true,"href":"https:\/\/fundecodes.org\/de\/wp-json\/wp\/v2\/users\/1"}],"replies":[{"embeddable":true,"href":"https:\/\/fundecodes.org\/de\/wp-json\/wp\/v2\/comments?post=948"}],"version-history":[{"count":21,"href":"https:\/\/fundecodes.org\/de\/wp-json\/wp\/v2\/pages\/948\/revisions"}],"predecessor-version":[{"id":1774,"href":"https:\/\/fundecodes.org\/de\/wp-json\/wp\/v2\/pages\/948\/revisions\/1774"}],"wp:attachment":[{"href":"https:\/\/fundecodes.org\/de\/wp-json\/wp\/v2\/media?parent=948"}],"curies":[{"name":"wp","href":"https:\/\/api.w.org\/{rel}","templated":true}]}}