{"id":1023,"date":"2021-07-17T11:14:24","date_gmt":"2021-07-17T17:14:24","guid":{"rendered":"https:\/\/fundecodes.org\/?page_id=1023"},"modified":"2025-09-06T15:01:04","modified_gmt":"2025-09-06T21:01:04","slug":"actividad-de-visitacion-turistica-en-bolson","status":"publish","type":"page","link":"https:\/\/fundecodes.org\/en\/actividad-de-visitacion-turistica-en-bolson\/","title":{"rendered":"Tourist Visitation Activity in Bolson"},"content":{"rendered":"<p><img fetchpriority=\"high\" decoding=\"async\" class=\"alignnone size-full wp-image-1025\" src=\"https:\/\/fundecodes.org\/wp-content\/uploads\/2021\/07\/01-1.jpg\" alt=\"\" width=\"664\" height=\"515\" srcset=\"https:\/\/fundecodes.org\/wp-content\/uploads\/2021\/07\/01-1.jpg 664w, https:\/\/fundecodes.org\/wp-content\/uploads\/2021\/07\/01-1-300x233.jpg 300w\" sizes=\"(max-width: 664px) 100vw, 664px\" \/><\/p>\n<p style=\"text-align: justify; font-size: 17px; color: black;\">Through time the tourist activity is maintained in a constant flow in Bolson de Santa Cruz, by virtue of which, it is essential to orient oneself to improvement processes that allow both national and foreign tourists to enjoy the minimum conditions to obtain a visit. pleasant to the Cipanci National Wildlife Refuge.<\/p>\n<p style=\"text-align: justify; font-size: 17px; color: black;\">This has allowed us to promote the economic and social development of populations surrounding the refuge, which benefit from the integration of a set of tourist offers. That is why we have proposed as a Foundation to protect the natural resources inherent to this refuge, through works and activities aimed at their preservation, sustainability and environmental balance.<\/p>\n<p style=\"text-align: justify; font-size: 17px; color: black;\">Generating a socio-environmental development model that favors respect and harmony with nature.<\/p>\n<p style=\"text-align: justify; font-size: 17px; color: black;\">For this reason, together with Inprotur, we have presented a proposal to INDER, in order to obtain financing to expand the Tourist offer, which we envision as a future opportunity to diversify the offer offered, among others, Horseback riding, learning tour, sighting of birds, scientific photography.<\/p>\n<p>&nbsp;<\/p>\n<p><img decoding=\"async\" class=\"alignnone size-full wp-image-1026\" src=\"https:\/\/fundecodes.org\/wp-content\/uploads\/2021\/07\/02-1.png\" alt=\"\" width=\"688\" height=\"556\" srcset=\"https:\/\/fundecodes.org\/wp-content\/uploads\/2021\/07\/02-1.png 688w, https:\/\/fundecodes.org\/wp-content\/uploads\/2021\/07\/02-1-300x242.png 300w\" sizes=\"(max-width: 688px) 100vw, 688px\" \/><\/p>\n<p>&nbsp;<\/p>\nngg_shortcode_1_placeholder\n<div id=\"lmm_5b375cc1\" style=\"width:640px;\" class=\"mapsmarker markermap marker-8\">\n<div id=\"lmm_panel_5b375cc1\" class=\"lmm-panel\" style=\"background:#efefef;\">\n<div id=\"lmm_panel_api_5b375cc1\" class=\"lmm-panel-api\"><a href=\"https:\/\/maps.google.com\/maps?daddr=10.307621,-85.306119&amp;t=m&amp;layer=1&amp;doflg=ptk&amp;om=0\" target=\"_blank\" title=\"Get directions\"><img loading=\"lazy\" decoding=\"async\" alt=\"icon-car.png\" src=\"https:\/\/fundecodes.org\/wp-content\/plugins\/leaflet-maps-marker\/inc\/img\/icon-car.png\" width=\"14\" height=\"14\" class=\"lmm-panel-api-images\" \/><\/a><\/div><div id=\"lmm_panel_text_5b375cc1\" class=\"lmm-panel-text\" style=\"font-weight:bold;color:#373737;\">Bolson<\/div><\/div>\n<div id=\"lmm_map_5b375cc1\" class=\"lmm-map\" style=\"background:#f6f6f6;border:1px solid #ccc;height:480px; overflow:hidden;padding:0;\"><p style=\"font-size:80%;color:#9f9e9e;margin-left:5px;\">loading map - please wait...<noscript><br\/><strong>Map could not be loaded - please enable Javascript!<\/strong><br\/><a style=\"text-decoration:none;\" href=\"https:\/\/www.mapsmarker.com\/js-disabled\" target=\"_blank\">&rarr; more information<\/a><\/noscript><\/p><\/div>\n<div id=\"lmm_geo_tags_5b375cc1\" class=\"lmm-geo-tags geo\">\n<span class=\"paneltext\">Bolson<\/span>\n<span class=\"latitude\">10.307621<\/span>, <span class=\"longitude\">-85.306119<\/span>\n<span class=\"popuptext\">\r\n\r\n\r\n\r\n  \r\n\r\n\r\n\r\n\r\n\r\n\r\n Fast traslate \r\n\r\n\r\n Icon translate \r\n\r\n\r\n\r\n\r\n&nbsp;<\/span>\n<\/div>\n<\/div>\n<p>&nbsp;<\/p>","protected":false},"excerpt":{"rendered":"<p>Through time the tourist activity is maintained in a constant flow in Bolson de Santa Cruz, by virtue of which, it is<\/p>\n<p class=\"link-more\"><a class=\"myButt \" href=\"https:\/\/fundecodes.org\/en\/actividad-de-visitacion-turistica-en-bolson\/\">Read More<\/a><\/p>\n","protected":false},"author":1,"featured_media":0,"parent":0,"menu_order":0,"comment_status":"closed","ping_status":"closed","template":"","meta":{"ngg_post_thumbnail":0,"footnotes":""},"class_list":["post-1023","page","type-page","status-publish","hentry"],"yoast_head":"<!-- This site is optimized with the Yoast SEO plugin v27.2 - https:\/\/yoast.com\/product\/yoast-seo-wordpress\/ -->\n<title>Tourist Visitation Activity in Bolson - FUNDECODES<\/title>\n<meta name=\"robots\" content=\"index, follow, max-snippet:-1, max-image-preview:large, max-video-preview:-1\" \/>\n<link rel=\"canonical\" href=\"https:\/\/fundecodes.org\/actividad-de-visitacion-turistica-en-bolson\/\" \/>\n<meta property=\"og:locale\" content=\"en_US\" \/>\n<meta property=\"og:type\" content=\"article\" \/>\n<meta property=\"og:title\" content=\"Tourist Visitation Activity in Bolson - FUNDECODES\" \/>\n<meta property=\"og:description\" content=\"Through time the tourist activity is maintained in a constant flow in Bolson de Santa Cruz, by virtue of which, it isRead More\" \/>\n<meta property=\"og:url\" content=\"https:\/\/fundecodes.org\/actividad-de-visitacion-turistica-en-bolson\/\" \/>\n<meta property=\"og:site_name\" content=\"FUNDECODES\" \/>\n<meta property=\"article:modified_time\" content=\"2025-09-06T21:01:04+00:00\" \/>\n<meta property=\"og:image\" content=\"https:\/\/fundecodes.org\/wp-content\/uploads\/2021\/07\/01-1.jpg\" \/>\n\t<meta property=\"og:image:width\" content=\"664\" \/>\n\t<meta property=\"og:image:height\" content=\"515\" \/>\n\t<meta property=\"og:image:type\" content=\"image\/jpeg\" \/>\n<meta name=\"twitter:card\" content=\"summary_large_image\" \/>\n<meta name=\"twitter:label1\" content=\"Est. reading time\" \/>\n\t<meta name=\"twitter:data1\" content=\"2 minutes\" \/>\n<script type=\"application\/ld+json\" class=\"yoast-schema-graph\">{\"@context\":\"https:\/\/schema.org\",\"@graph\":[{\"@type\":\"WebPage\",\"@id\":\"https:\/\/fundecodes.org\/actividad-de-visitacion-turistica-en-bolson\/\",\"url\":\"https:\/\/fundecodes.org\/actividad-de-visitacion-turistica-en-bolson\/\",\"name\":\"Tourist Visitation Activity in Bolson - FUNDECODES\",\"isPartOf\":{\"@id\":\"https:\/\/fundecodes.org\/#website\"},\"primaryImageOfPage\":{\"@id\":\"https:\/\/fundecodes.org\/actividad-de-visitacion-turistica-en-bolson\/#primaryimage\"},\"image\":{\"@id\":\"https:\/\/fundecodes.org\/actividad-de-visitacion-turistica-en-bolson\/#primaryimage\"},\"thumbnailUrl\":\"https:\/\/fundecodes.org\/wp-content\/uploads\/2021\/07\/01-1.jpg\",\"datePublished\":\"2021-07-17T17:14:24+00:00\",\"dateModified\":\"2025-09-06T21:01:04+00:00\",\"breadcrumb\":{\"@id\":\"https:\/\/fundecodes.org\/actividad-de-visitacion-turistica-en-bolson\/#breadcrumb\"},\"inLanguage\":\"en-US\",\"potentialAction\":[{\"@type\":\"ReadAction\",\"target\":[\"https:\/\/fundecodes.org\/actividad-de-visitacion-turistica-en-bolson\/\"]}]},{\"@type\":\"ImageObject\",\"inLanguage\":\"en-US\",\"@id\":\"https:\/\/fundecodes.org\/actividad-de-visitacion-turistica-en-bolson\/#primaryimage\",\"url\":\"https:\/\/fundecodes.org\/wp-content\/uploads\/2021\/07\/01-1.jpg\",\"contentUrl\":\"https:\/\/fundecodes.org\/wp-content\/uploads\/2021\/07\/01-1.jpg\"},{\"@type\":\"BreadcrumbList\",\"@id\":\"https:\/\/fundecodes.org\/actividad-de-visitacion-turistica-en-bolson\/#breadcrumb\",\"itemListElement\":[{\"@type\":\"ListItem\",\"position\":1,\"name\":\"Portada\",\"item\":\"https:\/\/fundecodes.org\/\"},{\"@type\":\"ListItem\",\"position\":2,\"name\":\"Actividad de Visitaci\u00f3n Tur\u00edstica en Bols\u00f3n\"}]},{\"@type\":\"WebSite\",\"@id\":\"https:\/\/fundecodes.org\/#website\",\"url\":\"https:\/\/fundecodes.org\/\",\"name\":\"FUNDECODES\",\"description\":\"Equilibrio entre Conservaci\u00f3n y Desarrollo\",\"publisher\":{\"@id\":\"https:\/\/fundecodes.org\/#organization\"},\"potentialAction\":[{\"@type\":\"SearchAction\",\"target\":{\"@type\":\"EntryPoint\",\"urlTemplate\":\"https:\/\/fundecodes.org\/?s={search_term_string}\"},\"query-input\":{\"@type\":\"PropertyValueSpecification\",\"valueRequired\":true,\"valueName\":\"search_term_string\"}}],\"inLanguage\":\"en-US\"},{\"@type\":\"Organization\",\"@id\":\"https:\/\/fundecodes.org\/#organization\",\"name\":\"FUNDECODES\",\"url\":\"https:\/\/fundecodes.org\/\",\"logo\":{\"@type\":\"ImageObject\",\"inLanguage\":\"en-US\",\"@id\":\"https:\/\/fundecodes.org\/#\/schema\/logo\/image\/\",\"url\":\"https:\/\/fundecodes.org\/wp-content\/uploads\/2021\/06\/cropped-FUNDECODES.png\",\"contentUrl\":\"https:\/\/fundecodes.org\/wp-content\/uploads\/2021\/06\/cropped-FUNDECODES.png\",\"width\":163,\"height\":50,\"caption\":\"FUNDECODES\"},\"image\":{\"@id\":\"https:\/\/fundecodes.org\/#\/schema\/logo\/image\/\"}}]}<\/script>\n<!-- \/ Yoast SEO plugin. -->","yoast_head_json":{"title":"Tourist Visitation Activity in Bolson - FUNDECODES","robots":{"index":"index","follow":"follow","max-snippet":"max-snippet:-1","max-image-preview":"max-image-preview:large","max-video-preview":"max-video-preview:-1"},"canonical":"https:\/\/fundecodes.org\/actividad-de-visitacion-turistica-en-bolson\/","og_locale":"en_US","og_type":"article","og_title":"Tourist Visitation Activity in Bolson - FUNDECODES","og_description":"Through time the tourist activity is maintained in a constant flow in Bolson de Santa Cruz, by virtue of which, it isRead More","og_url":"https:\/\/fundecodes.org\/actividad-de-visitacion-turistica-en-bolson\/","og_site_name":"FUNDECODES","article_modified_time":"2025-09-06T21:01:04+00:00","og_image":[{"width":664,"height":515,"url":"https:\/\/fundecodes.org\/wp-content\/uploads\/2021\/07\/01-1.jpg","type":"image\/jpeg"}],"twitter_card":"summary_large_image","twitter_misc":{"Est. reading time":"2 minutes"},"schema":{"@context":"https:\/\/schema.org","@graph":[{"@type":"WebPage","@id":"https:\/\/fundecodes.org\/actividad-de-visitacion-turistica-en-bolson\/","url":"https:\/\/fundecodes.org\/actividad-de-visitacion-turistica-en-bolson\/","name":"Tourist Visitation Activity in Bolson - FUNDECODES","isPartOf":{"@id":"https:\/\/fundecodes.org\/#website"},"primaryImageOfPage":{"@id":"https:\/\/fundecodes.org\/actividad-de-visitacion-turistica-en-bolson\/#primaryimage"},"image":{"@id":"https:\/\/fundecodes.org\/actividad-de-visitacion-turistica-en-bolson\/#primaryimage"},"thumbnailUrl":"https:\/\/fundecodes.org\/wp-content\/uploads\/2021\/07\/01-1.jpg","datePublished":"2021-07-17T17:14:24+00:00","dateModified":"2025-09-06T21:01:04+00:00","breadcrumb":{"@id":"https:\/\/fundecodes.org\/actividad-de-visitacion-turistica-en-bolson\/#breadcrumb"},"inLanguage":"en-US","potentialAction":[{"@type":"ReadAction","target":["https:\/\/fundecodes.org\/actividad-de-visitacion-turistica-en-bolson\/"]}]},{"@type":"ImageObject","inLanguage":"en-US","@id":"https:\/\/fundecodes.org\/actividad-de-visitacion-turistica-en-bolson\/#primaryimage","url":"https:\/\/fundecodes.org\/wp-content\/uploads\/2021\/07\/01-1.jpg","contentUrl":"https:\/\/fundecodes.org\/wp-content\/uploads\/2021\/07\/01-1.jpg"},{"@type":"BreadcrumbList","@id":"https:\/\/fundecodes.org\/actividad-de-visitacion-turistica-en-bolson\/#breadcrumb","itemListElement":[{"@type":"ListItem","position":1,"name":"Portada","item":"https:\/\/fundecodes.org\/"},{"@type":"ListItem","position":2,"name":"Actividad de Visitaci\u00f3n Tur\u00edstica en Bols\u00f3n"}]},{"@type":"WebSite","@id":"https:\/\/fundecodes.org\/#website","url":"https:\/\/fundecodes.org\/","name":"FUNDECODES","description":"Equilibrio entre Conservaci\u00f3n y Desarrollo","publisher":{"@id":"https:\/\/fundecodes.org\/#organization"},"potentialAction":[{"@type":"SearchAction","target":{"@type":"EntryPoint","urlTemplate":"https:\/\/fundecodes.org\/?s={search_term_string}"},"query-input":{"@type":"PropertyValueSpecification","valueRequired":true,"valueName":"search_term_string"}}],"inLanguage":"en-US"},{"@type":"Organization","@id":"https:\/\/fundecodes.org\/#organization","name":"FUNDECODES","url":"https:\/\/fundecodes.org\/","logo":{"@type":"ImageObject","inLanguage":"en-US","@id":"https:\/\/fundecodes.org\/#\/schema\/logo\/image\/","url":"https:\/\/fundecodes.org\/wp-content\/uploads\/2021\/06\/cropped-FUNDECODES.png","contentUrl":"https:\/\/fundecodes.org\/wp-content\/uploads\/2021\/06\/cropped-FUNDECODES.png","width":163,"height":50,"caption":"FUNDECODES"},"image":{"@id":"https:\/\/fundecodes.org\/#\/schema\/logo\/image\/"}}]}},"_links":{"self":[{"href":"https:\/\/fundecodes.org\/en\/wp-json\/wp\/v2\/pages\/1023","targetHints":{"allow":["GET"]}}],"collection":[{"href":"https:\/\/fundecodes.org\/en\/wp-json\/wp\/v2\/pages"}],"about":[{"href":"https:\/\/fundecodes.org\/en\/wp-json\/wp\/v2\/types\/page"}],"author":[{"embeddable":true,"href":"https:\/\/fundecodes.org\/en\/wp-json\/wp\/v2\/users\/1"}],"replies":[{"embeddable":true,"href":"https:\/\/fundecodes.org\/en\/wp-json\/wp\/v2\/comments?post=1023"}],"version-history":[{"count":8,"href":"https:\/\/fundecodes.org\/en\/wp-json\/wp\/v2\/pages\/1023\/revisions"}],"predecessor-version":[{"id":1752,"href":"https:\/\/fundecodes.org\/en\/wp-json\/wp\/v2\/pages\/1023\/revisions\/1752"}],"wp:attachment":[{"href":"https:\/\/fundecodes.org\/en\/wp-json\/wp\/v2\/media?parent=1023"}],"curies":[{"name":"wp","href":"https:\/\/api.w.org\/{rel}","templated":true}]}}