{"id":25,"date":"2018-03-11T22:04:08","date_gmt":"2018-03-11T22:04:08","guid":{"rendered":"http:\/\/www.fundecodes.org\/?page_id=25"},"modified":"2026-03-05T20:34:15","modified_gmt":"2026-03-06T02:34:15","slug":"inicio-2","status":"publish","type":"page","link":"https:\/\/fundecodes.org\/en\/","title":{"rendered":"Home"},"content":{"rendered":"<p><img fetchpriority=\"high\" decoding=\"async\" class=\"size-full wp-image-678 aligncenter\" src=\"https:\/\/fundecodes.org\/wp-content\/uploads\/2021\/06\/LOGO-FUNDECODES-1.jpg\" alt=\"\" width=\"270\" height=\"270\"><\/p>\n<div class=\"translate-tooltip-mtz hidden\">\n<div class=\"header\">&nbsp;<\/div>\n<\/div>\n<p>&nbsp;<\/p>\n\n\t\t<!-- MasterSlider -->\n\t\t<div id=\"P_MS69d6c13b4ed46\" class=\"master-slider-parent msl ms-parent-id-2\" style=\"max-width:800px;\">\n\n\t\t\t\n\t\t\t<!-- MasterSlider Main -->\n\t\t\t<div id=\"MS69d6c13b4ed46\" class=\"master-slider ms-skin-light-3\" >\n\t\t\t\t \t\t\t\t \n\t\t\t\t<div  class=\"ms-slide\" data-delay=\"3\" data-fill-mode=\"fill\"  >\n\t\t\t\t\t<img decoding=\"async\" src=\"https:\/\/fundecodes.org\/wp-content\/plugins\/master-slider\/public\/assets\/css\/blank.gif\" alt=\"\" title=\"\" data-src=\"https:\/\/fundecodes.org\/wp-content\/uploads\/2025\/09\/WhatsApp-Image-2025-09-07-at-8.11.22-PM.jpeg\" \/>\n\n\n\t<div class=\"ms-thumb\" ><div class=\"ms-tab-context\"><div class=\"&quot;ms-tab-context&quot;\"><\/div><\/div>\n<\/div>\n\t\t\t\t<\/div>\n\t\t\t\t<div  class=\"ms-slide\" data-delay=\"3\" data-fill-mode=\"fill\"  >\n\t\t\t\t\t<img decoding=\"async\" src=\"https:\/\/fundecodes.org\/wp-content\/plugins\/master-slider\/public\/assets\/css\/blank.gif\" alt=\"\" title=\"\" data-src=\"https:\/\/fundecodes.org\/wp-content\/uploads\/2021\/06\/WhatsApp-Image-2021-06-03-at-1.20.55-PM.jpeg\" \/>\n\n\n\t<div class=\"ms-thumb\" ><div class=\"ms-tab-context\"><div class=\"&quot;ms-tab-context&quot;\"><\/div><\/div>\n<\/div>\n\t\t\t\t<\/div>\n\t\t\t\t<div  class=\"ms-slide\" data-delay=\"3\" data-fill-mode=\"fill\"  >\n\t\t\t\t\t<img decoding=\"async\" src=\"https:\/\/fundecodes.org\/wp-content\/plugins\/master-slider\/public\/assets\/css\/blank.gif\" alt=\"\" title=\"\" data-src=\"https:\/\/fundecodes.org\/wp-content\/uploads\/2025\/09\/WhatsApp-Image-2025-09-07-at-8.11.07-PM.jpeg\" \/>\n\n\n\t<div class=\"ms-thumb\" ><div class=\"ms-tab-context\"><div class=\"&quot;ms-tab-context&quot;\"><\/div><\/div>\n<\/div>\n\t\t\t\t<\/div>\n\t\t\t\t<div  class=\"ms-slide\" data-delay=\"3\" data-fill-mode=\"fill\"  >\n\t\t\t\t\t<img decoding=\"async\" src=\"https:\/\/fundecodes.org\/wp-content\/plugins\/master-slider\/public\/assets\/css\/blank.gif\" alt=\"\" title=\"\" data-src=\"https:\/\/fundecodes.org\/wp-content\/uploads\/2021\/06\/WhatsApp-Image-2021-06-03-at-1.20.59-PM-2.jpeg\" \/>\n\n\n\t<div class=\"ms-thumb\" ><div class=\"ms-tab-context\"><div class=\"&quot;ms-tab-context&quot;\"><\/div><\/div>\n<\/div>\n\t\t\t\t<\/div>\n\t\t\t\t<div  class=\"ms-slide\" data-delay=\"3\" data-fill-mode=\"fill\"  >\n\t\t\t\t\t<img decoding=\"async\" src=\"https:\/\/fundecodes.org\/wp-content\/plugins\/master-slider\/public\/assets\/css\/blank.gif\" alt=\"\" title=\"\" data-src=\"https:\/\/fundecodes.org\/wp-content\/uploads\/2025\/09\/WhatsApp-Image-2025-09-07-at-8.10.53-PM.jpeg\" \/>\n\n\n\t<div class=\"ms-thumb\" ><div class=\"ms-tab-context\"><div class=\"&quot;ms-tab-context&quot;\"><\/div><\/div>\n<\/div>\n\t\t\t\t<\/div>\n\t\t\t\t<div  class=\"ms-slide\" data-delay=\"3\" data-fill-mode=\"fill\"  >\n\t\t\t\t\t<img decoding=\"async\" src=\"https:\/\/fundecodes.org\/wp-content\/plugins\/master-slider\/public\/assets\/css\/blank.gif\" alt=\"\" title=\"\" data-src=\"https:\/\/fundecodes.org\/wp-content\/uploads\/2021\/06\/WhatsApp-Image-2021-06-03-at-1.20.59-PM-1.jpeg\" \/>\n\n\n\t<div class=\"ms-thumb\" ><div class=\"ms-tab-context\"><div class=\"&quot;ms-tab-context&quot;\"><\/div><\/div>\n<\/div>\n\t\t\t\t<\/div>\n\t\t\t\t<div  class=\"ms-slide\" data-delay=\"3\" data-fill-mode=\"fill\"  >\n\t\t\t\t\t<img decoding=\"async\" src=\"https:\/\/fundecodes.org\/wp-content\/plugins\/master-slider\/public\/assets\/css\/blank.gif\" alt=\"\" title=\"\" data-src=\"https:\/\/fundecodes.org\/wp-content\/uploads\/2021\/07\/WhatsApp-Image-2021-07-23-at-10.52.33-AM.jpeg\" \/>\n\n\n\t<div class=\"ms-thumb\" ><div class=\"ms-tab-context\"><div class=\"&quot;ms-tab-context&quot;\"><\/div><\/div>\n<\/div>\n\t\t\t\t<\/div>\n\t\t\t\t<div  class=\"ms-slide\" data-delay=\"3\" data-fill-mode=\"fill\"  >\n\t\t\t\t\t<img decoding=\"async\" src=\"https:\/\/fundecodes.org\/wp-content\/plugins\/master-slider\/public\/assets\/css\/blank.gif\" alt=\"\" title=\"\" data-src=\"https:\/\/fundecodes.org\/wp-content\/uploads\/2021\/06\/WhatsApp-Image-2021-06-03-at-1.20.54-PM.jpeg\" \/>\n\n\n\t<div class=\"ms-thumb\" ><div class=\"ms-tab-context\"><div class=\"&quot;ms-tab-context&quot;\"><\/div><\/div>\n<\/div>\n\t\t\t\t<\/div>\n\t\t\t\t<div  class=\"ms-slide\" data-delay=\"3\" data-fill-mode=\"fill\"  >\n\t\t\t\t\t<img decoding=\"async\" src=\"https:\/\/fundecodes.org\/wp-content\/plugins\/master-slider\/public\/assets\/css\/blank.gif\" alt=\"\" title=\"\" data-src=\"https:\/\/fundecodes.org\/wp-content\/uploads\/2021\/06\/WhatsApp-Image-2021-06-03-at-1.21.53-PM.jpeg\" \/>\n\n\n\t<div class=\"ms-thumb\" ><div class=\"ms-tab-context\"><div class=\"&quot;ms-tab-context&quot;\"><\/div><\/div>\n<\/div>\n\t\t\t\t<\/div>\n\t\t\t\t<div  class=\"ms-slide\" data-delay=\"3\" data-fill-mode=\"fill\"  >\n\t\t\t\t\t<img decoding=\"async\" src=\"https:\/\/fundecodes.org\/wp-content\/plugins\/master-slider\/public\/assets\/css\/blank.gif\" alt=\"\" title=\"\" data-src=\"https:\/\/fundecodes.org\/wp-content\/uploads\/2021\/06\/WhatsApp-Image-2021-06-03-at-1.21.51-PM-1.jpeg\" \/>\n\n\n\t<div class=\"ms-thumb\" ><div class=\"ms-tab-context\"><div class=\"&quot;ms-tab-context&quot;\"><\/div><\/div>\n<\/div>\n\t\t\t\t<\/div>\n\t\t\t\t<div  class=\"ms-slide\" data-delay=\"3\" data-fill-mode=\"fill\"  >\n\t\t\t\t\t<img decoding=\"async\" src=\"https:\/\/fundecodes.org\/wp-content\/plugins\/master-slider\/public\/assets\/css\/blank.gif\" alt=\"\" title=\"\" data-src=\"https:\/\/fundecodes.org\/wp-content\/uploads\/2021\/07\/WhatsApp-Image-2021-07-23-at-10.53.59-AM.jpeg\" \/>\n\n\n\t<div class=\"ms-thumb\" ><div class=\"ms-tab-context\"><div class=\"&quot;ms-tab-context&quot;\"><\/div><\/div>\n<\/div>\n\t\t\t\t<\/div>\n\t\t\t\t<div  class=\"ms-slide\" data-delay=\"3\" data-fill-mode=\"fill\"  >\n\t\t\t\t\t<img decoding=\"async\" src=\"https:\/\/fundecodes.org\/wp-content\/plugins\/master-slider\/public\/assets\/css\/blank.gif\" alt=\"\" title=\"\" data-src=\"https:\/\/fundecodes.org\/wp-content\/uploads\/2021\/07\/WhatsApp-Image-2021-07-23-at-10.53.42-AM.jpeg\" \/>\n\n\n\t<div class=\"ms-thumb\" ><div class=\"ms-tab-context\"><div class=\"&quot;ms-tab-context&quot;\"><\/div><\/div>\n<\/div>\n\t\t\t\t<\/div>\n\t\t\t\t<div  class=\"ms-slide\" data-delay=\"3\" data-fill-mode=\"fill\"  >\n\t\t\t\t\t<img decoding=\"async\" src=\"https:\/\/fundecodes.org\/wp-content\/plugins\/master-slider\/public\/assets\/css\/blank.gif\" alt=\"\" title=\"\" data-src=\"https:\/\/fundecodes.org\/wp-content\/uploads\/2025\/09\/WhatsApp-Image-2025-09-07-at-8.09.10-PM.jpeg\" \/>\n\n\n\t<div class=\"ms-thumb\" ><div class=\"ms-tab-context\"><div class=\"&quot;ms-tab-context&quot;\"><\/div><\/div>\n<\/div>\n\t\t\t\t<\/div>\n\n\t\t\t<\/div>\n\t\t\t<!-- END MasterSlider Main -->\n\n\t\t\t \n\t\t<\/div>\n\t\t<!-- END MasterSlider -->\n\n\t\t<script>\n\t\t(function ( $ ) {\n\t\t\t\"use strict\";\n\n\t\t\t$(function () {\n\t\t\t\tvar masterslider_ed46 = new MasterSlider();\n\n\t\t\t\t\/\/ slider controls\n\t\t\t\tmasterslider_ed46.control('arrows'     ,{ autohide:false, overVideo:true  });\t\t\t\tmasterslider_ed46.control('bullets'    ,{ autohide:true, overVideo:true, dir:'h', align:'bottom' , margin:10  });\n\n\t\t\t\tmasterslider_ed46.control('circletimer',{ autohide:false, overVideo:true, color:'#434343', radius:10, stroke:3   });\n\t\t\t\tmasterslider_ed46.control('timebar'    ,{ autohide:false, overVideo:true, align:'bottom', color:'#FFFFFF'  , width:4 });\n\t\t\t\t\/\/ slider setup\n\t\t\t\tmasterslider_ed46.setup(\"MS69d6c13b4ed46\", {\n\t\t\t\t\t\twidth           : 800,\n\t\t\t\t\t\theight          : 480,\n\t\t\t\t\t\tminHeight       : 0,\n\t\t\t\t\t\tspace           : 0,\n\t\t\t\t\t\tstart           : 1,\n\t\t\t\t\t\tgrabCursor      : true,\n\t\t\t\t\t\tswipe           : true,\n\t\t\t\t\t\tmouse           : true,\n\t\t\t\t\t\tlayout          : \"boxed\",\n\t\t\t\t\t\twheel           : false,\n\t\t\t\t\t\tautoplay        : true,\n\t\t\t\t\t\tinstantStartLayers:false,\n\t\t\t\t\t\tloop            : true,\n\t\t\t\t\t\tshuffle         : false,\n\t\t\t\t\t\tpreload         : 0,\n\t\t\t\t\t\theightLimit     : true,\n\t\t\t\t\t\tautoHeight      : false,\n\t\t\t\t\t\tsmoothHeight    : true,\n\t\t\t\t\t\tendPause        : false,\n\t\t\t\t\t\toverPause       : true,\n\t\t\t\t\t\tfillMode        : \"fill\",\n\t\t\t\t\t\tcenterControls  : true,\n\t\t\t\t\t\tstartOnAppear   : false,\n\t\t\t\t\t\tlayersMode      : \"center\",\n\t\t\t\t\t\thideLayers      : false,\n\t\t\t\t\t\tfullscreenMargin: 0,\n\t\t\t\t\t\tspeed           : 20,\n\t\t\t\t\t\tdir             : \"h\",\n\t\t\t\t\t\tparallaxMode    : 'swipe',\n\t\t\t\t\t\tview            : \"basic\"\n\t\t\t\t});\n\n\t\t\t\t\n\t\t\t\twindow.masterslider_instances = window.masterslider_instances || [];\n\t\t\t\twindow.masterslider_instances.push( masterslider_ed46 );\n\t\t\t });\n\n\t\t})(jQuery);\n\t\t<\/script>\n\n\n<p>&nbsp;<\/p>\n<h1 style=\"text-align: center;\">Nuestros Colaboradores<\/h1>\n<p>&nbsp;<\/p>\n<p><img decoding=\"async\" class=\"size-full wp-image-999 aligncenter\" src=\"https:\/\/fundecodes.org\/wp-content\/uploads\/2021\/07\/0000.png\" alt=\"\" width=\"617\" height=\"839\" srcset=\"https:\/\/fundecodes.org\/wp-content\/uploads\/2021\/07\/0000.png 617w, https:\/\/fundecodes.org\/wp-content\/uploads\/2021\/07\/0000-221x300.png 221w\" sizes=\"(max-width: 617px) 100vw, 617px\" \/><\/p>","protected":false},"excerpt":{"rendered":"<p>&nbsp; &nbsp; &nbsp; Nuestros Colaboradores &nbsp;<\/p>\n","protected":false},"author":1,"featured_media":0,"parent":0,"menu_order":0,"comment_status":"closed","ping_status":"closed","template":"","meta":{"ngg_post_thumbnail":0,"footnotes":""},"class_list":["post-25","page","type-page","status-publish","hentry"],"yoast_head":"<!-- This site is optimized with the Yoast SEO plugin v27.2 - https:\/\/yoast.com\/product\/yoast-seo-wordpress\/ -->\n<title>Inicio - FUNDECODES (Armonizando Desarrollo y Conservaci\u00f3n)<\/title>\n<meta name=\"description\" content=\"ONG l\u00edder en la gesti\u00f3n local del desarrollo sostenible, contribuyendo al fortalecimiento de las \u00e1reas silvestres protegidas y la conservaci\u00f3n de los recursos naturales del \u00c1rea de Conservaci\u00f3n Tempisque (ACT)\" \/>\n<meta name=\"robots\" content=\"index, follow, max-snippet:-1, max-image-preview:large, max-video-preview:-1\" \/>\n<link rel=\"canonical\" href=\"https:\/\/fundecodes.org\/\" \/>\n<meta property=\"og:locale\" content=\"en_US\" \/>\n<meta property=\"og:type\" content=\"article\" \/>\n<meta property=\"og:title\" content=\"Inicio - FUNDECODES (Armonizando Desarrollo y Conservaci\u00f3n)\" \/>\n<meta property=\"og:description\" content=\"{:es}ONG l\u00edder en la gesti\u00f3n local del desarrollo sostenible, contribuyendo al fortalecimiento de las \u00e1reas silvestres protegidas y la conservaci\u00f3n de los recursos naturales del \u00c1rea de Conservaci\u00f3n Tempisque (ACT) - FUNDECODES Equilibrio entre Conservaci\u00f3n y Desarrollo {:en}ONG l\u00edder en la gesti\u00f3n local del desarrollo sostenible, contribuyendo al fortalecimiento de las \u00e1reas silvestres protegidas y la conservaci\u00f3n de los recursos naturales del \u00c1rea de Conservaci\u00f3n Tempisque (ACT){:de}ONG l\u00edder en la gesti\u00f3n local del desarrollo sostenible, contribuyendo al fortalecimiento de las \u00e1reas silvestres protegidas y la conservaci\u00f3n de los recursos naturales del \u00c1rea de Conservaci\u00f3n Tempisque (ACT){:}\" \/>\n<meta property=\"og:url\" content=\"https:\/\/fundecodes.org\/\" \/>\n<meta property=\"og:site_name\" content=\"FUNDECODES\" \/>\n<meta property=\"article:modified_time\" content=\"2026-03-06T02:34:15+00:00\" \/>\n<meta property=\"og:image\" content=\"https:\/\/fundecodes.org\/wp-content\/uploads\/2021\/06\/LOGO-FUNDECODES-1-e1625529321785.jpg\" \/>\n\t<meta property=\"og:image:width\" content=\"212\" \/>\n\t<meta property=\"og:image:height\" content=\"189\" \/>\n\t<meta property=\"og:image:type\" content=\"image\/jpeg\" \/>\n<meta name=\"twitter:card\" content=\"summary_large_image\" \/>\n<meta name=\"twitter:label1\" content=\"Est. reading time\" \/>\n\t<meta name=\"twitter:data1\" content=\"1 minute\" \/>\n<script type=\"application\/ld+json\" class=\"yoast-schema-graph\">{\"@context\":\"https:\/\/schema.org\",\"@graph\":[{\"@type\":\"WebPage\",\"@id\":\"https:\/\/fundecodes.org\/\",\"url\":\"https:\/\/fundecodes.org\/\",\"name\":\"Inicio - FUNDECODES (Armonizando Desarrollo y Conservaci\u00f3n)\",\"isPartOf\":{\"@id\":\"https:\/\/fundecodes.org\/#website\"},\"primaryImageOfPage\":{\"@id\":\"https:\/\/fundecodes.org\/#primaryimage\"},\"image\":{\"@id\":\"https:\/\/fundecodes.org\/#primaryimage\"},\"thumbnailUrl\":\"https:\/\/fundecodes.org\/wp-content\/uploads\/2021\/06\/LOGO-FUNDECODES-1.jpg\",\"datePublished\":\"2018-03-11T22:04:08+00:00\",\"dateModified\":\"2026-03-06T02:34:15+00:00\",\"description\":\"{:es}ONG l\u00edder en la gesti\u00f3n local del desarrollo sostenible, contribuyendo al fortalecimiento de las \u00e1reas silvestres protegidas y la conservaci\u00f3n de los recursos naturales del \u00c1rea de Conservaci\u00f3n Tempisque (ACT) - FUNDECODES Equilibrio entre Conservaci\u00f3n y Desarrollo {:en}ONG l\u00edder en la gesti\u00f3n local del desarrollo sostenible, contribuyendo al fortalecimiento de las \u00e1reas silvestres protegidas y la conservaci\u00f3n de los recursos naturales del \u00c1rea de Conservaci\u00f3n Tempisque (ACT){:de}ONG l\u00edder en la gesti\u00f3n local del desarrollo sostenible, contribuyendo al fortalecimiento de las \u00e1reas silvestres protegidas y la conservaci\u00f3n de los recursos naturales del \u00c1rea de Conservaci\u00f3n Tempisque (ACT){:}\",\"breadcrumb\":{\"@id\":\"https:\/\/fundecodes.org\/#breadcrumb\"},\"inLanguage\":\"en-US\",\"potentialAction\":[{\"@type\":\"ReadAction\",\"target\":[\"https:\/\/fundecodes.org\/\"]}]},{\"@type\":\"ImageObject\",\"inLanguage\":\"en-US\",\"@id\":\"https:\/\/fundecodes.org\/#primaryimage\",\"url\":\"https:\/\/fundecodes.org\/wp-content\/uploads\/2021\/06\/LOGO-FUNDECODES-1.jpg\",\"contentUrl\":\"https:\/\/fundecodes.org\/wp-content\/uploads\/2021\/06\/LOGO-FUNDECODES-1.jpg\"},{\"@type\":\"BreadcrumbList\",\"@id\":\"https:\/\/fundecodes.org\/#breadcrumb\",\"itemListElement\":[{\"@type\":\"ListItem\",\"position\":1,\"name\":\"Portada\",\"item\":\"https:\/\/fundecodes.org\/\"},{\"@type\":\"ListItem\",\"position\":2,\"name\":\"Inicio\"}]},{\"@type\":\"WebSite\",\"@id\":\"https:\/\/fundecodes.org\/#website\",\"url\":\"https:\/\/fundecodes.org\/\",\"name\":\"FUNDECODES\",\"description\":\"Equilibrio entre Conservaci\u00f3n y Desarrollo\",\"publisher\":{\"@id\":\"https:\/\/fundecodes.org\/#organization\"},\"potentialAction\":[{\"@type\":\"SearchAction\",\"target\":{\"@type\":\"EntryPoint\",\"urlTemplate\":\"https:\/\/fundecodes.org\/?s={search_term_string}\"},\"query-input\":{\"@type\":\"PropertyValueSpecification\",\"valueRequired\":true,\"valueName\":\"search_term_string\"}}],\"inLanguage\":\"en-US\"},{\"@type\":\"Organization\",\"@id\":\"https:\/\/fundecodes.org\/#organization\",\"name\":\"FUNDECODES\",\"url\":\"https:\/\/fundecodes.org\/\",\"logo\":{\"@type\":\"ImageObject\",\"inLanguage\":\"en-US\",\"@id\":\"https:\/\/fundecodes.org\/#\/schema\/logo\/image\/\",\"url\":\"https:\/\/fundecodes.org\/wp-content\/uploads\/2021\/06\/cropped-FUNDECODES.png\",\"contentUrl\":\"https:\/\/fundecodes.org\/wp-content\/uploads\/2021\/06\/cropped-FUNDECODES.png\",\"width\":163,\"height\":50,\"caption\":\"FUNDECODES\"},\"image\":{\"@id\":\"https:\/\/fundecodes.org\/#\/schema\/logo\/image\/\"}}]}<\/script>\n<!-- \/ Yoast SEO plugin. -->","yoast_head_json":{"title":"Inicio - FUNDECODES (Armonizando Desarrollo y Conservaci\u00f3n)","description":"ONG l\u00edder en la gesti\u00f3n local del desarrollo sostenible, contribuyendo al fortalecimiento de las \u00e1reas silvestres protegidas y la conservaci\u00f3n de los recursos naturales del \u00c1rea de Conservaci\u00f3n Tempisque (ACT)","robots":{"index":"index","follow":"follow","max-snippet":"max-snippet:-1","max-image-preview":"max-image-preview:large","max-video-preview":"max-video-preview:-1"},"canonical":"https:\/\/fundecodes.org\/","og_locale":"en_US","og_type":"article","og_title":"Inicio - FUNDECODES (Armonizando Desarrollo y Conservaci\u00f3n)","og_description":"{:es}ONG l\u00edder en la gesti\u00f3n local del desarrollo sostenible, contribuyendo al fortalecimiento de las \u00e1reas silvestres protegidas y la conservaci\u00f3n de los recursos naturales del \u00c1rea de Conservaci\u00f3n Tempisque (ACT) - FUNDECODES Equilibrio entre Conservaci\u00f3n y Desarrollo {:en}ONG l\u00edder en la gesti\u00f3n local del desarrollo sostenible, contribuyendo al fortalecimiento de las \u00e1reas silvestres protegidas y la conservaci\u00f3n de los recursos naturales del \u00c1rea de Conservaci\u00f3n Tempisque (ACT){:de}ONG l\u00edder en la gesti\u00f3n local del desarrollo sostenible, contribuyendo al fortalecimiento de las \u00e1reas silvestres protegidas y la conservaci\u00f3n de los recursos naturales del \u00c1rea de Conservaci\u00f3n Tempisque (ACT){:}","og_url":"https:\/\/fundecodes.org\/","og_site_name":"FUNDECODES","article_modified_time":"2026-03-06T02:34:15+00:00","og_image":[{"width":212,"height":189,"url":"https:\/\/fundecodes.org\/wp-content\/uploads\/2021\/06\/LOGO-FUNDECODES-1-e1625529321785.jpg","type":"image\/jpeg"}],"twitter_card":"summary_large_image","twitter_misc":{"Est. reading time":"1 minute"},"schema":{"@context":"https:\/\/schema.org","@graph":[{"@type":"WebPage","@id":"https:\/\/fundecodes.org\/","url":"https:\/\/fundecodes.org\/","name":"Inicio - FUNDECODES (Armonizando Desarrollo y Conservaci\u00f3n)","isPartOf":{"@id":"https:\/\/fundecodes.org\/#website"},"primaryImageOfPage":{"@id":"https:\/\/fundecodes.org\/#primaryimage"},"image":{"@id":"https:\/\/fundecodes.org\/#primaryimage"},"thumbnailUrl":"https:\/\/fundecodes.org\/wp-content\/uploads\/2021\/06\/LOGO-FUNDECODES-1.jpg","datePublished":"2018-03-11T22:04:08+00:00","dateModified":"2026-03-06T02:34:15+00:00","description":"{:es}ONG l\u00edder en la gesti\u00f3n local del desarrollo sostenible, contribuyendo al fortalecimiento de las \u00e1reas silvestres protegidas y la conservaci\u00f3n de los recursos naturales del \u00c1rea de Conservaci\u00f3n Tempisque (ACT) - FUNDECODES Equilibrio entre Conservaci\u00f3n y Desarrollo {:en}ONG l\u00edder en la gesti\u00f3n local del desarrollo sostenible, contribuyendo al fortalecimiento de las \u00e1reas silvestres protegidas y la conservaci\u00f3n de los recursos naturales del \u00c1rea de Conservaci\u00f3n Tempisque (ACT){:de}ONG l\u00edder en la gesti\u00f3n local del desarrollo sostenible, contribuyendo al fortalecimiento de las \u00e1reas silvestres protegidas y la conservaci\u00f3n de los recursos naturales del \u00c1rea de Conservaci\u00f3n Tempisque (ACT){:}","breadcrumb":{"@id":"https:\/\/fundecodes.org\/#breadcrumb"},"inLanguage":"en-US","potentialAction":[{"@type":"ReadAction","target":["https:\/\/fundecodes.org\/"]}]},{"@type":"ImageObject","inLanguage":"en-US","@id":"https:\/\/fundecodes.org\/#primaryimage","url":"https:\/\/fundecodes.org\/wp-content\/uploads\/2021\/06\/LOGO-FUNDECODES-1.jpg","contentUrl":"https:\/\/fundecodes.org\/wp-content\/uploads\/2021\/06\/LOGO-FUNDECODES-1.jpg"},{"@type":"BreadcrumbList","@id":"https:\/\/fundecodes.org\/#breadcrumb","itemListElement":[{"@type":"ListItem","position":1,"name":"Portada","item":"https:\/\/fundecodes.org\/"},{"@type":"ListItem","position":2,"name":"Inicio"}]},{"@type":"WebSite","@id":"https:\/\/fundecodes.org\/#website","url":"https:\/\/fundecodes.org\/","name":"FUNDECODES","description":"Equilibrio entre Conservaci\u00f3n y Desarrollo","publisher":{"@id":"https:\/\/fundecodes.org\/#organization"},"potentialAction":[{"@type":"SearchAction","target":{"@type":"EntryPoint","urlTemplate":"https:\/\/fundecodes.org\/?s={search_term_string}"},"query-input":{"@type":"PropertyValueSpecification","valueRequired":true,"valueName":"search_term_string"}}],"inLanguage":"en-US"},{"@type":"Organization","@id":"https:\/\/fundecodes.org\/#organization","name":"FUNDECODES","url":"https:\/\/fundecodes.org\/","logo":{"@type":"ImageObject","inLanguage":"en-US","@id":"https:\/\/fundecodes.org\/#\/schema\/logo\/image\/","url":"https:\/\/fundecodes.org\/wp-content\/uploads\/2021\/06\/cropped-FUNDECODES.png","contentUrl":"https:\/\/fundecodes.org\/wp-content\/uploads\/2021\/06\/cropped-FUNDECODES.png","width":163,"height":50,"caption":"FUNDECODES"},"image":{"@id":"https:\/\/fundecodes.org\/#\/schema\/logo\/image\/"}}]}},"_links":{"self":[{"href":"https:\/\/fundecodes.org\/en\/wp-json\/wp\/v2\/pages\/25","targetHints":{"allow":["GET"]}}],"collection":[{"href":"https:\/\/fundecodes.org\/en\/wp-json\/wp\/v2\/pages"}],"about":[{"href":"https:\/\/fundecodes.org\/en\/wp-json\/wp\/v2\/types\/page"}],"author":[{"embeddable":true,"href":"https:\/\/fundecodes.org\/en\/wp-json\/wp\/v2\/users\/1"}],"replies":[{"embeddable":true,"href":"https:\/\/fundecodes.org\/en\/wp-json\/wp\/v2\/comments?post=25"}],"version-history":[{"count":37,"href":"https:\/\/fundecodes.org\/en\/wp-json\/wp\/v2\/pages\/25\/revisions"}],"predecessor-version":[{"id":1858,"href":"https:\/\/fundecodes.org\/en\/wp-json\/wp\/v2\/pages\/25\/revisions\/1858"}],"wp:attachment":[{"href":"https:\/\/fundecodes.org\/en\/wp-json\/wp\/v2\/media?parent=25"}],"curies":[{"name":"wp","href":"https:\/\/api.w.org\/{rel}","templated":true}]}}