{"id":585,"date":"2018-11-02T15:22:44","date_gmt":"2018-11-02T15:22:44","guid":{"rendered":"http:\/\/www.fundecodes.org\/?page_id=585"},"modified":"2022-09-24T18:54:51","modified_gmt":"2022-09-25T00:54:51","slug":"donaciones","status":"publish","type":"page","link":"https:\/\/fundecodes.org\/en\/donaciones\/","title":{"rendered":"Donations"},"content":{"rendered":"<p><\/p>\n<p style=\"text-align: center;\"><input title=\"PayPal - The safer, easier way to pay online!\" alt=\"Donate with PayPal button\" name=\"submit\" src=\"https:\/\/fundecodes.org\/wp-content\/uploads\/2021\/07\/boton-de-donacion-e1625849031953.png\" type=\"image\"><br \/>\n<img decoding=\"async\" src=\"https:\/\/www.paypal.com\/en_CR\/i\/scr\/pixel.gif\" alt=\"\" width=\"1\" height=\"1\" border=\"0\"><\/p>\n<p>&nbsp;<\/p>\n<p style=\"text-align: left;\"><strong>Raz\u00f3n Social: <\/strong>Fundaci\u00f3n para el Equilibrio entre la Conservaci\u00f3n y el Desarrollo (FUNDECODES).<\/p>\n<p style=\"text-align: left;\"><strong>Cedula Jur\u00eddica: <\/strong>3-006-268344<\/p>\n<p style=\"text-align: left;\"><strong>Swift Code: <\/strong>BNCRCRSJ<\/p>\n<p style=\"text-align: left;\"><strong>Localizaci\u00f3n del Banco: <\/strong>Hojancha-Guanacaste, Costa Rica<\/p>\n<p><strong>&nbsp;<\/strong><strong>Banco Beneficiario: <\/strong>Banco Nacional de Costa Rica<\/p>\n<p style=\"text-align: center;\">&nbsp;<\/p>\n<p style=\"text-align: center;\">&nbsp;<\/p>\n<p style=\"text-align: center;\"><span style=\"color: #008000;\"><strong>Formatos de cuenta (colones)<\/strong><\/span><\/p>\n<p style=\"text-align: center;\">&nbsp;<\/p>\n<p style=\"text-align: center;\"><strong>Cuenta Banco Nacional:<\/strong>&nbsp;100-01-083-000733-6<\/p>\n<p style=\"text-align: center;\"><strong>Cuenta Cliente:<\/strong>&nbsp;15108310010007330<\/p>\n<p style=\"text-align: center;\"><strong>Cuenta IBAN:<\/strong>&nbsp;CR78015108310010007330<\/p>\n<p style=\"text-align: center;\">&nbsp;<\/p>\n<p style=\"text-align: center;\"><span style=\"color: #008000;\"><strong>Formatos de cuenta (d\u00f3lares)<\/strong><\/span><\/p>\n<p style=\"text-align: center;\">&nbsp;<\/p>\n<p style=\"text-align: center;\"><strong>Cuenta Banco Nacional:<\/strong>&nbsp;100-02-083-600008-7<\/p>\n<p style=\"text-align: center;\"><strong>Cuenta Cliente:<\/strong>&nbsp;15108310026000086<\/p>\n<p style=\"text-align: center;\"><strong>Cuenta IBAN:<\/strong>&nbsp;CR90015108310026000086<\/p>\n<p><\/p>","protected":false},"excerpt":{"rendered":"<p>&nbsp; Raz\u00f3n Social: Fundaci\u00f3n para el Equilibrio entre la Conservaci\u00f3n y el Desarrollo (FUNDECODES). Cedula Jur\u00eddica: 3-006-268344 Swift Code: BNCRCRSJ Localizaci\u00f3n del<\/p>\n<p class=\"link-more\"><a class=\"myButt \" href=\"https:\/\/fundecodes.org\/en\/donaciones\/\">Read More<\/a><\/p>\n","protected":false},"author":1,"featured_media":0,"parent":0,"menu_order":0,"comment_status":"closed","ping_status":"closed","template":"","meta":{"ngg_post_thumbnail":0,"footnotes":""},"class_list":["post-585","page","type-page","status-publish","hentry"],"yoast_head":"<!-- This site is optimized with the Yoast SEO plugin v27.2 - https:\/\/yoast.com\/product\/yoast-seo-wordpress\/ -->\n<title>Donations - FUNDECODES<\/title>\n<meta name=\"robots\" content=\"index, follow, max-snippet:-1, max-image-preview:large, max-video-preview:-1\" \/>\n<link rel=\"canonical\" href=\"https:\/\/fundecodes.org\/donaciones\/\" \/>\n<meta property=\"og:locale\" content=\"en_US\" \/>\n<meta property=\"og:type\" content=\"article\" \/>\n<meta property=\"og:title\" content=\"Donations - FUNDECODES\" \/>\n<meta property=\"og:description\" content=\"&nbsp; Raz\u00f3n Social: Fundaci\u00f3n para el Equilibrio entre la Conservaci\u00f3n y el Desarrollo (FUNDECODES). Cedula Jur\u00eddica: 3-006-268344 Swift Code: BNCRCRSJ Localizaci\u00f3n delRead More\" \/>\n<meta property=\"og:url\" content=\"https:\/\/fundecodes.org\/donaciones\/\" \/>\n<meta property=\"og:site_name\" content=\"FUNDECODES\" \/>\n<meta property=\"article:modified_time\" content=\"2022-09-25T00:54:51+00:00\" \/>\n<meta property=\"og:image\" content=\"https:\/\/www.paypal.com\/en_CR\/i\/scr\/pixel.gif\" \/>\n<meta name=\"twitter:card\" content=\"summary_large_image\" \/>\n<meta name=\"twitter:label1\" content=\"Est. reading time\" \/>\n\t<meta name=\"twitter:data1\" content=\"1 minute\" \/>\n<script type=\"application\/ld+json\" class=\"yoast-schema-graph\">{\"@context\":\"https:\/\/schema.org\",\"@graph\":[{\"@type\":\"WebPage\",\"@id\":\"https:\/\/fundecodes.org\/donaciones\/\",\"url\":\"https:\/\/fundecodes.org\/donaciones\/\",\"name\":\"Donations - FUNDECODES\",\"isPartOf\":{\"@id\":\"https:\/\/fundecodes.org\/#website\"},\"primaryImageOfPage\":{\"@id\":\"https:\/\/fundecodes.org\/donaciones\/#primaryimage\"},\"image\":{\"@id\":\"https:\/\/fundecodes.org\/donaciones\/#primaryimage\"},\"thumbnailUrl\":\"https:\/\/www.paypal.com\/en_CR\/i\/scr\/pixel.gif\",\"datePublished\":\"2018-11-02T15:22:44+00:00\",\"dateModified\":\"2022-09-25T00:54:51+00:00\",\"breadcrumb\":{\"@id\":\"https:\/\/fundecodes.org\/donaciones\/#breadcrumb\"},\"inLanguage\":\"en-US\",\"potentialAction\":[{\"@type\":\"ReadAction\",\"target\":[\"https:\/\/fundecodes.org\/donaciones\/\"]}]},{\"@type\":\"ImageObject\",\"inLanguage\":\"en-US\",\"@id\":\"https:\/\/fundecodes.org\/donaciones\/#primaryimage\",\"url\":\"https:\/\/www.paypal.com\/en_CR\/i\/scr\/pixel.gif\",\"contentUrl\":\"https:\/\/www.paypal.com\/en_CR\/i\/scr\/pixel.gif\"},{\"@type\":\"BreadcrumbList\",\"@id\":\"https:\/\/fundecodes.org\/donaciones\/#breadcrumb\",\"itemListElement\":[{\"@type\":\"ListItem\",\"position\":1,\"name\":\"Portada\",\"item\":\"https:\/\/fundecodes.org\/\"},{\"@type\":\"ListItem\",\"position\":2,\"name\":\"Donaciones\"}]},{\"@type\":\"WebSite\",\"@id\":\"https:\/\/fundecodes.org\/#website\",\"url\":\"https:\/\/fundecodes.org\/\",\"name\":\"FUNDECODES\",\"description\":\"Equilibrio entre Conservaci\u00f3n y Desarrollo\",\"publisher\":{\"@id\":\"https:\/\/fundecodes.org\/#organization\"},\"potentialAction\":[{\"@type\":\"SearchAction\",\"target\":{\"@type\":\"EntryPoint\",\"urlTemplate\":\"https:\/\/fundecodes.org\/?s={search_term_string}\"},\"query-input\":{\"@type\":\"PropertyValueSpecification\",\"valueRequired\":true,\"valueName\":\"search_term_string\"}}],\"inLanguage\":\"en-US\"},{\"@type\":\"Organization\",\"@id\":\"https:\/\/fundecodes.org\/#organization\",\"name\":\"FUNDECODES\",\"url\":\"https:\/\/fundecodes.org\/\",\"logo\":{\"@type\":\"ImageObject\",\"inLanguage\":\"en-US\",\"@id\":\"https:\/\/fundecodes.org\/#\/schema\/logo\/image\/\",\"url\":\"https:\/\/fundecodes.org\/wp-content\/uploads\/2021\/06\/cropped-FUNDECODES.png\",\"contentUrl\":\"https:\/\/fundecodes.org\/wp-content\/uploads\/2021\/06\/cropped-FUNDECODES.png\",\"width\":163,\"height\":50,\"caption\":\"FUNDECODES\"},\"image\":{\"@id\":\"https:\/\/fundecodes.org\/#\/schema\/logo\/image\/\"}}]}<\/script>\n<!-- \/ Yoast SEO plugin. -->","yoast_head_json":{"title":"Donations - FUNDECODES","robots":{"index":"index","follow":"follow","max-snippet":"max-snippet:-1","max-image-preview":"max-image-preview:large","max-video-preview":"max-video-preview:-1"},"canonical":"https:\/\/fundecodes.org\/donaciones\/","og_locale":"en_US","og_type":"article","og_title":"Donations - FUNDECODES","og_description":"&nbsp; Raz\u00f3n Social: Fundaci\u00f3n para el Equilibrio entre la Conservaci\u00f3n y el Desarrollo (FUNDECODES). Cedula Jur\u00eddica: 3-006-268344 Swift Code: BNCRCRSJ Localizaci\u00f3n delRead More","og_url":"https:\/\/fundecodes.org\/donaciones\/","og_site_name":"FUNDECODES","article_modified_time":"2022-09-25T00:54:51+00:00","og_image":[{"url":"https:\/\/www.paypal.com\/en_CR\/i\/scr\/pixel.gif","type":"","width":"","height":""}],"twitter_card":"summary_large_image","twitter_misc":{"Est. reading time":"1 minute"},"schema":{"@context":"https:\/\/schema.org","@graph":[{"@type":"WebPage","@id":"https:\/\/fundecodes.org\/donaciones\/","url":"https:\/\/fundecodes.org\/donaciones\/","name":"Donations - FUNDECODES","isPartOf":{"@id":"https:\/\/fundecodes.org\/#website"},"primaryImageOfPage":{"@id":"https:\/\/fundecodes.org\/donaciones\/#primaryimage"},"image":{"@id":"https:\/\/fundecodes.org\/donaciones\/#primaryimage"},"thumbnailUrl":"https:\/\/www.paypal.com\/en_CR\/i\/scr\/pixel.gif","datePublished":"2018-11-02T15:22:44+00:00","dateModified":"2022-09-25T00:54:51+00:00","breadcrumb":{"@id":"https:\/\/fundecodes.org\/donaciones\/#breadcrumb"},"inLanguage":"en-US","potentialAction":[{"@type":"ReadAction","target":["https:\/\/fundecodes.org\/donaciones\/"]}]},{"@type":"ImageObject","inLanguage":"en-US","@id":"https:\/\/fundecodes.org\/donaciones\/#primaryimage","url":"https:\/\/www.paypal.com\/en_CR\/i\/scr\/pixel.gif","contentUrl":"https:\/\/www.paypal.com\/en_CR\/i\/scr\/pixel.gif"},{"@type":"BreadcrumbList","@id":"https:\/\/fundecodes.org\/donaciones\/#breadcrumb","itemListElement":[{"@type":"ListItem","position":1,"name":"Portada","item":"https:\/\/fundecodes.org\/"},{"@type":"ListItem","position":2,"name":"Donaciones"}]},{"@type":"WebSite","@id":"https:\/\/fundecodes.org\/#website","url":"https:\/\/fundecodes.org\/","name":"FUNDECODES","description":"Equilibrio entre Conservaci\u00f3n y Desarrollo","publisher":{"@id":"https:\/\/fundecodes.org\/#organization"},"potentialAction":[{"@type":"SearchAction","target":{"@type":"EntryPoint","urlTemplate":"https:\/\/fundecodes.org\/?s={search_term_string}"},"query-input":{"@type":"PropertyValueSpecification","valueRequired":true,"valueName":"search_term_string"}}],"inLanguage":"en-US"},{"@type":"Organization","@id":"https:\/\/fundecodes.org\/#organization","name":"FUNDECODES","url":"https:\/\/fundecodes.org\/","logo":{"@type":"ImageObject","inLanguage":"en-US","@id":"https:\/\/fundecodes.org\/#\/schema\/logo\/image\/","url":"https:\/\/fundecodes.org\/wp-content\/uploads\/2021\/06\/cropped-FUNDECODES.png","contentUrl":"https:\/\/fundecodes.org\/wp-content\/uploads\/2021\/06\/cropped-FUNDECODES.png","width":163,"height":50,"caption":"FUNDECODES"},"image":{"@id":"https:\/\/fundecodes.org\/#\/schema\/logo\/image\/"}}]}},"_links":{"self":[{"href":"https:\/\/fundecodes.org\/en\/wp-json\/wp\/v2\/pages\/585","targetHints":{"allow":["GET"]}}],"collection":[{"href":"https:\/\/fundecodes.org\/en\/wp-json\/wp\/v2\/pages"}],"about":[{"href":"https:\/\/fundecodes.org\/en\/wp-json\/wp\/v2\/types\/page"}],"author":[{"embeddable":true,"href":"https:\/\/fundecodes.org\/en\/wp-json\/wp\/v2\/users\/1"}],"replies":[{"embeddable":true,"href":"https:\/\/fundecodes.org\/en\/wp-json\/wp\/v2\/comments?post=585"}],"version-history":[{"count":4,"href":"https:\/\/fundecodes.org\/en\/wp-json\/wp\/v2\/pages\/585\/revisions"}],"predecessor-version":[{"id":1162,"href":"https:\/\/fundecodes.org\/en\/wp-json\/wp\/v2\/pages\/585\/revisions\/1162"}],"wp:attachment":[{"href":"https:\/\/fundecodes.org\/en\/wp-json\/wp\/v2\/media?parent=585"}],"curies":[{"name":"wp","href":"https:\/\/api.w.org\/{rel}","templated":true}]}}