{"id":903,"date":"2021-07-06T10:52:29","date_gmt":"2021-07-06T16:52:29","guid":{"rendered":"https:\/\/fundecodes.org\/?page_id=903"},"modified":"2025-09-07T19:38:29","modified_gmt":"2025-09-08T01:38:29","slug":"proyectos-del-i-canje","status":"publish","type":"page","link":"https:\/\/fundecodes.org\/en\/proyectos-del-i-canje\/","title":{"rendered":"Projects with II Canje"},"content":{"rendered":"<p><img fetchpriority=\"high\" decoding=\"async\" class=\"wp-image-928 size-full aligncenter\" src=\"https:\/\/fundecodes.org\/wp-content\/uploads\/2021\/07\/Untitled-design-53-e1625763908744.png\" alt=\"\" width=\"400\" height=\"277\" srcset=\"https:\/\/fundecodes.org\/wp-content\/uploads\/2021\/07\/Untitled-design-53-e1625763908744.png 400w, https:\/\/fundecodes.org\/wp-content\/uploads\/2021\/07\/Untitled-design-53-e1625763908744-300x208.png 300w\" sizes=\"(max-width: 400px) 100vw, 400px\" \/><\/p>\n<p>&nbsp;<\/p>\n<p style=\"text-align: center; font-size: 20px; font-weight: bold; color: #16466a;\"><strong>Natural Resources Management Plan of the Tempisque Conservation Area (ACT)<\/strong><\/p>\n<p>&nbsp;<\/p>\n<p style=\"text-align: justify; font-size: 15px; color: black;\">In the Tempisque Conservation Area, nine Protected Wild Areas of four different management categories presented low scores in the indicators of management effectiveness in the field of natural and cultural resources: Cabo Blanco Absolute Natural Reserve, Nicol\u00e1s Wessberg Absolute Natural Reserve, Parque Las Baulas National Marine Park, Diri\u00e1 National Park, Barra Honda National Park, Iguanita National Wildlife Refuge, Cipanc\u00ed National Wildlife Refuge, Mata Redonda National Wildlife Refuge and Corral de Piedra Wetland (Figure 1), for which reason it was considered carry out an initial diagnosis that will provide information on the natural resource management needs in each of these ASPs, to later create a plan that articulates the information on the natural resources that is protected and used in these protected areas and thus achieve management more efficient and consolidated.<\/p>\n<p style=\"text-align: justify; font-size: 15px; color: black;\">&nbsp;<\/p>\n<p>&nbsp;<\/p>\n<p><img loading=\"lazy\" decoding=\"async\" class=\"size-full wp-image-930 aligncenter\" src=\"https:\/\/fundecodes.org\/wp-content\/uploads\/2021\/07\/001.jpg\" alt=\"\" width=\"972\" height=\"746\" srcset=\"https:\/\/fundecodes.org\/wp-content\/uploads\/2021\/07\/001.jpg 972w, https:\/\/fundecodes.org\/wp-content\/uploads\/2021\/07\/001-300x230.jpg 300w, https:\/\/fundecodes.org\/wp-content\/uploads\/2021\/07\/001-768x589.jpg 768w\" sizes=\"(max-width: 972px) 100vw, 972px\" \/><\/p>\n<p style=\"font-size: 15px; color: black; text-align: center;\"><strong>Illustration 1. <\/strong>Location of the nine Protected Wild Areas contemplated for the ACT Natural Resources Management Plan.<\/p>\n<p>&nbsp;<\/p>\n<p>&nbsp;<\/p>\n<p style=\"text-align: justify; font-size: 17px; font-weight: bold; color: #16466a;\"><strong>Activities and schedule of the natural resource management needs of the Protected Wild Areas of the Tempisque Conservation Area.<\/strong><\/p>\n<p>&nbsp;<\/p>\n<p style=\"text-align: justify; font-size: 15px; color: black;\">The strategic planning of the ACT&#8217;s protected areas is a fundamental step to define the direction that the ASPs will take to meet their long-term management objectives and goals, through a specific natural resource management plan that systematically allows evaluate and monitor the progress of the established activities and thus achieve the objectives set.<\/p>\n<p style=\"text-align: justify; font-size: 15px; color: black;\">In this sense, and from a workshop with officials from the ASPs and the ACT ASP Management (Figure 2), strategic lines and objectives were established for each of the management needs, with their respective activities, achievement indicators, schedule, budget and key personnel required to meet the goals for a 10-year horizon.<\/p>\n<p>&nbsp;<\/p>\n<p><img loading=\"lazy\" decoding=\"async\" class=\"alignnone size-full wp-image-931\" src=\"https:\/\/fundecodes.org\/wp-content\/uploads\/2021\/07\/002.png\" alt=\"\" width=\"1354\" height=\"762\" srcset=\"https:\/\/fundecodes.org\/wp-content\/uploads\/2021\/07\/002.png 1354w, https:\/\/fundecodes.org\/wp-content\/uploads\/2021\/07\/002-300x169.png 300w, https:\/\/fundecodes.org\/wp-content\/uploads\/2021\/07\/002-1024x576.png 1024w, https:\/\/fundecodes.org\/wp-content\/uploads\/2021\/07\/002-768x432.png 768w\" sizes=\"(max-width: 1354px) 100vw, 1354px\" \/><\/p>\n<p style=\"font-size: 15px; color: black; text-align: center;\"><strong>Illustration 2. <\/strong>Workshop on the strategic development of the Specific Natural Resources Management Plans of the Tempisque Conservation Area<\/p>\n<p>&nbsp;<\/p>","protected":false},"excerpt":{"rendered":"<p>&nbsp; Natural Resources Management Plan of the Tempisque Conservation Area (ACT) &nbsp; In the Tempisque Conservation Area, nine Protected Wild Areas of<\/p>\n<p class=\"link-more\"><a class=\"myButt \" href=\"https:\/\/fundecodes.org\/en\/proyectos-del-i-canje\/\">Read More<\/a><\/p>\n","protected":false},"author":1,"featured_media":0,"parent":0,"menu_order":0,"comment_status":"closed","ping_status":"closed","template":"","meta":{"ngg_post_thumbnail":0,"footnotes":""},"class_list":["post-903","page","type-page","status-publish","hentry"],"yoast_head":"<!-- This site is optimized with the Yoast SEO plugin v27.2 - https:\/\/yoast.com\/product\/yoast-seo-wordpress\/ -->\n<title>Projects with II Canje - FUNDECODES<\/title>\n<meta name=\"robots\" content=\"index, follow, max-snippet:-1, max-image-preview:large, max-video-preview:-1\" \/>\n<link rel=\"canonical\" href=\"https:\/\/fundecodes.org\/proyectos-del-i-canje\/\" \/>\n<meta property=\"og:locale\" content=\"en_US\" \/>\n<meta property=\"og:type\" content=\"article\" \/>\n<meta property=\"og:title\" content=\"Projects with II Canje - FUNDECODES\" \/>\n<meta property=\"og:description\" content=\"&nbsp; Natural Resources Management Plan of the Tempisque Conservation Area (ACT) &nbsp; In the Tempisque Conservation Area, nine Protected Wild Areas ofRead More\" \/>\n<meta property=\"og:url\" content=\"https:\/\/fundecodes.org\/proyectos-del-i-canje\/\" \/>\n<meta property=\"og:site_name\" content=\"FUNDECODES\" \/>\n<meta property=\"article:modified_time\" content=\"2025-09-08T01:38:29+00:00\" \/>\n<meta property=\"og:image\" content=\"https:\/\/fundecodes.org\/wp-content\/uploads\/2021\/07\/Untitled-design-53-e1625763908744.png\" \/>\n\t<meta property=\"og:image:width\" content=\"400\" \/>\n\t<meta property=\"og:image:height\" content=\"277\" \/>\n\t<meta property=\"og:image:type\" content=\"image\/png\" \/>\n<meta name=\"twitter:card\" content=\"summary_large_image\" \/>\n<meta name=\"twitter:label1\" content=\"Est. reading time\" \/>\n\t<meta name=\"twitter:data1\" content=\"5 minutes\" \/>\n<script type=\"application\/ld+json\" class=\"yoast-schema-graph\">{\"@context\":\"https:\/\/schema.org\",\"@graph\":[{\"@type\":\"WebPage\",\"@id\":\"https:\/\/fundecodes.org\/proyectos-del-i-canje\/\",\"url\":\"https:\/\/fundecodes.org\/proyectos-del-i-canje\/\",\"name\":\"Projects with II Canje - FUNDECODES\",\"isPartOf\":{\"@id\":\"https:\/\/fundecodes.org\/#website\"},\"primaryImageOfPage\":{\"@id\":\"https:\/\/fundecodes.org\/proyectos-del-i-canje\/#primaryimage\"},\"image\":{\"@id\":\"https:\/\/fundecodes.org\/proyectos-del-i-canje\/#primaryimage\"},\"thumbnailUrl\":\"https:\/\/fundecodes.org\/wp-content\/uploads\/2021\/07\/Untitled-design-53-e1625763908744.png\",\"datePublished\":\"2021-07-06T16:52:29+00:00\",\"dateModified\":\"2025-09-08T01:38:29+00:00\",\"breadcrumb\":{\"@id\":\"https:\/\/fundecodes.org\/proyectos-del-i-canje\/#breadcrumb\"},\"inLanguage\":\"en-US\",\"potentialAction\":[{\"@type\":\"ReadAction\",\"target\":[\"https:\/\/fundecodes.org\/proyectos-del-i-canje\/\"]}]},{\"@type\":\"ImageObject\",\"inLanguage\":\"en-US\",\"@id\":\"https:\/\/fundecodes.org\/proyectos-del-i-canje\/#primaryimage\",\"url\":\"https:\/\/fundecodes.org\/wp-content\/uploads\/2021\/07\/Untitled-design-53-e1625763908744.png\",\"contentUrl\":\"https:\/\/fundecodes.org\/wp-content\/uploads\/2021\/07\/Untitled-design-53-e1625763908744.png\"},{\"@type\":\"BreadcrumbList\",\"@id\":\"https:\/\/fundecodes.org\/proyectos-del-i-canje\/#breadcrumb\",\"itemListElement\":[{\"@type\":\"ListItem\",\"position\":1,\"name\":\"Portada\",\"item\":\"https:\/\/fundecodes.org\/\"},{\"@type\":\"ListItem\",\"position\":2,\"name\":\"Proyectos con II Fondo de Canje\"}]},{\"@type\":\"WebSite\",\"@id\":\"https:\/\/fundecodes.org\/#website\",\"url\":\"https:\/\/fundecodes.org\/\",\"name\":\"FUNDECODES\",\"description\":\"Equilibrio entre Conservaci\u00f3n y Desarrollo\",\"publisher\":{\"@id\":\"https:\/\/fundecodes.org\/#organization\"},\"potentialAction\":[{\"@type\":\"SearchAction\",\"target\":{\"@type\":\"EntryPoint\",\"urlTemplate\":\"https:\/\/fundecodes.org\/?s={search_term_string}\"},\"query-input\":{\"@type\":\"PropertyValueSpecification\",\"valueRequired\":true,\"valueName\":\"search_term_string\"}}],\"inLanguage\":\"en-US\"},{\"@type\":\"Organization\",\"@id\":\"https:\/\/fundecodes.org\/#organization\",\"name\":\"FUNDECODES\",\"url\":\"https:\/\/fundecodes.org\/\",\"logo\":{\"@type\":\"ImageObject\",\"inLanguage\":\"en-US\",\"@id\":\"https:\/\/fundecodes.org\/#\/schema\/logo\/image\/\",\"url\":\"https:\/\/fundecodes.org\/wp-content\/uploads\/2021\/06\/cropped-FUNDECODES.png\",\"contentUrl\":\"https:\/\/fundecodes.org\/wp-content\/uploads\/2021\/06\/cropped-FUNDECODES.png\",\"width\":163,\"height\":50,\"caption\":\"FUNDECODES\"},\"image\":{\"@id\":\"https:\/\/fundecodes.org\/#\/schema\/logo\/image\/\"}}]}<\/script>\n<!-- \/ Yoast SEO plugin. -->","yoast_head_json":{"title":"Projects with II Canje - FUNDECODES","robots":{"index":"index","follow":"follow","max-snippet":"max-snippet:-1","max-image-preview":"max-image-preview:large","max-video-preview":"max-video-preview:-1"},"canonical":"https:\/\/fundecodes.org\/proyectos-del-i-canje\/","og_locale":"en_US","og_type":"article","og_title":"Projects with II Canje - FUNDECODES","og_description":"&nbsp; Natural Resources Management Plan of the Tempisque Conservation Area (ACT) &nbsp; In the Tempisque Conservation Area, nine Protected Wild Areas ofRead More","og_url":"https:\/\/fundecodes.org\/proyectos-del-i-canje\/","og_site_name":"FUNDECODES","article_modified_time":"2025-09-08T01:38:29+00:00","og_image":[{"width":400,"height":277,"url":"https:\/\/fundecodes.org\/wp-content\/uploads\/2021\/07\/Untitled-design-53-e1625763908744.png","type":"image\/png"}],"twitter_card":"summary_large_image","twitter_misc":{"Est. reading time":"5 minutes"},"schema":{"@context":"https:\/\/schema.org","@graph":[{"@type":"WebPage","@id":"https:\/\/fundecodes.org\/proyectos-del-i-canje\/","url":"https:\/\/fundecodes.org\/proyectos-del-i-canje\/","name":"Projects with II Canje - FUNDECODES","isPartOf":{"@id":"https:\/\/fundecodes.org\/#website"},"primaryImageOfPage":{"@id":"https:\/\/fundecodes.org\/proyectos-del-i-canje\/#primaryimage"},"image":{"@id":"https:\/\/fundecodes.org\/proyectos-del-i-canje\/#primaryimage"},"thumbnailUrl":"https:\/\/fundecodes.org\/wp-content\/uploads\/2021\/07\/Untitled-design-53-e1625763908744.png","datePublished":"2021-07-06T16:52:29+00:00","dateModified":"2025-09-08T01:38:29+00:00","breadcrumb":{"@id":"https:\/\/fundecodes.org\/proyectos-del-i-canje\/#breadcrumb"},"inLanguage":"en-US","potentialAction":[{"@type":"ReadAction","target":["https:\/\/fundecodes.org\/proyectos-del-i-canje\/"]}]},{"@type":"ImageObject","inLanguage":"en-US","@id":"https:\/\/fundecodes.org\/proyectos-del-i-canje\/#primaryimage","url":"https:\/\/fundecodes.org\/wp-content\/uploads\/2021\/07\/Untitled-design-53-e1625763908744.png","contentUrl":"https:\/\/fundecodes.org\/wp-content\/uploads\/2021\/07\/Untitled-design-53-e1625763908744.png"},{"@type":"BreadcrumbList","@id":"https:\/\/fundecodes.org\/proyectos-del-i-canje\/#breadcrumb","itemListElement":[{"@type":"ListItem","position":1,"name":"Portada","item":"https:\/\/fundecodes.org\/"},{"@type":"ListItem","position":2,"name":"Proyectos con II Fondo de Canje"}]},{"@type":"WebSite","@id":"https:\/\/fundecodes.org\/#website","url":"https:\/\/fundecodes.org\/","name":"FUNDECODES","description":"Equilibrio entre Conservaci\u00f3n y Desarrollo","publisher":{"@id":"https:\/\/fundecodes.org\/#organization"},"potentialAction":[{"@type":"SearchAction","target":{"@type":"EntryPoint","urlTemplate":"https:\/\/fundecodes.org\/?s={search_term_string}"},"query-input":{"@type":"PropertyValueSpecification","valueRequired":true,"valueName":"search_term_string"}}],"inLanguage":"en-US"},{"@type":"Organization","@id":"https:\/\/fundecodes.org\/#organization","name":"FUNDECODES","url":"https:\/\/fundecodes.org\/","logo":{"@type":"ImageObject","inLanguage":"en-US","@id":"https:\/\/fundecodes.org\/#\/schema\/logo\/image\/","url":"https:\/\/fundecodes.org\/wp-content\/uploads\/2021\/06\/cropped-FUNDECODES.png","contentUrl":"https:\/\/fundecodes.org\/wp-content\/uploads\/2021\/06\/cropped-FUNDECODES.png","width":163,"height":50,"caption":"FUNDECODES"},"image":{"@id":"https:\/\/fundecodes.org\/#\/schema\/logo\/image\/"}}]}},"_links":{"self":[{"href":"https:\/\/fundecodes.org\/en\/wp-json\/wp\/v2\/pages\/903","targetHints":{"allow":["GET"]}}],"collection":[{"href":"https:\/\/fundecodes.org\/en\/wp-json\/wp\/v2\/pages"}],"about":[{"href":"https:\/\/fundecodes.org\/en\/wp-json\/wp\/v2\/types\/page"}],"author":[{"embeddable":true,"href":"https:\/\/fundecodes.org\/en\/wp-json\/wp\/v2\/users\/1"}],"replies":[{"embeddable":true,"href":"https:\/\/fundecodes.org\/en\/wp-json\/wp\/v2\/comments?post=903"}],"version-history":[{"count":17,"href":"https:\/\/fundecodes.org\/en\/wp-json\/wp\/v2\/pages\/903\/revisions"}],"predecessor-version":[{"id":1827,"href":"https:\/\/fundecodes.org\/en\/wp-json\/wp\/v2\/pages\/903\/revisions\/1827"}],"wp:attachment":[{"href":"https:\/\/fundecodes.org\/en\/wp-json\/wp\/v2\/media?parent=903"}],"curies":[{"name":"wp","href":"https:\/\/api.w.org\/{rel}","templated":true}]}}